{"id":10238,"date":"2023-06-22T15:45:17","date_gmt":"2023-06-22T15:45:17","guid":{"rendered":"https:\/\/moverdb.com\/?page_id=10238"},"modified":"2026-01-08T15:30:24","modified_gmt":"2026-01-08T15:30:24","slug":"moving-companies-tunisia","status":"publish","type":"page","link":"https:\/\/moverdb.com\/et\/moving-companies\/moving-companies-tunisia\/","title":{"rendered":"Parimad rahvusvahelised kolimisfirmad Tuneesias"},"content":{"rendered":"<p>Siseriikliku v\u00f5i rahvusvahelise kolimise korraldamine v\u00f5ib olla keeruline ja stressirohke, sest teha on nii palju. Teenuste kaasamine <a href=\"https:\/\/moverdb.com\/et\/moving-companies\/\" data-internallinksmanager029f6b8e52c=\"79\" title=\"Top 25 rahvusvahelist kolimisfirmat Internetis\">kolimisfirma<\/a> saab teid aidata teie kolimise igas aspektis. Allpool oleme koostanud nimekirja Tuneesias asuvatest <a href=\"https:\/\/moverdb.com\/et\/international-removals\/\" data-internallinksmanager029f6b8e52c=\"27\" title=\"36 Parimad rahvusvahelised kolimisfirmad \u00dchendkuningriigis\">kolimisfirmad<\/a> mis on liikmed <a href=\"https:\/\/moverdb.com\/et\/iam\/\" data-internallinksmanager029f6b8e52c=\"23\" title=\"Rahvusvaheline kolijate assotsiatsioon (IAM) Selgitatud\">Rahvusvaheline kolijate assotsiatsioon<\/a> (IAM) ja\/v\u00f5i <a href=\"https:\/\/moverdb.com\/et\/fidi-faim\/\" data-internallinksmanager029f6b8e52c=\"16\" title=\"FIDI &amp; FAIM (FIDI akrediteeritud rahvusvaheline kolija) selgitatud\">FIDI<\/a> akrediteeritud rahvusvaheline kolija (FAIM), kes v\u00f5iks teid teie kolimisel aidata.<\/p>\n<h2><strong>Dar Inter<\/strong><\/h2>\n<p><img loading=\"lazy\" decoding=\"async\" class=\"alignnone size-full wp-image-10097\" src=\"https:\/\/moverdb.com\/wp-content\/uploads\/Dar-Inter-international-moving-company.png\" alt=\"Dar Inter rahvusvaheline kolimisfirma\" width=\"1440\" height=\"683\" data-wp-pid=\"10097\" srcset=\"https:\/\/moverdb.com\/wp-content\/uploads\/Dar-Inter-international-moving-company.png 1440w, https:\/\/moverdb.com\/wp-content\/uploads\/Dar-Inter-international-moving-company-300x142.png 300w, https:\/\/moverdb.com\/wp-content\/uploads\/Dar-Inter-international-moving-company-1024x486.png 1024w, https:\/\/moverdb.com\/wp-content\/uploads\/Dar-Inter-international-moving-company-18x9.png 18w, https:\/\/moverdb.com\/wp-content\/uploads\/Dar-Inter-international-moving-company-600x285.png 600w\" sizes=\"auto, (max-width: 1440px) 100vw, 1440px\" \/><\/p>\n<ul>\n<li>Riiklikud liikumised<\/li>\n<li>Rahvusvahelised liikumised<\/li>\n<li>Kodumajapidamiste kolimised<\/li>\n<li>Individuaalsed lahendused<\/li>\n<li>Ukselt-uksele teenus<\/li>\n<li>Pakkimisteenus<\/li>\n<li>Eripakend<\/li>\n<li>Transport maismaa-, \u00f5hu- v\u00f5i meretranspordiga<\/li>\n<li>Tollivormistus<\/li>\n<li>Ladustamisv\u00f5imalused<\/li>\n<\/ul>\n<p>Dar Inter on 1998. aastal asutatud rahvusvaheline kolimisfirma, mis asub Tunises. Neil on \u00fclemaailmne valitud agentide v\u00f5rgustik, mis katab viis kontinenti, mis aitab neil pakkuda teenuseid rahvusvaheliselt. Nad on IAMi liige, kellel on 25-aastane tegevus.<\/p>\n<p>Dar Inter pakub teie kolimiseks ja vajaduste hindamiseks tasuta hinnangut kohapeal. Nad pakuvad uksest-ukseni teenust, mis h\u00f5lmab teie asjade turvalist pakkimist, et neid saaks transportida k\u00f5ikjal maailmas konteineri, veoauto v\u00f5i haagisega. Nad korraldavad kohandatud veoauto-, \u00f5hu- v\u00f5i meretranspordi osalise v\u00f5i t\u00e4ieliku veo ja tollivormistuse.<\/p>\n<p>Veebileht: <a href=\"http:\/\/www.dar-inter.com\" target=\"_blank\" rel=\"noopener\">http:\/\/www.dar-inter.com<\/a><\/p>","protected":false},"excerpt":{"rendered":"<p>Managing your move nationally or internationally can be complex and stressful as there is so much to do. Engaging the services of a moving company can help you in every aspect of your move. Below we have compiled a list of Tunisia based removal companies that are members of the International Association of Movers (IAM) [&hellip;]<\/p>\n","protected":false},"author":4,"featured_media":10097,"parent":190,"menu_order":0,"comment_status":"closed","ping_status":"closed","template":"","meta":{"_genesis_hide_title":false,"_genesis_hide_breadcrumbs":false,"_genesis_hide_singular_image":false,"_genesis_hide_footer_widgets":false,"_genesis_custom_body_class":"","_genesis_custom_post_class":"","_genesis_layout":"","footnotes":""},"class_list":{"0":"post-10238","1":"page","2":"type-page","3":"status-publish","4":"has-post-thumbnail","6":"entry"},"_links":{"self":[{"href":"https:\/\/moverdb.com\/et\/wp-json\/wp\/v2\/pages\/10238","targetHints":{"allow":["GET"]}}],"collection":[{"href":"https:\/\/moverdb.com\/et\/wp-json\/wp\/v2\/pages"}],"about":[{"href":"https:\/\/moverdb.com\/et\/wp-json\/wp\/v2\/types\/page"}],"author":[{"embeddable":true,"href":"https:\/\/moverdb.com\/et\/wp-json\/wp\/v2\/users\/4"}],"replies":[{"embeddable":true,"href":"https:\/\/moverdb.com\/et\/wp-json\/wp\/v2\/comments?post=10238"}],"version-history":[{"count":1,"href":"https:\/\/moverdb.com\/et\/wp-json\/wp\/v2\/pages\/10238\/revisions"}],"predecessor-version":[{"id":10239,"href":"https:\/\/moverdb.com\/et\/wp-json\/wp\/v2\/pages\/10238\/revisions\/10239"}],"up":[{"embeddable":true,"href":"https:\/\/moverdb.com\/et\/wp-json\/wp\/v2\/pages\/190"}],"wp:featuredmedia":[{"embeddable":true,"href":"https:\/\/moverdb.com\/et\/wp-json\/wp\/v2\/media\/10097"}],"wp:attachment":[{"href":"https:\/\/moverdb.com\/et\/wp-json\/wp\/v2\/media?parent=10238"}],"curies":[{"name":"wp","href":"https:\/\/api.w.org\/{rel}","templated":true}]}}