{"id":10229,"date":"2023-06-22T15:48:08","date_gmt":"2023-06-22T15:48:08","guid":{"rendered":"https:\/\/moverdb.com\/?page_id=10229"},"modified":"2026-01-08T15:30:22","modified_gmt":"2026-01-08T15:30:22","slug":"moving-companies-tanzania","status":"publish","type":"page","link":"https:\/\/moverdb.com\/et\/moving-companies\/moving-companies-tanzania\/","title":{"rendered":"Parimad rahvusvahelised kolimisfirmad Tansaanias"},"content":{"rendered":"<p>Kui te liigute Tansaanias, Tansaaniasse v\u00f5i Tansaaniast, siis v\u00f5iksite saada abi m\u00f5nest <a href=\"https:\/\/moverdb.com\/et\/moving-companies\/\" data-internallinksmanager029f6b8e52c=\"79\" title=\"Top 25 rahvusvahelist kolimisfirmat Internetis\">kolimisfirma<\/a> kes aitab teid pakkimise, saatmise korraldamise ja tolliformaalsuste t\u00e4itmisega. Allpool oleme koostanud nimekirja Tansaanias asuvatest ettev\u00f5tetest. <a href=\"https:\/\/moverdb.com\/et\/international-removals\/\" data-internallinksmanager029f6b8e52c=\"27\" title=\"36 Parimad rahvusvahelised kolimisfirmad \u00dchendkuningriigis\">kolimisfirmad<\/a> mis on liikmed <a href=\"https:\/\/moverdb.com\/et\/iam\/\" data-internallinksmanager029f6b8e52c=\"23\" title=\"Rahvusvaheline kolijate assotsiatsioon (IAM) Selgitatud\">Rahvusvaheline kolijate assotsiatsioon<\/a> (IAM) ja\/v\u00f5i <a href=\"https:\/\/moverdb.com\/et\/fidi-faim\/\" data-internallinksmanager029f6b8e52c=\"16\" title=\"FIDI &amp; FAIM (FIDI akrediteeritud rahvusvaheline kolija) selgitatud\">FIDI<\/a> akrediteeritud rahvusvaheline kolija (FAIM), kes v\u00f5iks teid teie kolimisel aidata.<\/p>\n<h2><strong>Giraffe Intermovers &amp; Logistics<\/strong><\/h2>\n<figure id=\"attachment_10230\" aria-describedby=\"caption-attachment-10230\" style=\"width: 1440px\" class=\"wp-caption alignnone\"><img loading=\"lazy\" decoding=\"async\" class=\"size-full wp-image-10230\" src=\"https:\/\/moverdb.com\/wp-content\/uploads\/Giraffe-Intermovers-Logistics-international-moving-company.png\" alt=\"Giraffe Intermovers &amp; Logistics rahvusvaheline kolimisfirma\" width=\"1440\" height=\"708\" data-wp-pid=\"10230\" srcset=\"https:\/\/moverdb.com\/wp-content\/uploads\/Giraffe-Intermovers-Logistics-international-moving-company.png 1440w, https:\/\/moverdb.com\/wp-content\/uploads\/Giraffe-Intermovers-Logistics-international-moving-company-300x148.png 300w, https:\/\/moverdb.com\/wp-content\/uploads\/Giraffe-Intermovers-Logistics-international-moving-company-1024x503.png 1024w, https:\/\/moverdb.com\/wp-content\/uploads\/Giraffe-Intermovers-Logistics-international-moving-company-18x9.png 18w, https:\/\/moverdb.com\/wp-content\/uploads\/Giraffe-Intermovers-Logistics-international-moving-company-600x295.png 600w\" sizes=\"auto, (max-width: 1440px) 100vw, 1440px\" \/><figcaption id=\"caption-attachment-10230\" class=\"wp-caption-text\">Giraffe Intermovers &amp; Logistics rahvusvaheline kolimisfirma<\/figcaption><\/figure>\n<ul>\n<li>Riiklikud liikumised<\/li>\n<li>Rahvusvahelised liikumised<\/li>\n<li>Kodumajapidamiste kolimised<\/li>\n<li>Kontori kolimised<\/li>\n<li>Pakkimisteenus<\/li>\n<li>Transport \u00f5hu-, mere- v\u00f5i maismaatranspordiga<\/li>\n<li>Tollivormistus<\/li>\n<li>Sihtkoha teenused<\/li>\n<li>Lemmikloomade liikumine<\/li>\n<li>Ladustamisv\u00f5imalused<\/li>\n<\/ul>\n<p>Giraffe Intermovers &amp; Logistics on kolimisteenuseid pakkuv ettev\u00f5te, mis pakub teenuseid kodumajapidamistele ja ettev\u00f5tetele ning mille asukoht on Kinondoni. Nad on IAMi liige, kellel on neli aastat kestnud teenus, mis annab neile juurdep\u00e4\u00e4su rahvusvahelisele kolimisettev\u00f5tete v\u00f5rgustikule.<\/p>\n<p>Giraffe Intermovers &amp; Logistics pakub kolimisteenuseid, mis aitavad teid kolimise k\u00e4igus juhendada, sealhulgas kolimiseelset n\u00f5ustamist. Nad pakuvad rahvusvahelistele standarditele vastavat ekspordipakkimisteenust. Nad korraldavad \u00f5hu-, mere- ja maismaatranspordi, samuti abistavad impordi- ja eksporditollide tegemisel ning aitavad kaasa tollivormistusele. <a href=\"https:\/\/moverdb.com\/et\/top-49-container-ports\/\" data-internallinksmanager029f6b8e52c=\"80\" title=\"Top 49 suurimat ja tihedaima liiklusega konteinersadamat 2025. aastal\">sadam<\/a> puhastamist. Teie sihtkohas hoolitsevad nad pakkimise ja seadistamise eest.<\/p>\n<p>Veebileht: <a href=\"http:\/\/giraffeintermovers.com\/\" target=\"_blank\" rel=\"noopener\">http:\/\/giraffeintermovers.com\/<\/a><\/p>","protected":false},"excerpt":{"rendered":"<p>If you are moving within, to or from Tanzania you might want to get some assistance from a moving company who can help you with packing, arranging shipment and customs formalities for your belongings. Below we have compiled a list of Tanzania based removal companies that are members of the International Association of Movers (IAM) [&hellip;]<\/p>\n","protected":false},"author":4,"featured_media":10230,"parent":190,"menu_order":0,"comment_status":"closed","ping_status":"closed","template":"","meta":{"_genesis_hide_title":false,"_genesis_hide_breadcrumbs":false,"_genesis_hide_singular_image":false,"_genesis_hide_footer_widgets":false,"_genesis_custom_body_class":"","_genesis_custom_post_class":"","_genesis_layout":"","footnotes":""},"class_list":{"0":"post-10229","1":"page","2":"type-page","3":"status-publish","4":"has-post-thumbnail","6":"entry"},"_links":{"self":[{"href":"https:\/\/moverdb.com\/et\/wp-json\/wp\/v2\/pages\/10229","targetHints":{"allow":["GET"]}}],"collection":[{"href":"https:\/\/moverdb.com\/et\/wp-json\/wp\/v2\/pages"}],"about":[{"href":"https:\/\/moverdb.com\/et\/wp-json\/wp\/v2\/types\/page"}],"author":[{"embeddable":true,"href":"https:\/\/moverdb.com\/et\/wp-json\/wp\/v2\/users\/4"}],"replies":[{"embeddable":true,"href":"https:\/\/moverdb.com\/et\/wp-json\/wp\/v2\/comments?post=10229"}],"version-history":[{"count":1,"href":"https:\/\/moverdb.com\/et\/wp-json\/wp\/v2\/pages\/10229\/revisions"}],"predecessor-version":[{"id":10231,"href":"https:\/\/moverdb.com\/et\/wp-json\/wp\/v2\/pages\/10229\/revisions\/10231"}],"up":[{"embeddable":true,"href":"https:\/\/moverdb.com\/et\/wp-json\/wp\/v2\/pages\/190"}],"wp:featuredmedia":[{"embeddable":true,"href":"https:\/\/moverdb.com\/et\/wp-json\/wp\/v2\/media\/10230"}],"wp:attachment":[{"href":"https:\/\/moverdb.com\/et\/wp-json\/wp\/v2\/media?parent=10229"}],"curies":[{"name":"wp","href":"https:\/\/api.w.org\/{rel}","templated":true}]}}