{"id":10225,"date":"2023-06-22T15:49:55","date_gmt":"2023-06-22T15:49:55","guid":{"rendered":"https:\/\/moverdb.com\/?page_id=10225"},"modified":"2026-01-08T15:30:18","modified_gmt":"2026-01-08T15:30:18","slug":"moving-companies-taiwan","status":"publish","type":"page","link":"https:\/\/moverdb.com\/et\/moving-companies\/moving-companies-taiwan\/","title":{"rendered":"Parimad rahvusvahelised kolimisfirmad Taiwanis"},"content":{"rendered":"<p>Kui te m\u00f5tlete kolimisele, siis v\u00f5iksite kaaluda, kas te v\u00f5iksite v\u00f5tta t\u00f6\u00f6le teenuseid <a href=\"https:\/\/moverdb.com\/et\/moving-companies\/\" data-internallinksmanager029f6b8e52c=\"79\" title=\"Top 25 rahvusvahelist kolimisfirmat Internetis\">kolimisfirma<\/a> aidata teid pakkimise, transpordi korraldamise ja ekspordi\/impordi n\u00f5uetega, kui kolidate v\u00e4lismaale. Allpool oleme koostanud nimekirja Taiwanis asuvatest ettev\u00f5tetest. <a href=\"https:\/\/moverdb.com\/et\/international-removals\/\" data-internallinksmanager029f6b8e52c=\"27\" title=\"36 Parimad rahvusvahelised kolimisfirmad \u00dchendkuningriigis\">kolimisfirmad<\/a> mis on liikmed <a href=\"https:\/\/moverdb.com\/et\/iam\/\" data-internallinksmanager029f6b8e52c=\"23\" title=\"Rahvusvaheline kolijate assotsiatsioon (IAM) Selgitatud\">Rahvusvaheline kolijate assotsiatsioon<\/a> (IAM) ja\/v\u00f5i <a href=\"https:\/\/moverdb.com\/et\/fidi-faim\/\" data-internallinksmanager029f6b8e52c=\"16\" title=\"FIDI &amp; FAIM (FIDI akrediteeritud rahvusvaheline kolija) selgitatud\">FIDI<\/a> Akrediteeritud rahvusvaheline kolija (FAIM), kes v\u00f5iks teid kolimisel aidata.<\/p>\n<h2><strong>Crown Van Lines<\/strong><\/h2>\n<p><img loading=\"lazy\" decoding=\"async\" class=\"alignnone size-full wp-image-10095\" src=\"https:\/\/moverdb.com\/wp-content\/uploads\/Crown-Van-Lines-Taiwan-international-moving-company.png\" alt=\"Crown Van Lines Taiwan rahvusvaheline kolimisfirma\" width=\"1440\" height=\"682\" data-wp-pid=\"10095\" srcset=\"https:\/\/moverdb.com\/wp-content\/uploads\/Crown-Van-Lines-Taiwan-international-moving-company.png 1440w, https:\/\/moverdb.com\/wp-content\/uploads\/Crown-Van-Lines-Taiwan-international-moving-company-300x142.png 300w, https:\/\/moverdb.com\/wp-content\/uploads\/Crown-Van-Lines-Taiwan-international-moving-company-1024x485.png 1024w, https:\/\/moverdb.com\/wp-content\/uploads\/Crown-Van-Lines-Taiwan-international-moving-company-18x9.png 18w, https:\/\/moverdb.com\/wp-content\/uploads\/Crown-Van-Lines-Taiwan-international-moving-company-600x284.png 600w\" sizes=\"auto, (max-width: 1440px) 100vw, 1440px\" \/><\/p>\n<ul>\n<li>Riiklikud kolimised<\/li>\n<li>Rahvusvahelised kolimised<\/li>\n<li>Kodumajapidamiste kolimine<\/li>\n<li>\u00c4riteenused<\/li>\n<li>\u00dcmberpaigutamise teenused<\/li>\n<li>Pakkimisteenus<\/li>\n<li>Maismaa-, mere- ja \u00f5hutransport<\/li>\n<li>Tollimaaklerlus<\/li>\n<li>Lemmikloomade \u00fcmberpaigutamine<\/li>\n<li>Ladustamisv\u00f5imalused<\/li>\n<\/ul>\n<p>Crown Van Lines on 1979. aastal asutatud rahvusvaheline kolimisfirma, mille asukoht on Taipei. Neil on usaldusv\u00e4\u00e4rne agentide v\u00f5rgustik \u00fcle maailma, kes abistavad neid rahvusvaheliste kolimistega. Nad on IAMi liige, kellel on 44 aastat kestnud tegevus ja kes on akrediteeritud FIDI poolt.<\/p>\n<p>Crown Van Lines pakub kogenud pakendajatega ukselt-uksele pakkimis- ja kohaletoimetamisteenust. Nad pakuvad kvaliteetset pakendamist, et kaitsta teie asju transpordil ja korraldavad transpordi maismaal, merel v\u00f5i \u00f5hus koos tollimaakleriga. Nad v\u00f5ivad teid aidata ka teie lemmikloomade kaasa v\u00f5tmisel. Nad pakuvad kolimisteenuseid, mis h\u00f5lmavad kodu ja koolide otsinguid, meditsiinilist abi ja orienteerumist.<\/p>\n<p>Veebileht: <a href=\"http:\/\/www.crownvan.com\/\" target=\"_blank\" rel=\"noopener\">http:\/\/www.crownvan.com\/<\/a><\/p>\n<h2>Muud kasulikud Taiwani reisijuhid<\/h2>\n<ul>\n<li> <a href=\"https:\/\/moverdb.com\/et\/konteiner-laevandus\/taiwan\/\">2024 Mereveo konteinerite veohinnad Taiwanile ja Taiwanist<\/a><\/li>\n<li> <a href=\"https:\/\/moverdb.com\/et\/living-in-taiwan\/\">21 saladust Taiwanis elamise kohta, mida peaks teadma enne kolimist<\/a><\/li>\n<\/ul>","protected":false},"excerpt":{"rendered":"<p>If you are thinking about moving then you might want to consider engaging the services of a moving company to assist you with packing, transportation arrangements and export\/import requirements if moving abroad. Below we have compiled a list of Taiwan based removal companies that are members of the International Association of Movers (IAM) and\/or FIDI [&hellip;]<\/p>\n","protected":false},"author":4,"featured_media":10095,"parent":190,"menu_order":0,"comment_status":"closed","ping_status":"closed","template":"","meta":{"_genesis_hide_title":false,"_genesis_hide_breadcrumbs":false,"_genesis_hide_singular_image":false,"_genesis_hide_footer_widgets":false,"_genesis_custom_body_class":"","_genesis_custom_post_class":"","_genesis_layout":"","footnotes":""},"class_list":{"0":"post-10225","1":"page","2":"type-page","3":"status-publish","4":"has-post-thumbnail","6":"entry"},"_links":{"self":[{"href":"https:\/\/moverdb.com\/et\/wp-json\/wp\/v2\/pages\/10225","targetHints":{"allow":["GET"]}}],"collection":[{"href":"https:\/\/moverdb.com\/et\/wp-json\/wp\/v2\/pages"}],"about":[{"href":"https:\/\/moverdb.com\/et\/wp-json\/wp\/v2\/types\/page"}],"author":[{"embeddable":true,"href":"https:\/\/moverdb.com\/et\/wp-json\/wp\/v2\/users\/4"}],"replies":[{"embeddable":true,"href":"https:\/\/moverdb.com\/et\/wp-json\/wp\/v2\/comments?post=10225"}],"version-history":[{"count":3,"href":"https:\/\/moverdb.com\/et\/wp-json\/wp\/v2\/pages\/10225\/revisions"}],"predecessor-version":[{"id":18286,"href":"https:\/\/moverdb.com\/et\/wp-json\/wp\/v2\/pages\/10225\/revisions\/18286"}],"up":[{"embeddable":true,"href":"https:\/\/moverdb.com\/et\/wp-json\/wp\/v2\/pages\/190"}],"wp:featuredmedia":[{"embeddable":true,"href":"https:\/\/moverdb.com\/et\/wp-json\/wp\/v2\/media\/10095"}],"wp:attachment":[{"href":"https:\/\/moverdb.com\/et\/wp-json\/wp\/v2\/media?parent=10225"}],"curies":[{"name":"wp","href":"https:\/\/api.w.org\/{rel}","templated":true}]}}