{"id":10219,"date":"2023-06-22T15:52:47","date_gmt":"2023-06-22T15:52:47","guid":{"rendered":"https:\/\/moverdb.com\/?page_id=10219"},"modified":"2026-01-08T15:29:38","modified_gmt":"2026-01-08T15:29:38","slug":"moving-companies-sweden","status":"publish","type":"page","link":"https:\/\/moverdb.com\/et\/moving-companies\/moving-companies-sweden\/","title":{"rendered":"8 parimat rahvusvahelist kolimisfirmat Rootsis"},"content":{"rendered":"<p>Kas te liigute sees, sinna v\u00f5i sealt <a href=\"https:\/\/moverdb.com\/et\/moving-to-sweden\/\" data-internallinksmanager029f6b8e52c=\"326\" title=\"Rootsi kolimine? 2023 elamiskulud ja kolimisn\u00f5uanded\">Rootsi<\/a>? Siis v\u00f5iksite kasutada kolimisfirma teenuseid, kes aitab teil planeerida oma kolimist, sealhulgas pakkimist, transporti ja rahvusvaheliste kolimiste tolliprotseduuride korraldamist. Allpool oleme koostanud nimekirja Rootsi <a href=\"https:\/\/moverdb.com\/et\/moving-companies\/\" data-internallinksmanager029f6b8e52c=\"79\" title=\"Top 25 rahvusvahelist kolimisfirmat Internetis\">kolimisfirmad<\/a> mis on liikmed <a href=\"https:\/\/moverdb.com\/et\/iam\/\" data-internallinksmanager029f6b8e52c=\"23\" title=\"Rahvusvaheline kolijate assotsiatsioon (IAM) Selgitatud\">Rahvusvaheline kolijate assotsiatsioon<\/a> (IAM) ja\/v\u00f5i <a href=\"https:\/\/moverdb.com\/et\/fidi-faim\/\" data-internallinksmanager029f6b8e52c=\"16\" title=\"FIDI &amp; FAIM (FIDI akrediteeritud rahvusvaheline kolija) selgitatud\">FIDI<\/a> akrediteeritud rahvusvaheline kolija (FAIM), kes v\u00f5iks teid teie kolimisel aidata.<\/p>\n<div id=\"ez-toc-container\" class=\"ez-toc-v2_0_82_2 ez-toc-wrap-left counter-hierarchy ez-toc-counter ez-toc-transparent ez-toc-container-direction\">\n<div class=\"ez-toc-title-container\">\n<p class=\"ez-toc-title\" style=\"cursor:inherit\">Jaotised<\/p>\n<span class=\"ez-toc-title-toggle\"><a href=\"#\" class=\"ez-toc-pull-right ez-toc-btn ez-toc-btn-xs ez-toc-btn-default ez-toc-toggle\" aria-label=\"Sisukorra vaheldumine\"><span class=\"ez-toc-js-icon-con\"><span class=\"\"><span class=\"eztoc-hide\" style=\"display:none;\">Toggle<\/span><span class=\"ez-toc-icon-toggle-span\"><svg style=\"fill: #999;color:#999\" xmlns=\"http:\/\/www.w3.org\/2000\/svg\" class=\"list-377408\" width=\"20px\" height=\"20px\" viewbox=\"0 0 24 24\" fill=\"none\"><path d=\"M6 6H4v2h2V6zm14 0H8v2h12V6zM4 11h2v2H4v-2zm16 0H8v2h12v-2zM4 16h2v2H4v-2zm16 0H8v2h12v-2z\" fill=\"currentColor\"><\/path><\/svg><svg style=\"fill: #999;color:#999\" class=\"arrow-unsorted-368013\" xmlns=\"http:\/\/www.w3.org\/2000\/svg\" width=\"10px\" height=\"10px\" viewbox=\"0 0 24 24\" version=\"1.2\" baseprofile=\"tiny\"><path d=\"M18.2 9.3l-6.2-6.3-6.2 6.3c-.2.2-.3.4-.3.7s.1.5.3.7c.2.2.4.3.7.3h11c.3 0 .5-.1.7-.3.2-.2.3-.5.3-.7s-.1-.5-.3-.7zM5.8 14.7l6.2 6.3 6.2-6.3c.2-.2.3-.5.3-.7s-.1-.5-.3-.7c-.2-.2-.4-.3-.7-.3h-11c-.3 0-.5.1-.7.3-.2.2-.3.5-.3.7s.1.5.3.7z\"\/><\/svg><\/span><\/span><\/span><\/a><\/span><\/div>\n<nav><ul class='ez-toc-list ez-toc-list-level-1 eztoc-toggle-hide-by-default' ><li class='ez-toc-page-1 ez-toc-heading-level-2'><a class=\"ez-toc-link ez-toc-heading-1\" href=\"https:\/\/moverdb.com\/et\/moving-companies\/moving-companies-sweden\/#1_Alfa_Moving\" >1. Alfa Moving<\/a><\/li><li class='ez-toc-page-1 ez-toc-heading-level-2'><a class=\"ez-toc-link ez-toc-heading-2\" href=\"https:\/\/moverdb.com\/et\/moving-companies\/moving-companies-sweden\/#2_Aspire_Mobility\" >2. Aspire Mobility<\/a><\/li><li class='ez-toc-page-1 ez-toc-heading-level-2'><a class=\"ez-toc-link ez-toc-heading-3\" href=\"https:\/\/moverdb.com\/et\/moving-companies\/moving-companies-sweden\/#3_Freys_Express\" >3. Freys Express<\/a><\/li><li class='ez-toc-page-1 ez-toc-heading-level-2'><a class=\"ez-toc-link ez-toc-heading-4\" href=\"https:\/\/moverdb.com\/et\/moving-companies\/moving-companies-sweden\/#4_Future_Mobility\" >4. Tulevane liikuvus<\/a><\/li><li class='ez-toc-page-1 ez-toc-heading-level-2'><a class=\"ez-toc-link ez-toc-heading-5\" href=\"https:\/\/moverdb.com\/et\/moving-companies\/moving-companies-sweden\/#5_GLC_Flytt\" >5. GLC Flytt<\/a><\/li><li class='ez-toc-page-1 ez-toc-heading-level-2'><a class=\"ez-toc-link ez-toc-heading-6\" href=\"https:\/\/moverdb.com\/et\/moving-companies\/moving-companies-sweden\/#6_Mirkka_International_Moving\" >6. Mirkka International Moving<\/a><\/li><li class='ez-toc-page-1 ez-toc-heading-level-2'><a class=\"ez-toc-link ez-toc-heading-7\" href=\"https:\/\/moverdb.com\/et\/moving-companies\/moving-companies-sweden\/#7_Stadsbudkontoret\" >7. Stadsbudkontoret<\/a><\/li><li class='ez-toc-page-1 ez-toc-heading-level-2'><a class=\"ez-toc-link ez-toc-heading-8\" href=\"https:\/\/moverdb.com\/et\/moving-companies\/moving-companies-sweden\/#8_TBA_Transporter\" >8. TBA Transporter<\/a><\/li><li class='ez-toc-page-1 ez-toc-heading-level-2'><a class=\"ez-toc-link ez-toc-heading-9\" href=\"https:\/\/moverdb.com\/et\/moving-companies\/moving-companies-sweden\/#Other_Useful_Guides_to_Sweden\" >Muud kasulikud Rootsi reisijuhid<\/a><\/li><\/ul><\/nav><\/div>\n<h2><span class=\"ez-toc-section\" id=\"1_Alfa_Moving\"><\/span><strong>1. Alfa Moving<\/strong><span class=\"ez-toc-section-end\"><\/span><\/h2>\n<p><img loading=\"lazy\" decoding=\"async\" class=\"alignnone size-full wp-image-10073\" src=\"https:\/\/moverdb.com\/wp-content\/uploads\/Alfa-Moving-international-moving-company.png\" alt=\"Alfa Moving rahvusvaheline kolimisfirma\" width=\"1440\" height=\"681\" data-wp-pid=\"10073\" srcset=\"https:\/\/moverdb.com\/wp-content\/uploads\/Alfa-Moving-international-moving-company.png 1440w, https:\/\/moverdb.com\/wp-content\/uploads\/Alfa-Moving-international-moving-company-300x142.png 300w, https:\/\/moverdb.com\/wp-content\/uploads\/Alfa-Moving-international-moving-company-1024x484.png 1024w, https:\/\/moverdb.com\/wp-content\/uploads\/Alfa-Moving-international-moving-company-18x9.png 18w, https:\/\/moverdb.com\/wp-content\/uploads\/Alfa-Moving-international-moving-company-600x284.png 600w\" sizes=\"auto, (max-width: 1440px) 100vw, 1440px\" \/><\/p>\n<ul>\n<li>Riiklikud liikumised<\/li>\n<li>Rahvusvahelised liikumised<\/li>\n<li>Elamu kolimine<\/li>\n<li>Ettev\u00f5tte liikumised<\/li>\n<li>\u00dcmberpaigutamise teenused<\/li>\n<li>Ukselt-uksele teenus<\/li>\n<li>Transpordi korraldus<\/li>\n<li>Sisser\u00e4nne ja viisad<\/li>\n<li>Kindlustus<\/li>\n<li>Ladustamisv\u00f5imalused<\/li>\n<\/ul>\n<p>Alfa Moving on 1995. aastal asutatud Skandinaavia liikuvus- ja l\u00e4hetusteenuste pakkuja, kellel on 10 kontorit \u00fcle Rootsi, <a href=\"https:\/\/moverdb.com\/et\/moving-to-norway\/\" data-internallinksmanager029f6b8e52c=\"325\" title=\"Kolimine Norrasse? 2023 elamiskulud ja kolimisn\u00f5uanded\">Norra<\/a>, <a href=\"https:\/\/moverdb.com\/et\/moving-to-denmark\/\" data-internallinksmanager029f6b8e52c=\"335\" title=\"Kolimine Taani? 2023 elamiskulud ja kolimisn\u00f5uanded\">Taani<\/a> ja <a href=\"https:\/\/moverdb.com\/et\/moving-to-finland\/\" data-internallinksmanager029f6b8e52c=\"345\" title=\"Soome kolimine? 2023 elamiskulud ja kolimisn\u00f5uanded\">Soome<\/a>. Nad pakuvad oma rahvusvaheliste v\u00f5rgustike kaudu kolimisteenuseid 150 riigis. Nad on IAMi liige 28 aasta pikkuse tegutsemisaja jooksul ja on FIDI poolt akrediteeritud.<\/p>\n<p>Alfa Moving pakub uksest-ukseni teenust, mis h\u00f5lmab kogu teie kolimise planeerimist ja haldamist. Nad valivad teie kolimise jaoks parima v\u00f5imaluse, mis p\u00f5hineb teie kolimise suurusel, sisul ja sihtkohal. Nad pakuvad ka kolimisteenuseid, mis h\u00f5lmavad kodu ja koolide otsimist, ajutist majutust, orienteerumist, sisseelamisteenuseid, kultuuri- ja keele\u00f5pet.<\/p>\n<p>Veebileht: <a href=\"http:\/\/www.alfamoving.com\" target=\"_blank\" rel=\"noopener\">http:\/\/www.alfamoving.com<\/a><\/p>\n<h2><span class=\"ez-toc-section\" id=\"2_Aspire_Mobility\"><\/span><strong>2. Aspire Mobility<\/strong><span class=\"ez-toc-section-end\"><\/span><\/h2>\n<p><img loading=\"lazy\" decoding=\"async\" class=\"alignnone size-full wp-image-10081\" src=\"https:\/\/moverdb.com\/wp-content\/uploads\/Aspire-Mobility-international-moving-company.png\" alt=\"Aspire Mobility rahvusvaheline kolimisfirma\" width=\"1440\" height=\"683\" data-wp-pid=\"10081\" srcset=\"https:\/\/moverdb.com\/wp-content\/uploads\/Aspire-Mobility-international-moving-company.png 1440w, https:\/\/moverdb.com\/wp-content\/uploads\/Aspire-Mobility-international-moving-company-300x142.png 300w, https:\/\/moverdb.com\/wp-content\/uploads\/Aspire-Mobility-international-moving-company-1024x486.png 1024w, https:\/\/moverdb.com\/wp-content\/uploads\/Aspire-Mobility-international-moving-company-18x9.png 18w, https:\/\/moverdb.com\/wp-content\/uploads\/Aspire-Mobility-international-moving-company-600x285.png 600w\" sizes=\"auto, (max-width: 1440px) 100vw, 1440px\" \/><\/p>\n<ul>\n<li>Rahvusvahelised liikumised<\/li>\n<li>Kodumajapidamiste kolimised<\/li>\n<li>\u00dcmberpaigutamise teenused<\/li>\n<li>Liigu konsultant<\/li>\n<li>Pakkimisteenus<\/li>\n<li>Meretransport ja \u00f5hutransport<\/li>\n<li>Dokumentatsiooni tugi<\/li>\n<li>Immigratsioon<\/li>\n<li>Kindlustus<\/li>\n<li>Ladustamisv\u00f5imalused<\/li>\n<\/ul>\n<p>Aspire Mobility on 1879. aastal asutatud Mobeltransport Danmarki rahvusvaheline kolimis- ja \u00fcmberpaigutamis\u00fcksus, mille tegevuskohad asuvad Kopenhaagenis, Stockholmis, \u00c5rhusis, Odenses, Aalborgis ja Hillerodis. Neil on \u00fcle maailma valitud partnerite v\u00f5rgustik, kes toetavad neid enam kui 100 riigis. Nad on IAMi liige 12-aastase tegevusega.<\/p>\n<p>Aspire Mobility pakub kolimisn\u00f5ustajat, kes viib l\u00e4bi kolimiseelse uuringu, et m\u00e4\u00e4rata kindlaks suurus ja pakkimisn\u00f5uded. Nad korraldavad teie asjade pakkimise, rahvusvahelise mere- v\u00f5i \u00f5hutranspordi korraldamise, m\u00f6\u00f6bli lahtipakkimise ja \u00fclespaneku. Nad pakuvad kolimisteenuseid, mis h\u00f5lmavad kodu ja koolide otsinguid, viisade ja sisser\u00e4nde, sisseseadmise ja lahkumise teenuseid.<\/p>\n<p>Veebileht: <a href=\"http:\/\/www.aspiremobility.com\" target=\"_blank\" rel=\"noopener\">http:\/\/www.aspiremobility.com<\/a><\/p>\n<h2><span class=\"ez-toc-section\" id=\"3_Freys_Express\"><\/span><strong>3. Freys Express<\/strong><span class=\"ez-toc-section-end\"><\/span><\/h2>\n<p><img loading=\"lazy\" decoding=\"async\" class=\"alignnone size-full wp-image-10119\" src=\"https:\/\/moverdb.com\/wp-content\/uploads\/Freys-Express-international-moving-company.png\" alt=\"Freys Express rahvusvaheline kolimisfirma\" width=\"1440\" height=\"674\" data-wp-pid=\"10119\" srcset=\"https:\/\/moverdb.com\/wp-content\/uploads\/Freys-Express-international-moving-company.png 1440w, https:\/\/moverdb.com\/wp-content\/uploads\/Freys-Express-international-moving-company-300x140.png 300w, https:\/\/moverdb.com\/wp-content\/uploads\/Freys-Express-international-moving-company-1024x479.png 1024w, https:\/\/moverdb.com\/wp-content\/uploads\/Freys-Express-international-moving-company-18x8.png 18w, https:\/\/moverdb.com\/wp-content\/uploads\/Freys-Express-international-moving-company-600x281.png 600w\" sizes=\"auto, (max-width: 1440px) 100vw, 1440px\" \/><\/p>\n<ul>\n<li>Riiklikud liikumised<\/li>\n<li>Rahvusvahelised liikumised<\/li>\n<li>Kodumajapidamiste kolimised<\/li>\n<li>Ettev\u00f5tte \u00fcmberpaigutamine<\/li>\n<li>Ukselt-uksele teenus<\/li>\n<li>Liikumise juhtimine<\/li>\n<li>Maantee-, mere- ja \u00f5hutransport<\/li>\n<li>Tollivormistus<\/li>\n<li>Kindlustus<\/li>\n<li>L\u00fchi- ja pikaajaline ladustamine<\/li>\n<\/ul>\n<p>Freys Express on 1896. aastal asutatud kolimislogistika ettev\u00f5te, millel on seitse kontorit G\u00f6teborgis, Karlstadis, Linkopingis, Malm\u00f6s, Stockholmis, Uppsalas ja Orebrois. Neil on kontaktid rahvusvaheliste partneritega, kes aitavad neid kolimistel v\u00e4ljaspool Rootsit. Nad on IAMi liige, kellel on 20-aastane tegevus ja kes on FIDI poolt akrediteeritud.<\/p>\n<p>Freys Express pakub ukselt-uksele kolimist katkematu ahelaga alates kolimise planeerimisest kuni sihtkohas lahtipakkimiseni. Teie vajaduste hindamiseks teevad nad teie asjadest inventuuri. Nad pakuvad pakkimis-, m\u00e4rgistus- ja transporditeenust, mis tagab, et teie asjad j\u00f5uavad turvaliselt kohale koos tollivormistuse ja lahtipakkimisega.<\/p>\n<p>Veebileht: <a href=\"http:\/\/gmoving.se\" target=\"_blank\" rel=\"noopener\">http:\/\/gmoving.se<\/a><\/p>\n<h2><span class=\"ez-toc-section\" id=\"4_Future_Mobility\"><\/span><strong>4. Tulevane liikuvus<\/strong><span class=\"ez-toc-section-end\"><\/span><\/h2>\n<p><img loading=\"lazy\" decoding=\"async\" class=\"alignnone size-full wp-image-10122\" src=\"https:\/\/moverdb.com\/wp-content\/uploads\/Future-Mobility-international-moving-company.png\" alt=\"Future Mobility rahvusvaheline kolimisfirma\" width=\"1440\" height=\"683\" data-wp-pid=\"10122\" srcset=\"https:\/\/moverdb.com\/wp-content\/uploads\/Future-Mobility-international-moving-company.png 1440w, https:\/\/moverdb.com\/wp-content\/uploads\/Future-Mobility-international-moving-company-300x142.png 300w, https:\/\/moverdb.com\/wp-content\/uploads\/Future-Mobility-international-moving-company-1024x486.png 1024w, https:\/\/moverdb.com\/wp-content\/uploads\/Future-Mobility-international-moving-company-18x9.png 18w, https:\/\/moverdb.com\/wp-content\/uploads\/Future-Mobility-international-moving-company-600x285.png 600w\" sizes=\"auto, (max-width: 1440px) 100vw, 1440px\" \/><\/p>\n<ul>\n<li>Riiklikud kolimised<\/li>\n<li><a href=\"https:\/\/moverdb.com\/et\/international-removals\/\" data-internallinksmanager029f6b8e52c=\"27\" title=\"36 Parimad rahvusvahelised kolimisfirmad \u00dchendkuningriigis\">Rahvusvahelised kolimised<\/a><\/li>\n<li>Kodumajapidamiste kolimine<\/li>\n<li>\u00c4ri\u00fchingute kolimine<\/li>\n<li>T\u00f6\u00f6tajate liikuvus<\/li>\n<li>Kiirlaevandus<\/li>\n<li>Tasuta kontroll<\/li>\n<li>Pakkimisteenus<\/li>\n<li>Transpordi korraldamine<\/li>\n<li>Ladustamisv\u00f5imalused<\/li>\n<\/ul>\n<p>Future Mobility on Stockholmis asuv rahvusvaheline kolimisfirma. Nad on IAMi liige, kellel on neli aastat kestnud tegevus, mis annab neile rahvusvahelise kolimisagentide v\u00f5rgustiku, mis toetab nende kolimisteenuseid v\u00e4lismaal.<\/p>\n<p>Future Mobility pakub kolimisi Rootsi ja Rootsist ning nad pakuvad tasuta \u00fclevaatust, et koostada teie mahu ja vajaduste p\u00f5hjal kohandatud hinnapakkumine. Nad haldavad teie kolimise iga sammu, et lihtsustada teie kolimist. Nad pakuvad pakkimis- ja montaa\u017eiteenuseid, et s\u00e4\u00e4sta teie aega ja kaitsta teie asju transpordil. Samuti pakuvad nad abi t\u00f6\u00f6tajate liikuvuse puhul ja aitavad t\u00f6\u00f6andjatel hallata t\u00f6\u00f6tajate \u00fcmberpaigutamist.<\/p>\n<p>Veebileht: <a href=\"http:\/\/www.futuremobility.nu\" target=\"_blank\" rel=\"noopener\">http:\/\/www.futuremobility.nu<\/a><\/p>\n<h2><span class=\"ez-toc-section\" id=\"5_GLC_Flytt\"><\/span><strong>5. GLC Flytt<\/strong><span class=\"ez-toc-section-end\"><\/span><\/h2>\n<p><img loading=\"lazy\" decoding=\"async\" class=\"alignnone size-full wp-image-10127\" src=\"https:\/\/moverdb.com\/wp-content\/uploads\/GLC-Flytt-international-moving-company.png\" alt=\"GLC Flytt rahvusvaheline kolimisfirma\" width=\"1440\" height=\"680\" data-wp-pid=\"10127\" srcset=\"https:\/\/moverdb.com\/wp-content\/uploads\/GLC-Flytt-international-moving-company.png 1440w, https:\/\/moverdb.com\/wp-content\/uploads\/GLC-Flytt-international-moving-company-300x142.png 300w, https:\/\/moverdb.com\/wp-content\/uploads\/GLC-Flytt-international-moving-company-1024x484.png 1024w, https:\/\/moverdb.com\/wp-content\/uploads\/GLC-Flytt-international-moving-company-18x9.png 18w, https:\/\/moverdb.com\/wp-content\/uploads\/GLC-Flytt-international-moving-company-600x283.png 600w\" sizes=\"auto, (max-width: 1440px) 100vw, 1440px\" \/><\/p>\n<ul>\n<li>Riiklikud liikumised<\/li>\n<li>Rahvusvahelised liikumised<\/li>\n<li>Kodumajapidamiste kolimised<\/li>\n<li>Kontori- ja t\u00f6\u00f6stuslik kolimine<\/li>\n<li>Ukselt-uksele lahendused<\/li>\n<li>Pakkimisteenused<\/li>\n<li>Transpordikorraldus<\/li>\n<li>Tollivormistus<\/li>\n<li>Kindlustus<\/li>\n<li>Ladustamisv\u00f5imalused<\/li>\n<\/ul>\n<p>GLC Flytt on kolimisfirma, mis pakub kolimis- ja laoteenuseid ettev\u00f5tetele ja eraisikutele ning mille juured ulatuvad G\u00f6teborgis 1980. aastate algusesse. Nad kasutavad rahvusvahelist kolimisagentide v\u00f5rgustikku, et aidata neid \u00fclemaailmsetel kolimistel. Nad on IAMi liige, kellel on 26 aastat tegutsemist.<\/p>\n<p>GLC Flytt pakub riigisiseseid ja rahvusvahelisi kolimisi eraisikutele ja ettev\u00f5tetele. Nad pakuvad pakkimisv\u00f5imalusi, mis h\u00f5lmavad isepakkimist v\u00f5i t\u00e4ielikku pakkimisteenust, mille puhul kasutatakse kvaliteetseid pakkematerjale ja erilist hoolt tundlike kaupade eest. Nad planeerivad transpordi ja haldavad tolli, samuti pakuvad nad puhastus- ja muid lisateenuseid.<\/p>\n<p>Veebileht: <a href=\"http:\/\/www.glcflytt.se\" target=\"_blank\" rel=\"noopener\">http:\/\/www.glcflytt.se<\/a><\/p>\n<h2><span class=\"ez-toc-section\" id=\"6_Mirkka_International_Moving\"><\/span><strong>6. Mirkka International Moving<\/strong><span class=\"ez-toc-section-end\"><\/span><\/h2>\n<p><img loading=\"lazy\" decoding=\"async\" class=\"alignnone size-full wp-image-10156\" src=\"https:\/\/moverdb.com\/wp-content\/uploads\/Mirkka-International-Moving-company.png\" alt=\"Mirkka Rahvusvaheline kolimisfirma\" width=\"1440\" height=\"680\" data-wp-pid=\"10156\" srcset=\"https:\/\/moverdb.com\/wp-content\/uploads\/Mirkka-International-Moving-company.png 1440w, https:\/\/moverdb.com\/wp-content\/uploads\/Mirkka-International-Moving-company-300x142.png 300w, https:\/\/moverdb.com\/wp-content\/uploads\/Mirkka-International-Moving-company-1024x484.png 1024w, https:\/\/moverdb.com\/wp-content\/uploads\/Mirkka-International-Moving-company-18x9.png 18w, https:\/\/moverdb.com\/wp-content\/uploads\/Mirkka-International-Moving-company-600x283.png 600w\" sizes=\"auto, (max-width: 1440px) 100vw, 1440px\" \/><\/p>\n<ul>\n<li>Kohalikud ja riiklikud kolimised<\/li>\n<li>Rahvusvahelised kolimised<\/li>\n<li>Kodumajapidamiste kolimine<\/li>\n<li>B\u00fcroo kolimine<\/li>\n<li>Individuaalsed lahendused<\/li>\n<li>V\u00e4ikeste esemete kolimine kuni t\u00e4ieliku maja kolimiseni<\/li>\n<li>Professionaalne kolimismeeskond<\/li>\n<li>Maantee-, \u00f5hu- ja meretransport<\/li>\n<li>Maja puhastamine<\/li>\n<li>L\u00fchi- ja pikaajalised ladustamisv\u00f5imalused<\/li>\n<\/ul>\n<p>Mirkka International Moving on siseriiklik ja rahvusvaheline kolimisfirma, millel on \u00fcle 40 aasta kogemust ja mis asub J\u00f6nk\u00f6pingis. Nad on IAMi liige kaheksa aasta jooksul, mis annab neile juurdep\u00e4\u00e4su rahvusvahelisele kolimisagentide v\u00f5rgustikule, et pakkuda teenuseid kogu maailmas.<\/p>\n<p>Mirkka International Moving pakub kohandatud kolimisteenuseid nii v\u00e4ikese arvu esemete kui ka kogu maja kolimiseks kohalikul, riiklikul ja rahvusvahelisel tasandil. Nad pakuvad kolimisteenuseid koos professionaalse meeskonnaga, kes korraldab teie kolimise maantee-, \u00f5hu- ja mereveoga. Nad pakuvad ka lisateenuseid, mille hulka kuuluvad majapuhastusteenused.<\/p>\n<p>Veebileht: <a href=\"http:\/\/www.mirkkainternationalmoving.se\" target=\"_blank\" rel=\"noopener\">http:\/\/www.mirkkainternationalmoving.se<\/a><\/p>\n<h2><span class=\"ez-toc-section\" id=\"7_Stadsbudkontoret\"><\/span><strong>7. Stadsbudkontoret<\/strong><span class=\"ez-toc-section-end\"><\/span><\/h2>\n<p><img loading=\"lazy\" decoding=\"async\" class=\"alignnone size-full wp-image-10187\" src=\"https:\/\/moverdb.com\/wp-content\/uploads\/Stadsbudkontoret-international-moving-company.png\" alt=\"Stadsbudkontoret rahvusvaheline kolimisfirma\" width=\"1440\" height=\"677\" data-wp-pid=\"10187\" srcset=\"https:\/\/moverdb.com\/wp-content\/uploads\/Stadsbudkontoret-international-moving-company.png 1440w, https:\/\/moverdb.com\/wp-content\/uploads\/Stadsbudkontoret-international-moving-company-300x141.png 300w, https:\/\/moverdb.com\/wp-content\/uploads\/Stadsbudkontoret-international-moving-company-1024x481.png 1024w, https:\/\/moverdb.com\/wp-content\/uploads\/Stadsbudkontoret-international-moving-company-18x8.png 18w, https:\/\/moverdb.com\/wp-content\/uploads\/Stadsbudkontoret-international-moving-company-600x282.png 600w\" sizes=\"auto, (max-width: 1440px) 100vw, 1440px\" \/><\/p>\n<ul>\n<li>Riiklikud liikumised<\/li>\n<li>Rahvusvahelised liikumised<\/li>\n<li>Kodumajapidamiste kolimised<\/li>\n<li>Ettev\u00f5tte liikumised<\/li>\n<li>Ukselt-uksele teenus<\/li>\n<li>Pakkimisteenus<\/li>\n<li>Lennu-, mere- ja veoautotransport<\/li>\n<li>Liikuv dokumentatsioon<\/li>\n<li>Kindlustus<\/li>\n<li>Ajutine ladustamine<\/li>\n<\/ul>\n<p>Stadsbudkontoret on ettev\u00f5tteid ja eraisikuid abistav kolimisteenus, mis asutati 1888. aastal. Neil on kontorid Stockholmis, Ornskoldsvikis, Malm\u00f6s, G\u00f6teborgis, Harnosandis ja Cannes'is. Neil on suur professionaalsete kolimisfirmade v\u00f5rgustik, et pakkuda oma teenuseid v\u00e4ljaspool Rootsit. Nad on IAMi liige, kellel on 135 aastat kestnud tegevus ja kes on akrediteeritud FIDI poolt.<\/p>\n<p>Stadsbudkontoret'i kolimiskoordinaator tegeleb teie kolimise k\u00f5igi aspektidega Rootsis, Rootsi ja sealt v\u00e4lja ning tagab, et nende partnerid osutavad teenuseid. Nende ukselt-uksele teenus h\u00f5lmab teie vajadustele k\u00f5ige kuluefektiivsema ja \u00f5igeaegse kolimismeetodi leidmist. Nad tegelevad k\u00f5igi vajalike kolimisdokumentidega impordiks ja ekspordiks.<\/p>\n<p>Veebileht: <a href=\"http:\/\/www.sbkmoving.com\" target=\"_blank\" rel=\"noopener\">http:\/\/www.sbkmoving.com<\/a><\/p>\n<h2><span class=\"ez-toc-section\" id=\"8_TBA_Transporter\"><\/span><strong>8. TBA Transporter<\/strong><span class=\"ez-toc-section-end\"><\/span><\/h2>\n<p><img loading=\"lazy\" decoding=\"async\" class=\"alignnone size-full wp-image-10192\" src=\"https:\/\/moverdb.com\/wp-content\/uploads\/TBA-Transporter-international-moving-company.png\" alt=\"TBA Transporter rahvusvaheline kolimisfirma\" width=\"1440\" height=\"628\" data-wp-pid=\"10192\" srcset=\"https:\/\/moverdb.com\/wp-content\/uploads\/TBA-Transporter-international-moving-company.png 1440w, https:\/\/moverdb.com\/wp-content\/uploads\/TBA-Transporter-international-moving-company-300x131.png 300w, https:\/\/moverdb.com\/wp-content\/uploads\/TBA-Transporter-international-moving-company-1024x447.png 1024w, https:\/\/moverdb.com\/wp-content\/uploads\/TBA-Transporter-international-moving-company-18x8.png 18w, https:\/\/moverdb.com\/wp-content\/uploads\/TBA-Transporter-international-moving-company-600x262.png 600w\" sizes=\"auto, (max-width: 1440px) 100vw, 1440px\" \/><\/p>\n<ul>\n<li>Kohalikud ja riiklikud liikumised<\/li>\n<li>Rahvusvahelised liikumised<\/li>\n<li>Kodumajapidamiste kolimised<\/li>\n<li>Ettev\u00f5tte \u00fcmberpaigutamine<\/li>\n<li>Individuaalselt kohandatud teenus<\/li>\n<li>Pakkimise v\u00f5imalused<\/li>\n<li>Maantee-, mere- ja \u00f5huveod<\/li>\n<li>V\u00e4ljapakkimise v\u00f5imalused<\/li>\n<li>Kindlustus<\/li>\n<li>Ladustamislahendused<\/li>\n<\/ul>\n<p>TBA Transporter on 1995. aastal asutatud kolimisfirma, mis asub Stockholmis. Nad on IAMi liige, kellel on 28-aastane tegevus, mis annab neile juurdep\u00e4\u00e4su rahvusvahelisele kolimisagentide v\u00f5rgustikule, mis saab neid toetada.<\/p>\n<p>TBA Transporter pakub kohandatud ukselt-uksele kolimisteenust nii v\u00e4ikeste kui ka suuremate kolimisprojektide puhul. Nad pakuvad erinevaid pakkimis- ja lahtipakkimisv\u00f5imalusi, mis v\u00f5imaldavad teil teha nii palju v\u00f5i nii v\u00e4he, kui soovite. Nad pakuvad spetsiaalset ekspordipakendamist \u00f5hu- ja meretranspordi jaoks ning v\u00f5ivad vajaduse korral m\u00f6\u00f6blit lahti v\u00f5tta ja kokku panna.<\/p>\n<p>Veebileht: <a href=\"http:\/\/www.tbatransporter.com\" target=\"_blank\" rel=\"noopener\">http:\/\/www.tbatransporter.com<\/a><\/p>\n<h2><span class=\"ez-toc-section\" id=\"Other_Useful_Guides_to_Sweden\"><\/span>Muud kasulikud Rootsi reisijuhid<span class=\"ez-toc-section-end\"><\/span><\/h2>\n<ul>\n<li> <a href=\"https:\/\/moverdb.com\/et\/konteiner-laevandus\/rootsi\/\">2024 Mereveo konteinerite veohinnad Rootsi ja Rootsist<\/a><\/li>\n<li> <a href=\"https:\/\/moverdb.com\/et\/moving-to-sweden\/\">Rootsi kolimine? 2023 elamiskulud ja kolimisn\u00f5uanded<\/a><\/li>\n<li> <a href=\"https:\/\/moverdb.com\/et\/moving-to-sweden\/best-places-to-live-sweden\/\">13 parimat kohta Rootsis elamiseks<\/a><\/li>\n<li> <a href=\"https:\/\/moverdb.com\/et\/moving-to-sweden\/living-in-sweden\/\">21 saladust Rootsis elamise kohta, mida peaks teadma enne kolimist<\/a><\/li>\n<\/ul>","protected":false},"excerpt":{"rendered":"<p>Are you moving within, to or from Sweden? Then you may want to enlist the services of a moving company that can help you plan your move including packing, transportation and handling customs procedures for international moves. Below we have compiled a list of Swedish moving companies that are members of the International Association of [&hellip;]<\/p>\n","protected":false},"author":4,"featured_media":10073,"parent":190,"menu_order":0,"comment_status":"closed","ping_status":"closed","template":"","meta":{"_genesis_hide_title":false,"_genesis_hide_breadcrumbs":false,"_genesis_hide_singular_image":false,"_genesis_hide_footer_widgets":false,"_genesis_custom_body_class":"","_genesis_custom_post_class":"","_genesis_layout":"","footnotes":""},"class_list":{"0":"post-10219","1":"page","2":"type-page","3":"status-publish","4":"has-post-thumbnail","6":"entry"},"_links":{"self":[{"href":"https:\/\/moverdb.com\/et\/wp-json\/wp\/v2\/pages\/10219","targetHints":{"allow":["GET"]}}],"collection":[{"href":"https:\/\/moverdb.com\/et\/wp-json\/wp\/v2\/pages"}],"about":[{"href":"https:\/\/moverdb.com\/et\/wp-json\/wp\/v2\/types\/page"}],"author":[{"embeddable":true,"href":"https:\/\/moverdb.com\/et\/wp-json\/wp\/v2\/users\/4"}],"replies":[{"embeddable":true,"href":"https:\/\/moverdb.com\/et\/wp-json\/wp\/v2\/comments?post=10219"}],"version-history":[{"count":3,"href":"https:\/\/moverdb.com\/et\/wp-json\/wp\/v2\/pages\/10219\/revisions"}],"predecessor-version":[{"id":17110,"href":"https:\/\/moverdb.com\/et\/wp-json\/wp\/v2\/pages\/10219\/revisions\/17110"}],"up":[{"embeddable":true,"href":"https:\/\/moverdb.com\/et\/wp-json\/wp\/v2\/pages\/190"}],"wp:featuredmedia":[{"embeddable":true,"href":"https:\/\/moverdb.com\/et\/wp-json\/wp\/v2\/media\/10073"}],"wp:attachment":[{"href":"https:\/\/moverdb.com\/et\/wp-json\/wp\/v2\/media?parent=10219"}],"curies":[{"name":"wp","href":"https:\/\/api.w.org\/{rel}","templated":true}]}}