{"id":10215,"date":"2023-06-22T15:54:43","date_gmt":"2023-06-22T15:54:43","guid":{"rendered":"https:\/\/moverdb.com\/?page_id=10215"},"modified":"2026-01-08T15:29:29","modified_gmt":"2026-01-08T15:29:29","slug":"moving-companies-sri-lanka","status":"publish","type":"page","link":"https:\/\/moverdb.com\/et\/moving-companies\/moving-companies-sri-lanka\/","title":{"rendered":"7 parimat rahvusvahelist kolimisfirmat Sri Lankal"},"content":{"rendered":"<p>Kas te kavatsete kolida? Siis v\u00f5iksite v\u00f5tta appi teenused <a href=\"https:\/\/moverdb.com\/et\/moving-companies\/\" data-internallinksmanager029f6b8e52c=\"79\" title=\"Top 25 rahvusvahelist kolimisfirmat Internetis\">kolimisfirma<\/a> sest nad saavad teid aidata pakkimisel, transpordil ja tolliga tegelemisel v\u00e4lismaal kolimisel. Allpool oleme koostanud nimekirja Sri Lankal asuvatest ettev\u00f5tetest. <a href=\"https:\/\/moverdb.com\/et\/international-removals\/\" data-internallinksmanager029f6b8e52c=\"27\" title=\"36 Parimad rahvusvahelised kolimisfirmad \u00dchendkuningriigis\">kolimisfirmad<\/a> mis on liikmed <a href=\"https:\/\/moverdb.com\/et\/iam\/\" data-internallinksmanager029f6b8e52c=\"23\" title=\"Rahvusvaheline kolijate assotsiatsioon (IAM) Selgitatud\">Rahvusvaheline kolijate assotsiatsioon<\/a> (IAM) ja\/v\u00f5i <a href=\"https:\/\/moverdb.com\/et\/fidi-faim\/\" data-internallinksmanager029f6b8e52c=\"16\" title=\"FIDI &amp; FAIM (FIDI akrediteeritud rahvusvaheline kolija) selgitatud\">FIDI<\/a> Akrediteeritud rahvusvaheline kolija (FAIM), kes v\u00f5iks teid kolimisel aidata.<\/p>\n<div id=\"ez-toc-container\" class=\"ez-toc-v2_0_82_2 ez-toc-wrap-left counter-hierarchy ez-toc-counter ez-toc-transparent ez-toc-container-direction\">\n<div class=\"ez-toc-title-container\">\n<p class=\"ez-toc-title\" style=\"cursor:inherit\">Jaotised<\/p>\n<span class=\"ez-toc-title-toggle\"><a href=\"#\" class=\"ez-toc-pull-right ez-toc-btn ez-toc-btn-xs ez-toc-btn-default ez-toc-toggle\" aria-label=\"Sisukorra vaheldumine\"><span class=\"ez-toc-js-icon-con\"><span class=\"\"><span class=\"eztoc-hide\" style=\"display:none;\">Toggle<\/span><span class=\"ez-toc-icon-toggle-span\"><svg style=\"fill: #999;color:#999\" xmlns=\"http:\/\/www.w3.org\/2000\/svg\" class=\"list-377408\" width=\"20px\" height=\"20px\" viewbox=\"0 0 24 24\" fill=\"none\"><path d=\"M6 6H4v2h2V6zm14 0H8v2h12V6zM4 11h2v2H4v-2zm16 0H8v2h12v-2zM4 16h2v2H4v-2zm16 0H8v2h12v-2z\" fill=\"currentColor\"><\/path><\/svg><svg style=\"fill: #999;color:#999\" class=\"arrow-unsorted-368013\" xmlns=\"http:\/\/www.w3.org\/2000\/svg\" width=\"10px\" height=\"10px\" viewbox=\"0 0 24 24\" version=\"1.2\" baseprofile=\"tiny\"><path d=\"M18.2 9.3l-6.2-6.3-6.2 6.3c-.2.2-.3.4-.3.7s.1.5.3.7c.2.2.4.3.7.3h11c.3 0 .5-.1.7-.3.2-.2.3-.5.3-.7s-.1-.5-.3-.7zM5.8 14.7l6.2 6.3 6.2-6.3c.2-.2.3-.5.3-.7s-.1-.5-.3-.7c-.2-.2-.4-.3-.7-.3h-11c-.3 0-.5.1-.7.3-.2.2-.3.5-.3.7s.1.5.3.7z\"\/><\/svg><\/span><\/span><\/span><\/a><\/span><\/div>\n<nav><ul class='ez-toc-list ez-toc-list-level-1 eztoc-toggle-hide-by-default' ><li class='ez-toc-page-1 ez-toc-heading-level-2'><a class=\"ez-toc-link ez-toc-heading-1\" href=\"https:\/\/moverdb.com\/et\/moving-companies\/moving-companies-sri-lanka\/#1_Aitken_Spence\" >1. Aitken Spence<\/a><\/li><li class='ez-toc-page-1 ez-toc-heading-level-2'><a class=\"ez-toc-link ez-toc-heading-2\" href=\"https:\/\/moverdb.com\/et\/moving-companies\/moving-companies-sri-lanka\/#2_Asian_Movers\" >2. Aasia liiklejad<\/a><\/li><li class='ez-toc-page-1 ez-toc-heading-level-2'><a class=\"ez-toc-link ez-toc-heading-3\" href=\"https:\/\/moverdb.com\/et\/moving-companies\/moving-companies-sri-lanka\/#3_Don_Carolis_Sons\" >3. Don Carolis &amp; Sons<\/a><\/li><li class='ez-toc-page-1 ez-toc-heading-level-2'><a class=\"ez-toc-link ez-toc-heading-4\" href=\"https:\/\/moverdb.com\/et\/moving-companies\/moving-companies-sri-lanka\/#4_Horizon_Relocations\" >4. Horisondi \u00fcmberpaigutused<\/a><\/li><li class='ez-toc-page-1 ez-toc-heading-level-2'><a class=\"ez-toc-link ez-toc-heading-5\" href=\"https:\/\/moverdb.com\/et\/moving-companies\/moving-companies-sri-lanka\/#5_Trans_World_Movers\" >5. Trans World Movers<\/a><\/li><li class='ez-toc-page-1 ez-toc-heading-level-2'><a class=\"ez-toc-link ez-toc-heading-6\" href=\"https:\/\/moverdb.com\/et\/moving-companies\/moving-companies-sri-lanka\/#6_Trans-Global_Relocations\" >6. \u00dclemaailmne \u00fcmberpaigutamine<\/a><\/li><li class='ez-toc-page-1 ez-toc-heading-level-2'><a class=\"ez-toc-link ez-toc-heading-7\" href=\"https:\/\/moverdb.com\/et\/moving-companies\/moving-companies-sri-lanka\/#7_Worldwide_Movers\" >7. \u00dclemaailmsed kolijad<\/a><\/li><\/ul><\/nav><\/div>\n<h2><span class=\"ez-toc-section\" id=\"1_Aitken_Spence\"><\/span><strong>1. Aitken Spence<\/strong><span class=\"ez-toc-section-end\"><\/span><\/h2>\n<p><img loading=\"lazy\" decoding=\"async\" class=\"alignnone size-full wp-image-10071\" src=\"https:\/\/moverdb.com\/wp-content\/uploads\/Aitken-Spence-international-moving-company.png\" alt=\"Aitken Spence rahvusvaheline kolimisfirma\" width=\"1440\" height=\"676\" data-wp-pid=\"10071\" srcset=\"https:\/\/moverdb.com\/wp-content\/uploads\/Aitken-Spence-international-moving-company.png 1440w, https:\/\/moverdb.com\/wp-content\/uploads\/Aitken-Spence-international-moving-company-300x141.png 300w, https:\/\/moverdb.com\/wp-content\/uploads\/Aitken-Spence-international-moving-company-1024x481.png 1024w, https:\/\/moverdb.com\/wp-content\/uploads\/Aitken-Spence-international-moving-company-18x8.png 18w, https:\/\/moverdb.com\/wp-content\/uploads\/Aitken-Spence-international-moving-company-600x282.png 600w\" sizes=\"auto, (max-width: 1440px) 100vw, 1440px\" \/><\/p>\n<ul>\n<li>Riiklikud liikumised<\/li>\n<li>Rahvusvahelised liikumised<\/li>\n<li>Kodumajapidamiste kolimised<\/li>\n<li>Ettev\u00f5tte logistika<\/li>\n<li>N\u00e4itusteenused<\/li>\n<li>L\u00e4bivad lahendused<\/li>\n<li>Lennu-, mere- ja maismaaveod<\/li>\n<li>Tollivormistus<\/li>\n<li>Lemmikloomade \u00fcmberpaigutamine<\/li>\n<li>Ladustamisv\u00f5imalused<\/li>\n<\/ul>\n<p>Aitken Spence on mitut sektorit h\u00f5lmav ettev\u00f5te, mis on tegutsenud alates 1868. aastast ja on esindatud kaheksas riigis, sealhulgas Colombos, Sri Lankal. Nende ekspedeerimistegevuse hulka kuuluvad kolimised ja \u00fcmberpaigutused. Nad kasutavad oma filiaalide ja \u00fclemaailmse kaubandus- ja logistikafirmade v\u00f5rgustiku abi. Nad on IAMi liige, kellel on 44 aastat kestnud tegevus.<\/p>\n<p>Aitken Spence pakub oma \u00fclemaailmse kohalolekuga terviklahendusi. Nad pakuvad muretuid kolimis- ja \u00fcmberpaigutamisteenuseid majapidamistele, kes kolivad k\u00f5ikjal maailmas. Nad v\u00f5ivad kolida teie asjad ja lemmikloomad uude koju. Nad korraldavad transpordi koos tollivormistusega.<\/p>\n<p>Veebileht: <a href=\"http:\/\/www.acecargo.lk\" target=\"_blank\" rel=\"noopener\">http:\/\/www.acecargo.lk<\/a><\/p>\n<h2><span class=\"ez-toc-section\" id=\"2_Asian_Movers\"><\/span><strong>2. Aasia liiklejad<\/strong><span class=\"ez-toc-section-end\"><\/span><\/h2>\n<p><img loading=\"lazy\" decoding=\"async\" class=\"alignnone size-full wp-image-10079\" src=\"https:\/\/moverdb.com\/wp-content\/uploads\/Asian-Movers-international-moving-company.png\" alt=\"Asian Movers rahvusvaheline kolimisfirma\" width=\"1440\" height=\"681\" data-wp-pid=\"10079\" srcset=\"https:\/\/moverdb.com\/wp-content\/uploads\/Asian-Movers-international-moving-company.png 1440w, https:\/\/moverdb.com\/wp-content\/uploads\/Asian-Movers-international-moving-company-300x142.png 300w, https:\/\/moverdb.com\/wp-content\/uploads\/Asian-Movers-international-moving-company-1024x484.png 1024w, https:\/\/moverdb.com\/wp-content\/uploads\/Asian-Movers-international-moving-company-18x9.png 18w, https:\/\/moverdb.com\/wp-content\/uploads\/Asian-Movers-international-moving-company-600x284.png 600w\" sizes=\"auto, (max-width: 1440px) 100vw, 1440px\" \/><\/p>\n<ul>\n<li>Kohalikud ja riiklikud liikumised<\/li>\n<li>Rahvusvahelised liikumised<\/li>\n<li>Kodumajapidamiste kolimised<\/li>\n<li>Ettev\u00f5tete ja b\u00fcroode kolimine<\/li>\n<li>Ukselt-uksele teenus<\/li>\n<li>Pakkimisteenus<\/li>\n<li>Maantee-, mere- ja \u00f5hutransport<\/li>\n<li>Tollivormistus<\/li>\n<li>Kindlustus<\/li>\n<li>Ladustamislahendused<\/li>\n<\/ul>\n<p>Asian Movers on Sri Lankal asutatud kohandatud kolimislahendusi pakkuv ettev\u00f5te ja <a href=\"https:\/\/moverdb.com\/et\/moving-to-the-maldives\/\" data-internallinksmanager029f6b8e52c=\"387\" title=\"Kolimine Maldiividele? 2023 elamiskulud ja kolimisn\u00f5uanded\">Maldiivid<\/a> 2013. aastal. Nende teenused on \u00fclemaailmselt k\u00e4ttesaadavad t\u00e4nu nende liikmelisusele rahvusvahelistes kolimis\u00fchendustes. Nad on IAMi liige 10-aastase tegevusega.<\/p>\n<p>Asian Movers pakub kohandatud kolimisteenust, olenemata sellest, kas vajate t\u00e4ielikku kolimisteenust v\u00f5i lihtsalt veoautot ja kolijaid. Nende ukselt-uksele teenus v\u00f5ib h\u00f5lmata k\u00f5igi teie asjade turvalist pakkimist ja inventari koostamist, laadimist, transportimist sihtkohta ja mahalaadimist. Nad abistavad lasti- ja tollivormistusdokumentidega ning kindlustusega.<\/p>\n<p>Veebileht: <a href=\"http:\/\/www.asianmovers.com\/\" target=\"_blank\" rel=\"noopener\">http:\/\/www.asianmovers.com\/<\/a><\/p>\n<h2><span class=\"ez-toc-section\" id=\"3_Don_Carolis_Sons\"><\/span><strong>3. Don Carolis &amp; Sons<\/strong><span class=\"ez-toc-section-end\"><\/span><\/h2>\n<p><em><img loading=\"lazy\" decoding=\"async\" class=\"alignnone size-full wp-image-10102\" src=\"https:\/\/moverdb.com\/wp-content\/uploads\/Don-Carolis-Sons-international-moving-company.png\" alt=\"Don Carolis &amp; Sons rahvusvaheline kolimisfirma\" width=\"1440\" height=\"679\" data-wp-pid=\"10102\" srcset=\"https:\/\/moverdb.com\/wp-content\/uploads\/Don-Carolis-Sons-international-moving-company.png 1440w, https:\/\/moverdb.com\/wp-content\/uploads\/Don-Carolis-Sons-international-moving-company-300x141.png 300w, https:\/\/moverdb.com\/wp-content\/uploads\/Don-Carolis-Sons-international-moving-company-1024x483.png 1024w, https:\/\/moverdb.com\/wp-content\/uploads\/Don-Carolis-Sons-international-moving-company-18x8.png 18w, https:\/\/moverdb.com\/wp-content\/uploads\/Don-Carolis-Sons-international-moving-company-600x283.png 600w\" sizes=\"auto, (max-width: 1440px) 100vw, 1440px\" \/><\/em><\/p>\n<ul>\n<li>Riiklikud liikumised<\/li>\n<li>Rahvusvahelised liikumised<\/li>\n<li>Kodumajapidamiste kolimised<\/li>\n<li>Organisatsiooniline liikumine<\/li>\n<li>Kohandatud teenus<\/li>\n<li>Liikumise koordinaator<\/li>\n<li>Pakkimisteenus<\/li>\n<li>Transpordi korraldus<\/li>\n<li>V\u00e4ljapakkimise v\u00f5imalused<\/li>\n<li>T\u00e4ielik kaitse<\/li>\n<\/ul>\n<p>Don Carolis &amp; Sons on \u00fcle 150 aasta tegutsenud m\u00f6\u00f6blitootja, jaem\u00fc\u00fcja ja eksportija, mis asub Colombos. Nad on IAMi liige, mis annab neile juurdep\u00e4\u00e4su rahvusvahelisele kolimisagentide v\u00f5rgustikule, mis toetab neid rahvusvaheliste kolimiste puhul.<\/p>\n<p>Don Carolis &amp; Sons pakub kohandatud pakkimisteenust, mis vastab teie vajadustele seoses ajakava, eelarve ja asjadega, ning pakub ka kolimiskoordinaatorit, kes toetab teid kogu kolimise ajal. Nad hoolitsevad teie asjade eest, sealhulgas laadimise, transpordi ja mahalaadimise eest k\u00f5igi oma plaanide puhul. Nende plaanid h\u00f5lmavad teie lahtipakkimist, osalist lahtipakkimist ja m\u00f6\u00f6bli paigutamist ning t\u00e4ielikku lahtipakkimist.<\/p>\n<p>Veebileht: <a href=\"http:\/\/www.doncarolis.com\" target=\"_blank\" rel=\"noopener\">http:\/\/www.doncarolis.com<\/a><\/p>\n<h2><span class=\"ez-toc-section\" id=\"4_Horizon_Relocations\"><\/span><strong>4. Horisondi \u00fcmberpaigutused<\/strong><span class=\"ez-toc-section-end\"><\/span><\/h2>\n<p><img loading=\"lazy\" decoding=\"async\" class=\"alignnone size-full wp-image-10136\" src=\"https:\/\/moverdb.com\/wp-content\/uploads\/Horizon-Relocations-international-moving-company.png\" alt=\"Horizon Relocations rahvusvaheline kolimisfirma\" width=\"1440\" height=\"626\" data-wp-pid=\"10136\" srcset=\"https:\/\/moverdb.com\/wp-content\/uploads\/Horizon-Relocations-international-moving-company.png 1440w, https:\/\/moverdb.com\/wp-content\/uploads\/Horizon-Relocations-international-moving-company-300x130.png 300w, https:\/\/moverdb.com\/wp-content\/uploads\/Horizon-Relocations-international-moving-company-1024x445.png 1024w, https:\/\/moverdb.com\/wp-content\/uploads\/Horizon-Relocations-international-moving-company-18x8.png 18w, https:\/\/moverdb.com\/wp-content\/uploads\/Horizon-Relocations-international-moving-company-600x261.png 600w\" sizes=\"auto, (max-width: 1440px) 100vw, 1440px\" \/><\/p>\n<ul>\n<li>Kohalikud ja riiklikud liikumised<\/li>\n<li>Rahvusvahelised \u00fcmberpaigutused<\/li>\n<li>Kodumajapidamiste kolimised<\/li>\n<li>Isiklike asjade kohaletoimetamine<\/li>\n<li>Ukselt-uksele teenus<\/li>\n<li>Pakend<\/li>\n<li>Kaubaveo kord<\/li>\n<li>Tollivormistus<\/li>\n<li>Kindlustus<\/li>\n<li>Ladustamisv\u00f5imalused<\/li>\n<\/ul>\n<p>Horizon Relocations on Colombos asuv siseriiklik ja rahvusvaheline kolimis- ja \u00fcmberpaigutamisettev\u00f5te. Nad on IAMi liige, mis annab neile juurdep\u00e4\u00e4su rahvusvahelisele kolimisagentide v\u00f5rgustikule, mis saab neid aidata rahvusvaheliste teenuste osutamisel.<\/p>\n<p>Horizon Relocations pakub ukselt-uksele kolimisteenuseid kohalikeks, riiklikeks ja rahvusvahelisteks isiklike ja majapidamistarvete kolimisteks. Nad pakuvad teenuseid nii v\u00e4ikeste kui ka suurte esemete puhul, mis v\u00f5ivad h\u00f5lmata pakendamist ja \u00fcmbritsemist, et kaitsta esemeid transpordil, et need j\u00f5uaksid ohutult kohale. Nad korraldavad teie esemete transiidi vedu v\u00f5i vedu teie sihtkohta koos tollivormistusega.<\/p>\n<p>Veebileht: <a href=\"http:\/\/www.horizonrelocations.lk\" target=\"_blank\" rel=\"noopener\">http:\/\/www.horizonrelocations.lk<\/a><\/p>\n<h2><span class=\"ez-toc-section\" id=\"5_Trans_World_Movers\"><\/span><strong>5. Trans World Movers<\/strong><span class=\"ez-toc-section-end\"><\/span><\/h2>\n<p><img loading=\"lazy\" decoding=\"async\" class=\"alignnone size-full wp-image-10196\" src=\"https:\/\/moverdb.com\/wp-content\/uploads\/Trans-World-Movers-international-moving-company.png\" alt=\"Trans World Movers rahvusvaheline kolimisfirma\" width=\"1440\" height=\"675\" data-wp-pid=\"10196\" srcset=\"https:\/\/moverdb.com\/wp-content\/uploads\/Trans-World-Movers-international-moving-company.png 1440w, https:\/\/moverdb.com\/wp-content\/uploads\/Trans-World-Movers-international-moving-company-300x141.png 300w, https:\/\/moverdb.com\/wp-content\/uploads\/Trans-World-Movers-international-moving-company-1024x480.png 1024w, https:\/\/moverdb.com\/wp-content\/uploads\/Trans-World-Movers-international-moving-company-18x8.png 18w, https:\/\/moverdb.com\/wp-content\/uploads\/Trans-World-Movers-international-moving-company-600x281.png 600w\" sizes=\"auto, (max-width: 1440px) 100vw, 1440px\" \/><\/p>\n<ul>\n<li>Kohalikud kolimised<\/li>\n<li>Rahvusvahelised liikumised<\/li>\n<li>Kodumajapidamiste kolimised<\/li>\n<li>Ettev\u00f5tte liikumised<\/li>\n<li>Ukselt-uksele lahendused<\/li>\n<li>Pakkimisteenus<\/li>\n<li>Lennu-, mere- ja maanteetransport<\/li>\n<li>Tollivormistus<\/li>\n<li>S\u00f5idukite ja lemmikloomade vedu<\/li>\n<li>Ladustamisv\u00f5imalused<\/li>\n<\/ul>\n<p>Trans World Movers on 1973. aastal asutatud ja Colombos asuv kolimislahendusi pakkuv ettev\u00f5te, mis pakub teenuseid eraisikutele, diplomaatidele ja ettev\u00f5tetele. Neil on loodud esindajate ja agentide v\u00f5rgustik \u00fcle maailma, mis toetab neid rahvusvaheliste kolimistega. Nad on IAMi liige, kellel on 50-aastane tegevusperiood.<\/p>\n<p>Trans World Movers pakub ukselt-uksele kolimisteenuseid kohalikul ja rahvusvahelisel tasandil. Nad pakuvad pakkimisteenust, mis vastab rahvusvahelistele standarditele, et kaitsta esemeid transpordil. Nad korraldavad teie asjade transiidi maanteel, \u00f5hus ja merel koos tollivormistusega. Nad pakuvad lisateenuseid, mis h\u00f5lmavad ka lemmikloomade k\u00e4itlemist, <a href=\"https:\/\/moverdb.com\/et\/car-transport-shipping\/\" data-internallinksmanager029f6b8e52c=\"2\" title=\"2026 Rahvusvaheline autoveo ja s\u00f5idukite veo hinnapakkumised\">s\u00f5idukite vedu<\/a> ja ladustamislahendused.<\/p>\n<p>Veebileht: <a href=\"http:\/\/www.transworldmovers.com\" target=\"_blank\" rel=\"noopener\">http:\/\/www.transworldmovers.com<\/a><\/p>\n<h2><span class=\"ez-toc-section\" id=\"6_Trans-Global_Relocations\"><\/span><strong>6. \u00dclemaailmne \u00fcmberpaigutamine<\/strong><span class=\"ez-toc-section-end\"><\/span><\/h2>\n<p><img loading=\"lazy\" decoding=\"async\" class=\"alignnone size-full wp-image-10197\" src=\"https:\/\/moverdb.com\/wp-content\/uploads\/Trans-Global-Relocations-international-moving-company.png\" alt=\"Trans-Global Relocations rahvusvaheline kolimisfirma\" width=\"1440\" height=\"681\" data-wp-pid=\"10197\" srcset=\"https:\/\/moverdb.com\/wp-content\/uploads\/Trans-Global-Relocations-international-moving-company.png 1440w, https:\/\/moverdb.com\/wp-content\/uploads\/Trans-Global-Relocations-international-moving-company-300x142.png 300w, https:\/\/moverdb.com\/wp-content\/uploads\/Trans-Global-Relocations-international-moving-company-1024x484.png 1024w, https:\/\/moverdb.com\/wp-content\/uploads\/Trans-Global-Relocations-international-moving-company-18x9.png 18w, https:\/\/moverdb.com\/wp-content\/uploads\/Trans-Global-Relocations-international-moving-company-600x284.png 600w\" sizes=\"auto, (max-width: 1440px) 100vw, 1440px\" \/><\/p>\n<ul>\n<li>Kohalikud ja riiklikud liikumised<\/li>\n<li>Rahvusvahelised liikumised<\/li>\n<li>Kodumajapidamiste kolimised<\/li>\n<li>Ukselt-uksele teenus<\/li>\n<li>Professionaalne pakkimine<\/li>\n<li>Mere- ja \u00f5huveod<\/li>\n<li>Tollivormistus<\/li>\n<li>Lemmikloomade \u00fcmberpaigutamine<\/li>\n<li>Auto k\u00e4itlemine<\/li>\n<li>Turvaline ladustamine<\/li>\n<\/ul>\n<p>Trans-Global Relocations on Colombos asuv kolimis- ja \u00fcmberpaigutamisettev\u00f5te. Nad on IAMi liige, mis annab neile rahvusvahelise kolimisagentide v\u00f5rgustiku, et t\u00f6\u00f6tada \u00fclemeremaade kolimistel.<\/p>\n<p>Trans-Global Relocations pakub teie kolimisvajaduste hindamiseks kodust k\u00fcsitlust ja koostab teie vajadustest l\u00e4htuva kolimisplaani, mis sisaldab n\u00f5uandeid ettevalmistuste tegemiseks ja k\u00f5ige kulut\u00f5husamaks muutmismeetodiks. Nad pakuvad ukselt-uksele teenust, mis h\u00f5lmab teie asjade professionaalset pakkimist, et tagada nende ohutu rahvusvaheline meritsi v\u00f5i \u00f5huteel reisimine koos tollivormistusega. Nad pakuvad ka lisateenuseid, mis h\u00f5lmavad lemmikloomade \u00fcmberpaigutamist, autode k\u00e4itlemist ja ladustamist.<\/p>\n<p>Veebileht: <a href=\"http:\/\/www.t-grelo.com\" target=\"_blank\" rel=\"noopener\">http:\/\/www.t-grelo.com<\/a><\/p>\n<h2><span class=\"ez-toc-section\" id=\"7_Worldwide_Movers\"><\/span><strong>7. \u00dclemaailmsed kolijad<\/strong><span class=\"ez-toc-section-end\"><\/span><\/h2>\n<p><img loading=\"lazy\" decoding=\"async\" class=\"alignnone size-full wp-image-10209\" src=\"https:\/\/moverdb.com\/wp-content\/uploads\/Worldwide-Movers-international-moving-company.png\" alt=\"Worldwide Movers rahvusvaheline kolimisfirma\" width=\"1440\" height=\"674\" data-wp-pid=\"10209\" srcset=\"https:\/\/moverdb.com\/wp-content\/uploads\/Worldwide-Movers-international-moving-company.png 1440w, https:\/\/moverdb.com\/wp-content\/uploads\/Worldwide-Movers-international-moving-company-300x140.png 300w, https:\/\/moverdb.com\/wp-content\/uploads\/Worldwide-Movers-international-moving-company-1024x479.png 1024w, https:\/\/moverdb.com\/wp-content\/uploads\/Worldwide-Movers-international-moving-company-18x8.png 18w, https:\/\/moverdb.com\/wp-content\/uploads\/Worldwide-Movers-international-moving-company-600x281.png 600w\" sizes=\"auto, (max-width: 1440px) 100vw, 1440px\" \/><\/p>\n<ul>\n<li>Riiklikud liikumised<\/li>\n<li>Rahvusvahelised liikumised<\/li>\n<li>Kodumajapidamiste kolimised<\/li>\n<li>\u00dcmberpaigutamise teenused<\/li>\n<li>Ukselt-uksele v\u00f5i ukselt-uksele<a href=\"https:\/\/moverdb.com\/et\/top-49-container-ports\/\" data-internallinksmanager029f6b8e52c=\"80\" title=\"Top 49 suurimat ja tihedaima liiklusega konteinersadamat 2025. aastal\">sadam<\/a> teenus<\/li>\n<li>Pakkimisteenus<\/li>\n<li>Transport maismaa-, \u00f5hu- v\u00f5i meretranspordiga<\/li>\n<li>Tollimaaklerlus<\/li>\n<li>Lemmikloomade k\u00e4itlemine<\/li>\n<li>S\u00f5iduki transport<\/li>\n<\/ul>\n<p>Worldwide Movers on 2009. aastal asutatud pakkimis- ja kolimisfirma, mis asub Colombos. Nad on IAM-i liige, kellel on 15-aastane t\u00f6\u00f6kogemus, ja ka Aasia \u00fcmberpaigutamise assotsiatsiooni liige, need liikmesused v\u00f5imaldavad neil pakkuda kolimisteenust k\u00f5ikjal maailmas.<\/p>\n<p>Worldwide Movers pakub ukselt-uksele v\u00f5i ukselt-sadamasse kolimist nii riigisiseselt kui ka rahvusvaheliselt. Nad pakuvad pakkimisteenust, mis h\u00f5lmab teie esemete turvalist pakkimist, m\u00f6\u00f6bli ja sisseseade lahtiv\u00f5tmist ja kokkupanekut. Nad v\u00f5ivad aidata ka teie s\u00f5idukite ja lemmikloomade kolimisel. Nad pakuvad kolimisteenuseid, mis h\u00f5lmavad maja- ja kooliotsinguid, orienteerumist, piirkonna ekskursioone ja koristusteenuseid.<\/p>\n<p>Veebileht: <a href=\"https:\/\/w-movers.com\/\" target=\"_blank\" rel=\"noopener\">https:\/\/w-movers.com\/<\/a><\/p>","protected":false},"excerpt":{"rendered":"<p>Are you planning on moving? Then you may want to enlist the services of a moving company as they can assist you with packing, transportation and handling customs when moving abroad. Below we have compiled a list of Sri Lanka based removal companies that are members of the International Association of Movers (IAM) and\/or FIDI [&hellip;]<\/p>\n","protected":false},"author":4,"featured_media":10071,"parent":190,"menu_order":0,"comment_status":"closed","ping_status":"closed","template":"","meta":{"_genesis_hide_title":false,"_genesis_hide_breadcrumbs":false,"_genesis_hide_singular_image":false,"_genesis_hide_footer_widgets":false,"_genesis_custom_body_class":"","_genesis_custom_post_class":"","_genesis_layout":"","footnotes":""},"class_list":{"0":"post-10215","1":"page","2":"type-page","3":"status-publish","4":"has-post-thumbnail","6":"entry"},"_links":{"self":[{"href":"https:\/\/moverdb.com\/et\/wp-json\/wp\/v2\/pages\/10215","targetHints":{"allow":["GET"]}}],"collection":[{"href":"https:\/\/moverdb.com\/et\/wp-json\/wp\/v2\/pages"}],"about":[{"href":"https:\/\/moverdb.com\/et\/wp-json\/wp\/v2\/types\/page"}],"author":[{"embeddable":true,"href":"https:\/\/moverdb.com\/et\/wp-json\/wp\/v2\/users\/4"}],"replies":[{"embeddable":true,"href":"https:\/\/moverdb.com\/et\/wp-json\/wp\/v2\/comments?post=10215"}],"version-history":[{"count":1,"href":"https:\/\/moverdb.com\/et\/wp-json\/wp\/v2\/pages\/10215\/revisions"}],"predecessor-version":[{"id":10216,"href":"https:\/\/moverdb.com\/et\/wp-json\/wp\/v2\/pages\/10215\/revisions\/10216"}],"up":[{"embeddable":true,"href":"https:\/\/moverdb.com\/et\/wp-json\/wp\/v2\/pages\/190"}],"wp:featuredmedia":[{"embeddable":true,"href":"https:\/\/moverdb.com\/et\/wp-json\/wp\/v2\/media\/10071"}],"wp:attachment":[{"href":"https:\/\/moverdb.com\/et\/wp-json\/wp\/v2\/media?parent=10215"}],"curies":[{"name":"wp","href":"https:\/\/api.w.org\/{rel}","templated":true}]}}