{"id":988,"date":"2017-02-24T08:48:27","date_gmt":"2017-02-24T08:48:27","guid":{"rendered":"http:\/\/moverdb.com\/?page_id=988"},"modified":"2026-01-08T14:40:00","modified_gmt":"2026-01-08T14:40:00","slug":"island-movers","status":"publish","type":"page","link":"https:\/\/moverdb.com\/es\/island-movers\/","title":{"rendered":"Island Movers - Rese\u00f1as de mudanzas internacionales"},"content":{"rendered":"<p>Island Movers tiene su sede en Honolulu y ofrece a sus clientes una serie de servicios de mudanza que se enumeran a continuaci\u00f3n, junto con un perfil de la empresa y opiniones. <\/p>\n<p><strong>Mudanzas internacionales - <a href=\"https:\/\/moverdb.com\/es\/moving-to-the-united-states\/\" data-internallinksmanager029f6b8e52c=\"94\" title=\"\u00bfSe muda a Estados Unidos? 2026 Costes de vida y consejos de reubicaci\u00f3n\">EE.UU.<\/a> y el mundo<\/strong><\/p>\n<ul>\n<li> Coordinador de mudanzas personales<\/li>\n<li> Servicio puerta a puerta<\/li>\n<li> Servicio de autoembalaje o de embalaje completo<\/li>\n<li> Cajas de cart\u00f3n suministradas<\/li>\n<li> Servicio de desembalaje<\/li>\n<li> Transporte mar\u00edtimo y a\u00e9reo<\/li>\n<li> Asistencia en las aduanas<\/li>\n<li> Seguro contratado<\/li>\n<\/ul>\n<p><strong>Mudanzas personales<\/strong><\/p>\n<ul>\n<li> Dentro de la misma isla - coste basado en el tiempo<\/li>\n<li> A otra isla - coste basado en el peso<\/li>\n<li> A nivel mundial<\/li>\n<li> Servicio de autoembalaje o de embalaje completo<\/li>\n<li> Cajas de cart\u00f3n suministradas<\/li>\n<li> Servicio de desembalaje<\/li>\n<li> Almacenamiento a corto y largo plazo disponible<\/li>\n<li> Almacenamiento port\u00e1til disponible<\/li>\n<\/ul>\n<p><strong>Mudanzas de empresas<\/strong><\/p>\n<ul>\n<li> Mudanzas peque\u00f1as o grandes<\/li>\n<li> Se recomienda embalar los documentos propios<\/li>\n<li> Almacenamiento a largo y corto plazo disponible<\/li>\n<li> Almacenamiento port\u00e1til disponible<\/li>\n<li> Desmontaje y montaje de muebles<\/li>\n<\/ul>\n<p><strong>Otros servicios<\/strong><\/p>\n<ul>\n<li> Instalaciones de almacenamiento y unidades de almacenamiento<\/li>\n<li> Servicios de transporte por carretera<\/li>\n<li> Carga consolidada entre islas<\/li>\n<li> Servicios de almacenamiento y distribuci\u00f3n<\/li>\n<li> Aduanas y Agricultura de los Estados Unidos - Estaci\u00f3n central de examen<\/li>\n<li> Renovaci\u00f3n del hotel <\/li>\n<li> Contratar servicios de entrega a domicilio<\/li>\n<li> Servicios de convenciones internacionales<\/li>\n<li> Sistemas de registro Pro-File<\/li>\n<li> Servicios de mensajer\u00eda y furgones blindados<\/li>\n<li> Almacenamiento y venta de contenedores<\/li>\n<\/ul>\n<h2>Perfil de la empresa Island Movers<\/h2>\n<p>Island Movers Inc es una empresa familiar en <a href=\"https:\/\/moverdb.com\/es\/moving-to-the-united-states\/moving-to-hawaii\/\" data-internallinksmanager029f6b8e52c=\"403\" title=\"\u00bfSe muda a Hawai? 2026 Coste de la vida y consejos de reubicaci\u00f3n\">Haw\u00e1i<\/a> que se fund\u00f3 en 1958. En los a\u00f1os sesenta, Donald Takaki se hizo cargo de la empresa, que ha permanecido en manos de la familia desde entonces. Es una empresa orgullosamente hawaiana con fuertes lazos con el continente y a nivel internacional. Island Movers se encuentra entre las 250 empresas m\u00e1s importantes del estado de Hawai. Es la mayor empresa de servicios de transporte diversificados de la regi\u00f3n. <\/p>\n<p>Island Movers est\u00e1 especializada en el transporte en general, las mudanzas a domicilio (tanto locales como internacionales) y las entregas a domicilio. Island Movers forma parte del grupo Hawktree International y emplea a m\u00e1s de 250 personas. La mayor parte del negocio de Island Movers es corporativo, incluyendo la reubicaci\u00f3n de empleados a nivel internacional. Las mudanzas internacionales se organizan a trav\u00e9s de asociaciones globales. <\/p>\n<p>Island Movers Inc tiene las siguientes acreditaciones y afiliaciones:<\/p>\n<ul>\n<li> Asociaci\u00f3n Panamericana de Mudanzas Internacionales (PAIMA)<\/li>\n<li> <a href=\"https:\/\/moverdb.com\/es\/soy\/\">Asociaci\u00f3n de empresas de mudanzas internacionales<\/a> (<a href=\"https:\/\/moverdb.com\/es\/iam\/\" data-internallinksmanager029f6b8e52c=\"23\" title=\"Explicaci\u00f3n de la Asociaci\u00f3n Internacional de Empresas de Mudanzas (IAM)\">IAM<\/a>)<\/li>\n<li> <a href=\"https:\/\/moverdb.com\/es\/amsa\/\">Asociaci\u00f3n Americana de Mudanzas y Almacenamiento<\/a> (<a href=\"https:\/\/moverdb.com\/es\/amsa\/\" data-internallinksmanager029f6b8e52c=\"5\" title=\"Explicaci\u00f3n de la Asociaci\u00f3n Americana de Mudanzas y Almacenamiento (AMSA)\">AMSA<\/a>)<\/li>\n<li> Better Business Bureau (BBB)<\/li>\n<\/ul>\n<h2>Rese\u00f1as sobre las empresas de mudanzas de la isla<\/h2>\n<p><strong>Positivo:<\/strong><\/p>\n<ul>\n<li> <em>\"Nuestro incre\u00edble estr\u00e9s y preocupaci\u00f3n por nuestra mudanza transpac\u00edfica se alivi\u00f3 una vez que Island Movers se hizo cargo de nuestra mudanza, ayudando con la supervisi\u00f3n de la parte continental <a href=\"https:\/\/moverdb.com\/es\/moving-companies\/\" data-internallinksmanager029f6b8e52c=\"79\" title=\"Las 25 mejores empresas de mudanzas internacionales en l\u00ednea\">empresa de mudanzas<\/a> adem\u00e1s de proporcionarnos buenos consejos, competencia, un c\u00e1lido servicio al cliente y puntualidad. Estoy favorablemente impresionado no s\u00f3lo por la profesionalidad y la fiabilidad de Island Movers, sino tambi\u00e9n por el c\u00e1lido esp\u00edritu aloha de todo el personal de Island Movers que nos ayud\u00f3 en la mudanza.\"<\/em> - Jackie <a href=\"http:\/\/www.islandmovers.com\/personal-moves\/customer-testimonials\/\" target=\"_blank\" rel=\"noopener\">testimonio de un cliente<\/a><\/li>\n<li> <em>\"\u00a1Un servicio realmente excepcional!  Estoy muy feliz de haber ido con los mejores de Hawaii!\"<\/em> - Gifford v\u00eda <a href=\"https:\/\/www.yelp.com\/biz\/island-movers-inc-honolulu-4?hrid=Ew3UirYLCqyK2kHDFhwl1A&#038;utm_campaign=www_review_share_popup&#038;utm_medium=copy_link&#038;utm_source=(direct)\" target=\"_blank\" rel=\"noopener\">Yelp<\/a><\/li>\n<\/ul>\n<p><strong>Negativo:<\/strong><\/p>\n<ul>\n<li> <em>\"Creo que nunca los llamar\u00eda para que me entreguen o trasladen pero en general la experiencia estuvo bien\".<\/em> - Angela v\u00eda <a href=\"https:\/\/www.yelp.com\/biz\/island-movers-inc-honolulu-4?hrid=TFkdEA1IDuuzBJ-Psl0q_w&#038;utm_campaign=www_review_share_popup&#038;utm_medium=copy_link&#038;utm_source=(direct)\" target=\"_blank\" rel=\"noopener\">Yelp<\/a><\/li>\n<\/ul>\n<div itemprop=\"review\" itemscope itemtype=\"http:\/\/schema.org\/Review\">\n<span itemprop=\"author\" itemscope=\"\" itemtype=\"http:\/\/schema.org\/Organization\"><span itemprop=\"name\">MoverDB.com<\/span><\/span> Revisi\u00f3n del sitio web en l\u00ednea para <span itemprop=\"itemreviewed\" itemscope=\"\" itemtype=\"http:\/\/schema.org\/Brand\"><span itemprop=\"name\">Mudanzas de la isla<\/span><\/span>:<\/p>\n<ol>\n<li> Datos de contacto claros en el sitio web (incluido el n\u00famero de tel\u00e9fono): <strong>S\u00ed<\/strong><\/li>\n<li> F\u00e1cil de conseguir <a href=\"https:\/\/moverdb.com\/es\/citas\/\">presupuestos de mudanzas<\/a>? (Formulario de solicitud de presupuesto en l\u00ednea): <strong>S\u00ed<\/strong><\/li>\n<li> Informaci\u00f3n clara en el sitio web: <strong>S\u00ed,<\/strong> El sitio web enumera los servicios que ofrecen, pero no entra en grandes detalles.<\/li>\n<li> Pertenencia a organizaciones de mudanzas reconocidas internacionalmente: <strong>S\u00ed<\/strong>(v\u00e9ase m\u00e1s arriba)<\/li>\n<li> Lista de clientes y\/o testimonios de clientes anteriores: <strong>S\u00ed,<\/strong> aunque s\u00f3lo unos pocos en su sitio web ganado. Los comentarios de la web son generalmente positivos.<\/li>\n<\/ol>\n<div itemprop=\"reviewRating\" itemscope itemtype=\"http:\/\/schema.org\/Rating\"><meta itemprop=\"worstRating\" content = \"0\" \/><meta itemprop=\"bestRating\" content=\"5\" \/><meta itemprop=\"ratingValue\" content=\"4.5\"><\/div>\n<p><strong>Puntuaci\u00f3n global: 4,5\/5<\/strong><br \/>\n<strong>Fecha de revisi\u00f3n:<\/strong> <span itemprop=\"datePublished\" content=\"2017-02-24\">24\/02\/2017<\/span>\n<\/div>\n<p>M\u00e1s informaci\u00f3n <a href=\"https:\/\/moverdb.com\/es\/empresas-de-mudanzas\/\">mudanzas internacionales<\/a> y nuestro <a href=\"https:\/\/moverdb.com\/es\/resenas\/\">proceso de revisi\u00f3n<\/a>.<\/p>\n<p><strong>P\u00e1gina web:<\/strong> <a href=\"http:\/\/www.islandmovers.com\/\" target=\"_blank\" rel=\"noopener\">http:\/\/www.islandmovers.com\/<\/a><\/p>","protected":false},"excerpt":{"rendered":"<p>Island Movers is based in Honolulu and offers its customers a range of moving services which are list below, together with a company profile and reviews. International Moves &#8211; US and the World Personal move coordinator Door to door service Self-packing or full packing service Cartons provided Unpacking service Sea freight and air freight Assistance [&hellip;]<\/p>\n","protected":false},"author":1,"featured_media":0,"parent":0,"menu_order":0,"comment_status":"closed","ping_status":"closed","template":"","meta":{"_genesis_hide_title":false,"_genesis_hide_breadcrumbs":false,"_genesis_hide_singular_image":false,"_genesis_hide_footer_widgets":false,"_genesis_custom_body_class":"","_genesis_custom_post_class":"","_genesis_layout":"","footnotes":""},"class_list":{"0":"post-988","1":"page","2":"type-page","3":"status-publish","5":"entry"},"_links":{"self":[{"href":"https:\/\/moverdb.com\/es\/wp-json\/wp\/v2\/pages\/988","targetHints":{"allow":["GET"]}}],"collection":[{"href":"https:\/\/moverdb.com\/es\/wp-json\/wp\/v2\/pages"}],"about":[{"href":"https:\/\/moverdb.com\/es\/wp-json\/wp\/v2\/types\/page"}],"author":[{"embeddable":true,"href":"https:\/\/moverdb.com\/es\/wp-json\/wp\/v2\/users\/1"}],"replies":[{"embeddable":true,"href":"https:\/\/moverdb.com\/es\/wp-json\/wp\/v2\/comments?post=988"}],"version-history":[{"count":4,"href":"https:\/\/moverdb.com\/es\/wp-json\/wp\/v2\/pages\/988\/revisions"}],"predecessor-version":[{"id":13166,"href":"https:\/\/moverdb.com\/es\/wp-json\/wp\/v2\/pages\/988\/revisions\/13166"}],"wp:attachment":[{"href":"https:\/\/moverdb.com\/es\/wp-json\/wp\/v2\/media?parent=988"}],"curies":[{"name":"wp","href":"https:\/\/api.w.org\/{rel}","templated":true}]}}