{"id":955,"date":"2016-07-24T19:52:53","date_gmt":"2016-07-24T19:52:53","guid":{"rendered":"http:\/\/moverdb.com\/?page_id=955"},"modified":"2026-01-08T15:21:02","modified_gmt":"2026-01-08T15:21:02","slug":"us-canada-movers","status":"publish","type":"page","link":"https:\/\/moverdb.com\/es\/us-canada-movers\/","title":{"rendered":"Las 100 mejores empresas de mudanzas nacionales e internacionales de Estados Unidos y Canad\u00e1"},"content":{"rendered":"<p>A continuaci\u00f3n encontrar\u00e1 una lista de las 100 mayores empresas nacionales y <a href=\"https:\/\/moverdb.com\/es\/empresas-de-mudanzas\/\">empresas de mudanzas internacionales<\/a> el <a href=\"https:\/\/moverdb.com\/es\/moving-to-the-united-states\/\" data-internallinksmanager029f6b8e52c=\"94\" title=\"\u00bfSe muda a Estados Unidos? 2026 Costes de vida y consejos de reubicaci\u00f3n\">Estados Unidos<\/a> y <a href=\"https:\/\/moverdb.com\/es\/moving-to-canada\/\" data-internallinksmanager029f6b8e52c=\"265\" title=\"\u00bfMudarse a Canad\u00e1? 2026 Coste de la vida y consejos para la reubicaci\u00f3n\">Canad\u00e1<\/a> en funci\u00f3n del n\u00famero de camiones matriculados en su flota. <\/p>\n<p>Es probable que una de estas empresas sea la adecuada para su mudanza internacional, de larga distancia y\/o interestatal.<\/p>\n<p><img loading=\"lazy\" decoding=\"async\" width=\"720\" height=\"480\" src=\"https:\/\/moverdb.com\/wp-content\/uploads\/Moving-truck.jpeg\" alt=\"Cami\u00f3n de mudanzas\" class=\"aligncenter size-full wp-image-1083\" srcset=\"https:\/\/moverdb.com\/wp-content\/uploads\/Moving-truck.jpeg 720w, https:\/\/moverdb.com\/wp-content\/uploads\/Moving-truck-300x200.jpeg 300w, https:\/\/moverdb.com\/wp-content\/uploads\/Moving-truck-600x400.jpeg 600w\" sizes=\"auto, (max-width: 720px) 100vw, 720px\" \/><\/p>\n<p>Los datos proceden de <a href=\"http:\/\/www.movingcompanyreviews.com\/100-largest-moving-companies-of-the-us-and-canada\" target=\"_blank\" rel=\"noopener\">MovingCompanyReviews.com<\/a> que muestra los \u00faltimos tama\u00f1os de la flota y tambi\u00e9n la ubicaci\u00f3n de la sede de cada empresa.<\/p>\n<p>A continuaci\u00f3n puede leer los perfiles de cada empresa: <\/p>\n<ol>\n<li> <a href=\"https:\/\/moverdb.com\/es\/united-van-lines\/\"><strong>United Van Lines<\/strong><\/a> - Ofrece tanto mudanzas nacionales dentro de los Estados Unidos y Canad\u00e1 como mudanzas internacionales en todo el mundo.<\/li>\n<li> <a href=\"https:\/\/moverdb.com\/es\/u-pack-moving\/\"><strong>Mudanzas U-Pack<\/strong><\/a> - ABF U-Pack Moving ofrece a sus clientes una variedad de servicios de mudanza y de autoempaque y desempaque dentro de los Estados Unidos, Canad\u00e1 y Puerto Rico. <\/li>\n<li> <a href=\"https:\/\/moverdb.com\/es\/atlas-van-lines-international\/\"><strong>Atlas Van Lines<\/strong><\/a> - Ofrece mudanzas nacionales con la marca Atlas Van Lines y mudanzas internacionales con Atlas Van Lines International. Ambas son propiedad de Atlas World Group.<\/li>\n<li> <a href=\"https:\/\/moverdb.com\/es\/mayflower-transit\/\"><strong>Tr\u00e1nsito Mayflower<\/strong><\/a> - Mayflower Transit ofrece una amplia variedad de servicios que van desde la mudanza y el almacenamiento \"h\u00e1galo usted mismo\" hasta un servicio internacional completo a medida. <\/li>\n<li> <a href=\"https:\/\/moverdb.com\/es\/allied-van-lines\/\"><strong>Allied Van Lines<\/strong><\/a> - Allied Van Lines Inc est\u00e1 situada en Fort Wayne, IN y la empresa ofrece a sus clientes una variedad de servicios que incluyen el seguimiento de los env\u00edos 24\/7, ayuda para el despacho de aduanas, personal que habla ingl\u00e9s en ambos extremos de la mudanza y la retirada del material de embalaje.<\/li>\n<li> <a href=\"https:\/\/moverdb.com\/es\/north-american-van-lines\/\"><strong>North American Van Lines<\/strong><\/a> - North American Van Lines ofrece a sus clientes servicios para mudanzas internacionales, corporativas y nacionales.<\/li>\n<li> <a href=\"https:\/\/moverdb.com\/es\/wheaton\/\"><strong>Mudanzas Wheaton World Wide<\/strong><\/a> - Wheaton World Wide Moving (antes Wheaton Van Lines) ofrece a sus clientes una gama de servicios que van desde las mudanzas internacionales hasta las locales.<\/li>\n<li> <a href=\"https:\/\/moverdb.com\/es\/bekins-van-lines\/\"><strong>Bekins Van Lines<\/strong><\/a> - Bekins Van Lines tiene su sede en Indian\u00e1polis IN. Ofrecen a sus clientes una variedad de servicios de mudanza, incluyendo traslados internacionales y mudanzas de alto valor.<\/li>\n<li> <a href=\"https:\/\/moverdb.com\/es\/graebel-van-lines\/\"><strong>Graebel Van Lines<\/strong><\/a> - Graebel Van Lines tiene su sede en Aurora, CO, y entre sus clientes se encuentran empresas de la lista Fortune 500 y la DEA, el FBI, el IRS y el CDC.<\/li>\n<li> <a href=\"https:\/\/moverdb.com\/es\/arpin-van-lines\/\"><strong>Arpin Van Lines<\/strong><\/a> - Arpin Van Lines tiene su sede en West Warwick, RI, y realiza mudanzas militares y dom\u00e9sticas tanto a nivel nacional como internacional. Tambi\u00e9n ofrecen servicios de almacenamiento, como el almacenamiento con control clim\u00e1tico y el almacenamiento en contenedores.<\/li>\n<li> <a href=\"https:\/\/moverdb.com\/es\/stevens-worldwide-van-lines\/\">Stevens Worldwide Van Lines<\/a> - Stevens Worldwide Van Lines tiene su sede en Saginaw MI y ofrece mudanzas locales, fuera del estado, de larga distancia e internacionales para hogares, empresas, el ej\u00e9rcito y el clero.<\/li>\n<li> <a href=\"https:\/\/moverdb.com\/es\/amj-campbell-van-lines\/\">AMJ Campbell Van Lines<\/a> - AMJ Campbell Van Lines tiene su sede en <a href=\"https:\/\/moverdb.com\/es\/mudanza-a-toronto\/\">Toronto<\/a>de Canad\u00e1 y es uno de los mayores <a href=\"https:\/\/moverdb.com\/es\/moving-companies\/\" data-internallinksmanager029f6b8e52c=\"79\" title=\"Las 25 mejores empresas de mudanzas internacionales en l\u00ednea\">empresas de mudanzas<\/a> para las mudanzas nacionales e internacionales.<\/li>\n<li> <a href=\"https:\/\/moverdb.com\/es\/suddath\/\">Suddath<\/a> - Una familia de empresas que ofrece una gama de servicios de mudanzas nacionales e internacionales, incluyendo mudanzas residenciales, corporativas y gubernamentales.<\/li>\n<li> <a href=\"https:\/\/moverdb.com\/es\/covan-mundo\/\">Covan WorldWide Moving<\/a> - Covan cuenta con m\u00e1s de 200 unidades operativas interestatales y 600 para traslados locales. Su misi\u00f3n es ser el l\u00edder en servicios de transporte internacional.<\/li>\n<li> <a href=\"https:\/\/moverdb.com\/es\/armstrong-relocation\/\">Reubicaci\u00f3n de Armstrong<\/a> - Armstrong Relocation es hoy el mayor agente de mercanc\u00edas de United Van Lines y cuenta con 22 oficinas en Estados Unidos.<\/li>\n<li> <a href=\"https:\/\/moverdb.com\/es\/williams-moving-storage\/\">Williams Mudanzas y Almacenes<\/a> - Williams Moving and Storage es una empresa de mudanzas canadiense que traslada a particulares y empresas tanto a nivel local como internacional.<\/li>\n<li> <a href=\"https:\/\/moverdb.com\/es\/beltmann-reubicacion\/\">Beltmann Relocation Group<\/a> - Iniciada por la familia Battina en 1955, sigue siendo de propiedad y gesti\u00f3n familiar. Es uno de los mayores y m\u00e1s antiguos agentes de North American Van Lines.<\/li>\n<li> <a href=\"https:\/\/moverdb.com\/es\/national-van-lines\/\">National Van Lines<\/a> - El lema de la empresa es \"Moving Your Memories\", que recuerda tanto al personal como al cliente que las pertenencias personales son preciosas y siempre se tratar\u00e1n con cuidado.<\/li>\n<li> <a href=\"https:\/\/moverdb.com\/es\/berger-allied\/\">Berger Allied (Transferencia y Almacenamiento)<\/a> - Berger Transfer and Storage lleva operando desde 1910. Trabajan con particulares, empresas y organismos gubernamentales. <\/li>\n<li> Sistemas de transporte Lawrence<\/li>\n<li> <a href=\"https:\/\/moverdb.com\/es\/mccollisters-movimiento\/\">Grupo de Transporte McCollister<\/a> - McCollister's es una empresa privada y es agente de UniGroup Inc. que incluye United Van Lines y Mayflower Transit. (ver arriba)<\/li>\n<li> <a href=\"https:\/\/moverdb.com\/es\/coleman-mundo-movimiento\/\">Coleman Worldwide Moving<\/a> - Coleman Worldwide Moving, tambi\u00e9n conocido como Coleman American Moving Services &amp; Coleman Allied, ofrece mudanzas nacionales e internacionales.<\/li>\n<li> <a href=\"https:\/\/moverdb.com\/es\/hilldrup-moving-storage\/\">Hilldrup Mudanzas y Guardamuebles<\/a> - Ofrece servicios como asistencia en el traslado, gesti\u00f3n de mudanzas, almacenamiento, servicios de salida, servicios de destino y m\u00e1s.<\/li>\n<li> <a href=\"https:\/\/moverdb.com\/es\/american-red-ball-transit\/\">Compa\u00f1\u00eda de Tr\u00e1nsito de la Bola Roja Americana<\/a> - Tiene su sede en Indian\u00e1polis y se centra en los servicios nacionales dentro de Estados Unidos.<\/li>\n<li> New World Van Lines<\/li>\n<li> Palmer Mudanza y Almacenamiento<\/li>\n<li> Traslado y almacenamiento de Mergenthaler<\/li>\n<li> Scobey Moving and Storage LTD<\/li>\n<li> Sistemas de mudanza Corrigan<\/li>\n<li> Tri Star Freight System<\/li>\n<li> Estudiantes hambrientos<\/li>\n<li> A-1 Freeman Empresas de Mudanzas<\/li>\n<li> Daryl Flood Relocation &amp; Logistics<\/li>\n<li> JK Moving &amp; Storage<\/li>\n<li> Ace Relocation Systems<\/li>\n<li> Ford Storage &amp; Moving Company<\/li>\n<li> Budd Van Lines<\/li>\n<li> Planes de Mudanza y Almacenamiento<\/li>\n<li> Empresa de mudanzas Gentle Giant<\/li>\n<li> <a href=\"https:\/\/moverdb.com\/es\/island-movers\/\">Mudanzas de la isla<\/a> - Ofrece servicios de mudanza hacia y desde las islas hawaianas, tanto desde Estados Unidos como a nivel internacional.<\/li>\n<li> Mesa Moving &amp; Storage<\/li>\n<li> Mudanzas internacionales americanas<\/li>\n<li> Mudanzas americanas<\/li>\n<li> Arnoff Moving &amp; Storage,<\/li>\n<li> Compa\u00f1\u00eda de Mudanzas y Almacenes Fidelity<\/li>\n<li> Lile International Companies<\/li>\n<li> Carlyle Van Lines<\/li>\n<li> La empresa de mudanzas adecuada<\/li>\n<li> Andrews Van Lines<\/li>\n<li> Sherwood Van Lines<\/li>\n<li> Bisson Moving &amp; Storage<\/li>\n<li> Bohren's Moving &amp; Storage,<\/li>\n<li> Select Van &amp; Storage<\/li>\n<li> Broadway Express<\/li>\n<li> Tarifa Plana Mudanzas<\/li>\n<li> Smith Dray Line &amp; Storage<\/li>\n<li> Masa madre expr\u00e9s<\/li>\n<li> Mudanzas South Hills<\/li>\n<li> Fisher North American<\/li>\n<li> Interstate Van Lines\/Interstate Worldwide<\/li>\n<li> Ward North American<\/li>\n<li> Este <a href=\"https:\/\/moverdb.com\/es\/moving-to-the-united-states\/moving-to-tennessee\/\" data-internallinksmanager029f6b8e52c=\"406\" title=\"\u00bfMudarse a Tennessee? 2026 Coste de la vida y consejos para la reubicaci\u00f3n\">Tennessee<\/a> Mudanzas\/Dos hombres y un cami\u00f3n<\/li>\n<li> Grupo Imlach<\/li>\n<li> Mudanzas a\u00e9reas<\/li>\n<li> Servicios de Transporte Legacy<\/li>\n<li> Tippet-Richardson<\/li>\n<li> Atlantic Relocation Systems<\/li>\n<li> Carey Moving &amp; Storage<\/li>\n<li> Un traslado de clase mundial de Arnold<\/li>\n<li> William B. Meyer<\/li>\n<li> Horizon Moving Systems<\/li>\n<li> Parks Moving &amp; Storage<\/li>\n<li> Mudanzas y almacenamientos Highland<\/li>\n<li> Mudanzas y transportes de la calle Delancey<\/li>\n<li> Reubicaci\u00f3n de Armstrong<\/li>\n<li> Empresas federales<\/li>\n<li> Hoyt's Moving &amp; Storage<\/li>\n<li> Johnson Storage and Moving<\/li>\n<li> Servicios de Mudanzas Nor-Cal<\/li>\n<li> <a href=\"https:\/\/moverdb.com\/es\/royal-hawaiian-movers\/\">Royal Hawaiian Movers<\/a> - Royal Hawaiian Movers forma parte del grupo de empresas DeWitt que ofrece a sus clientes diversas mudanzas locales, interinsulares, continentales e internacionales.<\/li>\n<li> Central Van &amp; Storage,<\/li>\n<li> <a href=\"https:\/\/moverdb.com\/es\/coronacion\/\">Crown Moving Co<\/a> - Ahora cerrado, con sede en <a href=\"https:\/\/moverdb.com\/es\/moving-to-seattle\/\" data-internallinksmanager029f6b8e52c=\"65\" title=\"\u00bfSe muda a Seattle? 2026 Costes de vida y consejos de reubicaci\u00f3n\">Seattle<\/a>.<\/li>\n<li> Fry-Wagner Moving and Storage Co<\/li>\n<li> B. Von <a href=\"https:\/\/moverdb.com\/es\/moving-to-france\/moving-to-paris\/\" data-internallinksmanager029f6b8e52c=\"407\" title=\"\u00bfSe muda a Par\u00eds? 2026 Coste de la vida y consejos para el traslado\">Par\u00eds<\/a> Mudanzas y Guardamuebles<\/li>\n<li> O'Brien's Moving &amp; Storage<\/li>\n<li> Piqua Transfer &amp; Storage Company<\/li>\n<li> Joyce Van Lines,<\/li>\n<li> Grupo de Transporte Plycon<\/li>\n<li> AAA Moving &amp; Storage<\/li>\n<li> Aaction Moving &amp; Storage<\/li>\n<li> Mudanzas y Guardamuebles Alero<\/li>\n<li> DMS Moving Systems<\/li>\n<li> George Moving &amp; Storage<\/li>\n<li> Corporaci\u00f3n de almacenamiento de Glen Ellyn<\/li>\n<li> Mudanzas y Guardamuebles Piepho<\/li>\n<li> Eagle Van Lines<\/li>\n<li> Roadrunner Moving and Storage<\/li>\n<li> Lint Van Lines<\/li>\n<li> Transferencia del Pac\u00edfico<\/li>\n<li> Paxton Van Lines<\/li>\n<\/ol>","protected":false},"excerpt":{"rendered":"<p>Below you will find a list of the top 100 largest domestic and international moving companies the United States and Canada based on the number of registered trucks in their fleet. One of these companies is likely to be the right one for your international, long distance and\/or interstate move. The data comes from MovingCompanyReviews.com [&hellip;]<\/p>\n","protected":false},"author":1,"featured_media":1083,"parent":0,"menu_order":0,"comment_status":"closed","ping_status":"closed","template":"","meta":{"_genesis_hide_title":false,"_genesis_hide_breadcrumbs":false,"_genesis_hide_singular_image":false,"_genesis_hide_footer_widgets":false,"_genesis_custom_body_class":"","_genesis_custom_post_class":"","_genesis_layout":"","footnotes":""},"class_list":{"0":"post-955","1":"page","2":"type-page","3":"status-publish","4":"has-post-thumbnail","6":"entry"},"_links":{"self":[{"href":"https:\/\/moverdb.com\/es\/wp-json\/wp\/v2\/pages\/955","targetHints":{"allow":["GET"]}}],"collection":[{"href":"https:\/\/moverdb.com\/es\/wp-json\/wp\/v2\/pages"}],"about":[{"href":"https:\/\/moverdb.com\/es\/wp-json\/wp\/v2\/types\/page"}],"author":[{"embeddable":true,"href":"https:\/\/moverdb.com\/es\/wp-json\/wp\/v2\/users\/1"}],"replies":[{"embeddable":true,"href":"https:\/\/moverdb.com\/es\/wp-json\/wp\/v2\/comments?post=955"}],"version-history":[{"count":40,"href":"https:\/\/moverdb.com\/es\/wp-json\/wp\/v2\/pages\/955\/revisions"}],"predecessor-version":[{"id":6247,"href":"https:\/\/moverdb.com\/es\/wp-json\/wp\/v2\/pages\/955\/revisions\/6247"}],"wp:featuredmedia":[{"embeddable":true,"href":"https:\/\/moverdb.com\/es\/wp-json\/wp\/v2\/media\/1083"}],"wp:attachment":[{"href":"https:\/\/moverdb.com\/es\/wp-json\/wp\/v2\/media?parent=955"}],"curies":[{"name":"wp","href":"https:\/\/api.w.org\/{rel}","templated":true}]}}