{"id":9525,"date":"2023-06-08T12:37:11","date_gmt":"2023-06-08T12:37:11","guid":{"rendered":"https:\/\/moverdb.com\/?page_id=9525"},"modified":"2026-01-08T15:24:26","modified_gmt":"2026-01-08T15:24:26","slug":"moving-companies-slovenia","status":"publish","type":"page","link":"https:\/\/moverdb.com\/es\/moving-companies\/moving-companies-slovenia\/","title":{"rendered":"3 Mejores Empresas de Mudanzas Internacionales en Eslovenia"},"content":{"rendered":"<p>Una mudanza puede ser un momento estresante, con muchas cosas que organizar, sobre todo si se traslada al extranjero. Si est\u00e1 planeando una mudanza dentro, hacia o desde <a href=\"https:\/\/moverdb.com\/es\/moving-to-slovenia\/\" data-internallinksmanager029f6b8e52c=\"392\" title=\"\u00bfSe muda a Eslovenia? 2026 Coste de la vida y consejos para el traslado\">Eslovenia<\/a> contratar los servicios de un <a href=\"https:\/\/moverdb.com\/es\/moving-companies\/\" data-internallinksmanager029f6b8e52c=\"79\" title=\"Las 25 mejores empresas de mudanzas internacionales en l\u00ednea\">empresa de mudanzas<\/a> puede ayudar a aligerar la carga. A continuaci\u00f3n hemos recopilado una lista de empresas con sede en Eslovenia <a href=\"https:\/\/moverdb.com\/es\/international-removals\/\" data-internallinksmanager029f6b8e52c=\"27\" title=\"36 mejores empresas de mudanzas internacionales del Reino Unido\">empresas de mudanzas<\/a> que son miembros de la <a href=\"https:\/\/moverdb.com\/es\/iam\/\" data-internallinksmanager029f6b8e52c=\"23\" title=\"Explicaci\u00f3n de la Asociaci\u00f3n Internacional de Empresas de Mudanzas (IAM)\">Asociaci\u00f3n Internacional de Empresas de Mudanzas<\/a> (IAM) y\/o <a href=\"https:\/\/moverdb.com\/es\/fidi-faim\/\" data-internallinksmanager029f6b8e52c=\"16\" title=\"Explicaci\u00f3n del FIDI y del FAIM (FIDI Accredited International Mover)\">FIDI<\/a> Empresa de mudanzas internacionales acreditada (FAIM) que podr\u00eda ayudarle con su mudanza.<\/p>\n<h2><strong>1. DB Schenker<\/strong><\/h2>\n<p><img loading=\"lazy\" decoding=\"async\" class=\"alignnone size-full wp-image-9351\" src=\"https:\/\/moverdb.com\/wp-content\/uploads\/DB-Schenker-Slovenvia-international-moving-company.png\" alt=\"DB Schenker Slovenvia, empresa de mudanzas internacionales\" width=\"1440\" height=\"673\" data-wp-pid=\"9351\" srcset=\"https:\/\/moverdb.com\/wp-content\/uploads\/DB-Schenker-Slovenvia-international-moving-company.png 1440w, https:\/\/moverdb.com\/wp-content\/uploads\/DB-Schenker-Slovenvia-international-moving-company-300x140.png 300w, https:\/\/moverdb.com\/wp-content\/uploads\/DB-Schenker-Slovenvia-international-moving-company-1024x479.png 1024w, https:\/\/moverdb.com\/wp-content\/uploads\/DB-Schenker-Slovenvia-international-moving-company-18x8.png 18w, https:\/\/moverdb.com\/wp-content\/uploads\/DB-Schenker-Slovenvia-international-moving-company-600x280.png 600w\" sizes=\"auto, (max-width: 1440px) 100vw, 1440px\" \/><\/p>\n<ul>\n<li>Movimientos nacionales<\/li>\n<li>Traslados internacionales<\/li>\n<li>Mudanzas dom\u00e9sticas<\/li>\n<li>La empresa se mueve<\/li>\n<li>Embalaje a medida<\/li>\n<li>Transporte terrestre, ferroviario, a\u00e9reo y mar\u00edtimo<\/li>\n<li>Despacho de aduanas<\/li>\n<li>Manipulaci\u00f3n de obras de arte<\/li>\n<li>Flota y equipos especializados<\/li>\n<li>Instalaciones de almacenamiento<\/li>\n<\/ul>\n<p>DB Schenker es un proveedor mundial de servicios log\u00edsticos que cuenta con aproximadamente 1.850 centros en todo el mundo y opera desde 1872. <a href=\"https:\/\/moverdb.com\/es\/moving-to-austria\/\" data-internallinksmanager029f6b8e52c=\"343\" title=\"\u00bfSe muda a Austria? 2026 Coste de la vida y consejos para el traslado\">Austria<\/a>. Tienen varias sedes en Eslovenia: Liubliana, Maribor, Koper, Brnik y Skofja Loka. Es miembro de IAM.<\/p>\n<p>DB Schenker ofrece servicios de mudanzas y traslados dentro de Eslovenia, hacia y desde este pa\u00eds. Sus servicios incluyen un servicio de embalaje profesional con embalajes a medida respetuosos con el medio ambiente. Disponen de su propia flota de veh\u00edculos de mudanzas con suspensi\u00f3n neum\u00e1tica y plataformas elevadoras para trasladar sus pertenencias. Organizar\u00e1n el transporte por tierra, ferrocarril, aire y mar con despacho de aduanas en los planes de reubicaci\u00f3n.<\/p>\n<p>P\u00e1gina web: <a href=\"https:\/\/www.dbschenker.com\/si-en\/products\/removals\" target=\"_blank\" rel=\"noopener\">https:\/\/www.dbschenker.com\/si-en\/products\/removals<\/a><\/p>\n<h2><strong>2. Relocations Ltd<\/strong><\/h2>\n<p><img loading=\"lazy\" decoding=\"async\" class=\"alignnone size-full wp-image-9417\" src=\"https:\/\/moverdb.com\/wp-content\/uploads\/Relocations-Ltd-international-moving-company.png\" alt=\"Relocations Ltd empresa de mudanzas internacionales\" width=\"1440\" height=\"673\" data-wp-pid=\"9417\" srcset=\"https:\/\/moverdb.com\/wp-content\/uploads\/Relocations-Ltd-international-moving-company.png 1440w, https:\/\/moverdb.com\/wp-content\/uploads\/Relocations-Ltd-international-moving-company-300x140.png 300w, https:\/\/moverdb.com\/wp-content\/uploads\/Relocations-Ltd-international-moving-company-1024x479.png 1024w, https:\/\/moverdb.com\/wp-content\/uploads\/Relocations-Ltd-international-moving-company-18x8.png 18w, https:\/\/moverdb.com\/wp-content\/uploads\/Relocations-Ltd-international-moving-company-600x280.png 600w\" sizes=\"auto, (max-width: 1440px) 100vw, 1440px\" \/><\/p>\n<ul>\n<li>Movimientos nacionales<\/li>\n<li>Traslados internacionales<\/li>\n<li>Mudanzas dom\u00e9sticas<\/li>\n<li>Movimientos corporativos<\/li>\n<li>Embalaje de calidad<\/li>\n<li>Medios de transporte<\/li>\n<li>Despacho de aduanas<\/li>\n<li>Transporte de veh\u00edculos<\/li>\n<li>Servicios de inmigraci\u00f3n<\/li>\n<li>Instalaciones de almacenamiento<\/li>\n<\/ul>\n<p>Relocations Ltd es una empresa de mudanzas fundada en 2006 y con sede en Liubliana. Cuentan con un equipo de profesionales de las mudanzas en Eslovenia y utilizan socios verificados en el extranjero que prestan servicios independientes de coordinaci\u00f3n de gesti\u00f3n de mudanzas. Es miembro de IAM.<\/p>\n<p>Relocations Ltd ofrece asistencia local o un servicio completo de mudanzas para gestionar traslados dentro de Eslovenia, a Eslovenia o desde Eslovenia. Prestan servicios para hogares y empresas, incluido el transporte de veh\u00edculos y servicios de inmigraci\u00f3n. Organizar\u00e1n el transporte de sus pertenencias con despacho de aduanas. Ofrecen servicios adicionales, como servicios de instalaci\u00f3n, servicios de salida, b\u00fasqueda de casa y escuela, orientaci\u00f3n, formaci\u00f3n cultural y servicios de manitas.<\/p>\n<p>P\u00e1gina web: <a href=\"http:\/\/www.relocations.si\" target=\"_blank\" rel=\"noopener\">http:\/\/www.relocations.si<\/a><\/p>\n<h2><strong>3. Vatovec<\/strong><\/h2>\n<p><img loading=\"lazy\" decoding=\"async\" class=\"alignnone size-full wp-image-9443\" src=\"https:\/\/moverdb.com\/wp-content\/uploads\/Vatovec-international-moving-company.png\" alt=\"Empresa de mudanzas internacionales Vatovec\" width=\"1440\" height=\"680\" data-wp-pid=\"9443\" srcset=\"https:\/\/moverdb.com\/wp-content\/uploads\/Vatovec-international-moving-company.png 1440w, https:\/\/moverdb.com\/wp-content\/uploads\/Vatovec-international-moving-company-300x142.png 300w, https:\/\/moverdb.com\/wp-content\/uploads\/Vatovec-international-moving-company-1024x484.png 1024w, https:\/\/moverdb.com\/wp-content\/uploads\/Vatovec-international-moving-company-18x9.png 18w, https:\/\/moverdb.com\/wp-content\/uploads\/Vatovec-international-moving-company-600x283.png 600w\" sizes=\"auto, (max-width: 1440px) 100vw, 1440px\" \/><\/p>\n<ul>\n<li>Movimientos nacionales<\/li>\n<li>Desplazamientos internacionales<\/li>\n<li>Traslado de hogares<\/li>\n<li>Traslado de oficinas<\/li>\n<li>Servicio de embalaje profesional<\/li>\n<li>Transporte terrestre, a\u00e9reo y mar\u00edtimo<\/li>\n<li>Tr\u00e1mites aduaneros<\/li>\n<li>Objetos art\u00edsticos en movimiento<\/li>\n<li>Transporte de animales peque\u00f1os<\/li>\n<li>Instalaciones de almacenamiento<\/li>\n<\/ul>\n<p>Vatovec es una empresa de mudanzas fundada en 1998 y con sede en Liubliana. Disponen de una red de socios internacionales de calidad en todo el mundo para ayudarle con los traslados internacionales. Son miembros de IAM con 25 a\u00f1os de servicio y est\u00e1n acreditados por FIDI.<\/p>\n<p>Vatovec ofrece servicios de mudanzas y traslados dentro de Eslovenia, hacia y desde el pa\u00eds. Proporcionan servicios profesionales de embalaje que garantizar\u00e1n que sus pertenencias se empaquetan de forma segura y se transportan a su destino por tierra, mar o aire, encarg\u00e1ndose de los tr\u00e1mites aduaneros. Sus servicios de reubicaci\u00f3n incluyen permisos de residencia y trabajo, b\u00fasqueda de vivienda y escuela, orientaci\u00f3n, b\u00fasqueda de reparadores y artesanos.<\/p>\n<p>P\u00e1gina web: <a href=\"http:\/\/www.vatovec.si\" target=\"_blank\" rel=\"noopener\">http:\/\/www.vatovec.si<\/a><\/p>","protected":false},"excerpt":{"rendered":"<p>Moving can be a stressful time with a lot of things to arrange especially if you are moving overseas. If you are planning a move within, to or from Slovenia then employing the services of a moving company can help lighten the load. Below we have compiled a list of Slovenia based removal companies that [&hellip;]<\/p>\n","protected":false},"author":4,"featured_media":9351,"parent":190,"menu_order":0,"comment_status":"closed","ping_status":"closed","template":"","meta":{"_genesis_hide_title":false,"_genesis_hide_breadcrumbs":false,"_genesis_hide_singular_image":false,"_genesis_hide_footer_widgets":false,"_genesis_custom_body_class":"","_genesis_custom_post_class":"","_genesis_layout":"","footnotes":""},"class_list":{"0":"post-9525","1":"page","2":"type-page","3":"status-publish","4":"has-post-thumbnail","6":"entry"},"_links":{"self":[{"href":"https:\/\/moverdb.com\/es\/wp-json\/wp\/v2\/pages\/9525","targetHints":{"allow":["GET"]}}],"collection":[{"href":"https:\/\/moverdb.com\/es\/wp-json\/wp\/v2\/pages"}],"about":[{"href":"https:\/\/moverdb.com\/es\/wp-json\/wp\/v2\/types\/page"}],"author":[{"embeddable":true,"href":"https:\/\/moverdb.com\/es\/wp-json\/wp\/v2\/users\/4"}],"replies":[{"embeddable":true,"href":"https:\/\/moverdb.com\/es\/wp-json\/wp\/v2\/comments?post=9525"}],"version-history":[{"count":1,"href":"https:\/\/moverdb.com\/es\/wp-json\/wp\/v2\/pages\/9525\/revisions"}],"predecessor-version":[{"id":9526,"href":"https:\/\/moverdb.com\/es\/wp-json\/wp\/v2\/pages\/9525\/revisions\/9526"}],"up":[{"embeddable":true,"href":"https:\/\/moverdb.com\/es\/wp-json\/wp\/v2\/pages\/190"}],"wp:featuredmedia":[{"embeddable":true,"href":"https:\/\/moverdb.com\/es\/wp-json\/wp\/v2\/media\/9351"}],"wp:attachment":[{"href":"https:\/\/moverdb.com\/es\/wp-json\/wp\/v2\/media?parent=9525"}],"curies":[{"name":"wp","href":"https:\/\/api.w.org\/{rel}","templated":true}]}}