{"id":9523,"date":"2023-06-08T12:38:02","date_gmt":"2023-06-08T12:38:02","guid":{"rendered":"https:\/\/moverdb.com\/?page_id=9523"},"modified":"2026-01-08T15:30:15","modified_gmt":"2026-01-08T15:30:15","slug":"moving-companies-slovakia","status":"publish","type":"page","link":"https:\/\/moverdb.com\/es\/moving-companies\/moving-companies-slovakia\/","title":{"rendered":"Las mejores empresas de mudanzas internacionales en Eslovaquia"},"content":{"rendered":"<p>\u00bfEst\u00e1 pensando en trasladar su vivienda o su negocio dentro, hacia o desde <a href=\"https:\/\/moverdb.com\/es\/moving-to-slovakia\/\" data-internallinksmanager029f6b8e52c=\"338\" title=\"\u00bfSe muda a Eslovaquia? 2026 Coste de la vida y consejos para el traslado\">Eslovaquia<\/a>? Si es as\u00ed, quiz\u00e1 le interese contratar los servicios de un agente de mudanzas para reducir el trabajo y el estr\u00e9s. A continuaci\u00f3n le ofrecemos una lista de agencias de mudanzas eslovacas. <a href=\"https:\/\/moverdb.com\/es\/international-removals\/\" data-internallinksmanager029f6b8e52c=\"27\" title=\"36 mejores empresas de mudanzas internacionales del Reino Unido\">empresas de mudanzas<\/a> que son miembros de la <a href=\"https:\/\/moverdb.com\/es\/iam\/\" data-internallinksmanager029f6b8e52c=\"23\" title=\"Explicaci\u00f3n de la Asociaci\u00f3n Internacional de Empresas de Mudanzas (IAM)\">Asociaci\u00f3n Internacional de Empresas de Mudanzas<\/a> (IAM) y\/o <a href=\"https:\/\/moverdb.com\/es\/fidi-faim\/\" data-internallinksmanager029f6b8e52c=\"16\" title=\"Explicaci\u00f3n del FIDI y del FAIM (FIDI Accredited International Mover)\">FIDI<\/a> Empresa de mudanzas internacionales acreditada (FAIM) que podr\u00eda ayudarle con su mudanza.<\/p>\n<h2><strong>Reubicaci\u00f3n en Santa Fe<\/strong><\/h2>\n<p><img loading=\"lazy\" decoding=\"async\" class=\"alignnone size-full wp-image-9422\" src=\"https:\/\/moverdb.com\/wp-content\/uploads\/Santa-Fe-Relocation-Slovakia-international-moving-company.png\" alt=\"Santa Fe Relocation Eslovaquia empresa de mudanzas internacionales\" width=\"1440\" height=\"677\" data-wp-pid=\"9422\" srcset=\"https:\/\/moverdb.com\/wp-content\/uploads\/Santa-Fe-Relocation-Slovakia-international-moving-company.png 1440w, https:\/\/moverdb.com\/wp-content\/uploads\/Santa-Fe-Relocation-Slovakia-international-moving-company-300x141.png 300w, https:\/\/moverdb.com\/wp-content\/uploads\/Santa-Fe-Relocation-Slovakia-international-moving-company-1024x481.png 1024w, https:\/\/moverdb.com\/wp-content\/uploads\/Santa-Fe-Relocation-Slovakia-international-moving-company-18x8.png 18w, https:\/\/moverdb.com\/wp-content\/uploads\/Santa-Fe-Relocation-Slovakia-international-moving-company-600x282.png 600w\" sizes=\"auto, (max-width: 1440px) 100vw, 1440px\" \/><\/p>\n<ul>\n<li>Movimiento nacional<\/li>\n<li>Desplazamientos internacionales<\/li>\n<li>Traslado de hogares<\/li>\n<li>Desplazamientos de empresas<\/li>\n<li>Servicio de embalaje<\/li>\n<li>Transporte a\u00e9reo, mar\u00edtimo y por carretera<\/li>\n<li>Despacho de aduanas<\/li>\n<li>Traslado de mascotas<\/li>\n<li>Visados e inmigraci\u00f3n<\/li>\n<li>Almacenamiento a corto y largo plazo<\/li>\n<\/ul>\n<p>Santa Fe Relocation es una empresa de reubicaci\u00f3n internacional que cuenta con 64 oficinas en 38 pa\u00edses. Abrieron su oficina de Eslovaquia en 2002 en Bratislava. Son miembros de IAM con 21 a\u00f1os de servicio y est\u00e1n acreditados por FIDI.<\/p>\n<p>Santa Fe Relocation le ofrece la posibilidad de realizar una inspecci\u00f3n en su domicilio o por v\u00eddeo y una consulta previa a la mudanza para determinar sus necesidades. Proporcionan un servicio de embalaje para sus objetos y muebles, y organizan el transporte a\u00e9reo, mar\u00edtimo o por carretera con despacho de aduanas.  Ofrecen una gran variedad de servicios adicionales, como protecci\u00f3n de env\u00edos, almacenamiento, b\u00fasqueda de vivienda y escuela, servicios de instalaci\u00f3n, asistencia en la partida y traslado de mascotas, <a href=\"https:\/\/moverdb.com\/es\/car-transport-shipping\/\" data-internallinksmanager029f6b8e52c=\"2\" title=\"2026 Cotizaciones de transporte internacional de coches y env\u00edo de veh\u00edculos\">env\u00edo de veh\u00edculos<\/a>y asistencia en materia de visados e inmigraci\u00f3n.<\/p>\n<p>P\u00e1gina web: <a href=\"https:\/\/www.santaferelo.com\/en\/contact\/our-offices\/slovakia-bratislava\/\" target=\"_blank\" rel=\"noopener\">https:\/\/www.santaferelo.com\/en\/contact\/our-offices\/slovakia-bratislava\/<\/a><\/p>\n<h2>Otras gu\u00edas \u00fatiles sobre Eslovaquia<\/h2>\n<ul>\n<li> <a href=\"https:\/\/moverdb.com\/es\/moving-to-slovakia\/moving-to-slovakia-from-the-uk\/\">Trasladarse a Eslovaquia desde el Reino Unido<\/a><\/li>\n<li> <a href=\"https:\/\/moverdb.com\/es\/moving-to-slovakia\/\">\u00bfSe muda a Eslovaquia? 2026 Coste de la vida y consejos para el traslado<\/a><\/li>\n<\/ul>","protected":false},"excerpt":{"rendered":"<p>Are you thinking of moving home or your business within, to or from Slovakia? If you are then you may want to enlist the services of a moving agent to reduce the work involved and the stress. Below we have compiled a list of Slovakian removal companies that are members of the International Association of [&hellip;]<\/p>\n","protected":false},"author":4,"featured_media":9422,"parent":190,"menu_order":0,"comment_status":"closed","ping_status":"closed","template":"","meta":{"_genesis_hide_title":false,"_genesis_hide_breadcrumbs":false,"_genesis_hide_singular_image":false,"_genesis_hide_footer_widgets":false,"_genesis_custom_body_class":"","_genesis_custom_post_class":"","_genesis_layout":"","footnotes":""},"class_list":{"0":"post-9523","1":"page","2":"type-page","3":"status-publish","4":"has-post-thumbnail","6":"entry"},"_links":{"self":[{"href":"https:\/\/moverdb.com\/es\/wp-json\/wp\/v2\/pages\/9523","targetHints":{"allow":["GET"]}}],"collection":[{"href":"https:\/\/moverdb.com\/es\/wp-json\/wp\/v2\/pages"}],"about":[{"href":"https:\/\/moverdb.com\/es\/wp-json\/wp\/v2\/types\/page"}],"author":[{"embeddable":true,"href":"https:\/\/moverdb.com\/es\/wp-json\/wp\/v2\/users\/4"}],"replies":[{"embeddable":true,"href":"https:\/\/moverdb.com\/es\/wp-json\/wp\/v2\/comments?post=9523"}],"version-history":[{"count":3,"href":"https:\/\/moverdb.com\/es\/wp-json\/wp\/v2\/pages\/9523\/revisions"}],"predecessor-version":[{"id":17867,"href":"https:\/\/moverdb.com\/es\/wp-json\/wp\/v2\/pages\/9523\/revisions\/17867"}],"up":[{"embeddable":true,"href":"https:\/\/moverdb.com\/es\/wp-json\/wp\/v2\/pages\/190"}],"wp:featuredmedia":[{"embeddable":true,"href":"https:\/\/moverdb.com\/es\/wp-json\/wp\/v2\/media\/9422"}],"wp:attachment":[{"href":"https:\/\/moverdb.com\/es\/wp-json\/wp\/v2\/media?parent=9523"}],"curies":[{"name":"wp","href":"https:\/\/api.w.org\/{rel}","templated":true}]}}