{"id":9518,"date":"2023-06-08T12:39:44","date_gmt":"2023-06-08T12:39:44","guid":{"rendered":"https:\/\/moverdb.com\/?page_id=9518"},"modified":"2026-01-08T15:24:25","modified_gmt":"2026-01-08T15:24:25","slug":"moving-companies-serbia","status":"publish","type":"page","link":"https:\/\/moverdb.com\/es\/moving-companies\/moving-companies-serbia\/","title":{"rendered":"3 Mejores Empresas de Mudanzas Internacionales en Serbia"},"content":{"rendered":"<p>Si est\u00e1 planeando una mudanza dentro de Serbia, a Serbia o desde Serbia, puede que est\u00e9 pensando en contratar los servicios de una empresa de mudanzas. <a href=\"https:\/\/moverdb.com\/es\/moving-companies\/\" data-internallinksmanager029f6b8e52c=\"79\" title=\"Las 25 mejores empresas de mudanzas internacionales en l\u00ednea\">empresa de mudanzas<\/a> para ayudarle con el embalaje, el transporte y la documentaci\u00f3n. A continuaci\u00f3n hemos recopilado una lista de empresas serbias <a href=\"https:\/\/moverdb.com\/es\/international-removals\/\" data-internallinksmanager029f6b8e52c=\"27\" title=\"36 mejores empresas de mudanzas internacionales del Reino Unido\">empresas de mudanzas<\/a> que son miembros de la <a href=\"https:\/\/moverdb.com\/es\/iam\/\" data-internallinksmanager029f6b8e52c=\"23\" title=\"Explicaci\u00f3n de la Asociaci\u00f3n Internacional de Empresas de Mudanzas (IAM)\">Asociaci\u00f3n Internacional de Empresas de Mudanzas<\/a> (IAM) y\/o <a href=\"https:\/\/moverdb.com\/es\/fidi-faim\/\" data-internallinksmanager029f6b8e52c=\"16\" title=\"Explicaci\u00f3n del FIDI y del FAIM (FIDI Accredited International Mover)\">FIDI<\/a> Empresa de mudanzas internacionales acreditada (FAIM) que podr\u00eda ayudarle con su mudanza.<\/p>\n<h2><strong>1. Deslocalizaciones en los Balcanes<\/strong><\/h2>\n<p><img loading=\"lazy\" decoding=\"async\" class=\"alignnone size-full wp-image-9337\" src=\"https:\/\/moverdb.com\/wp-content\/uploads\/Balkan-Relocations-international-moving-company.png\" alt=\"Balkan Relocations empresa de mudanzas internacionales\" width=\"1440\" height=\"677\" data-wp-pid=\"9337\" srcset=\"https:\/\/moverdb.com\/wp-content\/uploads\/Balkan-Relocations-international-moving-company.png 1440w, https:\/\/moverdb.com\/wp-content\/uploads\/Balkan-Relocations-international-moving-company-300x141.png 300w, https:\/\/moverdb.com\/wp-content\/uploads\/Balkan-Relocations-international-moving-company-1024x481.png 1024w, https:\/\/moverdb.com\/wp-content\/uploads\/Balkan-Relocations-international-moving-company-18x8.png 18w, https:\/\/moverdb.com\/wp-content\/uploads\/Balkan-Relocations-international-moving-company-600x282.png 600w\" sizes=\"auto, (max-width: 1440px) 100vw, 1440px\" \/><\/p>\n<ul>\n<li>Traslados locales<\/li>\n<li>Traslados internacionales<\/li>\n<li>Mudanzas dom\u00e9sticas<\/li>\n<li>Movimientos corporativos<\/li>\n<li>Opciones de embalaje<\/li>\n<li>Transporte terrestre, mar\u00edtimo y a\u00e9reo<\/li>\n<li>Servicios aduaneros<\/li>\n<li>Movimientos de mascotas<\/li>\n<li>Seguros<\/li>\n<li>Instalaciones de almacenamiento<\/li>\n<\/ul>\n<p>Balkan Relocations es un servicio de mudanzas, log\u00edstica y transporte que opera desde Belgrado. Forman parte de una red mundial de agentes de mudanzas y socios de servicios que les ayudan a prestar servicios fuera de Serbia. Son miembros de IAM con seis a\u00f1os de servicio.<\/p>\n<p>Balkan Relocations ofrece un servicio de mudanzas puerta a puerta con varias opciones de embalaje, que incluyen embalaje fr\u00e1gil solamente, autoembalaje con materiales de embalaje suministrados y servicio de embalaje completo. Proporcionan transporte en todo el mundo por tierra, mar o aire con asistencia aduanera y seguro. Tambi\u00e9n ofrecen servicios de instalaci\u00f3n y montaje, mudanzas de mascotas, servicios de reubicaci\u00f3n y asistencia en inmigraci\u00f3n.<\/p>\n<p>P\u00e1gina web: <a href=\"http:\/\/www.balkanrelocations.com\" target=\"_blank\" rel=\"noopener\">http:\/\/www.balkanrelocations.com<\/a><\/p>\n<h2><strong>2. Orphee Beinoglou<\/strong><\/h2>\n<p><img loading=\"lazy\" decoding=\"async\" class=\"alignnone size-full wp-image-9408\" src=\"https:\/\/moverdb.com\/wp-content\/uploads\/Orphee-Beinoglou-Serbia-international-moving-company.png\" alt=\"Orphee Beinoglou Serbia empresa de mudanzas internacionales\" width=\"1440\" height=\"680\" data-wp-pid=\"9408\" srcset=\"https:\/\/moverdb.com\/wp-content\/uploads\/Orphee-Beinoglou-Serbia-international-moving-company.png 1440w, https:\/\/moverdb.com\/wp-content\/uploads\/Orphee-Beinoglou-Serbia-international-moving-company-300x142.png 300w, https:\/\/moverdb.com\/wp-content\/uploads\/Orphee-Beinoglou-Serbia-international-moving-company-1024x484.png 1024w, https:\/\/moverdb.com\/wp-content\/uploads\/Orphee-Beinoglou-Serbia-international-moving-company-18x9.png 18w, https:\/\/moverdb.com\/wp-content\/uploads\/Orphee-Beinoglou-Serbia-international-moving-company-600x283.png 600w\" sizes=\"auto, (max-width: 1440px) 100vw, 1440px\" \/><\/p>\n<ul>\n<li>Traslados locales y nacionales<\/li>\n<li>Traslados internacionales<\/li>\n<li>Mudanzas dom\u00e9sticas<\/li>\n<li>Traslado de oficinas<\/li>\n<li>Servicio puerta a puerta<\/li>\n<li>Servicio de embalaje<\/li>\n<li>Transporte mar\u00edtimo, a\u00e9reo y terrestre<\/li>\n<li>Despacho de aduanas<\/li>\n<li>Seguros<\/li>\n<li>Servicios de almacenamiento<\/li>\n<\/ul>\n<p>Orphee Beinoglou es un proveedor de transporte de mercanc\u00edas y log\u00edstica fundado en 1923 en <a href=\"https:\/\/moverdb.com\/es\/moving-to-greece\/\" data-internallinksmanager029f6b8e52c=\"353\" title=\"\u00bfSe muda a Grecia? 2026 Coste de la vida y consejos para el traslado\">Grecia<\/a> con filiales en los Balcanes y el Mediterr\u00e1neo oriental. Su oficina de Serbia est\u00e1 en Belgrado. Utilizan una red mundial que les ayuda a prestar servicios en otros pa\u00edses. Son miembros de IAM con cuatro a\u00f1os de servicio.<\/p>\n<p>Orphee Beinglou ofrece un servicio de mudanzas personal puerta a puerta con un estudio previo para ayudarle a planificar su traslado. Ofrecen un servicio de embalaje con material especializado y equipos cualificados. Transportar\u00e1n sus pertenencias por mar, aire o tierra y le ayudar\u00e1n con el despacho de aduanas antes de entregarle sus pertenencias y ayudarle a desembalarlas.<\/p>\n<p>P\u00e1gina web: <a href=\"https:\/\/orbit.rs\" target=\"_blank\" rel=\"noopener\">https:\/\/orbit.rs<\/a><\/p>\n<h2><strong>3. Visi\u00f3n 4 Log\u00edstica<\/strong><\/h2>\n<p><img loading=\"lazy\" decoding=\"async\" class=\"alignnone size-full wp-image-9444\" src=\"https:\/\/moverdb.com\/wp-content\/uploads\/Vision-4-Logistics-international-moving-company.png\" alt=\"Vision 4 Logistics empresa de mudanzas internacionales\" width=\"1440\" height=\"678\" data-wp-pid=\"9444\" srcset=\"https:\/\/moverdb.com\/wp-content\/uploads\/Vision-4-Logistics-international-moving-company.png 1440w, https:\/\/moverdb.com\/wp-content\/uploads\/Vision-4-Logistics-international-moving-company-300x141.png 300w, https:\/\/moverdb.com\/wp-content\/uploads\/Vision-4-Logistics-international-moving-company-1024x482.png 1024w, https:\/\/moverdb.com\/wp-content\/uploads\/Vision-4-Logistics-international-moving-company-18x8.png 18w, https:\/\/moverdb.com\/wp-content\/uploads\/Vision-4-Logistics-international-moving-company-600x283.png 600w\" sizes=\"auto, (max-width: 1440px) 100vw, 1440px\" \/><\/p>\n<ul>\n<li>Traslados locales<\/li>\n<li>Traslados internacionales<\/li>\n<li>Mudanzas dom\u00e9sticas<\/li>\n<li>Movimientos corporativos<\/li>\n<li>Servicio puerta a puerta<\/li>\n<li>Transporte mar\u00edtimo, por carretera, ferroviario y a\u00e9reo<\/li>\n<li>Opciones de carga<\/li>\n<li>Agente de aduanas<\/li>\n<li>Seguro a todo riesgo<\/li>\n<li>Instalaciones de almacenamiento<\/li>\n<\/ul>\n<p>Vision 4 Logistics es una empresa transitaria creada en 2018 y con sede en Belgrado. Ofrecen traslados internacionales a trav\u00e9s de su red de agentes seleccionados en todo el mundo. Son miembros de IAM con cinco a\u00f1os de servicio.<\/p>\n<p>Vision 4 Logistics ofrece servicios de mudanzas puerta a puerta para traslados locales e internacionales. Cuentan con personal profesional y equipos dise\u00f1ados para ayudarles a trasladar hogares y clientes corporativos. Ofrecen transporte ferroviario, a\u00e9reo, por carretera y mar\u00edtimo que incluye cargas completas en contenedor, cargas inferiores a un contenedor, cargas completas en cami\u00f3n y cargas inferiores a un cami\u00f3n. Ofrecen seguros a todo riesgo como medida preventiva.<\/p>\n<p>P\u00e1gina web: <a href=\"http:\/\/www.v4l.rs\" target=\"_blank\" rel=\"noopener\">http:\/\/www.v4l.rs<\/a><\/p>","protected":false},"excerpt":{"rendered":"<p>If you are planning a move within, to or from Serbia, you may be considering employing the services of a moving company to assist you with packing, transportation and documentation. Below we have compiled a list of Serbian removal companies that are members of the International Association of Movers (IAM) and\/or FIDI Accredited International Mover [&hellip;]<\/p>\n","protected":false},"author":4,"featured_media":9337,"parent":190,"menu_order":0,"comment_status":"closed","ping_status":"closed","template":"","meta":{"_genesis_hide_title":false,"_genesis_hide_breadcrumbs":false,"_genesis_hide_singular_image":false,"_genesis_hide_footer_widgets":false,"_genesis_custom_body_class":"","_genesis_custom_post_class":"","_genesis_layout":"","footnotes":""},"class_list":{"0":"post-9518","1":"page","2":"type-page","3":"status-publish","4":"has-post-thumbnail","6":"entry"},"_links":{"self":[{"href":"https:\/\/moverdb.com\/es\/wp-json\/wp\/v2\/pages\/9518","targetHints":{"allow":["GET"]}}],"collection":[{"href":"https:\/\/moverdb.com\/es\/wp-json\/wp\/v2\/pages"}],"about":[{"href":"https:\/\/moverdb.com\/es\/wp-json\/wp\/v2\/types\/page"}],"author":[{"embeddable":true,"href":"https:\/\/moverdb.com\/es\/wp-json\/wp\/v2\/users\/4"}],"replies":[{"embeddable":true,"href":"https:\/\/moverdb.com\/es\/wp-json\/wp\/v2\/comments?post=9518"}],"version-history":[{"count":1,"href":"https:\/\/moverdb.com\/es\/wp-json\/wp\/v2\/pages\/9518\/revisions"}],"predecessor-version":[{"id":9519,"href":"https:\/\/moverdb.com\/es\/wp-json\/wp\/v2\/pages\/9518\/revisions\/9519"}],"up":[{"embeddable":true,"href":"https:\/\/moverdb.com\/es\/wp-json\/wp\/v2\/pages\/190"}],"wp:featuredmedia":[{"embeddable":true,"href":"https:\/\/moverdb.com\/es\/wp-json\/wp\/v2\/media\/9337"}],"wp:attachment":[{"href":"https:\/\/moverdb.com\/es\/wp-json\/wp\/v2\/media?parent=9518"}],"curies":[{"name":"wp","href":"https:\/\/api.w.org\/{rel}","templated":true}]}}