{"id":9512,"date":"2023-06-08T12:42:23","date_gmt":"2023-06-08T12:42:23","guid":{"rendered":"https:\/\/moverdb.com\/?page_id=9512"},"modified":"2026-01-08T15:29:37","modified_gmt":"2026-01-08T15:29:37","slug":"moving-companies-romania","status":"publish","type":"page","link":"https:\/\/moverdb.com\/es\/moving-companies\/moving-companies-romania\/","title":{"rendered":"8 Mejores Empresas de Mudanzas Internacionales en Ruman\u00eda"},"content":{"rendered":"<p>\u00bfEst\u00e1 pensando en mudarse a Ruman\u00eda o desde este pa\u00eds? Si es as\u00ed, puede que le interese contratar los servicios de una empresa de mudanzas. <a href=\"https:\/\/moverdb.com\/es\/moving-companies\/\" data-internallinksmanager029f6b8e52c=\"79\" title=\"Las 25 mejores empresas de mudanzas internacionales en l\u00ednea\">empresa de mudanzas<\/a> para ayudarle con su mudanza. A continuaci\u00f3n hemos recopilado una lista de empresas con sede en Ruman\u00eda <a href=\"https:\/\/moverdb.com\/es\/international-removals\/\" data-internallinksmanager029f6b8e52c=\"27\" title=\"36 mejores empresas de mudanzas internacionales del Reino Unido\">empresas de mudanzas<\/a> que son miembros de la <a href=\"https:\/\/moverdb.com\/es\/iam\/\" data-internallinksmanager029f6b8e52c=\"23\" title=\"Explicaci\u00f3n de la Asociaci\u00f3n Internacional de Empresas de Mudanzas (IAM)\">Asociaci\u00f3n Internacional de Empresas de Mudanzas<\/a> (IAM) y\/o <a href=\"https:\/\/moverdb.com\/es\/fidi-faim\/\" data-internallinksmanager029f6b8e52c=\"16\" title=\"Explicaci\u00f3n del FIDI y del FAIM (FIDI Accredited International Mover)\">FIDI<\/a> Empresa de mudanzas internacionales acreditada (FAIM) que podr\u00eda ayudarle con su mudanza.<\/p>\n<div id=\"ez-toc-container\" class=\"ez-toc-v2_0_82_2 ez-toc-wrap-left counter-hierarchy ez-toc-counter ez-toc-transparent ez-toc-container-direction\">\n<div class=\"ez-toc-title-container\">\n<p class=\"ez-toc-title\" style=\"cursor:inherit\">Secciones<\/p>\n<span class=\"ez-toc-title-toggle\"><a href=\"#\" class=\"ez-toc-pull-right ez-toc-btn ez-toc-btn-xs ez-toc-btn-default ez-toc-toggle\" aria-label=\"Alternar tabla de contenidos\"><span class=\"ez-toc-js-icon-con\"><span class=\"\"><span class=\"eztoc-hide\" style=\"display:none;\">Toggle<\/span><span class=\"ez-toc-icon-toggle-span\"><svg style=\"fill: #999;color:#999\" xmlns=\"http:\/\/www.w3.org\/2000\/svg\" class=\"list-377408\" width=\"20px\" height=\"20px\" viewbox=\"0 0 24 24\" fill=\"none\"><path d=\"M6 6H4v2h2V6zm14 0H8v2h12V6zM4 11h2v2H4v-2zm16 0H8v2h12v-2zM4 16h2v2H4v-2zm16 0H8v2h12v-2z\" fill=\"currentColor\"><\/path><\/svg><svg style=\"fill: #999;color:#999\" class=\"arrow-unsorted-368013\" xmlns=\"http:\/\/www.w3.org\/2000\/svg\" width=\"10px\" height=\"10px\" viewbox=\"0 0 24 24\" version=\"1.2\" baseprofile=\"tiny\"><path d=\"M18.2 9.3l-6.2-6.3-6.2 6.3c-.2.2-.3.4-.3.7s.1.5.3.7c.2.2.4.3.7.3h11c.3 0 .5-.1.7-.3.2-.2.3-.5.3-.7s-.1-.5-.3-.7zM5.8 14.7l6.2 6.3 6.2-6.3c.2-.2.3-.5.3-.7s-.1-.5-.3-.7c-.2-.2-.4-.3-.7-.3h-11c-.3 0-.5.1-.7.3-.2.2-.3.5-.3.7s.1.5.3.7z\"\/><\/svg><\/span><\/span><\/span><\/a><\/span><\/div>\n<nav><ul class='ez-toc-list ez-toc-list-level-1 eztoc-toggle-hide-by-default' ><li class='ez-toc-page-1 ez-toc-heading-level-2'><a class=\"ez-toc-link ez-toc-heading-1\" href=\"https:\/\/moverdb.com\/es\/moving-companies\/moving-companies-romania\/#1_EE_Relo\" >1. EE Relo<\/a><\/li><li class='ez-toc-page-1 ez-toc-heading-level-2'><a class=\"ez-toc-link ez-toc-heading-2\" href=\"https:\/\/moverdb.com\/es\/moving-companies\/moving-companies-romania\/#2_Gosselin\" >2. Gosselin<\/a><\/li><li class='ez-toc-page-1 ez-toc-heading-level-2'><a class=\"ez-toc-link ez-toc-heading-3\" href=\"https:\/\/moverdb.com\/es\/moving-companies\/moving-companies-romania\/#3_Orbit\" >3. \u00d3rbita<\/a><\/li><li class='ez-toc-page-1 ez-toc-heading-level-2'><a class=\"ez-toc-link ez-toc-heading-4\" href=\"https:\/\/moverdb.com\/es\/moving-companies\/moving-companies-romania\/#4_Premier_Moving_Storage\" >4. Premier Moving &amp; Storage<\/a><\/li><li class='ez-toc-page-1 ez-toc-heading-level-2'><a class=\"ez-toc-link ez-toc-heading-5\" href=\"https:\/\/moverdb.com\/es\/moving-companies\/moving-companies-romania\/#5_Rilvan_Group\" >5. Grupo Rilvan<\/a><\/li><li class='ez-toc-page-1 ez-toc-heading-level-2'><a class=\"ez-toc-link ez-toc-heading-6\" href=\"https:\/\/moverdb.com\/es\/moving-companies\/moving-companies-romania\/#6_Santa_Fe_Relocation\" >6. Traslado de Santa Fe<\/a><\/li><li class='ez-toc-page-1 ez-toc-heading-level-2'><a class=\"ez-toc-link ez-toc-heading-7\" href=\"https:\/\/moverdb.com\/es\/moving-companies\/moving-companies-romania\/#7_Smartmoving_Logistics\" >7. Log\u00edstica inteligente<\/a><\/li><li class='ez-toc-page-1 ez-toc-heading-level-2'><a class=\"ez-toc-link ez-toc-heading-8\" href=\"https:\/\/moverdb.com\/es\/moving-companies\/moving-companies-romania\/#8_CDD_Relocation\" >8. Reubicaci\u00f3n CDD<\/a><\/li><li class='ez-toc-page-1 ez-toc-heading-level-2'><a class=\"ez-toc-link ez-toc-heading-9\" href=\"https:\/\/moverdb.com\/es\/moving-companies\/moving-companies-romania\/#Other_Useful_Guides_to_Romania\" >Otras gu\u00edas \u00fatiles sobre Ruman\u00eda<\/a><\/li><\/ul><\/nav><\/div>\n<h2><span class=\"ez-toc-section\" id=\"1_EE_Relo\"><\/span><strong>1. EE Relo<\/strong><span class=\"ez-toc-section-end\"><\/span><\/h2>\n<p><img loading=\"lazy\" decoding=\"async\" class=\"alignnone size-full wp-image-9356\" src=\"https:\/\/moverdb.com\/wp-content\/uploads\/EE-Relo-international-moving-company.png\" alt=\"EE Relo empresa de mudanzas internacionales\" width=\"1440\" height=\"672\" data-wp-pid=\"9356\" srcset=\"https:\/\/moverdb.com\/wp-content\/uploads\/EE-Relo-international-moving-company.png 1440w, https:\/\/moverdb.com\/wp-content\/uploads\/EE-Relo-international-moving-company-300x140.png 300w, https:\/\/moverdb.com\/wp-content\/uploads\/EE-Relo-international-moving-company-1024x478.png 1024w, https:\/\/moverdb.com\/wp-content\/uploads\/EE-Relo-international-moving-company-18x8.png 18w, https:\/\/moverdb.com\/wp-content\/uploads\/EE-Relo-international-moving-company-600x280.png 600w\" sizes=\"auto, (max-width: 1440px) 100vw, 1440px\" \/><\/p>\n<ul>\n<li>Traslados locales<\/li>\n<li>Traslados internacionales<\/li>\n<li>Mudanzas dom\u00e9sticas<\/li>\n<li>Movimientos de negocios<\/li>\n<li>Servicios puerta a puerta<\/li>\n<li>Encuesta previa a la mudanza<\/li>\n<li>Servicio de embalaje completo<\/li>\n<li>Tr\u00e1mites aduaneros<\/li>\n<li>Transporte de mascotas y coches<\/li>\n<li>Soluciones de almacenamiento<\/li>\n<\/ul>\n<p>EE Relo es una empresa de gesti\u00f3n de mudanzas con oficinas en Europa del Este, incluida Bucarest (Ruman\u00eda). Disponen de una amplia red de socios que les ayudan a prestar servicios globales. Son miembros de IAM con nueve a\u00f1os de servicio.<\/p>\n<p>EE Relo ofrece servicios de mudanza y traslado puerta a puerta que pueden incluir su hogar, negocio, mascotas, coche y obras de arte. Proporcionan un \u00fanico punto de contacto para gestionar su mudanza, incluida la evaluaci\u00f3n de sus necesidades, el servicio completo de embalaje, el desmontaje de muebles, la organizaci\u00f3n del transporte y el desembalaje. Sus servicios de reubicaci\u00f3n incluyen la b\u00fasqueda de viviendas y escuelas, apoyo en materia de inmigraci\u00f3n y servicios de instalaci\u00f3n con un servicio de conserjer\u00eda para ayudarle a organizarlo todo.<\/p>\n<p>P\u00e1gina web: <a href=\"https:\/\/www.eerelo.com\" target=\"_blank\" rel=\"noopener\">https:\/\/www.eerelo.com<\/a><\/p>\n<h2><span class=\"ez-toc-section\" id=\"2_Gosselin\"><\/span><strong>2. Gosselin<\/strong><span class=\"ez-toc-section-end\"><\/span><\/h2>\n<p><img loading=\"lazy\" decoding=\"async\" class=\"alignnone size-full wp-image-9375\" src=\"https:\/\/moverdb.com\/wp-content\/uploads\/Gosselin-Romania-international-moving-company.png\" alt=\"Gosselin Rumania empresa de mudanzas internacionales\" width=\"1440\" height=\"681\" data-wp-pid=\"9375\" srcset=\"https:\/\/moverdb.com\/wp-content\/uploads\/Gosselin-Romania-international-moving-company.png 1440w, https:\/\/moverdb.com\/wp-content\/uploads\/Gosselin-Romania-international-moving-company-300x142.png 300w, https:\/\/moverdb.com\/wp-content\/uploads\/Gosselin-Romania-international-moving-company-1024x484.png 1024w, https:\/\/moverdb.com\/wp-content\/uploads\/Gosselin-Romania-international-moving-company-18x9.png 18w, https:\/\/moverdb.com\/wp-content\/uploads\/Gosselin-Romania-international-moving-company-600x284.png 600w\" sizes=\"auto, (max-width: 1440px) 100vw, 1440px\" \/><\/p>\n<ul>\n<li>Movimientos nacionales<\/li>\n<li>Traslados internacionales<\/li>\n<li>Mudanzas dom\u00e9sticas<\/li>\n<li>Traslado de oficinas<\/li>\n<li>Servicio puerta a puerta<\/li>\n<li>Servicio de embalaje<\/li>\n<li>Despacho de aduanas<\/li>\n<li>Manipulaci\u00f3n de bellas artes<\/li>\n<li>Transporte de veh\u00edculos y mascotas<\/li>\n<li>Instalaciones de almacenamiento<\/li>\n<\/ul>\n<p>Gosselin es una empresa internacional de mudanzas y traslados con oficinas en 34 pa\u00edses. La oficina de Ruman\u00eda, en Bucarest, se fund\u00f3 a finales de los a\u00f1os ochenta. Utilizan redes propias y m\u00e1s amplias para prestar servicios internacionales y son miembros de IAM.<\/p>\n<p>Gosselin ofrece un servicio de mudanzas puerta a puerta con profesionales de la mudanza que embalar\u00e1n sus objetos de forma segura para la mudanza utilizando materiales de embalaje ecol\u00f3gicos, adem\u00e1s de desmontar los muebles. Organizar\u00e1n el transporte de los art\u00edculos con despacho de aduanas y, a la llegada, desembalar\u00e1n y volver\u00e1n a montar los muebles. Ofrecen servicios adicionales, como manipulaci\u00f3n de obras de arte y antig\u00fcedades, env\u00edo de coches y motos y transporte de mascotas.<\/p>\n<p>P\u00e1gina web: <a href=\"http:\/\/www.gosselinmobility.eu\/romania\" target=\"_blank\" rel=\"noopener\">http:\/\/www.gosselinmobility.eu\/romania<\/a><\/p>\n<h2><span class=\"ez-toc-section\" id=\"3_Orbit\"><\/span><strong>3. \u00d3rbita<\/strong><span class=\"ez-toc-section-end\"><\/span><\/h2>\n<p><img loading=\"lazy\" decoding=\"async\" class=\"alignnone size-full wp-image-9406\" src=\"https:\/\/moverdb.com\/wp-content\/uploads\/Orbit-Romania-international-moving-company.png\" alt=\"Orbit Ruman\u00eda empresa de mudanzas internacionales\" width=\"1440\" height=\"678\" data-wp-pid=\"9406\" srcset=\"https:\/\/moverdb.com\/wp-content\/uploads\/Orbit-Romania-international-moving-company.png 1440w, https:\/\/moverdb.com\/wp-content\/uploads\/Orbit-Romania-international-moving-company-300x141.png 300w, https:\/\/moverdb.com\/wp-content\/uploads\/Orbit-Romania-international-moving-company-1024x482.png 1024w, https:\/\/moverdb.com\/wp-content\/uploads\/Orbit-Romania-international-moving-company-18x8.png 18w, https:\/\/moverdb.com\/wp-content\/uploads\/Orbit-Romania-international-moving-company-600x283.png 600w\" sizes=\"auto, (max-width: 1440px) 100vw, 1440px\" \/><\/p>\n<ul>\n<li>Movimientos nacionales<\/li>\n<li>Traslados internacionales<\/li>\n<li>Mudanzas de hogares y empleados<\/li>\n<li>Mudanzas de oficinas e industriales<\/li>\n<li>Servicios de reubicaci\u00f3n<\/li>\n<li>Servicio de embalaje<\/li>\n<li>Transporte de mercanc\u00edas por carretera, a\u00e9reo y mar\u00edtimo<\/li>\n<li>Manipulaci\u00f3n de obras de arte<\/li>\n<li>Transporte de mascotas y coches<\/li>\n<li>Seguros<\/li>\n<\/ul>\n<p>Orbit Romania forma parte del grupo Orphee Beinglou, fundado en 1923 y con sede en Atenas, ofrece servicios profesionales de mudanzas y transporte y tiene su sede en Bucarest. Son miembros de IAM con 21 a\u00f1os de servicio y est\u00e1n acreditados por FIDI.<\/p>\n<p>Orbit ofrece un estudio a domicilio para evaluar sus necesidades y elaborar un presupuesto. Ofrecen servicios que incluyen mudanzas nacionales e internacionales, transporte de mascotas y coches, manipulaci\u00f3n de obras de arte y seguros. Proporcionan un servicio de embalaje para proteger sus pertenencias en tr\u00e1nsito por carretera, aire o mar, y prestan asistencia aduanera. Tambi\u00e9n ofrecen servicios adicionales de electricista, carpintero y fontanero.<\/p>\n<p>P\u00e1gina web: <a href=\"http:\/\/www.orbitromania.ro\" target=\"_blank\" rel=\"noopener\">http:\/\/www.orbitromania.ro<\/a><\/p>\n<h2><span class=\"ez-toc-section\" id=\"4_Premier_Moving_Storage\"><\/span><strong>4. Premier Moving &amp; Storage<\/strong><span class=\"ez-toc-section-end\"><\/span><\/h2>\n<p><img loading=\"lazy\" decoding=\"async\" class=\"alignnone size-full wp-image-9414\" src=\"https:\/\/moverdb.com\/wp-content\/uploads\/Premier-Moving-Storage-international-moving-company.png\" alt=\"Premier Moving &amp; Storage empresa de mudanzas internacionales\" width=\"1440\" height=\"670\" data-wp-pid=\"9414\" srcset=\"https:\/\/moverdb.com\/wp-content\/uploads\/Premier-Moving-Storage-international-moving-company.png 1440w, https:\/\/moverdb.com\/wp-content\/uploads\/Premier-Moving-Storage-international-moving-company-300x140.png 300w, https:\/\/moverdb.com\/wp-content\/uploads\/Premier-Moving-Storage-international-moving-company-1024x476.png 1024w, https:\/\/moverdb.com\/wp-content\/uploads\/Premier-Moving-Storage-international-moving-company-18x8.png 18w, https:\/\/moverdb.com\/wp-content\/uploads\/Premier-Moving-Storage-international-moving-company-600x279.png 600w\" sizes=\"auto, (max-width: 1440px) 100vw, 1440px\" \/><\/p>\n<ul>\n<li>Traslados locales<\/li>\n<li>Traslados internacionales<\/li>\n<li>Mudanzas dom\u00e9sticas<\/li>\n<li>Traslado de oficinas<\/li>\n<li>Servicio puerta a puerta<\/li>\n<li>Servicio de embalaje<\/li>\n<li>Transporte por carretera, mar\u00edtimo y a\u00e9reo<\/li>\n<li>Tr\u00e1mites aduaneros de importaci\u00f3n<\/li>\n<li>Transporte de veh\u00edculos y mascotas<\/li>\n<li>Instalaciones de almacenamiento seguras<\/li>\n<\/ul>\n<p>Premier Moving &amp; Storage es una empresa de mudanzas fundada hace m\u00e1s de 15 a\u00f1os y con sede en Bucarest. Seleccionan cuidadosamente a los socios que cumplen sus normas para que les ayuden a prestar diversos servicios a escala internacional. Son miembros de IAM con 17 a\u00f1os de servicio.<\/p>\n<p>El equipo de embalaje de Premier Moving &amp; Storage utilizar\u00e1 materiales de primera calidad dise\u00f1ados para proteger los art\u00edculos en tr\u00e1nsito. Desmontar\u00e1n y volver\u00e1n a montar los muebles y desembalar\u00e1n sus pertenencias. Organizar\u00e1n el transporte, incluida la gesti\u00f3n de los tr\u00e1mites aduaneros. Ofrecen servicios adicionales que incluyen el transporte de coches, lanchas motoras y mascotas.<\/p>\n<p>P\u00e1gina web: <a href=\"http:\/\/www.premiermoving.ro\" target=\"_blank\" rel=\"noopener\">http:\/\/www.premiermoving.ro<\/a><\/p>\n<h2><span class=\"ez-toc-section\" id=\"5_Rilvan_Group\"><\/span><strong>5. Grupo Rilvan<\/strong><span class=\"ez-toc-section-end\"><\/span><\/h2>\n<p><img loading=\"lazy\" decoding=\"async\" class=\"alignnone size-full wp-image-9418\" src=\"https:\/\/moverdb.com\/wp-content\/uploads\/Rilvan-Group-international-moving-company.png\" alt=\"Empresa de mudanzas internacionales Rilvan Group\" width=\"1440\" height=\"680\" data-wp-pid=\"9418\" srcset=\"https:\/\/moverdb.com\/wp-content\/uploads\/Rilvan-Group-international-moving-company.png 1440w, https:\/\/moverdb.com\/wp-content\/uploads\/Rilvan-Group-international-moving-company-300x142.png 300w, https:\/\/moverdb.com\/wp-content\/uploads\/Rilvan-Group-international-moving-company-1024x484.png 1024w, https:\/\/moverdb.com\/wp-content\/uploads\/Rilvan-Group-international-moving-company-18x9.png 18w, https:\/\/moverdb.com\/wp-content\/uploads\/Rilvan-Group-international-moving-company-600x283.png 600w\" sizes=\"auto, (max-width: 1440px) 100vw, 1440px\" \/><\/p>\n<ul>\n<li>Movimientos nacionales<\/li>\n<li>Traslados internacionales<\/li>\n<li>Mudanzas residenciales<\/li>\n<li>Movimientos de negocios<\/li>\n<li>Servicios puerta a puerta<\/li>\n<li>Servicio de embalaje<\/li>\n<li>Transporte por carretera, aire y mar<\/li>\n<li>Transporte de bellas artes<\/li>\n<li>Transporte de mascotas y veh\u00edculos<\/li>\n<li>Almacenamiento a corto y largo plazo<\/li>\n<\/ul>\n<p>El Grupo Rilvan es una empresa nacional e internacional de mudanzas y traslados fundada en 1992 con oficinas en Bucarest (Ruman\u00eda), <a href=\"https:\/\/moverdb.com\/es\/moving-to-slovenia\/\" data-internallinksmanager029f6b8e52c=\"392\" title=\"\u00bfSe muda a Eslovenia? 2026 Coste de la vida y consejos para el traslado\">Eslovenia<\/a> y <a href=\"https:\/\/moverdb.com\/es\/moving-companies\/moving-companies-moldova\/\" data-internallinksmanager029f6b8e52c=\"290\" title=\"Las mejores empresas de mudanzas internacionales en Moldavia\">Moldavia<\/a>. Prestan servicio a Europa Central y Oriental y al resto del mundo a trav\u00e9s de socios internacionales. Son miembros de IAM con 31 a\u00f1os de servicio y est\u00e1n acreditados por FIDI.<\/p>\n<p>El Grupo Rilvan ofrece servicios de mudanza y traslado puerta a puerta que comienzan con un estudio y un presupuesto previos a la mudanza. Proporcionan un servicio de embalaje, transporte y desembalaje. Ofrecen servicios de reubicaci\u00f3n que incluyen visados e inmigraci\u00f3n, servicios de instalaci\u00f3n y b\u00fasqueda de viviendas y colegios. Tambi\u00e9n ofrecen servicios adicionales, como transporte de mascotas y veh\u00edculos y manipulaci\u00f3n de obras de arte.<\/p>\n<p>P\u00e1gina web: <a href=\"http:\/\/www.rilvan.eu\" target=\"_blank\" rel=\"noopener\">http:\/\/www.rilvan.eu<\/a><\/p>\n<h2><span class=\"ez-toc-section\" id=\"6_Santa_Fe_Relocation\"><\/span><strong>6. Traslado de Santa Fe<\/strong><span class=\"ez-toc-section-end\"><\/span><\/h2>\n<p><img loading=\"lazy\" decoding=\"async\" class=\"alignnone size-full wp-image-9420\" src=\"https:\/\/moverdb.com\/wp-content\/uploads\/Santa-Fe-Relocation-Romania-international-moving-company.png\" alt=\"Santa Fe Relocation Rumania empresa de mudanzas internacionales\" width=\"1440\" height=\"677\" data-wp-pid=\"9420\" srcset=\"https:\/\/moverdb.com\/wp-content\/uploads\/Santa-Fe-Relocation-Romania-international-moving-company.png 1440w, https:\/\/moverdb.com\/wp-content\/uploads\/Santa-Fe-Relocation-Romania-international-moving-company-300x141.png 300w, https:\/\/moverdb.com\/wp-content\/uploads\/Santa-Fe-Relocation-Romania-international-moving-company-1024x481.png 1024w, https:\/\/moverdb.com\/wp-content\/uploads\/Santa-Fe-Relocation-Romania-international-moving-company-18x8.png 18w, https:\/\/moverdb.com\/wp-content\/uploads\/Santa-Fe-Relocation-Romania-international-moving-company-600x282.png 600w\" sizes=\"auto, (max-width: 1440px) 100vw, 1440px\" \/><\/p>\n<ul>\n<li>Movimientos nacionales<\/li>\n<li>Traslados internacionales<\/li>\n<li>Mudanzas dom\u00e9sticas<\/li>\n<li>Desplazamientos de empresas<\/li>\n<li>Servicio puerta a puerta<\/li>\n<li>Servicio de embalaje<\/li>\n<li>Transporte por carretera, mar o aire<\/li>\n<li>Despacho de aduanas<\/li>\n<li>Transporte de mascotas y veh\u00edculos<\/li>\n<li>Almacenamiento a corto y largo plazo<\/li>\n<\/ul>\n<p>Santa Fe Relocation es una empresa de reubicaci\u00f3n internacional con 64 oficinas en 38 pa\u00edses, incluida Bucarest (Ruman\u00eda), que abri\u00f3 sus puertas en 1991. Son miembros de IAM con 31 a\u00f1os de servicio y est\u00e1n acreditados por FIDI.<\/p>\n<p>Santa Fe Relocation ofrece una consulta previa a la mudanza con un estudio en casa o por v\u00eddeo. Proporcionan un servicio completo que puede incluir el transporte de sus mascotas y coches. Proporcionan un servicio de embalaje para proteger sus pertenencias y organizar\u00e1n el tr\u00e1nsito por carretera, aire o mar con despacho de aduanas. Sus servicios de reubicaci\u00f3n incluyen servicios de salida, b\u00fasqueda de vivienda y escuela, orientaci\u00f3n, formaci\u00f3n ling\u00fc\u00edstica y cultural, visados y servicio de instalaci\u00f3n.<\/p>\n<p>P\u00e1gina web: <a href=\"https:\/\/www.santaferelo.com\/en\/contact\/our-offices\/romania-bucharest\/\" target=\"_blank\" rel=\"noopener\">https:\/\/www.santaferelo.com\/en\/contact\/our-offices\/romania-bucharest\/<\/a><\/p>\n<h2><span class=\"ez-toc-section\" id=\"7_Smartmoving_Logistics\"><\/span><strong>7. Log\u00edstica inteligente<\/strong><span class=\"ez-toc-section-end\"><\/span><\/h2>\n<p><img loading=\"lazy\" decoding=\"async\" class=\"alignnone size-full wp-image-9427\" src=\"https:\/\/moverdb.com\/wp-content\/uploads\/Smartmoving-Logistics-international-moving-company.png\" alt=\"Smartmoving Logistics empresa de mudanzas internacionales\" width=\"1440\" height=\"679\" data-wp-pid=\"9427\" srcset=\"https:\/\/moverdb.com\/wp-content\/uploads\/Smartmoving-Logistics-international-moving-company.png 1440w, https:\/\/moverdb.com\/wp-content\/uploads\/Smartmoving-Logistics-international-moving-company-300x141.png 300w, https:\/\/moverdb.com\/wp-content\/uploads\/Smartmoving-Logistics-international-moving-company-1024x483.png 1024w, https:\/\/moverdb.com\/wp-content\/uploads\/Smartmoving-Logistics-international-moving-company-18x8.png 18w, https:\/\/moverdb.com\/wp-content\/uploads\/Smartmoving-Logistics-international-moving-company-600x283.png 600w\" sizes=\"auto, (max-width: 1440px) 100vw, 1440px\" \/><\/p>\n<ul>\n<li>Movimientos nacionales<\/li>\n<li>Traslados internacionales<\/li>\n<li>Mudanzas residenciales<\/li>\n<li>La empresa se mueve<\/li>\n<li>Servicio opcional de embalaje<\/li>\n<li>Material de embalaje<\/li>\n<li>Organizaci\u00f3n del transporte<\/li>\n<li>Despacho de aduanas<\/li>\n<li>Seguros<\/li>\n<li>Instalaciones de almacenamiento<\/li>\n<\/ul>\n<p>Smartmoving Logistics es una empresa de servicios integrales de mudanzas fundada en 2011 y con sede en Cluj-Napoca. Cuentan con una red de socios y agentes de mudanzas y log\u00edstica que les permite ofrecer mudanzas internacionales y servicios de reubicaci\u00f3n. Son miembros de IAM con un a\u00f1o de servicio.<\/p>\n<p>Smartmoving Logistics crear\u00e1 un plan de mudanzas personalizado que se ajuste a sus necesidades y presupuesto. Se encargan del transporte de sus pertenencias a escala nacional e internacional. Ofrecen servicios adicionales que incluyen el embalaje de sus pertenencias con materiales de embalaje profesionales y el desembalaje, desmontaje y montaje de muebles, despacho de aduanas, seguros y servicios de limpieza.<\/p>\n<p>P\u00e1gina web: <a href=\"https:\/\/www.smartmoving.ro\" target=\"_blank\" rel=\"noopener\">https:\/\/www.smartmoving.ro<\/a><\/p>\n<h2><span class=\"ez-toc-section\" id=\"8_CDD_Relocation\"><\/span><strong>8. Reubicaci\u00f3n CDD<\/strong><span class=\"ez-toc-section-end\"><\/span><\/h2>\n<p><img loading=\"lazy\" decoding=\"async\" class=\"alignnone size-full wp-image-9344\" src=\"https:\/\/moverdb.com\/wp-content\/uploads\/CDD-Relocations-international-moving-company.png\" alt=\"CDD Relocations empresa de mudanzas internacionales\" width=\"1440\" height=\"665\" data-wp-pid=\"9344\" srcset=\"https:\/\/moverdb.com\/wp-content\/uploads\/CDD-Relocations-international-moving-company.png 1440w, https:\/\/moverdb.com\/wp-content\/uploads\/CDD-Relocations-international-moving-company-300x139.png 300w, https:\/\/moverdb.com\/wp-content\/uploads\/CDD-Relocations-international-moving-company-1024x473.png 1024w, https:\/\/moverdb.com\/wp-content\/uploads\/CDD-Relocations-international-moving-company-18x8.png 18w, https:\/\/moverdb.com\/wp-content\/uploads\/CDD-Relocations-international-moving-company-600x277.png 600w\" sizes=\"auto, (max-width: 1440px) 100vw, 1440px\" \/><\/p>\n<ul>\n<li>Traslados locales<\/li>\n<li>Desplazamientos internacionales<\/li>\n<li>Traslado de hogares<\/li>\n<li>Movimientos corporativos<\/li>\n<li>Servicio puerta a puerta<\/li>\n<li>Servicio de embalaje<\/li>\n<li>Asistencia aduanera<\/li>\n<li>Traslado de coches y mascotas<\/li>\n<li>Seguro a todo riesgo<\/li>\n<li>Almacenamiento de corto a largo plazo<\/li>\n<\/ul>\n<p>CDD Relocation es una empresa de mudanzas y traslados fundada en 2003 y con sede en Mogosoaia. Son miembros de IAM con 20 a\u00f1os de servicio y est\u00e1n acreditados por FIDI lo que les da acceso a una red internacional de agentes de mudanzas.<\/p>\n<p>CDD Relocation ofrece soluciones a medida puerta a puerta para traslados internacionales con una consulta y estudio gratuitos previos a la mudanza. Ofrecen un servicio completo de embalaje con los materiales m\u00e1s adecuados, desmontar\u00e1n y montar\u00e1n sus muebles y desembalar\u00e1n a su llegada. Ofrecen servicios adicionales que incluyen el traslado de mascotas, el traslado de veh\u00edculos, seguros y almacenamiento seguro.<\/p>\n<p>P\u00e1gina web: <a href=\"http:\/\/www.cddrelocation.ro\" target=\"_blank\" rel=\"noopener\">http:\/\/www.cddrelocation.ro<\/a><\/p>\n<h2><span class=\"ez-toc-section\" id=\"Other_Useful_Guides_to_Romania\"><\/span>Otras gu\u00edas \u00fatiles sobre Ruman\u00eda<span class=\"ez-toc-section-end\"><\/span><\/h2>\n<ul>\n<li> <a href=\"https:\/\/moverdb.com\/es\/moving-to-romania\/\">\u00bfSe muda a Ruman\u00eda? 2026 Coste de la vida y consejos para el traslado<\/a><\/li>\n<li> <a href=\"https:\/\/moverdb.com\/es\/moving-to-romania\/moving-to-romania-from-the-uk\/\">Trasladarse a Ruman\u00eda desde el Reino Unido<\/a><\/li>\n<li> <a href=\"https:\/\/moverdb.com\/es\/moving-to-romania\/best-places-to-live-romania\/\">12 mejores lugares para vivir en Ruman\u00eda<\/a><\/li>\n<\/ul>","protected":false},"excerpt":{"rendered":"<p>Are you planning on moving within, to or from Romania? Then you may want to consider engaging the services of a moving company to assist you with your move. Below we have compiled a list of Romania based removal companies that are members of the International Association of Movers (IAM) and\/or FIDI Accredited International Mover [&hellip;]<\/p>\n","protected":false},"author":4,"featured_media":9356,"parent":190,"menu_order":0,"comment_status":"closed","ping_status":"closed","template":"","meta":{"_genesis_hide_title":false,"_genesis_hide_breadcrumbs":false,"_genesis_hide_singular_image":false,"_genesis_hide_footer_widgets":false,"_genesis_custom_body_class":"","_genesis_custom_post_class":"","_genesis_layout":"","footnotes":""},"class_list":{"0":"post-9512","1":"page","2":"type-page","3":"status-publish","4":"has-post-thumbnail","6":"entry"},"_links":{"self":[{"href":"https:\/\/moverdb.com\/es\/wp-json\/wp\/v2\/pages\/9512","targetHints":{"allow":["GET"]}}],"collection":[{"href":"https:\/\/moverdb.com\/es\/wp-json\/wp\/v2\/pages"}],"about":[{"href":"https:\/\/moverdb.com\/es\/wp-json\/wp\/v2\/types\/page"}],"author":[{"embeddable":true,"href":"https:\/\/moverdb.com\/es\/wp-json\/wp\/v2\/users\/4"}],"replies":[{"embeddable":true,"href":"https:\/\/moverdb.com\/es\/wp-json\/wp\/v2\/comments?post=9512"}],"version-history":[{"count":3,"href":"https:\/\/moverdb.com\/es\/wp-json\/wp\/v2\/pages\/9512\/revisions"}],"predecessor-version":[{"id":16341,"href":"https:\/\/moverdb.com\/es\/wp-json\/wp\/v2\/pages\/9512\/revisions\/16341"}],"up":[{"embeddable":true,"href":"https:\/\/moverdb.com\/es\/wp-json\/wp\/v2\/pages\/190"}],"wp:featuredmedia":[{"embeddable":true,"href":"https:\/\/moverdb.com\/es\/wp-json\/wp\/v2\/media\/9356"}],"wp:attachment":[{"href":"https:\/\/moverdb.com\/es\/wp-json\/wp\/v2\/media?parent=9512"}],"curies":[{"name":"wp","href":"https:\/\/api.w.org\/{rel}","templated":true}]}}