{"id":945,"date":"2016-09-03T20:39:51","date_gmt":"2016-09-03T20:39:51","guid":{"rendered":"http:\/\/moverdb.com\/?page_id=945"},"modified":"2026-01-08T14:48:12","modified_gmt":"2026-01-08T14:48:12","slug":"dt-moving","status":"publish","type":"page","link":"https:\/\/moverdb.com\/es\/dt-moving\/","title":{"rendered":"DT Moving: Relocation &amp; Removals International Reviews"},"content":{"rendered":"<p>DT Moving es una <a href=\"https:\/\/moverdb.com\/es\/moving-to-the-uk\/\" data-internallinksmanager029f6b8e52c=\"93\" title=\"\u00bfSe muda al Reino Unido? 2026 Costes de vida y consejos de reubicaci\u00f3n\">REINO UNIDO<\/a> basado en <a href=\"https:\/\/moverdb.com\/es\/moving-companies\/\" data-internallinksmanager029f6b8e52c=\"79\" title=\"Las 25 mejores empresas de mudanzas internacionales en l\u00ednea\">empresa de mudanzas internacionales<\/a> que ofrece a sus clientes una completa gama de servicios que se enumeran a continuaci\u00f3n, junto con un perfil de la empresa y rese\u00f1as.<\/p>\n<p><strong><a href=\"https:\/\/moverdb.com\/es\/international-removals\/\" data-internallinksmanager029f6b8e52c=\"27\" title=\"36 mejores empresas de mudanzas internacionales del Reino Unido\">Mudanzas internacionales<\/a><\/strong><\/p>\n<ul>\n<li> Estudio previo a la mudanza, presupuesto y recursos<\/li>\n<li> Embalaje en la residencia<\/li>\n<li> Transporte por aire, mar o carretera<\/li>\n<li> Seguro contratado<\/li>\n<li> Servicio continuo que incluye un gestor de mudanzas y un servicio de seguimiento<\/li>\n<li> Entrega en el domicilio<\/li>\n<li> Descargue su mercanc\u00eda del contenedor \/ cami\u00f3n \/ maleta y col\u00f3quela en la sala que desee<\/li>\n<li> Colocar materiales de protecci\u00f3n para cuidar los suelos y las paredes cuando sea necesario<\/li>\n<li> Comprobar cada art\u00edculo entregado con el inventario de embalaje original (para contabilizar cada paquete)<\/li>\n<li> Desenvolver todo el papel, el relleno y los materiales de embalaje de cart\u00f3n, y retirarlos para su reciclaje<\/li>\n<li> Volveremos a montar todos los elementos indicados previamente para usted, lo que significa una cosa menos de la que preocuparse. Tambi\u00e9n podemos organizar la ayuda de un operario para el trabajo extra si lo necesita.<\/li>\n<li> Permitirle comprobar el inventario, art\u00edculo por art\u00edculo, y firmar cuando est\u00e9 satisfecho con la entrega<\/li>\n<li> Despacho de aduanas<\/li>\n<\/ul>\n<p><strong>Servicios en destino<\/strong><\/p>\n<ul>\n<li> B\u00fasqueda de alquileres de viviendas<\/li>\n<li> B\u00fasqueda de escuelas<\/li>\n<li> Visita de orientaci\u00f3n<\/li>\n<li> Instalarse<\/li>\n<li> Formaci\u00f3n cultural<\/li>\n<li> Manutenci\u00f3n del c\u00f3nyuge<\/li>\n<li> Alquiler de muebles<\/li>\n<li> Alojamiento temporal<\/li>\n<li> Servicios de salida<\/li>\n<li> Asesoramiento fiscal y de inmigraci\u00f3n<\/li>\n<\/ul>\n<p><strong>Bellas artes y antig\u00fcedades<\/strong><\/p>\n<ul>\n<li> Servicio adaptado a cada cliente<\/li>\n<li> Servicio de consultor\u00eda<\/li>\n<li> Organizar los hoteles, etc. para la compra\/entrega del viaje<\/li>\n<li> Colecci\u00f3n de antig\u00fcedades<\/li>\n<li> Servicio de embalaje<\/li>\n<li> Env\u00edo<\/li>\n<li> Seguros<\/li>\n<\/ul>\n<p><strong>Almacenamiento<\/strong><\/p>\n<ul>\n<li> Reino Unido y <a href=\"https:\/\/moverdb.com\/es\/moving-to-france\/\" data-internallinksmanager029f6b8e52c=\"315\" title=\"\u00bfSe muda a Francia? 2026 Coste de la vida y consejos para el traslado\">Francia<\/a> - almacenamiento a corto y largo plazo en contenedores especialmente construidos para ello<\/li>\n<li> Seguridad 24 horas y acceso codificado<\/li>\n<li> Temperatura controlada<\/li>\n<li> Prevenci\u00f3n de incendios y sistema de rociadores armados<\/li>\n<li> Resto del mundo: los socios de la red proporcionar\u00e1n un almacenamiento seguro<\/li>\n<\/ul>\n<p><strong>Servicios auxiliares<\/strong><\/p>\n<ul>\n<li> Manitas (desmontaje y montaje de muebles, equipos, estanter\u00edas, otros art\u00edculos)<\/li>\n<li> Colgar cuadros<\/li>\n<li> Embalaje especial (para art\u00edculos fr\u00e1giles o de gran valor)<\/li>\n<li> Limpieza de casas<\/li>\n<li> Servicio de limpieza (desempaquetar, lavar, guardar <a href=\"https:\/\/moverdb.com\/es\/moving-to-china\/\" data-internallinksmanager029f6b8e52c=\"357\" title=\"\u00bfSe muda a China? 2026 Coste de la vida y consejos para el traslado\">China<\/a>cristaler\u00eda, ropa, art\u00edculos dom\u00e9sticos varios)<\/li>\n<li> Electricista o fontanero<\/li>\n<li> Desinstalaci\u00f3n e instalaci\u00f3n de la antena de televisi\u00f3n por sat\u00e9lite<\/li>\n<li> Eliminaci\u00f3n \"segura\" especializada<\/li>\n<li> Desmontaje y reinstalaci\u00f3n de marcos de ventanas y puertas<\/li>\n<li> Ascensor exterior (elevador especializado) para acceder a la residencia a trav\u00e9s de la ventana o el balc\u00f3n del piso superior<\/li>\n<li> Alquiler de muebles<\/li>\n<li> Restauraci\u00f3n y reparaci\u00f3n de muebles<\/li>\n<li> Almacenamiento de coches<\/li>\n<\/ul>\n<h2>Perfil de la empresa DT Moving<\/h2>\n<p>DT Moving era conocida anteriormente como David Turner Worldwide Movers y lleva trasladando personas por todo el mundo desde 1870. La familia fundadora sigue involucrada en el negocio, que traslada a empresas y particulares de alto nivel por todo el mundo. <\/p>\n<p>DT Moving tiene oficinas en <a href=\"https:\/\/moverdb.com\/es\/moving-to-london\/\">Londres<\/a> y <a href=\"https:\/\/moverdb.com\/es\/moving-to-france\/moving-to-paris\/\" data-internallinksmanager029f6b8e52c=\"407\" title=\"\u00bfSe muda a Par\u00eds? 2026 Coste de la vida y consejos para el traslado\">Par\u00eds<\/a>. Se enorgullecen de su experiencia e integridad y afirman que la antig\u00fcedad media de cada uno de sus empleados ronda los 15 a\u00f1os. Los valores de la empresa son la calidad del servicio, la responsabilidad, el cumplimiento y la mejora continua.<\/p>\n<p>DT Moving dice que tuvo un <strong>97% satisfacci\u00f3n del cliente<\/strong> de 2015, que fue superior a los 95% de 2014.<\/p>\n<p>DT Moving cuenta con las siguientes acreditaciones y afiliaciones:<\/p>\n<ul>\n<li> Acreditada por FAIMPLUS; auditada de forma independiente por Ernst &amp; Young<\/li>\n<li> Acreditaci\u00f3n ISO 9001-2008, incluida la norma BS EN 12522\/1 BS EN 12522\/2<\/li>\n<li> Miembro fundador de OMNI (The Overseas Moving Network International)<\/li>\n<li> <a href=\"https:\/\/moverdb.com\/es\/fidi-faim\/\">FIDI<\/a> afiliado desde 1950 (F\u00e9d\u00e9ration Internationale des D\u00e9m\u00e9nageurs Internationaux)<\/li>\n<li> C-TPAT inspeccionado por <a href=\"https:\/\/moverdb.com\/es\/moving-to-the-united-states\/\" data-internallinksmanager029f6b8e52c=\"94\" title=\"\u00bfSe muda a Estados Unidos? 2026 Costes de vida y consejos de reubicaci\u00f3n\">EE.UU.<\/a> aduana<\/li>\n<li> Miembro autorizado de The <a href=\"https:\/\/moverdb.com\/es\/british-association-of-removers\/\">Asociaci\u00f3n Brit\u00e1nica de Empresas de Mudanzas<\/a>, DBA, el <a href=\"https:\/\/moverdb.com\/es\/mtc\/\">Movers Trading Club<\/a> (<a href=\"https:\/\/moverdb.com\/es\/mtc\/\" data-internallinksmanager029f6b8e52c=\"30\" title=\"Explicaci\u00f3n del Movers Trading Club (MTC)\">MTC<\/a>)<\/li>\n<li> Miembro de <a href=\"https:\/\/moverdb.com\/es\/eura\/\">EuRA<\/a> (El <a href=\"https:\/\/moverdb.com\/es\/eura\/\" data-internallinksmanager029f6b8e52c=\"13\" title=\"La Asociaci\u00f3n Europea de Reubicaci\u00f3n (EuRA) explicada\">Asociaci\u00f3n Europea de Reubicaci\u00f3n<\/a>)<\/li>\n<li> Miembro de <a href=\"https:\/\/moverdb.com\/es\/asociacion-de-profesionales-de-la-reubicacion\/\">ARP<\/a> (El <a href=\"https:\/\/moverdb.com\/es\/association-relocation-professionals\/\" data-internallinksmanager029f6b8e52c=\"6\" title=\"Explicaci\u00f3n de la Asociaci\u00f3n de Profesionales de la Reubicaci\u00f3n (ARP)\">Asociaci\u00f3n de profesionales de la reubicaci\u00f3n<\/a>)<\/li>\n<li> Miembro de <a href=\"https:\/\/moverdb.com\/es\/soy\/\">IAM<\/a> (<a href=\"https:\/\/moverdb.com\/es\/iam\/\" data-internallinksmanager029f6b8e52c=\"23\" title=\"Explicaci\u00f3n de la Asociaci\u00f3n Internacional de Empresas de Mudanzas (IAM)\">Asociaci\u00f3n Internacional de Empresas de Mudanzas<\/a>)<\/li>\n<li> Miembro de <a href=\"https:\/\/moverdb.com\/es\/lacma\/\">LACMA<\/a> (Asociaci\u00f3n de empresas de mudanzas de Am\u00e9rica Latina y el Caribe)<\/li>\n<li> Miembro de <a href=\"https:\/\/moverdb.com\/es\/consejo-de-reubicacion-de-empleados\/\">ERC en todo el mundo<\/a> (Asociaci\u00f3n para la movilidad de la mano de obra)<\/li>\n<li> La primera <a href=\"https:\/\/moverdb.com\/es\/fidi-faim\/\" data-internallinksmanager029f6b8e52c=\"16\" title=\"Explicaci\u00f3n del FIDI y del FAIM (FIDI Accredited International Mover)\">FAIM<\/a> Organizaci\u00f3n acreditada por la ISO (ahora FAIMPLUS)<\/li>\n<\/ul>\n<h2>Opiniones de DT Moving<\/h2>\n<p><strong>Positivo<\/strong><\/p>\n<ul>\n<li> <em>\"Fueron incre\u00edblemente profesionales, educados, r\u00e1pidos y eficientes. Me explicaron todo y no puedo imaginar c\u00f3mo podr\u00edan haber hecho la experiencia m\u00e1s suave\".<\/em> - Z. COHEN v\u00eda DT Moving <a href=\"http:\/\/www.dtmoving.com\/about-us\/what-our-customers-say\" target=\"_blank\" rel=\"noopener\">Lo que dicen nuestros clientes<\/a>.<\/li>\n<li> \"<em>Me acabo de mudar de Londres a <a href=\"https:\/\/moverdb.com\/es\/moving-to-nyc\/\">Nueva York<\/a> y qued\u00e9 muy impresionado con el servicio de mudanza de principio a fin. Lo que podr\u00eda haber sido un momento muy estresante se hizo muy f\u00e1cil\".<\/em> - Usuario de Qype, Dan v\u00eda <a href=\"https:\/\/www.yelp.co.uk\/biz\/dt-moving-london?hrid=_lnG2UpJr3NSw73UR115Pw&#038;utm_campaign=www_review_share_popup&#038;utm_medium=copy_link&#038;utm_source=(direct)\" target=\"_blank\" rel=\"noopener\">Yelp<\/a><\/li>\n<li> \"DT Moving fue excelente de principio a fin\". - MCalder v\u00eda <a href=\"https:\/\/www.yell.com\/biz\/dt-moving-mitcham-3825953\/\" target=\"_blank\" rel=\"noopener\">Grita<\/a><\/li>\n<li> \"Es la 3\u00aa vez que mi marido y yo nos trasladamos por motivos de trabajo y ha sido el mejor servicio hasta ahora\". - Chris v\u00eda <a href=\"http:\/\/www.allinlondon.co.uk\/directory\/1318\/74781.php\" target=\"_blank\" rel=\"noopener\">Todo en Londres<\/a>.<\/li>\n<\/ul>\n<p><strong>Negativo<\/strong><\/p>\n<p><em>No pudimos encontrar ninguna rese\u00f1a negativa en Internet<\/em>.<\/p>\n<div itemprop=\"review\" itemscope itemtype=\"http:\/\/schema.org\/Review\">\n<span itemprop=\"author\" itemscope=\"\" itemtype=\"http:\/\/schema.org\/Organization\"><span itemprop=\"name\">MoverDB.com<\/span><\/span> Revisi\u00f3n del sitio web en l\u00ednea para <span itemprop=\"itemreviewed\" itemscope=\"\" itemtype=\"http:\/\/schema.org\/Brand\"><span itemprop=\"name\">DT Mudanza<\/span><\/span>:<\/p>\n<ol>\n<li> Datos de contacto claros en el sitio web (incluido el n\u00famero de tel\u00e9fono): <strong>S\u00ed<\/strong><\/li>\n<li> F\u00e1cil de conseguir <a href=\"https:\/\/moverdb.com\/es\/citas\/\">presupuestos de mudanzas internacionales<\/a>? (Formulario de solicitud de presupuesto en l\u00ednea): <strong>S\u00ed<\/strong><\/li>\n<li> Informaci\u00f3n clara en el sitio web: <strong>S\u00ed,<\/strong> El sitio web es bastante completo, lo que da a los posibles clientes una buena idea de lo que la empresa puede ofrecer.<\/li>\n<li> Pertenencia a organizaciones de mudanzas reconocidas internacionalmente: <strong>S\u00ed<\/strong>, v\u00e9ase m\u00e1s arriba.<\/li>\n<li> Lista de clientes y\/o testimonios de clientes anteriores: <strong>S\u00ed,<\/strong>Hay muchos testimonios de clientes en el sitio web y otros comentarios en l\u00ednea son positivos.<\/li>\n<\/ol>\n<div itemprop=\"reviewRating\" itemscope itemtype=\"http:\/\/schema.org\/Rating\"><meta itemprop=\"worstRating\" content = \"0\" \/><meta itemprop=\"bestRating\" content=\"5\" \/><meta itemprop=\"ratingValue\" content=\"5\"><\/div>\n<p><strong>Puntuaci\u00f3n global: 5\/5<\/strong><br \/>\n<strong>Fecha de revisi\u00f3n:<\/strong> <span itemprop=\"datePublished\" content=\"2016-09-03\">03\/09\/2016<\/span>\n<\/div>\n<p>M\u00e1s informaci\u00f3n sobre <a href=\"https:\/\/moverdb.com\/es\/mudanzas-internacionales\/\">mudanzas internacionales<\/a> y nuestro <a href=\"https:\/\/moverdb.com\/es\/resenas\/\">proceso de revisi\u00f3n<\/a>.<\/p>\n<p><strong>P\u00e1gina web:<\/strong> <a href=\"http:\/\/www.dtmoving.com\" target=\"_blank\" rel=\"noopener\">http:\/\/www.dtmoving.com<\/a><\/p>","protected":false},"excerpt":{"rendered":"<p>DT Moving is a UK based international moving company which offers its clients a full range of services which are listed below, together with a company profile and reviews. International Removals Pre-move survey, quotation and resources Packing at residence Transport by air, sea or road Insurance arranged Ongoing service including a move manager and a [&hellip;]<\/p>\n","protected":false},"author":1,"featured_media":0,"parent":0,"menu_order":0,"comment_status":"closed","ping_status":"closed","template":"","meta":{"_genesis_hide_title":false,"_genesis_hide_breadcrumbs":false,"_genesis_hide_singular_image":false,"_genesis_hide_footer_widgets":false,"_genesis_custom_body_class":"","_genesis_custom_post_class":"","_genesis_layout":"","footnotes":""},"class_list":{"0":"post-945","1":"page","2":"type-page","3":"status-publish","5":"entry"},"_links":{"self":[{"href":"https:\/\/moverdb.com\/es\/wp-json\/wp\/v2\/pages\/945","targetHints":{"allow":["GET"]}}],"collection":[{"href":"https:\/\/moverdb.com\/es\/wp-json\/wp\/v2\/pages"}],"about":[{"href":"https:\/\/moverdb.com\/es\/wp-json\/wp\/v2\/types\/page"}],"author":[{"embeddable":true,"href":"https:\/\/moverdb.com\/es\/wp-json\/wp\/v2\/users\/1"}],"replies":[{"embeddable":true,"href":"https:\/\/moverdb.com\/es\/wp-json\/wp\/v2\/comments?post=945"}],"version-history":[{"count":8,"href":"https:\/\/moverdb.com\/es\/wp-json\/wp\/v2\/pages\/945\/revisions"}],"predecessor-version":[{"id":6201,"href":"https:\/\/moverdb.com\/es\/wp-json\/wp\/v2\/pages\/945\/revisions\/6201"}],"wp:attachment":[{"href":"https:\/\/moverdb.com\/es\/wp-json\/wp\/v2\/media?parent=945"}],"curies":[{"name":"wp","href":"https:\/\/api.w.org\/{rel}","templated":true}]}}