{"id":944,"date":"2016-09-04T13:58:08","date_gmt":"2016-09-04T13:58:08","guid":{"rendered":"http:\/\/moverdb.com\/?page_id=944"},"modified":"2026-01-08T14:48:19","modified_gmt":"2026-01-08T14:48:19","slug":"exceso-de-mudanzas-internacionales","status":"publish","type":"page","link":"https:\/\/moverdb.com\/es\/excess-international-movers\/","title":{"rendered":"Excess International Movers: Rese\u00f1as de Mudanzas Internacionales"},"content":{"rendered":"<p>Excess International Movers ofrece a clientes corporativos, particulares y familias una amplia gama de servicios que se enumeran a continuaci\u00f3n. Tambi\u00e9n hay un perfil de la empresa y comentarios.<\/p>\n<p><strong><a href=\"https:\/\/moverdb.com\/es\/international-removals\/\" data-internallinksmanager029f6b8e52c=\"27\" title=\"36 mejores empresas de mudanzas internacionales del Reino Unido\">Mudanzas internacionales<\/a><\/strong><\/p>\n<ul>\n<li> Por aire, mar o carretera<\/li>\n<li> Servicio puerta a puerta<\/li>\n<li> Servicio dedicado a los traslados internacionales<\/li>\n<li> Un coordinador de la mudanza para organizarla de principio a fin y responder a cualquier pregunta<\/li>\n<li> Empaquetadores y mudanzas para embalar las posesiones en los mejores materiales de embalaje aprobados por la industria - tambi\u00e9n proporcionado por Excess International Movers<\/li>\n<li> Mudanzas cargadas en <a href=\"https:\/\/moverdb.com\/es\/transporte-de-contenedores\/\">contenedor de transporte<\/a> o llevados a cargar en naves a\u00e9reas<\/li>\n<li> Mercanc\u00eda despachada, entregada y descargada en su nuevo hogar, oficina, hotel u otro lugar final, o puesta a disposici\u00f3n para su recogida en el aeropuerto elegido<\/li>\n<li> Tasas de mudanza internacional, despacho de aduanas y tasas de terminal<\/li>\n<\/ul>\n<p><strong>Mudanzas europeas<\/strong><\/p>\n<ul>\n<li> Servicio puerta a puerta<\/li>\n<li> Servicio directo dedicado. Sus efectos se embalan en su casa y se cargan y transportan directamente a su nuevo hogar en Europa. Usted elige la fecha de entrega que se adapte a sus necesidades. <\/li>\n<li> Carga compartida. Adecuado si desea trasladar mercanc\u00edas en env\u00edos m\u00e1s peque\u00f1os en los que el plazo es menos importante. Aunque sigue ofreciendo a los clientes una fecha fija para la recogida, se le proporciona una ventana de tiempo para la entrega antes de la recogida y la fecha de entrega se confirma una vez finalizado el programa de carga compartida.<\/li>\n<li> Un coordinador de mudanzas dedicado a responder a las preguntas y organizar las mudanzas de la UE de principio a fin<\/li>\n<li> Las mudanzas europeas incluyen un servicio de embalaje profesional que utiliza materiales de embalaje aprobados por la industria para garantizar la seguridad de sus posesiones durante el transporte.<\/li>\n<li> Mudanzas recogidas, entregadas y luego desembaladas en su nuevo hogar con todo el contenido colocado como se requiere.<\/li>\n<\/ul>\n<p><strong>Servicios de almacenamiento<\/strong><\/p>\n<ul>\n<li> Seguridad 24 horas<\/li>\n<li> El acceso a los bienes requiere un aviso previo y puede conllevar una tasa adicional<\/li>\n<li> Descuentos de almacenamiento para estudiantes<\/li>\n<li> Almacenamiento en contenedores<\/li>\n<\/ul>\n<p><strong>Servicios para estudiantes<\/strong><\/p>\n<ul>\n<li> Mini mudanzas con descuento especial<\/li>\n<li> Opci\u00f3n de almacenamiento de 5 cajas con descuento especial<\/li>\n<li> Estudiante <a href=\"https:\/\/moverdb.com\/es\/empresas-de-transporte\/\">env\u00edos internacionales<\/a><\/li>\n<\/ul>\n<p><strong>Servicios adicionales<\/strong><\/p>\n<ul>\n<li> Env\u00edo de equipaje<\/li>\n<li> Equipaje no acompa\u00f1ado<\/li>\n<li> Exceso de equipaje<\/li>\n<li> <a href=\"https:\/\/moverdb.com\/es\/transporte-embarque-de-coches\/\">Env\u00edo de veh\u00edculos<\/a><\/li>\n<li> Mudanzas corporativas<\/li>\n<li> Env\u00edo de obras de arte<\/li>\n<li> Importaciones<\/li>\n<\/ul>\n<h2>Perfil de la empresa Excess International Movers<\/h2>\n<p>Excess International Movers existe desde hace m\u00e1s de 30 a\u00f1os y se ocupa de m\u00e1s de 50.000 env\u00edos al a\u00f1o, tanto a nivel internacional como local. Dicen que pueden manejar cualquier tama\u00f1o de mudanza y lo har\u00e1n dentro de cualquier marco de tiempo razonable. Excess International Movers afirma que realiza env\u00edos a m\u00e1s de 25.000 destinos en todo el mundo.<\/p>\n<p>La empresa cubre todos los aspectos de una mudanza al extranjero, desde el presupuesto inicial hasta los servicios de instalaci\u00f3n en el pa\u00eds de destino. Ofrecen soluciones de transporte para particulares, familias y empresas, incluidas muchas empresas de alto nivel.<\/p>\n<p>Acreditaciones y afiliaciones de Excess International Movers:<\/p>\n<ul>\n<li> <a href=\"https:\/\/moverdb.com\/es\/british-association-of-removers\/\">La Asociaci\u00f3n Brit\u00e1nica de Empresas de Mudanzas<\/a> (<a href=\"https:\/\/moverdb.com\/es\/british-association-of-removers\/\" data-internallinksmanager029f6b8e52c=\"9\" title=\"Explicaci\u00f3n de la Asociaci\u00f3n Brit\u00e1nica de Empresas de Mudanzas (BAR)\">BAR<\/a>)<\/li>\n<li> <a href=\"https:\/\/moverdb.com\/es\/fidi-faim\/\">Federaci\u00f3n Internacional de Empresas de Mudanzas<\/a> (<a href=\"https:\/\/moverdb.com\/es\/fidi-faim\/\" data-internallinksmanager029f6b8e52c=\"16\" title=\"Explicaci\u00f3n del FIDI y del FAIM (FIDI Accredited International Mover)\">FIDI<\/a>)<\/li>\n<li> <a href=\"https:\/\/moverdb.com\/es\/hgfaa\/\">Asociaci\u00f3n de Transitarios de Am\u00e9rica (Household Goods Forwarders Association of America)<\/a> (HHGFAA)<\/li>\n<li> <a href=\"https:\/\/moverdb.com\/es\/fidi-faim\/\">FAIM Plus<\/a><\/li>\n<li> <a href=\"https:\/\/moverdb.com\/es\/mtc\/\">El Club de Comercio de Movers<\/a> (<a href=\"https:\/\/moverdb.com\/es\/mtc\/\" data-internallinksmanager029f6b8e52c=\"30\" title=\"Explicaci\u00f3n del Movers Trading Club (MTC)\">MTC<\/a>)<\/li>\n<li> El <a href=\"https:\/\/moverdb.com\/es\/soy\/\">Asociaci\u00f3n Internacional de Empresas de Mudanzas<\/a> (<a href=\"https:\/\/moverdb.com\/es\/iam\/\" data-internallinksmanager029f6b8e52c=\"23\" title=\"Explicaci\u00f3n de la Asociaci\u00f3n Internacional de Empresas de Mudanzas (IAM)\">IAM<\/a>)<\/li>\n<li> ISO 9001<\/li>\n<\/ul>\n<h2>Opiniones de Excess International Movers<\/h2>\n<p><strong>Positivo<\/strong><\/p>\n<ul>\n<li> <em>\"Desde el principio fue un placer hacer negocios con Excess Internationl Movers. Tienen un precio muy razonable y te gu\u00edan durante todo el proceso. La recogida y entrega fue perfecta y no podr\u00eda estar m\u00e1s contento con el servicio. Muy recomendable\".<\/em> - Sra. Sophie Hay v\u00eda <a href=\"http:\/\/www.excess-international.com\/reviews\" target=\"_blank\" rel=\"noopener\">p\u00e1gina de revisi\u00f3n de la empresa<\/a><\/li>\n<li> <em>\"Un servicio brillante desde el presupuesto hasta el env\u00edo. Recomendamos encarecidamente esta empresa\".<\/em> - Lisa v\u00eda <a href=\"https:\/\/uk.trustpilot.com\/reviews\/57bc88a00000ff00097f3cfc\" target=\"_blank\" rel=\"noopener\">Trustpilot<\/a>.<\/li>\n<li> <em>\"Recientemente nos hemos trasladado desde el <a href=\"https:\/\/moverdb.com\/es\/moving-to-the-uk\/\" data-internallinksmanager029f6b8e52c=\"93\" title=\"\u00bfSe muda al Reino Unido? 2026 Costes de vida y consejos de reubicaci\u00f3n\">REINO UNIDO<\/a> a <a href=\"https:\/\/moverdb.com\/es\/moving-to-canada\/\" data-internallinksmanager029f6b8e52c=\"265\" title=\"\u00bfMudarse a Canad\u00e1? 2026 Coste de la vida y consejos para la reubicaci\u00f3n\">Canad\u00e1<\/a>Excess International hizo que todo el proceso fuera muy sencillo. El presupuesto fue bastante preciso (de hecho, el coste final fue ligeramente inferior al presupuesto original, lo que estuvo bien, sin sorpresas desagradables de \u00faltima hora), los empaquetadores hicieron un gran trabajo y Attila estuvo encantado de responder a cualquier pregunta que tuvi\u00e9ramos.\"<\/em> - a trav\u00e9s de <a href=\"http:\/\/www.reviewcentre.com\/Removal-Companies\/Excess-International-Movers-www-excess-international-com-review_2391382\" target=\"_blank\" rel=\"noopener\">Centro de Revisi\u00f3n<\/a><\/li>\n<li> <em>\"Los hombres que vinieron a hacer la mudanza y el embalaje de la casa fueron absolutamente #1 - de primera clase con todo, trabajadores dedicados y muy corteses.\"<\/em> - Anton v\u00eda <a href=\"http:\/\/www.shipping-international.com\/companies\/excess-international-movers.html\" target=\"_blank\" rel=\"noopener\">Shipping-International.com<\/a><\/li>\n<\/ul>\n<p><strong>Negativo<\/strong><\/p>\n<ul>\n<li> <em>\"Cre\u00edmos que hab\u00edamos tomado una buena decisi\u00f3n despu\u00e9s de obtener unos cuantos presupuestos, sin embargo, lamentablemente las cosas no salieron como esper\u00e1bamos\".<\/em> - Lee\/Sra. Alexandria v\u00eda <a href=\"https:\/\/uk.trustpilot.com\/reviews\/57b38afd0000ff00097cab0e\" target=\"_blank\" rel=\"noopener\">Trustpilot<\/a><\/li>\n<li> <em>\"Todav\u00eda tenemos un problema que se remonta a principios de a\u00f1o (2015) con EIM cuando nuestro contenedor lleg\u00f3 a Nueva Zelanda desde el Reino Unido. El personal de EIM en el Reino Unido tap\u00f3 un agujero en el techo del contenedor con su propia cinta de embalar\".<\/em> - Robert Snijders v\u00eda <a href=\"http:\/\/www.removalreviews.co.uk\/movingreviews\/move-from-uk-to-nz-10229\" target=\"_blank\" rel=\"noopener\">Rese\u00f1as de mudanzas<\/a><\/li>\n<li> <em>\"Un servicio pat\u00e9tico y ninguna comunicaci\u00f3n adecuada. No recomendar\u00eda en absoluto el uso de estos tipos. Mi interacci\u00f3n ha sido altamente decepcionante y frustrante\".<\/em> - a trav\u00e9s de <a href=\"http:\/\/www.reviewcentre.com\/Removal-Companies\/Excess-International-Movers-www-excess-international-com-review_3918175\" target=\"_blank\" rel=\"noopener\">Centro de Revisi\u00f3n<\/a><\/li>\n<li> <em>\"Una empresa absolutamente horrible para tratar, se sent\u00eda como tratar con un cobrador de deudas hablando con ellos por tel\u00e9fono\". -<br \/>\nWill B. v\u00eda <a href=\"https:\/\/www.yelp.co.uk\/biz\/excess-international-movers-london-2?hrid=gh9RC6mlebc__fP5wR0Q8g&#038;utm_campaign=www_review_share_popup&#038;utm_medium=copy_link&#038;utm_source=(direct)\" target=\"_blank\" rel=\"noopener\">Yelp<\/a><\/em><\/li>\n<\/ul>\n<div itemprop=\"review\" itemscope itemtype=\"http:\/\/schema.org\/Review\">\n<span itemprop=\"author\" itemscope=\"\" itemtype=\"http:\/\/schema.org\/Organization\"><span itemprop=\"name\">MoverDB.com<\/span><\/span> Revisi\u00f3n del sitio web en l\u00ednea para <span itemprop=\"itemreviewed\" itemscope=\"\" itemtype=\"http:\/\/schema.org\/Brand\"><span itemprop=\"name\">Excesos de mudanzas internacionales<\/span><\/span>:<\/p>\n<ol>\n<li> Datos de contacto claros en el sitio web (incluido el n\u00famero de tel\u00e9fono): <strong>S\u00ed<\/strong><\/li>\n<li> F\u00e1cil de conseguir <a href=\"https:\/\/moverdb.com\/es\/citas\/\">presupuestos de mudanzas internacionales<\/a>? (Formulario de solicitud de presupuesto en l\u00ednea): <strong>S\u00ed<\/strong><\/li>\n<li> Informaci\u00f3n clara en el sitio web: <strong>S\u00ed,<\/strong> La informaci\u00f3n del sitio web es bastante detallada y da a los clientes potenciales una buena idea de lo que se ofrece.<\/li>\n<li> Pertenencia a organizaciones de mudanzas reconocidas internacionalmente: <strong>S\u00ed<\/strong>, v\u00e9ase m\u00e1s arriba.<\/li>\n<li> Lista de clientes y\/o testimonios de clientes anteriores: <strong>S\u00ed,<\/strong> Hay muchos testimonios positivos de clientes en su sitio web, aunque las cr\u00edticas en otros lugares son un poco m\u00e1s variadas.<\/li>\n<\/ol>\n<div itemprop=\"reviewRating\" itemscope itemtype=\"http:\/\/schema.org\/Rating\"><meta itemprop=\"worstRating\" content = \"0\" \/><meta itemprop=\"bestRating\" content=\"5\" \/><meta itemprop=\"ratingValue\" content=\"4\"><\/div>\n<p><strong>Puntuaci\u00f3n global: 4\/5<\/strong><br \/>\n<strong>Fecha de revisi\u00f3n:<\/strong> <span itemprop=\"datePublished\" content=\"2016-09-04\">04\/09\/2016<\/span>\n<\/div>\n<p>M\u00e1s informaci\u00f3n sobre <a href=\"https:\/\/moverdb.com\/es\/mudanzas-internacionales\/\">mudanzas internacionales<\/a> y nuestro <a href=\"https:\/\/moverdb.com\/es\/resenas\/\">proceso de revisi\u00f3n<\/a>.<\/p>\n<p><strong>P\u00e1gina web:<\/strong> <a href=\"http:\/\/www.excess-international.com\/\" target=\"_blank\" rel=\"noopener\">http:\/\/www.excess-international.com<\/a><\/p>","protected":false},"excerpt":{"rendered":"<p>Excess International Movers offer corporate clients, individuals and families a wide range of services which are listed below. There also follows a company profile and reviews. International Removals Air, sea or road Door to door service Dedicated service for international relocations A move co-ordinator to organise removals from start to finish and answer any queries [&hellip;]<\/p>\n","protected":false},"author":1,"featured_media":0,"parent":0,"menu_order":0,"comment_status":"closed","ping_status":"closed","template":"","meta":{"_genesis_hide_title":false,"_genesis_hide_breadcrumbs":false,"_genesis_hide_singular_image":false,"_genesis_hide_footer_widgets":false,"_genesis_custom_body_class":"","_genesis_custom_post_class":"","_genesis_layout":"","footnotes":""},"class_list":{"0":"post-944","1":"page","2":"type-page","3":"status-publish","5":"entry"},"_links":{"self":[{"href":"https:\/\/moverdb.com\/es\/wp-json\/wp\/v2\/pages\/944","targetHints":{"allow":["GET"]}}],"collection":[{"href":"https:\/\/moverdb.com\/es\/wp-json\/wp\/v2\/pages"}],"about":[{"href":"https:\/\/moverdb.com\/es\/wp-json\/wp\/v2\/types\/page"}],"author":[{"embeddable":true,"href":"https:\/\/moverdb.com\/es\/wp-json\/wp\/v2\/users\/1"}],"replies":[{"embeddable":true,"href":"https:\/\/moverdb.com\/es\/wp-json\/wp\/v2\/comments?post=944"}],"version-history":[{"count":8,"href":"https:\/\/moverdb.com\/es\/wp-json\/wp\/v2\/pages\/944\/revisions"}],"predecessor-version":[{"id":6207,"href":"https:\/\/moverdb.com\/es\/wp-json\/wp\/v2\/pages\/944\/revisions\/6207"}],"wp:attachment":[{"href":"https:\/\/moverdb.com\/es\/wp-json\/wp\/v2\/media?parent=944"}],"curies":[{"name":"wp","href":"https:\/\/api.w.org\/{rel}","templated":true}]}}