{"id":943,"date":"2016-09-03T18:19:36","date_gmt":"2016-09-03T18:19:36","guid":{"rendered":"http:\/\/moverdb.com\/?page_id=943"},"modified":"2026-01-08T15:20:36","modified_gmt":"2026-01-08T15:20:36","slug":"robinsons","status":"publish","type":"page","link":"https:\/\/moverdb.com\/es\/robinsons\/","title":{"rendered":"Robinsons Relocation: Rese\u00f1as de Mudanzas y Traslados Internacionales"},"content":{"rendered":"<p>Robinsons Relocation es una empresa internacional <a href=\"https:\/\/moverdb.com\/es\/international-removals\/\" data-internallinksmanager029f6b8e52c=\"27\" title=\"36 mejores empresas de mudanzas internacionales del Reino Unido\">empresa de mudanzas<\/a> que ofrecen a sus clientes numerosos servicios para ayudarles a trasladarse al extranjero. A continuaci\u00f3n se enumeran los servicios junto con el perfil de la empresa y las rese\u00f1as.<\/p>\n<p><strong>Mudanzas internacionales<\/strong><\/p>\n<ul>\n<li> Gestor de mudanzas dedicado<\/li>\n<li> De puerta a puerta<\/li>\n<li> Embalaje propio o profesional<\/li>\n<li> Transporte a\u00e9reo o mar\u00edtimo <a href=\"https:\/\/moverdb.com\/es\/transporte-de-contenedores\/\">transporte internacional de contenedores<\/a><\/li>\n<li> opciones de carga completa y carga parcial<\/li>\n<li> Desembalaje y montaje<\/li>\n<li> Asistencia aduanera<\/li>\n<li> Seguro contratado<\/li>\n<li> Env\u00edo de coches<\/li>\n<li> Env\u00edo de mascotas<\/li>\n<li> Env\u00edo de obras de arte y antig\u00fcedades<\/li>\n<li> Reubicaci\u00f3n de empresas<\/li>\n<\/ul>\n<p><strong>Servicios de reubicaci\u00f3n<\/strong><\/p>\n<ul>\n<li> Orientaci\u00f3n de la zona<\/li>\n<li> B\u00fasqueda en el hogar<\/li>\n<li> B\u00fasqueda de escuelas<\/li>\n<li> Servicios de instalaci\u00f3n<\/li>\n<li> Apoyo continuo y gesti\u00f3n del alquiler<\/li>\n<li> Servicios de salida<\/li>\n<li> Visados e inmigraci\u00f3n<\/li>\n<li> Interculturalidad y lenguaje<\/li>\n<li> Manutenci\u00f3n del c\u00f3nyuge<\/li>\n<\/ul>\n<p><strong>Almacenamiento<\/strong><\/p>\n<ul>\n<li> A largo y corto plazo<\/li>\n<li> Guardamuebles<\/li>\n<li> Almacenamiento de veh\u00edculos<\/li>\n<li> Almacenamiento comercial<\/li>\n<li> Almacenamiento de documentos<\/li>\n<li> 8 ramas para elegir<\/li>\n<li> Embalaje profesional<\/li>\n<li> Seguro autom\u00e1tico<\/li>\n<li> CCTV 24 horas<\/li>\n<\/ul>\n<p><strong><a href=\"https:\/\/moverdb.com\/es\/moving-to-the-uk\/\" data-internallinksmanager029f6b8e52c=\"93\" title=\"\u00bfSe muda al Reino Unido? 2026 Costes de vida y consejos de reubicaci\u00f3n\">REINO UNIDO<\/a> Mudanzas de casas<\/strong><\/p>\n<ul>\n<li> De puerta a puerta<\/li>\n<li> Servicio completo<\/li>\n<li> Reubicaci\u00f3n de empresas<\/li>\n<\/ul>\n<h2>Perfil de la empresa Robinsons Relocation<\/h2>\n<p>Robinsons fue fundada en 1895 por Alfred Robinson y la empresa comenz\u00f3 moviendo carb\u00f3n. La competencia era grande, as\u00ed que Alfred Robinson decidi\u00f3 cambiar al negocio de las mudanzas. <\/p>\n<p>La empresa se expandi\u00f3 a las mudanzas internacionales en la d\u00e9cada de 1960 con la llegada de la emigraci\u00f3n masiva a <a href=\"https:\/\/moverdb.com\/es\/moving-to-australia\/living-in-australia\/\" data-internallinksmanager029f6b8e52c=\"240\" title=\"21 secretos sobre la vida en Australia que debes conocer antes de mudarte\">Australia<\/a>. El nieto de Alfred Robinson es hoy el presidente de la empresa.<\/p>\n<p>Robinsons es uno de los cinco principales exportadores de bienes personales del Reino Unido. Su objetivo es ofrecer a sus clientes, tanto privados como corporativos, un plan a medida para garantizar que su traslado se realice sin esfuerzo y sin costes ocultos. <\/p>\n<p>La empresa cuenta con seis almacenes especialmente construidos en los principales centros del Reino Unido. Tambi\u00e9n cuenta con una flota de 60 veh\u00edculos y una plantilla de m\u00e1s de 150 personas altamente capacitadas.<\/p>\n<p>Lista de afiliaciones y acreditaciones de Robinsons:<\/p>\n<ul>\n<li> <a href=\"https:\/\/moverdb.com\/es\/british-association-of-removers\/\">La Asociaci\u00f3n Brit\u00e1nica de Empresas de Mudanzas<\/a> (<a href=\"https:\/\/moverdb.com\/es\/british-association-of-removers\/\" data-internallinksmanager029f6b8e52c=\"9\" title=\"Explicaci\u00f3n de la Asociaci\u00f3n Brit\u00e1nica de Empresas de Mudanzas (BAR)\">BAR<\/a>)<\/li>\n<li> <a href=\"https:\/\/moverdb.com\/es\/bar-overseas\/\">La Asociaci\u00f3n Brit\u00e1nica de Mudanzas en el Extranjero<\/a><\/li>\n<li> Asociaci\u00f3n Brit\u00e1nica de Transporte Internacional de Mercanc\u00edas (BIFA)<\/li>\n<li> Seguridad en el mundo<\/li>\n<li> <a href=\"https:\/\/moverdb.com\/es\/fidi-faim\/\">Federaci\u00f3n Internacional de empresas de mudanzas internacionales<\/a> (<a href=\"https:\/\/moverdb.com\/es\/fidi-faim\/\" data-internallinksmanager029f6b8e52c=\"16\" title=\"Explicaci\u00f3n del FIDI y del FAIM (FIDI Accredited International Mover)\">FIDI<\/a>)<\/li>\n<li> Overseas Moving Network Incorporated (OMNI)<\/li>\n<li> FAIM Plus<\/li>\n<li> <a href=\"https:\/\/moverdb.com\/es\/eura\/\">EuRA<\/a><\/li>\n<li> ISO 9901:2008<\/li>\n<li> ISO 14001 :2004<\/li>\n<li> La Asociaci\u00f3n de Comerciantes de Arte y Antig\u00fcedades (LAPADA)<\/li>\n<li> Fabricantes brit\u00e1nicos de muebles (BFM)<\/li>\n<\/ul>\n<h2>Opiniones de Robinsons Relocation<\/h2>\n<p><strong>Positivo:<\/strong><\/p>\n<ul>\n<li> <em>\"Robinsons fue muy paciente con nuestro a veces \"dif\u00edcil\" viaje para llegar a una fecha real de mudanza, coordin\u00e1ndose felizmente conmigo. El personal de la oficina fue servicial, comprensivo y amable. Y cuando lleg\u00f3 el d\u00eda, los chicos que vinieron a empaquetar la casa para <a href=\"https:\/\/moverdb.com\/es\/moving-to-the-united-states\/\" data-internallinksmanager029f6b8e52c=\"94\" title=\"\u00bfSe muda a Estados Unidos? 2026 Costes de vida y consejos de reubicaci\u00f3n\">us<\/a> fueron amables, profesionales y, sobre todo, concienzudos\".<\/em> - Charlie K Brisker v\u00eda <a href=\"https:\/\/uk.trustpilot.com\/reviews\/57c6b04b0000ff000982140f\" target=\"_blank\" rel=\"noopener\">Trustpilot<\/a><\/li>\n<li> <em>\"Tuvimos una excelente experiencia con Robinsons y por eso me sorprendi\u00f3 bastante cuando vi una rese\u00f1a anterior que dec\u00eda lo contrario. Por nuestra propia experiencia nos hemos mudado varias veces a varias partes del mundo y hemos llegado a confiar en Robinsons con nuestra mudanza cada vez desde que los usamos por primera vez en los a\u00f1os 90\".<\/em> - Aiden Roberts v\u00eda <a href=\"http:\/\/www.removalreviews.co.uk\/movingreviews\/really-great-service-thank-you-robinsons-6974\" target=\"_blank\" rel=\"noopener\">Rese\u00f1as de mudanzas<\/a> <\/li>\n<\/ul>\n<p><strong>Negativo:<\/strong><\/p>\n<ul>\n<li> <em>\"Los dos primeros chicos que llegaron fueron fant\u00e1sticos. Luego llegaron otros tres. Conectaron sus tel\u00e9fonos m\u00f3viles a nuestros enchufes para poner m\u00fasica. El embalaje de los art\u00edculos m\u00e1s peque\u00f1os fue estupendo. No se rompi\u00f3 nada. Sin embargo, la falta de cuidado y respeto por los art\u00edculos m\u00e1s grandes fue impactante. \"<\/em> - Sharon Card v\u00eda <a href=\"https:\/\/www.trustpilot.com\/users\/55ed817e0000ff0001d9df65\" target=\"_blank\" rel=\"noopener\">Trustpilot<\/a> <\/li>\n<li> \"<em>Despu\u00e9s de investigar un poco, pens\u00e9 que hab\u00eda elegido una empresa de confianza para gestionar mi traslado internacional. No pod\u00eda estar m\u00e1s equivocado\". <\/em>Eric v\u00eda <a href=\"http:\/\/www.removalreviews.co.uk\/movingreviews\/absolute-disgrace-2741\" target=\"_blank\" rel=\"noopener\">Rese\u00f1as de mudanzas<\/a> <\/li>\n<\/ul>\n<div itemprop=\"review\" itemscope itemtype=\"http:\/\/schema.org\/Review\">\n<span itemprop=\"author\" itemscope=\"\" itemtype=\"http:\/\/schema.org\/Organization\"><span itemprop=\"name\">MoverDB.com<\/span><\/span> Revisi\u00f3n del sitio web en l\u00ednea para <span itemprop=\"itemreviewed\" itemscope=\"\" itemtype=\"http:\/\/schema.org\/Brand\"><span itemprop=\"name\">Robinsons Relocation<\/span><\/span>:<\/p>\n<ol>\n<li> Datos de contacto claros en el sitio web (incluido el n\u00famero de tel\u00e9fono): <strong>S\u00ed<\/strong><\/li>\n<li> F\u00e1cil de conseguir <a href=\"https:\/\/moverdb.com\/es\/citas\/\">presupuestos de mudanzas internacionales<\/a>? (Formulario de solicitud de presupuesto en l\u00ednea): <strong>S\u00ed<\/strong><\/li>\n<li> Informaci\u00f3n clara en el sitio web: <strong>S\u00ed,<\/strong> buena cantidad de informaci\u00f3n sobre todos los servicios que ofrecen.<\/li>\n<li> Pertenencia a organizaciones de mudanzas reconocidas internacionalmente: <strong>S\u00ed<\/strong>, muchos ven arriba.<\/li>\n<li> Lista de clientes y\/o testimonios de clientes anteriores: <strong>S\u00ed,<\/strong> pero no en su p\u00e1gina web, sino que los clientes dejan rese\u00f1as en TrustPilot, donde tienen una valoraci\u00f3n muy positiva.<\/li>\n<\/ol>\n<div itemprop=\"reviewRating\" itemscope itemtype=\"http:\/\/schema.org\/Rating\"><meta itemprop=\"worstRating\" content = \"0\" \/><meta itemprop=\"bestRating\" content=\"5\" \/><meta itemprop=\"ratingValue\" content=\"5\"><\/div>\n<p><strong>Puntuaci\u00f3n global: 5\/5<\/strong><br \/>\n<strong>Fecha de revisi\u00f3n:<\/strong> <span itemprop=\"datePublished\" content=\"2016-09-03\">03\/09\/2016<\/span>\n<\/div>\n<p>M\u00e1s informaci\u00f3n sobre <a href=\"https:\/\/moverdb.com\/es\/mudanzas-internacionales\/\">empresas de mudanzas internacionales<\/a> y nuestro <a href=\"https:\/\/moverdb.com\/es\/resenas\/\">proceso de revisi\u00f3n<\/a>.<\/p>\n<p><strong>P\u00e1gina web:<\/strong> <a href=\"http:\/\/www.robinsonsrelo.com\" target=\"_blank\" rel=\"noopener\">http:\/\/www.robinsonsrelo.com<\/a><\/p>","protected":false},"excerpt":{"rendered":"<p>Robinsons Relocation are an international removal company which offer their clients many services to assist them in relocating abroad. The services are listed below together with a company profile and reviews. International Removals Dedicated move manager Door to door Self-packing or professionally packed Air freight or sea freight international container shipping full load and part [&hellip;]<\/p>\n","protected":false},"author":1,"featured_media":0,"parent":0,"menu_order":0,"comment_status":"closed","ping_status":"closed","template":"","meta":{"_genesis_hide_title":false,"_genesis_hide_breadcrumbs":false,"_genesis_hide_singular_image":false,"_genesis_hide_footer_widgets":false,"_genesis_custom_body_class":"","_genesis_custom_post_class":"","_genesis_layout":"","footnotes":""},"class_list":{"0":"post-943","1":"page","2":"type-page","3":"status-publish","5":"entry"},"_links":{"self":[{"href":"https:\/\/moverdb.com\/es\/wp-json\/wp\/v2\/pages\/943","targetHints":{"allow":["GET"]}}],"collection":[{"href":"https:\/\/moverdb.com\/es\/wp-json\/wp\/v2\/pages"}],"about":[{"href":"https:\/\/moverdb.com\/es\/wp-json\/wp\/v2\/types\/page"}],"author":[{"embeddable":true,"href":"https:\/\/moverdb.com\/es\/wp-json\/wp\/v2\/users\/1"}],"replies":[{"embeddable":true,"href":"https:\/\/moverdb.com\/es\/wp-json\/wp\/v2\/comments?post=943"}],"version-history":[{"count":5,"href":"https:\/\/moverdb.com\/es\/wp-json\/wp\/v2\/pages\/943\/revisions"}],"predecessor-version":[{"id":6233,"href":"https:\/\/moverdb.com\/es\/wp-json\/wp\/v2\/pages\/943\/revisions\/6233"}],"wp:attachment":[{"href":"https:\/\/moverdb.com\/es\/wp-json\/wp\/v2\/media?parent=943"}],"curies":[{"name":"wp","href":"https:\/\/api.w.org\/{rel}","templated":true}]}}