{"id":942,"date":"2016-09-04T17:22:17","date_gmt":"2016-09-04T17:22:17","guid":{"rendered":"http:\/\/moverdb.com\/?page_id=942"},"modified":"2026-01-08T14:47:57","modified_gmt":"2026-01-08T14:47:57","slug":"city-moving-storage","status":"publish","type":"page","link":"https:\/\/moverdb.com\/es\/city-moving-storage\/","title":{"rendered":"City Moving and Storage: Rese\u00f1as de Mudanzas Internacionales"},"content":{"rendered":"<p>City Moving and Storage ofrece servicios de mudanzas locales y al extranjero, tanto a empresas como a particulares. A continuaci\u00f3n se presenta una lista de estos servicios, junto con un perfil de la empresa y opiniones.<\/p>\n<p><strong>Nota:<\/strong> City Moving and Storage, no debe confundirse con City Removals, que es una empresa distinta que tambi\u00e9n ofrece confusamente <a href=\"https:\/\/moverdb.com\/es\/mudanzas-internacionales\/\">mudanzas internacionales<\/a>.<\/p>\n<p><strong>Servicios de mudanza<\/strong><\/p>\n<ul>\n<li> Desembalaje y desescombro Servicio de embalaje completo<\/li>\n<li> Embalaje de antig\u00fcedades y obras de arte<\/li>\n<li> Servicios de transporte mar\u00edtimo por LCL (carga inferior a un contenedor) o FCL (carga de contenedor completo) <a href=\"https:\/\/moverdb.com\/es\/transporte-de-contenedores\/\">env\u00edo de contenedores<\/a>.<\/li>\n<li> Servicios semanales de camiones de mudanzas a Europa<\/li>\n<li> Despacho de aduanas y tr\u00e1mites<\/li>\n<li> Desembalaje y desescombro<\/li>\n<\/ul>\n<p><strong>Servicios de almacenamiento<\/strong><\/p>\n<ul>\n<li> Carga de contenedores<\/li>\n<li> Contenedores de embalaje<\/li>\n<li> Sellado de contenedores<\/li>\n<li> Estiba de contenedores<\/li>\n<\/ul>\n<h2>Perfil de la empresa City Moving and Storage<\/h2>\n<p>City Moving and Storage es una sociedad an\u00f3nima que inici\u00f3 su actividad en 1986. Su sede central se encuentra en <a href=\"https:\/\/moverdb.com\/es\/moving-to-london\/\">Londres<\/a> con socios comerciales de todo el mundo. La empresa env\u00eda efectos personales y empresariales a todo el mundo y se enorgullece de contar con personal profesional y bien formado que sigue el proceso de puerta a puerta.<\/p>\n<p>La empresa est\u00e1 especializada en el env\u00edo de antig\u00fcedades, obras de arte, pianos y coches por todo el mundo. Tienen un departamento especializado en Escandinavia, con salidas semanales desde Londres. Los clientes reciben informaci\u00f3n actualizada sobre sus env\u00edos, con notificaciones en cada etapa del viaje. <\/p>\n<p>City Moving and Storage tiene acreditaciones de:<\/p>\n<ul>\n<li> <a href=\"https:\/\/moverdb.com\/es\/british-association-of-removers\/\">La Asociaci\u00f3n Brit\u00e1nica de Empresas de Mudanzas<\/a> (<a href=\"https:\/\/moverdb.com\/es\/british-association-of-removers\/\" data-internallinksmanager029f6b8e52c=\"9\" title=\"Explicaci\u00f3n de la Asociaci\u00f3n Brit\u00e1nica de Empresas de Mudanzas (BAR)\">BAR<\/a>)<\/li>\n<li> <a href=\"https:\/\/moverdb.com\/es\/fidi-faim\/\">La Federaci\u00f3n de empresas de mudanzas internacionales<\/a> (<a href=\"https:\/\/moverdb.com\/es\/fidi-faim\/\" data-internallinksmanager029f6b8e52c=\"16\" title=\"Explicaci\u00f3n del FIDI y del FAIM (FIDI Accredited International Mover)\">FIDI<\/a>)<\/li>\n<li> Norma de servicio de calidad garantizada - BS EN 12522<\/li>\n<\/ul>\n<p><strong>Rese\u00f1as de City Moving and Storage<\/strong><\/p>\n<p>No pudimos encontrar ninguna rese\u00f1a positiva o negativa en l\u00ednea para City Moving and Storage.<\/p>\n<div itemprop=\"review\" itemscope itemtype=\"http:\/\/schema.org\/Review\">\n<span itemprop=\"author\" itemscope=\"\" itemtype=\"http:\/\/schema.org\/Organization\"><span itemprop=\"name\">MoverDB.com<\/span><\/span> Revisi\u00f3n del sitio web en l\u00ednea para <span itemprop=\"itemreviewed\" itemscope=\"\" itemtype=\"http:\/\/schema.org\/Brand\"><span itemprop=\"name\">City Moving and Storage<\/span><\/span>:<\/p>\n<ol>\n<li> Datos de contacto claros en el sitio web (incluido el n\u00famero de tel\u00e9fono): <strong>S\u00ed<\/strong><\/li>\n<li> F\u00e1cil de conseguir <a href=\"https:\/\/moverdb.com\/es\/citas\/\">presupuestos de mudanzas internacionales<\/a>? (Formulario de solicitud de presupuesto en l\u00ednea): <strong>B\u00e1sico<\/strong>En su p\u00e1gina web tienen un formulario de contacto, pero no especifican si ofrecen presupuestos.<\/li>\n<li> Informaci\u00f3n clara en el sitio web: <strong>No,<\/strong> La p\u00e1gina web se cre\u00f3 en 2008 y te dice muy poco sobre la empresa o los movimientos que ofrecen.<\/li>\n<li> Pertenencia a organizaciones de mudanzas reconocidas internacionalmente: <strong>S\u00ed<\/strong>, v\u00e9ase m\u00e1s arriba.<\/li>\n<li> Lista de clientes y\/o testimonios de clientes anteriores: <strong>No,<\/strong> Una vez m\u00e1s, el contenido del sitio web es m\u00ednimo y no incluye ning\u00fan testimonio de clientes o listas de clientes, adem\u00e1s de que no parece haber rese\u00f1as en l\u00ednea.<\/li>\n<\/ol>\n<div itemprop=\"reviewRating\" itemscope itemtype=\"http:\/\/schema.org\/Rating\"><meta itemprop=\"worstRating\" content = \"0\" \/><meta itemprop=\"bestRating\" content=\"5\" \/><meta itemprop=\"ratingValue\" content=\"2.5\"><\/div>\n<p><strong>Puntuaci\u00f3n global: 2,5\/5<\/strong><br \/>\n<strong>Fecha de revisi\u00f3n:<\/strong> <span itemprop=\"datePublished\" content=\"2016-09-04\">04\/09\/2016<\/span>\n<\/div>\n<p>M\u00e1s sobre <a href=\"https:\/\/moverdb.com\/es\/empresas-de-mudanzas\/\">empresas de mudanzas internacionales<\/a> y nuestro <a href=\"https:\/\/moverdb.com\/es\/resenas\/\">proceso de revisi\u00f3n<\/a>.<\/p>\n<p><strong>P\u00e1gina web:<\/strong> <a href=\"http:\/\/www.citymoving.co.uk\" target=\"_blank\" rel=\"noopener\">http:\/\/www.citymoving.co.uk<\/a><\/p>","protected":false},"excerpt":{"rendered":"<p>City Moving and Storage offer both overseas and local moves to both business and private clients. There follows a list of these services, together with a company profile and reviews. Note: City Moving and Storage, should not be confused with City Removals, which is a separate company that also confusingly offers international removals. Moving Services [&hellip;]<\/p>\n","protected":false},"author":1,"featured_media":0,"parent":0,"menu_order":0,"comment_status":"closed","ping_status":"closed","template":"","meta":{"_genesis_hide_title":false,"_genesis_hide_breadcrumbs":false,"_genesis_hide_singular_image":false,"_genesis_hide_footer_widgets":false,"_genesis_custom_body_class":"","_genesis_custom_post_class":"","_genesis_layout":"","footnotes":""},"class_list":{"0":"post-942","1":"page","2":"type-page","3":"status-publish","5":"entry"},"_links":{"self":[{"href":"https:\/\/moverdb.com\/es\/wp-json\/wp\/v2\/pages\/942","targetHints":{"allow":["GET"]}}],"collection":[{"href":"https:\/\/moverdb.com\/es\/wp-json\/wp\/v2\/pages"}],"about":[{"href":"https:\/\/moverdb.com\/es\/wp-json\/wp\/v2\/types\/page"}],"author":[{"embeddable":true,"href":"https:\/\/moverdb.com\/es\/wp-json\/wp\/v2\/users\/1"}],"replies":[{"embeddable":true,"href":"https:\/\/moverdb.com\/es\/wp-json\/wp\/v2\/comments?post=942"}],"version-history":[{"count":5,"href":"https:\/\/moverdb.com\/es\/wp-json\/wp\/v2\/pages\/942\/revisions"}],"predecessor-version":[{"id":6191,"href":"https:\/\/moverdb.com\/es\/wp-json\/wp\/v2\/pages\/942\/revisions\/6191"}],"wp:attachment":[{"href":"https:\/\/moverdb.com\/es\/wp-json\/wp\/v2\/media?parent=942"}],"curies":[{"name":"wp","href":"https:\/\/api.w.org\/{rel}","templated":true}]}}