{"id":941,"date":"2016-07-25T11:02:02","date_gmt":"2016-07-25T11:02:02","guid":{"rendered":"http:\/\/moverdb.com\/?page_id=941"},"modified":"2026-01-08T15:30:36","modified_gmt":"2026-01-08T15:30:36","slug":"united-van-lines","status":"publish","type":"page","link":"https:\/\/moverdb.com\/es\/united-van-lines\/","title":{"rendered":"United Van Lines: Servicios de Mudanzas Internacionales y Rese\u00f1as"},"content":{"rendered":"<p>United Van Lines ofrece a sus clientes muchos servicios de mudanza tanto internacionales como dentro de la <a href=\"https:\/\/moverdb.com\/es\/moving-to-the-united-states\/\" data-internallinksmanager029f6b8e52c=\"94\" title=\"\u00bfSe muda a Estados Unidos? 2026 Costes de vida y consejos de reubicaci\u00f3n\">EE.UU.<\/a>. A continuaci\u00f3n encontrar\u00e1 una lista de estos servicios, adem\u00e1s de un perfil de la empresa y rese\u00f1as.<\/p>\n<p><strong>Mudanzas internacionales<\/strong><\/p>\n<ul>\n<li> Planificaci\u00f3n y preparaci\u00f3n de la mudanza<\/li>\n<li> Evaluaci\u00f3n y estimaci\u00f3n de las necesidades<\/li>\n<li> Viaje de previsi\u00f3n de destino<\/li>\n<li> Formaci\u00f3n ling\u00fc\u00edstica y orientaci\u00f3n cultural<\/li>\n<li> Gesti\u00f3n de la mudanza<\/li>\n<li> Servicios de planificaci\u00f3n<\/li>\n<li> Tr\u00e1nsito internacional<\/li>\n<li> Seguimiento y entrega<\/li>\n<li> Servicios de instalaci\u00f3n: bancos, m\u00e9dicos, etc.<\/li>\n<li> Servicios de visado e inmigraci\u00f3n<\/li>\n<li> Procesos de inmigraci\u00f3n empresarial<\/li>\n<li> Procesos individuales de inmigraci\u00f3n<\/li>\n<li> Ayuda a la vivienda - temporal o permanente<\/li>\n<li> Servicios de b\u00fasqueda de vivienda<\/li>\n<li> Alojamiento temporal<\/li>\n<li> Gesti\u00f3n de la propiedad y del arrendamiento<\/li>\n<li> Ayuda al traslado de la familia<\/li>\n<li> Tramitaci\u00f3n de visados y pasaportes<\/li>\n<li> Apoyo de la pareja\/del c\u00f3nyuge<\/li>\n<li> Asistencia escolar<\/li>\n<li> Formaci\u00f3n cultural y ling\u00fc\u00edstica<\/li>\n<li> Traslado de mascotas<\/li>\n<li> Seguros<\/li>\n<\/ul>\n<p><strong>Mu\u00e9vete con United<\/strong><\/p>\n<ul>\n<li> Traslados locales<\/li>\n<li> Traslados internacionales<\/li>\n<li> Mudanzas de larga distancia<\/li>\n<li> Movimientos corporativos<\/li>\n<li> Movimientos militares y gubernamentales<\/li>\n<li> Mudanzas de autom\u00f3viles<\/li>\n<\/ul>\n<p><strong>Embalaje y almacenamiento<\/strong><\/p>\n<ul>\n<li> Autoenvasado<\/li>\n<li> Embalaje personalizado<\/li>\n<li> Servicio completo de embalaje<\/li>\n<li> Desembale usted mismo<\/li>\n<li> Desembalaje a medida<\/li>\n<li> Desembalaje completo<\/li>\n<li> 90 d\u00edas de almacenamiento en tr\u00e1nsito<\/li>\n<li> Almacenamiento en b\u00f3veda<\/li>\n<li> Almacenamiento y dep\u00f3sito de corta y larga duraci\u00f3n<\/li>\n<\/ul>\n<h2>Perfil de la empresa United Van Lines<\/h2>\n<p>United Van Lines abri\u00f3 sus puertas en 1928 como Return Loads Service en Cleveland, <a href=\"https:\/\/moverdb.com\/es\/moving-to-the-united-states\/moving-to-ohio\/\" data-internallinksmanager029f6b8e52c=\"409\" title=\"\u00bfSe muda a Ohio? 2026 Coste de la vida y consejos para el traslado\">Ohio<\/a>. La empresa se ha ido consolidando y ampliando al mercado internacional. En 1995 obtuvo sus primeros ingresos de mil millones de d\u00f3lares. <\/p>\n<p>United Van Lines es el #1 en cuota de mercado de las empresas de mudanzas del pa\u00eds.<\/p>\n<p>United cuenta con 340 agentes locales en todo el pa\u00eds que se encargan de las mudanzas y el almacenamiento. La empresa utiliza m\u00e1s de 1000 agentes profesionales en 128 pa\u00edses para sus mudanzas internacionales.<\/p>\n<p>United Van Lines cuenta con las siguientes acreditaciones y afiliaciones:<\/p>\n<ul>\n<li> <a href=\"https:\/\/moverdb.com\/es\/amsa\/\">Asociaci\u00f3n Americana de Mudanzas y Almacenamiento<\/a> (<a href=\"https:\/\/moverdb.com\/es\/amsa\/\" data-internallinksmanager029f6b8e52c=\"5\" title=\"Explicaci\u00f3n de la Asociaci\u00f3n Americana de Mudanzas y Almacenamiento (AMSA)\">AMSA<\/a>)<\/li>\n<li> <a href=\"https:\/\/moverdb.com\/es\/rim-promover\/\">ProMover<\/a> (AMSA)<\/li>\n<li> National Quality Assurance USA ISO 9001 2008<\/li>\n<li> <a href=\"https:\/\/moverdb.com\/es\/canadian-association-of-movers\/\">Asociaci\u00f3n canadiense de empresas de mudanzas<\/a> (<a href=\"https:\/\/moverdb.com\/es\/canadian-association-of-movers\/\" data-internallinksmanager029f6b8e52c=\"11\" title=\"Explicaci\u00f3n de la Asociaci\u00f3n Canadiense de Empresas de Mudanzas (CAM)\">CAM<\/a>)<\/li>\n<\/ul>\n<h2>Opiniones de United Van Lines<\/h2>\n<p><strong>Positivo:<\/strong><\/p>\n<ul>\n<li> \"<em>United Van Lines y sus socios locales fueron maravillosos\".<\/em> - Julia v\u00eda <a href=\"http:\/\/www.yelp.com\/user_details?userid=nPUhNLstAOJEWjHLAb1rpA\" target=\"_blank\" rel=\"noopener\">Yelp<\/a><\/li>\n<li> \"<em>Si te vas a mudar a Omaha te debes a ti mismo usar esta compa\u00f1\u00eda\".<\/em> - Dean S a trav\u00e9s de <a href=\"http:\/\/www.movingcompanyreviews.com\/MO\/Fenton\/united-van-lines-llc-61144\" target=\"_blank\" rel=\"noopener\">MovingCompanyReviews.com<\/a><\/li>\n<\/ul>\n<p><strong>Negativo:<\/strong><\/p>\n<ul>\n<li> \"<em>Un servicio de atenci\u00f3n al cliente horrible\".<\/em> - Ally v\u00eda <a href=\"http:\/\/www.yelp.com\/user_details?userid=ab4N7Z9Che1cq3g-QrONUw\" target=\"_blank\" rel=\"noopener\">Yelp<\/a> <\/li>\n<li> \"<em>Una pesadilla. Trabajamos con John Silvernail de Corrigan United para trasladar a nuestra familia de <a href=\"https:\/\/moverdb.com\/es\/moving-to-the-united-states\/moving-to-colorado\/\" data-internallinksmanager029f6b8e52c=\"399\" title=\"\u00bfSe muda a Colorado? 2026 Coste de vida y consejos de reubicaci\u00f3n\">Colorado<\/a> a <a href=\"https:\/\/moverdb.com\/es\/moving-to-the-united-states\/moving-to-california\/\" data-internallinksmanager029f6b8e52c=\"330\" title=\"\u00bfMudarse a California? 2026 Coste de la vida y consejos para la reubicaci\u00f3n\">California<\/a> en junio de 2014\".<\/em> - Gaea M v\u00eda <a href=\"http:\/\/www.movingcompanyreviews.com\/MO\/Fenton\/united-van-lines-llc-61144\" target=\"_blank\" rel=\"noopener\">MovingCompanyReviews.com<\/a><\/li>\n<\/ul>\n<div itemprop=\"review\" itemscope itemtype=\"http:\/\/schema.org\/Review\">\n<span itemprop=\"author\" itemscope=\"\" itemtype=\"http:\/\/schema.org\/Organization\"><span itemprop=\"name\">MoverDB.com<\/span><\/span> Revisi\u00f3n del sitio web en l\u00ednea para <span itemprop=\"itemreviewed\" itemscope=\"\" itemtype=\"http:\/\/schema.org\/Brand\"><span itemprop=\"name\">United Van Lines<\/span><\/span>:<\/p>\n<ol>\n<li> Datos de contacto claros en el sitio web (incluido el n\u00famero de tel\u00e9fono): <strong>S\u00ed<\/strong><\/li>\n<li> F\u00e1cil de conseguir <a href=\"https:\/\/moverdb.com\/es\/citas\/\">presupuestos de mudanzas internacionales<\/a>? (Formulario de solicitud de presupuesto en l\u00ednea): <strong>S\u00ed<\/strong><\/li>\n<li> Informaci\u00f3n clara en el sitio web: <strong>S\u00ed.<\/strong> El sitio web expone claramente todos los servicios que ofrece la empresa.<\/li>\n<li> Pertenencia a organizaciones de mudanzas reconocidas internacionalmente: <strong>S\u00ed<\/strong>(v\u00e9ase m\u00e1s arriba)<\/li>\n<li> Lista de clientes y\/o testimonios de clientes anteriores. <strong>S\u00ed,<\/strong> Burke Inc. ha auditado de forma independiente las hojas de satisfacci\u00f3n de los clientes de la empresa y, bas\u00e1ndose en ellas, la empresa tiene un \u00edndice de satisfacci\u00f3n de los clientes de 4,22 sobre 5.<\/li>\n<\/ol>\n<div itemprop=\"reviewRating\" itemscope itemtype=\"http:\/\/schema.org\/Rating\"><meta itemprop=\"worstRating\" content = \"0\" \/><meta itemprop=\"bestRating\" content=\"5\" \/><meta itemprop=\"ratingValue\" content=\"5\"><\/div>\n<p><strong>Puntuaci\u00f3n global: 5\/5<\/strong><br \/>\n<strong>Fecha de revisi\u00f3n:<\/strong> <span itemprop=\"datePublished\" content=\"2016-07-25\">25\/07\/2016<\/span>\n<\/div>\n<p>M\u00e1s informaci\u00f3n <a href=\"https:\/\/moverdb.com\/es\/empresas-de-mudanzas\/\">empresas de mudanzas internacionales<\/a>, <a href=\"https:\/\/moverdb.com\/es\/us-canada-movers\/\">empresas de mudanzas nacionales<\/a> y nuestro <a href=\"https:\/\/moverdb.com\/es\/resenas\/\">proceso de revisi\u00f3n explicado<\/a>.<\/p>\n<p><strong>P\u00e1ginas web:<\/strong> EE.UU: <a href=\"http:\/\/www.unitedvanlines.com\/\" target=\"_blank\" rel=\"noopener\">http:\/\/www.unitedvanlines.com\/<\/a>; <a href=\"https:\/\/moverdb.com\/es\/moving-to-canada\/\" data-internallinksmanager029f6b8e52c=\"265\" title=\"\u00bfMudarse a Canad\u00e1? 2026 Coste de la vida y consejos para la reubicaci\u00f3n\">Canad\u00e1<\/a>: <a href=\"http:\/\/www.uvl.ca\/\" target=\"_blank\" rel=\"noopener\">http:\/\/www.uvl.ca\/<\/a> <\/p>","protected":false},"excerpt":{"rendered":"<p>United Van Lines offers its clients many moving services both international and within the US. Below is a list of these services, plus a company profile and reviews. International Moves Move planning and preparation Needs assessment and estimate Destination preview trip Language training and cultural orientation Move management Planning services International transit Tracking and delivery [&hellip;]<\/p>\n","protected":false},"author":1,"featured_media":0,"parent":0,"menu_order":0,"comment_status":"closed","ping_status":"closed","template":"","meta":{"_genesis_hide_title":false,"_genesis_hide_breadcrumbs":false,"_genesis_hide_singular_image":false,"_genesis_hide_footer_widgets":false,"_genesis_custom_body_class":"","_genesis_custom_post_class":"","_genesis_layout":"","footnotes":""},"class_list":{"0":"post-941","1":"page","2":"type-page","3":"status-publish","5":"entry"},"_links":{"self":[{"href":"https:\/\/moverdb.com\/es\/wp-json\/wp\/v2\/pages\/941","targetHints":{"allow":["GET"]}}],"collection":[{"href":"https:\/\/moverdb.com\/es\/wp-json\/wp\/v2\/pages"}],"about":[{"href":"https:\/\/moverdb.com\/es\/wp-json\/wp\/v2\/types\/page"}],"author":[{"embeddable":true,"href":"https:\/\/moverdb.com\/es\/wp-json\/wp\/v2\/users\/1"}],"replies":[{"embeddable":true,"href":"https:\/\/moverdb.com\/es\/wp-json\/wp\/v2\/comments?post=941"}],"version-history":[{"count":10,"href":"https:\/\/moverdb.com\/es\/wp-json\/wp\/v2\/pages\/941\/revisions"}],"predecessor-version":[{"id":6249,"href":"https:\/\/moverdb.com\/es\/wp-json\/wp\/v2\/pages\/941\/revisions\/6249"}],"wp:attachment":[{"href":"https:\/\/moverdb.com\/es\/wp-json\/wp\/v2\/media?parent=941"}],"curies":[{"name":"wp","href":"https:\/\/api.w.org\/{rel}","templated":true}]}}