{"id":940,"date":"2016-09-04T19:16:26","date_gmt":"2016-09-04T19:16:26","guid":{"rendered":"http:\/\/moverdb.com\/?page_id=940"},"modified":"2026-01-08T14:47:53","modified_gmt":"2026-01-08T14:47:53","slug":"btr-international","status":"publish","type":"page","link":"https:\/\/moverdb.com\/es\/btr-international\/","title":{"rendered":"BTR Internacional: Movilidad de personal: Relocation &amp; Removals Rese\u00f1as"},"content":{"rendered":"<p>BTR International ofrece al mundo empresarial numerosos servicios para que pueda trasladar a su personal o su empresa al extranjero.<\/p>\n<p><strong>Servicios de mudanzas internacionales<\/strong><\/p>\n<ul type=\"circle\">\n<li class=\"m_7262227758002368167MsoListParagraph\"><b>Servicios de consultor\u00eda<\/b><u><\/u><u><\/u>\n<ul type=\"square\">\n<li class=\"m_7262227758002368167MsoListParagraph\">Dise\u00f1o y desarrollo de pol\u00edticas<u><\/u><u><\/u><\/li>\n<li class=\"m_7262227758002368167MsoListParagraph\">Evaluaci\u00f3n comparativa<u><\/u><u><\/u><\/li>\n<li class=\"m_7262227758002368167MsoListParagraph\">Asesoramiento<u><\/u><u><\/u><\/li>\n<\/ul>\n<\/li>\n<li class=\"m_7262227758002368167MsoListParagraph\"><b>Servicios previos a la asignaci\u00f3n<u><\/u><u><\/u><\/b>\n<ul type=\"square\">\n<li class=\"m_7262227758002368167MsoListParagraph\">Asesoramiento previo a las tareas<u><\/u><u><\/u><\/li>\n<li class=\"m_7262227758002368167MsoListParagraph\">Planificaci\u00f3n de la compensaci\u00f3n<u><\/u><u><\/u><\/li>\n<li class=\"m_7262227758002368167MsoListParagraph\">Proyecciones de costes de asignaci\u00f3n<u><\/u><u><\/u><\/li>\n<li class=\"m_7262227758002368167MsoListParagraph\">Preparaci\u00f3n de la carta de asignaci\u00f3n<u><\/u><u><\/u><\/li>\n<li class=\"m_7262227758002368167MsoListParagraph\">Planificaci\u00f3n y estrategia fiscal<u><\/u><u><\/u><\/li>\n<li class=\"m_7262227758002368167MsoListParagraph\">C\u00e1lculo de la indemnizaci\u00f3n inicial<u><\/u><u><\/u><\/li>\n<li class=\"m_7262227758002368167MsoListParagraph\">Coordinaci\u00f3n de visados e inmigraci\u00f3n<u><\/u><u><\/u><\/li>\n<li class=\"m_7262227758002368167MsoListParagraph\">Informes sobre el subsidio por coste de la vida<u><\/u><u><\/u><\/li>\n<li class=\"m_7262227758002368167MsoListParagraph\">Formaci\u00f3n cultural y ling\u00fc\u00edstica<u><\/u><u><\/u><\/li>\n<li class=\"m_7262227758002368167MsoListParagraph\">Asesoramiento educativo y colocaci\u00f3n<u><\/u><u><\/u><\/li>\n<li class=\"m_7262227758002368167MsoListParagraph\">Asistencia de marketing en el hogar<u><\/u><u><\/u><\/li>\n<\/ul>\n<\/li>\n<li class=\"m_7262227758002368167MsoListParagraph\"><b>Gesti\u00f3n de gastos<\/b><u><\/u><u><\/u>\n<ul type=\"square\">\n<li class=\"m_7262227758002368167MsoListParagraph\">Auditor\u00eda de gastos y desembolso<u><\/u><u><\/u><\/li>\n<li class=\"m_7262227758002368167MsoListParagraph\">Pago directo de gastos<u><\/u><u><\/u><\/li>\n<li class=\"m_7262227758002368167MsoListParagraph\">Conciliaci\u00f3n e informes detallados<u><\/u><u><\/u><\/li>\n<li class=\"m_7262227758002368167MsoListParagraph\">Cumplimiento de la pol\u00edtica global de movilidad<u><\/u><u><\/u><\/li>\n<li class=\"m_7262227758002368167MsoListParagraph\">Excepci\u00f3n a la pol\u00edtica de declaraci\u00f3n de gastos<u><\/u><u><\/u><\/li>\n<\/ul>\n<\/li>\n<li class=\"m_7262227758002368167MsoListParagraph\"><b>Gesti\u00f3n de traslados<\/b><u><\/u><u><\/u>\n<ul type=\"square\">\n<li class=\"m_7262227758002368167MsoListParagraph\">Gesti\u00f3n de mudanzas en grupo<u><\/u><u><\/u><\/li>\n<li class=\"m_7262227758002368167MsoListParagraph\">Soluci\u00f3n a tanto alzado<u><\/u><u><\/u><\/li>\n<li class=\"m_7262227758002368167MsoListParagraph\">Servicios de almacenamiento<u><\/u><u><\/u><\/li>\n<li class=\"m_7262227758002368167MsoListParagraph\">Programa de movilidad mundial<u><\/u><u><\/u><\/li>\n<li class=\"m_7262227758002368167MsoListParagraph\">Transporte internacional de mercanc\u00edas<u><\/u><u><\/u><\/li>\n<li class=\"m_7262227758002368167MsoListParagraph\">Programa de seguros<u><\/u><u><\/u><\/li>\n<li class=\"m_7262227758002368167MsoListParagraph\">Servicios VIP<u><\/u><u><\/u><\/li>\n<li class=\"m_7262227758002368167MsoListParagraph\">Gesti\u00f3n de existencias<u><\/u><u><\/u><\/li>\n<li class=\"m_7262227758002368167MsoListParagraph\">Mudanzas comerciales<u><\/u><u><\/u><\/li>\n<li class=\"m_7262227758002368167MsoListParagraph\">Servicios de mudanza de mascotas<u><\/u><u><\/u><\/li>\n<\/ul>\n<\/li>\n<li class=\"m_7262227758002368167MsoListParagraph\"><b>Servicios en destino<\/b><u><\/u><u><\/u>\n<ul type=\"square\">\n<li class=\"m_7262227758002368167MsoListParagraph\">Asistencia en la b\u00fasqueda de vivienda<u><\/u><u><\/u><\/li>\n<li class=\"m_7262227758002368167MsoListParagraph\">Ayuda para encontrar alquiler<u><\/u><u><\/u><\/li>\n<li class=\"m_7262227758002368167MsoListParagraph\">Ayuda para la b\u00fasqueda de centros escolares<u><\/u><u><\/u><\/li>\n<li class=\"m_7262227758002368167MsoListParagraph\">Vida temporal<u><\/u><u><\/u><\/li>\n<li class=\"m_7262227758002368167MsoListParagraph\">Orientaci\u00f3n profesional para c\u00f3nyuges<u><\/u><u><\/u><\/li>\n<li class=\"m_7262227758002368167MsoListParagraph\">Gesti\u00f3n de alquileres<u><\/u><u><\/u><\/li>\n<li class=\"m_7262227758002368167MsoListParagraph\">Gesti\u00f3n de la propiedad<u><\/u><u><\/u><\/li>\n<li class=\"m_7262227758002368167MsoListParagraph\">Servicios de instalaci\u00f3n<u><\/u><u><\/u><\/li>\n<\/ul>\n<\/li>\n<li class=\"m_7262227758002368167MsoListParagraph\"><b>Servicios de informaci\u00f3n<\/b><u><\/u><u><\/u>\n<ul type=\"square\">\n<li class=\"m_7262227758002368167MsoListParagraph\">Informes de asignaci\u00f3n a medida<u><\/u><u><\/u><\/li>\n<li class=\"m_7262227758002368167MsoListParagraph\">Gesti\u00f3n de costes e impuestos de fin de ejercicio<u><\/u><u><\/u><\/li>\n<li class=\"m_7262227758002368167MsoListParagraph\">Excepci\u00f3n al seguimiento de pol\u00edticas<u><\/u><u><\/u><\/li>\n<li class=\"m_7262227758002368167MsoListParagraph\">Seguimiento e informes de los viajeros de negocios<u><\/u><u><\/u><\/li>\n<li class=\"m_7262227758002368167MsoListParagraph\">Revisiones trimestrales y anuales de clientes<\/li>\n<\/ul>\n<\/li>\n<\/ul>\n<h2>Perfil de la empresa BTR International<\/h2>\n<p>BTR International es una empresa galardonada de gesti\u00f3n de traslados internacionales con m\u00e1s de 35 a\u00f1os de experiencia en movilidad de personal. El objetivo de BTR International es aliviar la carga del departamento de RRHH de una empresa organizando la mayor parte posible del traslado y apoyando tanto a la empresa como al personal que se traslada.<\/p>\n<p>BTR fue adquirida por Writer Corporation en 2019, una organizaci\u00f3n global con m\u00e1s de 60 a\u00f1os de experiencia en el sector de la reubicaci\u00f3n. Trabajar juntos ha reforzado su red global y la calidad de su servicio.<\/p>\n<p>Esta es una lista de las acreditaciones y afiliaciones de BTR International:<\/p>\n<ul>\n<li><a href=\"https:\/\/moverdb.com\/es\/british-association-of-removers\/\">La Asociaci\u00f3n Brit\u00e1nica de Empresas de Mudanzas<\/a> (<a href=\"https:\/\/moverdb.com\/es\/british-association-of-removers\/\" data-internallinksmanager029f6b8e52c=\"9\" title=\"Explicaci\u00f3n de la Asociaci\u00f3n Brit\u00e1nica de Empresas de Mudanzas (BAR)\">BAR<\/a>)<\/li>\n<li><a href=\"https:\/\/moverdb.com\/es\/bar-overseas\/\">La Asociaci\u00f3n Brit\u00e1nica de Mudanzas en el Extranjero<\/a><\/li>\n<li><a href=\"https:\/\/moverdb.com\/es\/fidi-faim\/\">Federaci\u00f3n de empresas de mudanzas internacionales<\/a> (<a href=\"https:\/\/moverdb.com\/es\/fidi-faim\/\" data-internallinksmanager029f6b8e52c=\"16\" title=\"Explicaci\u00f3n del FIDI y del FAIM (FIDI Accredited International Mover)\">FIDI<\/a>)<\/li>\n<li><a href=\"https:\/\/moverdb.com\/es\/fidi-faim\/\">FAIM Plus<\/a><\/li>\n<li><a href=\"https:\/\/moverdb.com\/es\/soy\/\">Asociaci\u00f3n Internacional de Empresas de Mudanzas<\/a> (<a href=\"https:\/\/moverdb.com\/es\/iam\/\" data-internallinksmanager029f6b8e52c=\"23\" title=\"Explicaci\u00f3n de la Asociaci\u00f3n Internacional de Empresas de Mudanzas (IAM)\">IAM<\/a>)<\/li>\n<li><a href=\"https:\/\/moverdb.com\/es\/fedemac\/\">FEDEMAC<\/a><\/li>\n<li><a href=\"https:\/\/moverdb.com\/es\/lacma\/\">LACMA<\/a><\/li>\n<li><a href=\"https:\/\/moverdb.com\/es\/mtc\/\">El Club de Comercio de Movers<\/a> (<a href=\"https:\/\/moverdb.com\/es\/mtc\/\" data-internallinksmanager029f6b8e52c=\"30\" title=\"Explicaci\u00f3n del Movers Trading Club (MTC)\">MTC<\/a>)<\/li>\n<li><a href=\"https:\/\/moverdb.com\/es\/consejo-de-reubicacion-de-empleados\/\">ERC en todo el mundo<\/a><\/li>\n<li><a href=\"https:\/\/moverdb.com\/es\/asociacion-de-profesionales-de-la-reubicacion\/\">La Asociaci\u00f3n de Profesionales de la Reubicaci\u00f3n<\/a> (<a href=\"https:\/\/moverdb.com\/es\/association-relocation-professionals\/\" data-internallinksmanager029f6b8e52c=\"6\" title=\"Explicaci\u00f3n de la Asociaci\u00f3n de Profesionales de la Reubicaci\u00f3n (ARP)\">ARP<\/a>)<\/li>\n<li><a href=\"https:\/\/moverdb.com\/es\/eura\/\">Asociaci\u00f3n Europea de Reubicaci\u00f3n<\/a> (<a href=\"https:\/\/moverdb.com\/es\/eura\/\" data-internallinksmanager029f6b8e52c=\"13\" title=\"La Asociaci\u00f3n Europea de Reubicaci\u00f3n (EuRA) explicada\">EuRA<\/a>)<\/li>\n<li>El Foro de Gesti\u00f3n de Expatriados<\/li>\n<li>ISO 9001<\/li>\n<li>ISO 14001<\/li>\n<\/ul>\n<p><strong>Rese\u00f1as de BTR International<\/strong><\/p>\n<p>La empresa ha recibido varias cr\u00edticas positivas <a href=\"https:\/\/www.google.com\/search?q=btr+international&#038;rlz=1C1GCEU_en-GBGB955GB973&#038;oq=btr+international&#038;aqs=chrome.0.0i355i512j46i175i199i512j69i59l3j69i60l3.8906j0j7&#038;sourceid=chrome&#038;ie=UTF-8#lrd=0x48764eb31a41d6d7:0xb3d5c304f795d7ad,1,,,\" target=\"_blank\" rel=\"noopener\">puede ver aqu\u00ed<\/a>.<\/p>\n<p><strong>Positivo<\/strong><\/p>\n<p><em>\"No podr\u00eda haber pedido una experiencia mejor con nuestra mudanza internacional con BTR. Los profesionales de mudanzas de ambos lados fueron meticulosos, agradables y altamente cualificados. Todos los art\u00edculos fueron cuidadosamente empaquetados, almacenados y desempaquetados\/reensamblados en destino seg\u00fan lo prometido. Nuestra coordinadora de mudanzas, Sarah, fue extremadamente proactiva, receptiva y atenta. Muy recomendable\".<\/em> - Tina Cachules<\/p>\n<p><em>\"Hemos utilizado esta empresa para nuestras dos mudanzas a lo largo de los a\u00f1os. Su servicio nos ha parecido excelente. Precios competitivos en ambas ocasiones. Su servicio de atenci\u00f3n al cliente es muy accesible y sus equipos de mudanzas son muy flexibles y eficientes. No dudo en recomendar BTR\".<\/em> - Geoff White<\/p>\n<p><em>\"Como mi mudanza fue con muy poca antelaci\u00f3n y fechas concretas, no pude reservarla con BTR. Pero el agente fue muy servicial y lleno de informaci\u00f3n y consejos. Definitivamente usar\u00eda en el futuro\".<\/em> - Rachael<\/p>\n<p><strong>Negativo:<\/strong><\/p>\n<ul>\n<li><em>\"Tuvimos una buena primera experiencia con BTR como agente de entrega de nuestro env\u00edo de enseres dom\u00e9sticos desde el <a href=\"https:\/\/moverdb.com\/es\/moving-to-the-united-states\/\" data-internallinksmanager029f6b8e52c=\"94\" title=\"\u00bfSe muda a Estados Unidos? 2026 Costes de vida y consejos de reubicaci\u00f3n\">EE.UU.<\/a> en mayo de 2011, pero fueron una pesadilla en una mudanza local en diciembre de 2012\".<\/em> - Tim Emrich v\u00eda <a href=\"http:\/\/www.removalreviews.co.uk\/movingreviews\/avoid-these-movers-1874\" target=\"_blank\" rel=\"noopener\">Rese\u00f1as de mudanzas<\/a><\/li>\n<\/ul>\n<div>\n<p>Rese\u00f1a del sitio web MoverDB.com de BTR International:<\/p>\n<ol>\n<li>Datos de contacto claros en el sitio web (incluido el n\u00famero de tel\u00e9fono): <strong>S\u00ed<\/strong><\/li>\n<li>F\u00e1cil de conseguir <a href=\"https:\/\/moverdb.com\/es\/citas\/\">presupuestos de mudanzas internacionales<\/a>? (Formulario de solicitud de presupuesto en l\u00ednea): <strong>S\u00ed<\/strong><\/li>\n<li>Informaci\u00f3n clara en el sitio web: <strong>Algunos,<\/strong> El sitio web no contiene mucha informaci\u00f3n detallada y es un poco dif\u00edcil de navegar, pero los detalles b\u00e1sicos se presentan con claridad.<\/li>\n<li>Pertenencia a organizaciones de mudanzas reconocidas internacionalmente: <strong>S\u00ed<\/strong>, v\u00e9ase m\u00e1s arriba.<\/li>\n<li>Lista de clientes y\/o testimonios de clientes anteriores: <strong>S\u00ed,<\/strong> El sitio web contiene testimonios<\/li>\n<\/ol>\n<div>&nbsp;<\/div>\n<p><strong>Puntuaci\u00f3n global: 4,5\/5<\/strong><br \/>\n<strong>Fecha de revisi\u00f3n:<\/strong>03\/04\/2023<\/p>\n<\/div>\n<p>M\u00e1s sobre <a href=\"https:\/\/moverdb.com\/es\/mudanzas-internacionales\/\">empresas de mudanzas internacionales<\/a> y nuestro <a href=\"https:\/\/moverdb.com\/es\/resenas\/\">proceso de revisi\u00f3n<\/a>.<\/p>\n<p><strong>P\u00e1gina web:<\/strong> <a href=\"https:\/\/www.btrinternational.com\/\" target=\"_blank\" rel=\"noopener\">https:\/\/www.btrinternational.com\/<\/a><\/p>","protected":false},"excerpt":{"rendered":"<p>BTR International offers the corporate world many services in order for them to relocate their staff or their business abroad. International Moving Services Consulting Services Policy Design &amp; Development Benchmarking Counselling Pre-Assignment Services Pre-Assignment Counselling Compensation Planning Assignment Cost Projections Assignment Letter Preparation Tax Planning &amp; Strategy Initial Compensation Worksheet Calculation Visa\/Immigration Co-ordination Cost Of [&hellip;]<\/p>\n","protected":false},"author":1,"featured_media":0,"parent":0,"menu_order":0,"comment_status":"closed","ping_status":"closed","template":"","meta":{"_genesis_hide_title":false,"_genesis_hide_breadcrumbs":false,"_genesis_hide_singular_image":false,"_genesis_hide_footer_widgets":false,"_genesis_custom_body_class":"","_genesis_custom_post_class":"","_genesis_layout":"","footnotes":""},"class_list":{"0":"post-940","1":"page","2":"type-page","3":"status-publish","5":"entry"},"_links":{"self":[{"href":"https:\/\/moverdb.com\/es\/wp-json\/wp\/v2\/pages\/940","targetHints":{"allow":["GET"]}}],"collection":[{"href":"https:\/\/moverdb.com\/es\/wp-json\/wp\/v2\/pages"}],"about":[{"href":"https:\/\/moverdb.com\/es\/wp-json\/wp\/v2\/types\/page"}],"author":[{"embeddable":true,"href":"https:\/\/moverdb.com\/es\/wp-json\/wp\/v2\/users\/1"}],"replies":[{"embeddable":true,"href":"https:\/\/moverdb.com\/es\/wp-json\/wp\/v2\/comments?post=940"}],"version-history":[{"count":8,"href":"https:\/\/moverdb.com\/es\/wp-json\/wp\/v2\/pages\/940\/revisions"}],"predecessor-version":[{"id":8598,"href":"https:\/\/moverdb.com\/es\/wp-json\/wp\/v2\/pages\/940\/revisions\/8598"}],"wp:attachment":[{"href":"https:\/\/moverdb.com\/es\/wp-json\/wp\/v2\/media?parent=940"}],"curies":[{"name":"wp","href":"https:\/\/api.w.org\/{rel}","templated":true}]}}