{"id":939,"date":"2016-09-23T06:49:42","date_gmt":"2016-09-23T06:49:42","guid":{"rendered":"http:\/\/moverdb.com\/?page_id=939"},"modified":"2026-01-08T13:18:21","modified_gmt":"2026-01-08T13:18:21","slug":"gerson-relocation","status":"publish","type":"page","link":"https:\/\/moverdb.com\/es\/gerson-relocation\/","title":{"rendered":"Gerson Relocation: Rese\u00f1as de Mudanzas y Traslados Internacionales"},"content":{"rendered":"<p>Gerson Relocation ofrece a sus clientes una gran variedad de servicios, tanto si se trasladan al extranjero como a nivel local. A la lista de servicios ofrecidos le sigue un perfil de la empresa y rese\u00f1as.<\/p>\n<p><strong>Servicios corporativos\/apoyo<\/strong><\/p>\n<ul>\n<li> Gestor de mudanzas dedicado a coordinar la mudanza<\/li>\n<li> Encuesta profesional<\/li>\n<li> Embalaje<\/li>\n<li> <a href=\"https:\/\/moverdb.com\/es\/transporte-de-contenedores\/\">Env\u00edo por mar, aire o carretera<\/a><\/li>\n<li> Desembalaje si es necesario<\/li>\n<li> Retirar el material de embalaje para su reciclaje<\/li>\n<li> Almacenamiento si es necesario<\/li>\n<li> Seguros<\/li>\n<\/ul>\n<p><strong>Soluciones de reubicaci\u00f3n a medida<\/strong><\/p>\n<ul>\n<li> Paquetes de informaci\u00f3n<\/li>\n<li> Formaci\u00f3n cultural<\/li>\n<li> Orientaci\u00f3n\/Vista Ver visitas<\/li>\n<li> Asesoramiento en materia de educaci\u00f3n<\/li>\n<li> Alojamiento temporal<\/li>\n<li> B\u00fasqueda en el hogar<\/li>\n<li> Negociaci\u00f3n del contrato de arrendamiento<\/li>\n<li> Registro de entrada\/salida de propiedades<\/li>\n<li> Alquiler de muebles<\/li>\n<li> Instalarse<\/li>\n<li> Asistencia a los socios<\/li>\n<li> Formaci\u00f3n ling\u00fc\u00edstica<\/li>\n<\/ul>\n<p><strong>Mudanzas privadas<\/strong><\/p>\n<ul>\n<li> Gestor de mudanzas dedicado<\/li>\n<li> Encuesta<\/li>\n<li> Embalaje profesional<\/li>\n<li> Transporte de pertenencias por mar, aire o carretera<\/li>\n<li> Despacho de aduanas<\/li>\n<li> Desembalaje de las pertenencias<\/li>\n<li> Reciclaje de materiales de embalaje<\/li>\n<li> Almacenamiento, si es necesario<\/li>\n<li> Seguro contratado<\/li>\n<\/ul>\n<p><strong>Servicios de almacenamiento<\/strong><\/p>\n<ul>\n<li> Servicio de almacenamiento completo<\/li>\n<li> Autoalmacenamiento<\/li>\n<li> Almacenamiento para los estudiantes<\/li>\n<li> Almacenamiento comercial<\/li>\n<li> A corto o largo plazo<\/li>\n<li> CCTV 24 horas<\/li>\n<\/ul>\n<h2>Perfil de la empresa Gerson Relocation<\/h2>\n<p>Gerson Relocation se fund\u00f3 en 1961 y su objetivo es ofrecer a sus clientes un servicio altamente personalizado que no se encuentra en otras organizaciones. La empresa lo consigue gracias a un estricto control de calidad y a un personal profesional y bien formado, algunos de los cuales llevan d\u00e9cadas en la empresa.<\/p>\n<p>Gerson Relocation tambi\u00e9n est\u00e1 decidida a que su negocio se gestione de forma limpia y responsable con el medio ambiente. Apoyan a tres organizaciones ben\u00e9ficas y conceden a sus empleados dos d\u00edas de permiso remunerado para que tambi\u00e9n puedan contribuir a estas causas.<\/p>\n<p>En la actualidad, Gerson Relocation es una filial de <a href=\"https:\/\/moverdb.com\/es\/abels-removals\/\">Servicios de Mudanzas Abels<\/a> Ltd, que es una empresa familiar de gran \u00e9xito, a la que se concedi\u00f3 la Royal Warrant de SM La Reina en 1988. Bas\u00e1ndose en los cuestionarios enviados a los clientes, la empresa ha logrado una calificaci\u00f3n de satisfacci\u00f3n de los clientes de 98% en 2015 y 2016.<\/p>\n<p>Acreditaciones y afiliaciones de Gerson Relocation: <\/p>\n<ul>\n<li> <a href=\"https:\/\/moverdb.com\/es\/british-association-of-removers\/\">La Asociaci\u00f3n Brit\u00e1nica de Empresas de Mudanzas<\/a> (<a href=\"https:\/\/moverdb.com\/es\/british-association-of-removers\/\" data-internallinksmanager029f6b8e52c=\"9\" title=\"Explicaci\u00f3n de la Asociaci\u00f3n Brit\u00e1nica de Empresas de Mudanzas (BAR)\">BAR<\/a>)<\/li>\n<li> <a href=\"https:\/\/moverdb.com\/es\/red-de-reubicacion-armonica\/\">Red de reubicaci\u00f3n Harmony<\/a> (<a href=\"https:\/\/moverdb.com\/es\/harmony-relocation-network\/\" data-internallinksmanager029f6b8e52c=\"20\" title=\"Explicaci\u00f3n de la Red de Reubicaci\u00f3n Harmony (HRN)\">HRN<\/a>)<\/li>\n<li> <a href=\"https:\/\/moverdb.com\/es\/eura\/\">Asociaci\u00f3n Europea de Reubicaci\u00f3n<\/a> (<a href=\"https:\/\/moverdb.com\/es\/eura\/\" data-internallinksmanager029f6b8e52c=\"13\" title=\"La Asociaci\u00f3n Europea de Reubicaci\u00f3n (EuRA) explicada\">EuRA<\/a>)<\/li>\n<li> <a href=\"https:\/\/moverdb.com\/es\/fidi-faim\/\">FIDI<\/a><\/li>\n<li> <a href=\"https:\/\/moverdb.com\/es\/fidi-faim\/\" data-internallinksmanager029f6b8e52c=\"16\" title=\"Explicaci\u00f3n del FIDI y del FAIM (FIDI Accredited International Mover)\">FAIM<\/a><\/li>\n<li> <a href=\"https:\/\/moverdb.com\/es\/mtc\/\">El Club de Comercio de Movers<\/a> (<a href=\"https:\/\/moverdb.com\/es\/mtc\/\" data-internallinksmanager029f6b8e52c=\"30\" title=\"Explicaci\u00f3n del Movers Trading Club (MTC)\">MTC<\/a>)<\/li>\n<\/ul>\n<h2>Opiniones de Gerson Relocation<\/h2>\n<p><strong>Positivo<\/strong><\/p>\n<ul>\n<li>  \"<em>No podr\u00edamos haber pedido un mejor servicio a nuestro equipo de reubicaci\u00f3n\".<\/em> - Sra. K. L. v\u00eda <a href=\"http:\/\/www.gersonrelocation.com\/voice-of-the-customer\/\" target=\"_blank\" rel=\"noopener\">P\u00e1gina de clientes satisfechos<\/a> <\/li>\n<\/ul>\n<p><strong>Negativo<\/strong><\/p>\n<p>No pudimos encontrar ninguna rese\u00f1a negativa para Gerson Relocation en l\u00ednea.<\/p>\n<div itemprop=\"review\" itemscope itemtype=\"http:\/\/schema.org\/Review\">\n<span itemprop=\"author\" itemscope=\"\" itemtype=\"http:\/\/schema.org\/Organization\"><span itemprop=\"name\">MoverDB.com<\/span><\/span> Revisi\u00f3n del sitio web en l\u00ednea para <span itemprop=\"itemreviewed\" itemscope=\"\" itemtype=\"http:\/\/schema.org\/Brand\"><span itemprop=\"name\">Gerson Relocation<\/span><\/span>:<\/p>\n<ol>\n<li> Datos de contacto claros en el sitio web (incluido el n\u00famero de tel\u00e9fono): <strong>S\u00ed<\/strong><\/li>\n<li> F\u00e1cil de conseguir <a href=\"https:\/\/moverdb.com\/es\/citas\/\">presupuestos de mudanzas internacionales<\/a>? (Formulario de solicitud de presupuesto en l\u00ednea): <strong>S\u00ed<\/strong><\/li>\n<li> Informaci\u00f3n clara en el sitio web: <strong>S\u00ed,<\/strong> El sitio web es bastante detallado, lo que da a los posibles clientes una buena idea de los servicios que pueden esperar.<\/li>\n<li> Pertenencia a organizaciones de mudanzas reconocidas internacionalmente: <strong>S\u00ed<\/strong><\/li>\n<li> Lista de clientes y\/o testimonios de clientes anteriores: <strong>S\u00ed<\/strong>Hay muchos testimonios positivos de clientes en el sitio web.<\/li>\n<\/ol>\n<div itemprop=\"reviewRating\" itemscope itemtype=\"http:\/\/schema.org\/Rating\"><meta itemprop=\"worstRating\" content = \"0\" \/><meta itemprop=\"bestRating\" content=\"5\" \/><meta itemprop=\"ratingValue\" content=\"5\"><\/div>\n<p><strong>Puntuaci\u00f3n global: 5\/5<\/strong><br \/>\n<strong>Fecha de revisi\u00f3n:<\/strong> <span itemprop=\"datePublished\" content=\"2016-09-23\">23\/09\/16<\/span>\n<\/div>\n<p>M\u00e1s sobre <a href=\"https:\/\/moverdb.com\/es\/mudanzas-internacionales\/\">mudanzas internacionales<\/a> y nuestro <a href=\"https:\/\/moverdb.com\/es\/resenas\/\">proceso de revisi\u00f3n explicado<\/a>.<\/p>\n<p><strong>P\u00e1gina web:<\/strong> <a href=\"http:\/\/www.gersonrelocation.com\" target=\"_blank\" rel=\"noopener\">http:\/\/www.gersonrelocation.com<\/a><\/p>","protected":false},"excerpt":{"rendered":"<p>Gerson Relocation offer their clients a variety of services, whether they are relocating abroad or locally. A company profile and reviews follow the list of services on offer. Corporate Services\/Support Dedicated move manager to coordinate the move Professional survey Packing Shipping by sea, air or road Unpacking if required Clear away packing material for recycling [&hellip;]<\/p>\n","protected":false},"author":1,"featured_media":0,"parent":0,"menu_order":0,"comment_status":"closed","ping_status":"closed","template":"","meta":{"_genesis_hide_title":false,"_genesis_hide_breadcrumbs":false,"_genesis_hide_singular_image":false,"_genesis_hide_footer_widgets":false,"_genesis_custom_body_class":"","_genesis_custom_post_class":"","_genesis_layout":"","footnotes":""},"class_list":{"0":"post-939","1":"page","2":"type-page","3":"status-publish","5":"entry"},"_links":{"self":[{"href":"https:\/\/moverdb.com\/es\/wp-json\/wp\/v2\/pages\/939","targetHints":{"allow":["GET"]}}],"collection":[{"href":"https:\/\/moverdb.com\/es\/wp-json\/wp\/v2\/pages"}],"about":[{"href":"https:\/\/moverdb.com\/es\/wp-json\/wp\/v2\/types\/page"}],"author":[{"embeddable":true,"href":"https:\/\/moverdb.com\/es\/wp-json\/wp\/v2\/users\/1"}],"replies":[{"embeddable":true,"href":"https:\/\/moverdb.com\/es\/wp-json\/wp\/v2\/comments?post=939"}],"version-history":[{"count":3,"href":"https:\/\/moverdb.com\/es\/wp-json\/wp\/v2\/pages\/939\/revisions"}],"predecessor-version":[{"id":6214,"href":"https:\/\/moverdb.com\/es\/wp-json\/wp\/v2\/pages\/939\/revisions\/6214"}],"wp:attachment":[{"href":"https:\/\/moverdb.com\/es\/wp-json\/wp\/v2\/media?parent=939"}],"curies":[{"name":"wp","href":"https:\/\/api.w.org\/{rel}","templated":true}]}}