{"id":938,"date":"2016-09-23T07:14:51","date_gmt":"2016-09-23T07:14:51","guid":{"rendered":"http:\/\/moverdb.com\/?page_id=938"},"modified":"2026-01-08T14:40:14","modified_gmt":"2026-01-08T14:40:14","slug":"localizacion-momentanea","status":"publish","type":"page","link":"https:\/\/moverdb.com\/es\/momentous-relocation\/","title":{"rendered":"Momentous Relocation: Mudanzas Internacionales Rese\u00f1as"},"content":{"rendered":"<p>Momentous Relocation es una empresa especializada en mudanzas y traslados internacionales con sede en <a href=\"https:\/\/moverdb.com\/es\/moving-to-london\/\">Londres<\/a>. Ofrece a sus clientes muchos servicios que se enumeran a continuaci\u00f3n, junto con un perfil de la empresa y rese\u00f1as.<\/p>\n<p><strong>Servicios de mudanza<\/strong><\/p>\n<ul>\n<li> Encuesta previa a la mudanza<\/li>\n<li> <a href=\"https:\/\/moverdb.com\/es\/transporte-de-contenedores\/\">Env\u00edo y transporte a\u00e9reo<\/a><\/li>\n<li> Servicios en destino<\/li>\n<li> Servicios de seguros<\/li>\n<li> Mudanzas dom\u00e9sticas<\/li>\n<li> Env\u00edo de obras de arte<\/li>\n<li> Servicio de traslado de mascotas<\/li>\n<li> Gu\u00edas del pa\u00eds de la mudanza<\/li>\n<\/ul>\n<p><strong>Servicios de reubicaci\u00f3n<\/strong><\/p>\n<ul>\n<li> Mudanzas y guardamuebles globales<\/li>\n<li> Visados e inmigraci\u00f3n<\/li>\n<li> Apoyo ling\u00fc\u00edstico y cultural<\/li>\n<li> <a href=\"https:\/\/moverdb.com\/es\/gastos-de-mudanza\/\">Coste de la vida<\/a> an\u00e1lisis<\/li>\n<li> Apoyo a la reubicaci\u00f3n de socios<\/li>\n<li> Orientaci\u00f3n de la zona<\/li>\n<li> B\u00fasqueda de escuelas<\/li>\n<li> Alojamiento temporal<\/li>\n<li> L\u00ednea de ayuda<\/li>\n<li> Hallazgo en el hogar<\/li>\n<li> Asistencia para la instalaci\u00f3n<\/li>\n<li> Gesti\u00f3n de traslados<\/li>\n<li> Servicios de salida<\/li>\n<\/ul>\n<p><strong>Servicios de almacenamiento<\/strong><\/p>\n<ul>\n<li> Almacenamiento a corto y largo plazo<\/li>\n<li> Almacenamiento internacional<\/li>\n<li> Almacenamiento en el <a href=\"https:\/\/moverdb.com\/es\/moving-to-the-uk\/\" data-internallinksmanager029f6b8e52c=\"93\" title=\"\u00bfSe muda al Reino Unido? 2026 Costes de vida y consejos de reubicaci\u00f3n\">REINO UNIDO<\/a><\/li>\n<li> Almacenamiento empresarial<\/li>\n<li> CCTV 24 horas<\/li>\n<\/ul>\n<p><strong>Traslado de oficinas y mudanzas<\/strong><\/p>\n<ul>\n<li> Gesti\u00f3n de proyectos<\/li>\n<li> Alquiler de cajas<\/li>\n<li> Porterage<\/li>\n<li> Planificaci\u00f3n y log\u00edstica<\/li>\n<li> Paquetes de seguros a medida<\/li>\n<li> Guardamuebles de oficina<\/li>\n<li> Almacenamiento de documentos<\/li>\n<li> Almacenamiento de archivos<\/li>\n<li> Almacenamiento especializado<\/li>\n<li> Responsabilidad social de las empresas<\/li>\n<li> Servicios de eliminaci\u00f3n<\/li>\n<li> Destrucci\u00f3n segura<\/li>\n<li> Servicios de limpieza<\/li>\n<li> Autoridades de la oficina<\/li>\n<\/ul>\n<p><strong>Servicio de embalaje y env\u00edo de obras de arte<\/strong><\/p>\n<ul>\n<li> Fabricaci\u00f3n de cajas y embalaje<\/li>\n<li> Env\u00edo por carretera, aire o mar<\/li>\n<li> Almacenamiento<\/li>\n<li> Embalaje de guante blanco<\/li>\n<li> Servicios de exposici\u00f3n<\/li>\n<\/ul>\n<p><strong>Proyectos especiales<\/strong><\/p>\n<ul>\n<li> Transporte de servidores<\/li>\n<li> Traslado internacional de oficinas<\/li>\n<li> Movimientos especializados<\/li>\n<li> Seguro a medida<\/li>\n<\/ul>\n<h2>Perfil de la empresa Momentous Relocation<\/h2>\n<p>Momentous Relocation comenz\u00f3 su actividad internacional en 1978. Su domicilio social se encuentra en Baker Street, Londres, y cuenta con dos instalaciones de almacenamiento y oficinas en el noroeste de Londres (oficina central) y en Aylesbury. <\/p>\n<p>La empresa y su personal dicen que siempre ponen a sus clientes en primer lugar y se esfuerzan por hacer que cada mudanza funcione de forma r\u00e1pida e indolora para el cliente.<\/p>\n<p>Momentous Relocation cuenta con un amplio programa de responsabilidad social corporativa que abarca a su personal, sus clientes, el medio ambiente y la comunidad.<\/p>\n<p>Afiliaciones y acreditaciones de Momentous Relocation:<\/p>\n<ul>\n<li> <a href=\"https:\/\/moverdb.com\/es\/fidi-faim\/\">FIDI<\/a><\/li>\n<li> <a href=\"https:\/\/moverdb.com\/es\/fidi-faim\/\">FAIM Plus<\/a><\/li>\n<li> <a href=\"https:\/\/moverdb.com\/es\/british-association-of-removers\/\">La Asociaci\u00f3n Brit\u00e1nica de Empresas de Mudanzas<\/a> (<a href=\"https:\/\/moverdb.com\/es\/british-association-of-removers\/\" data-internallinksmanager029f6b8e52c=\"9\" title=\"Explicaci\u00f3n de la Asociaci\u00f3n Brit\u00e1nica de Empresas de Mudanzas (BAR)\">BAR<\/a>)<\/li>\n<li> <a href=\"https:\/\/moverdb.com\/es\/bar-overseas\/\">Grupo de la Asociaci\u00f3n Brit\u00e1nica de Mudanzas en el Extranjero<\/a><\/li>\n<li> <a href=\"https:\/\/moverdb.com\/es\/mtc\/\">El Club de Comercio de Movers<\/a> (<a href=\"https:\/\/moverdb.com\/es\/mtc\/\" data-internallinksmanager029f6b8e52c=\"30\" title=\"Explicaci\u00f3n del Movers Trading Club (MTC)\">MTC<\/a>)<\/li>\n<li> <a href=\"https:\/\/moverdb.com\/es\/eura\/\">EuRA<\/a><\/li>\n<li> Acreditaciones ISO<\/li>\n<\/ul>\n<h2>Rese\u00f1as de Momentous Relocation<\/h2>\n<p><strong>Positivo:<\/strong><\/p>\n<ul>\n<li> \"<em>Una mudanza excepcional en todos los aspectos, no podr\u00eda hablar lo suficiente del servicio. Lo recomendar\u00e9 a cualquiera que me lo pida en el futuro. Cikis y Scott fueron brillantes\".<\/em> a trav\u00e9s de <a href=\"http:\/\/www.momentousrelocation.com\/about-us\/what-our-customers-say-momentous-relocation-reviews\/\" target=\"_blank\" rel=\"noopener\">Momentous P\u00e1gina de lo que dicen nuestros clientes<\/a><\/li>\n<li> <em>\"Es la segunda vez que Momentous me traslada, no podr\u00eda recomendarlos lo suficiente\".<\/em> - a trav\u00e9s de <a href=\"http:\/\/moveaide.com\/movers\/momentous-relocation-london-uk-mover-review\" target=\"_blank\" rel=\"noopener\">MoveAid.com<\/a><\/li>\n<li> <em>\"Me traslad\u00e9 del Reino Unido a <a href=\"https:\/\/moverdb.com\/es\/moving-to-germany\/\" data-internallinksmanager029f6b8e52c=\"321\" title=\"\u00bfSe muda a Alemania? 2026 Coste de la vida y consejos para el traslado\">Alemania<\/a>. El servicio fue muy profesional, el equipo organizador en el Reino Unido fue complaciente y flexible\".<\/em> - Ursula v\u00eda <a href=\"https:\/\/www.facebook.com\/pg\/momentousltd\/reviews\/\" target=\"_blank\" rel=\"noopener\">Facebook<\/a><\/li>\n<li> <em>\"\u00a1Fant\u00e1stico servicio! El equipo, Scott y Darren fueron educados y muy profesionales, recogieron todo de manera muy eficiente, incluso utilizaron protectores de suelo para que mis alfombras estuvieran totalmente protegidas\".<\/em> - Evelynn v\u00eda <a href=\"http:\/\/www.removalreviews.co.uk\/movers\/momentous-relocation-215#8293\" target=\"_blank\" rel=\"noopener\">RemovalReviews.com<\/a><\/li>\n<\/ul>\n<p><strong>Negativo<\/strong><\/p>\n<ul>\n<li> <em>\"Tuve una experiencia espantosa con este negocio que se llev\u00f3 mi dinero y luego me proporcion\u00f3 un servicio horrible (parte del cual fue culpa de sus socios), pero se negaron a asumir cualquier responsabilidad o propiedad o los acontecimientos que incluyeron un grave accidente ocurrido a un miembro de la familia por los muebles instalados incorrectamente.\"<\/em> - James v\u00eda <a href=\"http:\/\/moveaide.com\/movers\/momentous-relocation-london-uk-mover-review\" target=\"_blank\" rel=\"noopener\">MoveAid.com<\/a><\/li>\n<li> <em>Las mudanzas moment\u00e1neas son las peores <a href=\"https:\/\/moverdb.com\/es\/international-removals\/\" data-internallinksmanager029f6b8e52c=\"27\" title=\"36 mejores empresas de mudanzas internacionales del Reino Unido\">empresa de mudanzas<\/a> en este pa\u00eds. Me he mudado de casa 6 veces en menos de 8 a\u00f1os, as\u00ed que creo que ya tengo experiencia en esto.<\/em> a trav\u00e9s de <a href=\"http:\/\/www.removalreviews.co.uk\/movers\/momentous-relocation-215#714\" target=\"_blank\" rel=\"noopener\">RemovalReviews.com<\/a><\/li>\n<\/ul>\n<div itemprop=\"review\" itemscope itemtype=\"http:\/\/schema.org\/Review\">\n<span itemprop=\"author\" itemscope=\"\" itemtype=\"http:\/\/schema.org\/Organization\"><span itemprop=\"name\">MoverDB.com<\/span><\/span> Revisi\u00f3n del sitio web en l\u00ednea para <span itemprop=\"itemreviewed\" itemscope=\"\" itemtype=\"http:\/\/schema.org\/Brand\"><span itemprop=\"name\">Traslado trascendental<\/span><\/span>:<\/p>\n<ol>\n<li> Datos de contacto claros en el sitio web (incluido el n\u00famero de tel\u00e9fono): <strong>S\u00ed<\/strong><\/li>\n<li> F\u00e1cil de conseguir <a href=\"https:\/\/moverdb.com\/es\/citas\/\">presupuestos de mudanzas internacionales<\/a>? (Formulario de solicitud de presupuesto en l\u00ednea): <strong>S\u00ed<\/strong><\/li>\n<li> Informaci\u00f3n clara en el sitio web: <strong>S\u00ed<\/strong>El sitio web describe los servicios que se ofrecen, pero no ofrece mucha informaci\u00f3n detallada.<\/li>\n<li> Pertenencia a organizaciones de mudanzas reconocidas internacionalmente: <strong>S\u00ed<\/strong><\/li>\n<li> Lista de clientes y\/o testimonios de clientes anteriores: <strong>S\u00ed,<\/strong> Hay varios testimonios positivos de clientes, pero no hay lista de clientes. En general, la empresa tambi\u00e9n recibe en su mayor\u00eda cr\u00edticas positivas en l\u00ednea.<\/li>\n<\/ol>\n<div itemprop=\"reviewRating\" itemscope itemtype=\"http:\/\/schema.org\/Rating\"><meta itemprop=\"worstRating\" content = \"0\" \/><meta itemprop=\"bestRating\" content=\"5\" \/><meta itemprop=\"ratingValue\" content=\"4.5\"><\/div>\n<p><strong>Puntuaci\u00f3n global: 4,5\/5<\/strong><br \/>\n<strong>Fecha de revisi\u00f3n:<\/strong> <span itemprop=\"datePublished\" content=\"2016-09-23\">23\/09\/16<\/span>\n<\/div>\n<p>M\u00e1s sobre <a href=\"https:\/\/moverdb.com\/es\/mudanzas-internacionales\/\">empresas de mudanzas<\/a> y nuestro <a href=\"https:\/\/moverdb.com\/es\/resenas\/\">proceso de revisi\u00f3n<\/a>.<\/p>\n<p><strong>P\u00e1gina web:<\/strong> <a href=\"http:\/\/www.momentousrelocation.com\/\" target=\"_blank\" rel=\"noopener\">http:\/\/www.momentousrelocation.com<\/a><\/p>","protected":false},"excerpt":{"rendered":"<p>Momentous Relocation is an international removal and relocation specialist company based in London. It offers its clients many services which are listed below, together with a company profile and reviews. Moving Services Pre move survey Shipping and airfreight Destination services Insurance services Domestic moving Fine art shipping Pet moving service Moving home country guides Relocation [&hellip;]<\/p>\n","protected":false},"author":1,"featured_media":0,"parent":0,"menu_order":0,"comment_status":"closed","ping_status":"closed","template":"","meta":{"_genesis_hide_title":false,"_genesis_hide_breadcrumbs":false,"_genesis_hide_singular_image":false,"_genesis_hide_footer_widgets":false,"_genesis_custom_body_class":"","_genesis_custom_post_class":"","_genesis_layout":"","footnotes":""},"class_list":{"0":"post-938","1":"page","2":"type-page","3":"status-publish","5":"entry"},"_links":{"self":[{"href":"https:\/\/moverdb.com\/es\/wp-json\/wp\/v2\/pages\/938","targetHints":{"allow":["GET"]}}],"collection":[{"href":"https:\/\/moverdb.com\/es\/wp-json\/wp\/v2\/pages"}],"about":[{"href":"https:\/\/moverdb.com\/es\/wp-json\/wp\/v2\/types\/page"}],"author":[{"embeddable":true,"href":"https:\/\/moverdb.com\/es\/wp-json\/wp\/v2\/users\/1"}],"replies":[{"embeddable":true,"href":"https:\/\/moverdb.com\/es\/wp-json\/wp\/v2\/comments?post=938"}],"version-history":[{"count":6,"href":"https:\/\/moverdb.com\/es\/wp-json\/wp\/v2\/pages\/938\/revisions"}],"predecessor-version":[{"id":13178,"href":"https:\/\/moverdb.com\/es\/wp-json\/wp\/v2\/pages\/938\/revisions\/13178"}],"wp:attachment":[{"href":"https:\/\/moverdb.com\/es\/wp-json\/wp\/v2\/media?parent=938"}],"curies":[{"name":"wp","href":"https:\/\/api.w.org\/{rel}","templated":true}]}}