{"id":927,"date":"2016-09-23T21:57:09","date_gmt":"2016-09-23T21:57:09","guid":{"rendered":"http:\/\/moverdb.com\/?page_id=927"},"modified":"2026-01-08T13:19:00","modified_gmt":"2026-01-08T13:19:00","slug":"imove-international","status":"publish","type":"page","link":"https:\/\/moverdb.com\/es\/imove-international\/","title":{"rendered":"IMove International: Rese\u00f1as de Mudanzas y Traslados"},"content":{"rendered":"<p>IMove International tiene su sede en Surrey. Ofrece a sus clientes una serie de servicios para ayudarles a trasladarse al extranjero. A continuaci\u00f3n se enumeran estos servicios, junto con un perfil de la empresa y opiniones.<\/p>\n<p><strong><a href=\"https:\/\/moverdb.com\/es\/international-removals\/\" data-internallinksmanager029f6b8e52c=\"27\" title=\"36 mejores empresas de mudanzas internacionales del Reino Unido\">Mudanzas internacionales<\/a><\/strong><\/p>\n<ul>\n<li> Coordinador de mudanzas personales<\/li>\n<li> De puerta a puerta<\/li>\n<li> Puerta a <a href=\"https:\/\/moverdb.com\/es\/top-49-container-ports\/\" data-internallinksmanager029f6b8e52c=\"80\" title=\"Los 49 puertos de contenedores m\u00e1s grandes y activos en 2025\">puerto<\/a><\/li>\n<li> Por aire, mar o carretera<\/li>\n<li> Desplazamientos de empresas<\/li>\n<li> <a href=\"https:\/\/moverdb.com\/es\/transporte-embarque-de-coches\/\">Veh\u00edculos de motor<\/a><\/li>\n<li> Servicio de embalaje completo<\/li>\n<li> Autoenvasado<\/li>\n<li> Embalaje fr\u00e1gil<\/li>\n<li> Suministro gratuito de cajas de cart\u00f3n, cinta adhesiva y embalaje<\/li>\n<li> Servicio de desembalaje<\/li>\n<li> Almacenamiento a corto y largo plazo <\/li>\n<li> <a href=\"https:\/\/moverdb.com\/es\/transporte-de-contenedores\/\">Env\u00edo de contenedores<\/a><\/li>\n<li> Env\u00edo excesivo de equipaje<\/li>\n<li> Seguro proporcionado<\/li>\n<li> Ayuda con las aduanas y la documentaci\u00f3n<\/li>\n<\/ul>\n<p><strong>Otros servicios<\/strong><\/p>\n<ul>\n<li> Almacenamiento a corto y largo plazo<\/li>\n<li> Env\u00edo y almacenamiento de estudiantes<\/li>\n<li> <a href=\"https:\/\/moverdb.com\/es\/car-transport-shipping\/\" data-internallinksmanager029f6b8e52c=\"2\" title=\"2026 Cotizaciones de transporte internacional de coches y env\u00edo de veh\u00edculos\">Env\u00edo de coches<\/a><\/li>\n<li> Contenedor compartido<\/li>\n<li> Servicio de embalaje para la exportaci\u00f3n<\/li>\n<li> Embalaje y fabricaci\u00f3n de cajas<\/li>\n<\/ul>\n<h2>Perfil de la empresa IMove International<\/h2>\n<p>IMove International es una empresa joven y privada fundada en mayo de 2011. Se trata de un especialista <a href=\"https:\/\/moverdb.com\/es\/mudanzas-internacionales\/\">mudanza internacional<\/a>empresa de transporte y reubicaci\u00f3n. <\/p>\n<p>IMove organiza mudanzas para familias, empresas y particulares de la <a href=\"https:\/\/moverdb.com\/es\/moving-to-the-uk\/\" data-internallinksmanager029f6b8e52c=\"93\" title=\"\u00bfSe muda al Reino Unido? 2026 Costes de vida y consejos de reubicaci\u00f3n\">REINO UNIDO<\/a> a la mayor\u00eda de los destinos del mundo.<\/p>\n<p>IMove env\u00eda cualquier cosa, desde el paquete m\u00e1s peque\u00f1o hasta un hogar con muebles. La empresa pone a disposici\u00f3n de cada cliente un coordinador de mudanzas personal que es su contacto durante todo el proceso de mudanza.<\/p>\n<p>IMove International cuenta con las siguientes acreditaciones y afiliaciones:<\/p>\n<ul>\n<li> ISO 9001<\/li>\n<\/ul>\n<h2>Rese\u00f1as de IMove International<\/h2>\n<p><strong>Positivo:<\/strong><\/p>\n<ul>\n<li> <em>\"Las cosas se desarrollaron sin problemas y de forma eficiente. Sin duda recomendar\u00eda la empresa por su servicio y su relaci\u00f3n calidad-precio\"<\/em> - H Fowler v\u00eda <a href=\"http:\/\/www.imoveintl.com\/testimonials.htm\" target=\"_blank\" rel=\"noopener\">P\u00e1gina de comentarios de los clientes<\/a><\/li>\n<li> \"<em>Me gustar\u00eda felicitar a IMove por la puntualidad, la rapidez y la profesionalidad con la que mi traslado desde Orlando <a href=\"https:\/\/moverdb.com\/es\/moving-to-the-united-states\/moving-to-florida\/\" data-internallinksmanager029f6b8e52c=\"331\" title=\"\u00bfMudarse a Florida? 2026 Coste de la vida y consejos de reubicaci\u00f3n\">Florida<\/a> a Kent, se llev\u00f3 a cabo.<\/em> - Annette <a href=\"http:\/\/www.removalreviews.co.uk\/movers\/imove-international-191#11473\" target=\"_blank\" rel=\"noopener\">RemovalReviews.com<\/a> <\/li>\n<li> \"<em>Recomiendo encarecidamente esta empresa: coste muy razonable, mudanza extremadamente r\u00e1pida y gran servicio\"<\/em> - Johathan v\u00eda <a href=\"http:\/\/www.reviews.co.uk\/company-reviews\/store\/imove-international-removals-ltd\" target=\"_blank\" rel=\"noopener\">Rese\u00f1as.es<\/a> <\/li>\n<\/ul>\n<p><strong>Negativo<\/strong><\/p>\n<ul>\n<li> \"<em>Aunque el plazo de entrega de <a href=\"https:\/\/moverdb.com\/es\/moving-to-london\/\">Londres<\/a> a <a href=\"https:\/\/moverdb.com\/es\/moving-to-switzerland\/\" data-internallinksmanager029f6b8e52c=\"327\" title=\"\u00bfSe muda a Suiza? 2026 Coste de la vida y consejos para el traslado\">Suiza<\/a> fue r\u00e1pido, desaconsejar\u00eda encarecidamente a cualquiera que recurra a esta empresa, ya que uno de los art\u00edculos m\u00e1s valiosos nunca se entreg\u00f3 y se \"perdi\u00f3\". No parec\u00eda haber ninguna sorpresa genuina, preocupaci\u00f3n o disculpas en cuanto a la p\u00e9rdida de este art\u00edculo.\"<\/em> - Sra. Laurens v\u00eda <a href=\"http:\/\/www.removalreviews.co.uk\/movingreviews\/stolen-item-1264\" target=\"_blank\" rel=\"noopener\">RemovalReviews.co.uk<\/a> <\/li>\n<li> \"<em>Nuestros art\u00edculos se recogieron seg\u00fan la fecha de recogida (02.11.2015), lo cual fue estupendo, sin embargo ahora estamos en marzo y todav\u00eda no hemos recibido nuestras cajas.\"<\/em> - Samantha v\u00eda <a href=\"http:\/\/www.reviews.co.uk\/company-reviews\/store\/imove-international-removals-ltd\" target=\"_blank\" rel=\"noopener\">Rese\u00f1as.es<\/a> <\/li>\n<\/ul>\n<div itemprop=\"review\" itemscope itemtype=\"http:\/\/schema.org\/Review\">\n<span itemprop=\"author\" itemscope=\"\" itemtype=\"http:\/\/schema.org\/Organization\"><span itemprop=\"name\">MoverDB.com<\/span><\/span> Revisi\u00f3n del sitio web en l\u00ednea para <span itemprop=\"itemreviewed\" itemscope=\"\" itemtype=\"http:\/\/schema.org\/Brand\"><span itemprop=\"name\">IMove Internacional<\/span><\/span>:<\/p>\n<ol>\n<li> Datos de contacto claros en el sitio web (incluido el n\u00famero de tel\u00e9fono): <strong>S\u00ed<\/strong><\/li>\n<li> F\u00e1cil de conseguir <a href=\"https:\/\/moverdb.com\/es\/citas\/\">presupuestos de mudanzas internacionales<\/a>? (Formulario de solicitud de presupuesto en l\u00ednea): <strong>S\u00ed<\/strong><\/li>\n<li> Informaci\u00f3n clara en el sitio web: <strong>S\u00ed<\/strong>El sitio web contiene mucha informaci\u00f3n sobre c\u00f3mo trasladarse a varios pa\u00edses del mundo, incluida la documentaci\u00f3n necesaria.<\/li>\n<li> Pertenencia a organizaciones de mudanzas reconocidas internacionalmente: <strong>Parcialmente<\/strong>Si bien est\u00e1n registrados en la ISO, parece que carecen de otras acreditaciones.<\/li>\n<li> Lista de clientes y\/o testimonios de clientes anteriores: <strong>S\u00ed,<\/strong> Hay muchos comentarios positivos de clientes en el sitio.<\/li>\n<\/ol>\n<div itemprop=\"reviewRating\" itemscope itemtype=\"http:\/\/schema.org\/Rating\"><meta itemprop=\"worstRating\" content = \"0\" \/><meta itemprop=\"bestRating\" content=\"5\" \/><meta itemprop=\"ratingValue\" content=\"4\"><\/div>\n<p><strong>Puntuaci\u00f3n global: 4\/5<\/strong><br \/>\n<strong>Fecha de revisi\u00f3n:<\/strong> <span itemprop=\"datePublished\" content=\"2016-09-23\">23\/09\/16<\/span>\n<\/div>\n<p>M\u00e1s informaci\u00f3n <a href=\"https:\/\/moverdb.com\/es\/mudanzas-internacionales\/\">empresas de mudanzas<\/a> y nuestro <a href=\"https:\/\/moverdb.com\/es\/resenas\/\">proceso de revisi\u00f3n<\/a>.<\/p>\n<p><strong>P\u00e1gina web:<\/strong> <a href=\"http:\/\/www.imoveintl.com\/\" target=\"_blank\" rel=\"noopener\">http:\/\/www.imoveintl.com\/<\/a><\/p>","protected":false},"excerpt":{"rendered":"<p>IMove International is based in Surrey. It offers its customers a range of services to assist with their move abroad. These are listed below, together with a company profile and reviews. International Removals Personal move coordinator Door to door Door to port Air, sea or road Company relocations Motor vehicles Full packing service Self-packing Fragile [&hellip;]<\/p>\n","protected":false},"author":1,"featured_media":0,"parent":0,"menu_order":0,"comment_status":"closed","ping_status":"closed","template":"","meta":{"_genesis_hide_title":false,"_genesis_hide_breadcrumbs":false,"_genesis_hide_singular_image":false,"_genesis_hide_footer_widgets":false,"_genesis_custom_body_class":"","_genesis_custom_post_class":"","_genesis_layout":"","footnotes":""},"class_list":{"0":"post-927","1":"page","2":"type-page","3":"status-publish","5":"entry"},"_links":{"self":[{"href":"https:\/\/moverdb.com\/es\/wp-json\/wp\/v2\/pages\/927","targetHints":{"allow":["GET"]}}],"collection":[{"href":"https:\/\/moverdb.com\/es\/wp-json\/wp\/v2\/pages"}],"about":[{"href":"https:\/\/moverdb.com\/es\/wp-json\/wp\/v2\/types\/page"}],"author":[{"embeddable":true,"href":"https:\/\/moverdb.com\/es\/wp-json\/wp\/v2\/users\/1"}],"replies":[{"embeddable":true,"href":"https:\/\/moverdb.com\/es\/wp-json\/wp\/v2\/comments?post=927"}],"version-history":[{"count":6,"href":"https:\/\/moverdb.com\/es\/wp-json\/wp\/v2\/pages\/927\/revisions"}],"predecessor-version":[{"id":13160,"href":"https:\/\/moverdb.com\/es\/wp-json\/wp\/v2\/pages\/927\/revisions\/13160"}],"wp:attachment":[{"href":"https:\/\/moverdb.com\/es\/wp-json\/wp\/v2\/media?parent=927"}],"curies":[{"name":"wp","href":"https:\/\/api.w.org\/{rel}","templated":true}]}}