{"id":925,"date":"2016-09-27T05:35:52","date_gmt":"2016-09-27T05:35:52","guid":{"rendered":"http:\/\/moverdb.com\/?page_id=925"},"modified":"2026-01-08T14:40:05","modified_gmt":"2026-01-08T14:40:05","slug":"lopa-removals","status":"publish","type":"page","link":"https:\/\/moverdb.com\/es\/lopa-removals\/","title":{"rendered":"Mudanzas Lopa: Rese\u00f1as de Mudanzas Internacionales"},"content":{"rendered":"<p>Lopa Removals tiene su sede en Romford y ofrece a sus clientes una serie de servicios que se enumeran a continuaci\u00f3n, junto con un perfil de la empresa y opiniones.<\/p>\n<p><strong>Movimientos europeos e internacionales<\/strong><\/p>\n<ul>\n<li> Gestor de mudanzas dedicado<\/li>\n<li> Mudanzas completas en 2-5 d\u00edas<\/li>\n<li> Seguro contratado<\/li>\n<li> Seguimiento de veh\u00edculos por GPS<\/li>\n<li> Embalaje completo, embalaje fr\u00e1gil o h\u00e1galo usted mismo<\/li>\n<li> Cajas y material de embalaje gratuitos<\/li>\n<li> Garant\u00eda de ausencia de da\u00f1os<\/li>\n<li> Embalaje<\/li>\n<li> Elevadores externos para objetos como pianos<\/li>\n<li> Cargas parciales y cargas completas<\/li>\n<li> Servicio de desembalaje<\/li>\n<li> Almacenamiento a corto y largo plazo<\/li>\n<\/ul>\n<p><strong>Almacenamiento<\/strong><\/p>\n<ul>\n<li> A corto y largo plazo<\/li>\n<li> Seguro y cerrado<\/li>\n<li> Asegurado<\/li>\n<li> Apilado profesional<\/li>\n<li> Pertenencia debidamente protegida de da\u00f1os y suciedad<\/li>\n<\/ul>\n<p><strong>Mudanzas especializadas<\/strong><\/p>\n<ul>\n<li> Galer\u00edas de arte<\/li>\n<li> Exposiciones<\/li>\n<\/ul>\n<h2>Perfil de la empresa de mudanzas Lopa<\/h2>\n<p>Lopa Removals est\u00e1 especializada en mudanzas internacionales y especialmente en las que se realizan dentro de Europa. La empresa tiene su sede en Romford. Se trata de una empresa joven cuyo objetivo principal es mejorar las mudanzas existentes entre pa\u00edses europeos. <\/p>\n<p>Cuenta con una larga lista de destacados clientes satisfechos. Mudanzas Lopa ofrece un alto nivel de servicio al cliente antes, durante y despu\u00e9s de la mudanza. Debido a los comentarios positivos de los clientes, actualmente se concentra en mudanzas entre <a href=\"https:\/\/moverdb.com\/es\/moving-to-london\/\">Londres<\/a>, <a href=\"https:\/\/moverdb.com\/es\/moving-to-france\/moving-to-paris\/\" data-internallinksmanager029f6b8e52c=\"407\" title=\"\u00bfSe muda a Par\u00eds? 2026 Coste de la vida y consejos para el traslado\">Par\u00eds<\/a> y Bruselas y haciendo de estos movimientos los mejores del mercado.<\/p>\n<p>Mudanzas Lopa tiene las siguientes acreditaciones y afiliaciones:<\/p>\n<ul>\n<li> Norma de calidad ISO 9001<\/li>\n<li> <a href=\"https:\/\/moverdb.com\/es\/british-association-of-removers\/\">Asociaci\u00f3n Brit\u00e1nica de Empresas de Mudanzas<\/a> (<a href=\"https:\/\/moverdb.com\/es\/british-association-of-removers\/\" data-internallinksmanager029f6b8e52c=\"9\" title=\"Explicaci\u00f3n de la Asociaci\u00f3n Brit\u00e1nica de Empresas de Mudanzas (BAR)\">BAR<\/a>)<\/li>\n<\/ul>\n<h2>Rese\u00f1as de Mudanzas Lopa<\/h2>\n<p><strong>Positivo:<\/strong><\/p>\n<ul>\n<li> \"Mudanzas Lopa proporcion\u00f3 un servicio muy bueno e hizo que nuestra mudanza de Londres a Par\u00eds fuera suave y sin estr\u00e9s\". - S. Gerber v\u00eda <a href=\"https:\/\/uk.trustpilot.com\/reviews\/57b199dc0000ff00097bf54d\" target=\"_blank\" rel=\"noopener\">Trustpilot<\/a><\/li>\n<\/ul>\n<p><strong>Negativo:<\/strong><\/p>\n<ul>\n<li> \"<em>Me estaba moviendo de <a href=\"https:\/\/moverdb.com\/es\/moving-to-belgium\/\" data-internallinksmanager029f6b8e52c=\"323\" title=\"\u00bfSe muda a B\u00e9lgica? 2026 Coste de la vida y consejos de reubicaci\u00f3n\">B\u00e9lgica<\/a> y me entusiasm\u00f3 encontrar a estos chicos, con un precio razonable, muy buenas cr\u00edticas aqu\u00ed y anunciados como de propiedad familiar y muy comprensivos. Deber\u00eda haberlo sabido\".<\/em> Andrei v\u00eda <a href=\"https:\/\/uk.trustpilot.com\/reviews\/53ce415d0000640002999120\" target=\"_blank\" rel=\"noopener\">Trustpilot<\/a> <\/li>\n<\/ul>\n<div itemprop=\"review\" itemscope itemtype=\"http:\/\/schema.org\/Review\">\n<span itemprop=\"author\" itemscope=\"\" itemtype=\"http:\/\/schema.org\/Organization\"><span itemprop=\"name\">MoverDB.com<\/span><\/span> Revisi\u00f3n del sitio web en l\u00ednea para <span itemprop=\"itemreviewed\" itemscope=\"\" itemtype=\"http:\/\/schema.org\/Brand\"><span itemprop=\"name\">Mudanzas Lopa<\/span><\/span>:<\/p>\n<ol>\n<li> Datos de contacto claros en el sitio web (incluido el n\u00famero de tel\u00e9fono): <strong>S\u00ed<\/strong><\/li>\n<li> F\u00e1cil de conseguir <a href=\"https:\/\/moverdb.com\/es\/citas\/\">presupuestos de mudanzas<\/a>? (Formulario de solicitud de presupuesto en l\u00ednea): <strong>S\u00ed<\/strong><\/li>\n<li> Informaci\u00f3n clara en el sitio web: <strong>Algunos,<\/strong> pero en general el sitio web contiene relativamente poca informaci\u00f3n<\/li>\n<li> Pertenencia a organizaciones de mudanzas reconocidas internacionalmente: <strong>S\u00ed<\/strong><\/li>\n<li> Lista de clientes y\/o testimonios de clientes anteriores: <strong>Parcial,<\/strong> aunque no est\u00e1n alojados en el sitio tienen una calificaci\u00f3n positiva en Trustpilot.<\/li>\n<\/ol>\n<div itemprop=\"reviewRating\" itemscope itemtype=\"http:\/\/schema.org\/Rating\"><meta itemprop=\"worstRating\" content = \"0\" \/><meta itemprop=\"bestRating\" content=\"5\" \/><meta itemprop=\"ratingValue\" content=\"4\"><\/div>\n<p><strong>Puntuaci\u00f3n global: 4\/5<\/strong><br \/>\n<strong>Fecha de revisi\u00f3n:<\/strong> <span itemprop=\"datePublished\" content=\"2016-09-27\">27\/08\/16<\/span>\n<\/div>\n<p>M\u00e1s informaci\u00f3n <a href=\"https:\/\/moverdb.com\/es\/mudanzas-internacionales\/\">mudanzas internacionales<\/a> y nuestro <a href=\"https:\/\/moverdb.com\/es\/resenas\/\">proceso de revisi\u00f3n<\/a>.<\/p>\n<p><strong>P\u00e1gina web:<\/strong> <a href=\"http:\/\/new.loparemovals.com\/\" target=\"_blank\" rel=\"noopener\">http:\/\/new.loparemovals.com\/<\/a><\/p>","protected":false},"excerpt":{"rendered":"<p>Lopa Removals is based in Romford and offers its customers a range of services which are listed below, together with a company profile and reviews. European and International Moves Dedicated move manager Full house moves complete in 2-5 days Insurance arranged GPS vehicle tracking Full packing, fragile packing or do it yourself Free boxes and [&hellip;]<\/p>\n","protected":false},"author":1,"featured_media":0,"parent":0,"menu_order":0,"comment_status":"closed","ping_status":"closed","template":"","meta":{"_genesis_hide_title":false,"_genesis_hide_breadcrumbs":false,"_genesis_hide_singular_image":false,"_genesis_hide_footer_widgets":false,"_genesis_custom_body_class":"","_genesis_custom_post_class":"","_genesis_layout":"","footnotes":""},"class_list":{"0":"post-925","1":"page","2":"type-page","3":"status-publish","5":"entry"},"_links":{"self":[{"href":"https:\/\/moverdb.com\/es\/wp-json\/wp\/v2\/pages\/925","targetHints":{"allow":["GET"]}}],"collection":[{"href":"https:\/\/moverdb.com\/es\/wp-json\/wp\/v2\/pages"}],"about":[{"href":"https:\/\/moverdb.com\/es\/wp-json\/wp\/v2\/types\/page"}],"author":[{"embeddable":true,"href":"https:\/\/moverdb.com\/es\/wp-json\/wp\/v2\/users\/1"}],"replies":[{"embeddable":true,"href":"https:\/\/moverdb.com\/es\/wp-json\/wp\/v2\/comments?post=925"}],"version-history":[{"count":7,"href":"https:\/\/moverdb.com\/es\/wp-json\/wp\/v2\/pages\/925\/revisions"}],"predecessor-version":[{"id":13171,"href":"https:\/\/moverdb.com\/es\/wp-json\/wp\/v2\/pages\/925\/revisions\/13171"}],"wp:attachment":[{"href":"https:\/\/moverdb.com\/es\/wp-json\/wp\/v2\/media?parent=925"}],"curies":[{"name":"wp","href":"https:\/\/api.w.org\/{rel}","templated":true}]}}