{"id":924,"date":"2016-09-03T21:30:31","date_gmt":"2016-09-03T21:30:31","guid":{"rendered":"http:\/\/moverdb.com\/?page_id=924"},"modified":"2026-01-08T14:48:13","modified_gmt":"2026-01-08T14:48:13","slug":"eagle-relocations","status":"publish","type":"page","link":"https:\/\/moverdb.com\/es\/eagle-relocations\/","title":{"rendered":"Eagle Relocations: Rese\u00f1as de Mudanzas Internacionales"},"content":{"rendered":"<p>Eagle Relocations es una <a href=\"https:\/\/moverdb.com\/es\/international-removals\/\" data-internallinksmanager029f6b8e52c=\"27\" title=\"36 mejores empresas de mudanzas internacionales del Reino Unido\">empresa de mudanzas<\/a> con sede en Watford, <a href=\"https:\/\/moverdb.com\/es\/moving-to-the-uk\/\" data-internallinksmanager029f6b8e52c=\"93\" title=\"\u00bfSe muda al Reino Unido? 2026 Costes de vida y consejos de reubicaci\u00f3n\">REINO UNIDO<\/a>. Ofrece a sus clientes una serie de servicios de mudanza que se enumeran a continuaci\u00f3n, junto con un perfil de la empresa y opiniones.<\/p>\n<p><strong>Mudanzas internacionales<\/strong><\/p>\n<ul>\n<li> Servicio puerta a puerta<\/li>\n<li> Servicio puerta a puerta<\/li>\n<li> Puerta a <a href=\"https:\/\/moverdb.com\/es\/top-49-container-ports\/\" data-internallinksmanager029f6b8e52c=\"80\" title=\"Los 49 puertos de contenedores m\u00e1s grandes y activos en 2025\">puerto<\/a> servicio<\/li>\n<li> Servicio de embalaje completo<\/li>\n<li> Servicio de paquetes fr\u00e1giles o parciales<\/li>\n<li> Servicio de empaquetado del propietario<\/li>\n<li> Desmontaje y montaje de muebles<\/li>\n<li> Material de embalaje suministrado<\/li>\n<li> Tr\u00e1nsito por carretera, aire y mar<\/li>\n<li> Despacho de aduanas<\/li>\n<li> Eliminaci\u00f3n de residuos<\/li>\n<li> Servicio de conserjer\u00eda<\/li>\n<li> Servicio de limpieza<\/li>\n<\/ul>\n<p><strong>Mudanzas de empresas<\/strong><\/p>\n<ul>\n<li> Gestor de mudanzas corporativas personales<\/li>\n<li> Estudio de los locales existentes y nuevos<\/li>\n<li> Desmontaje y montaje de muebles<\/li>\n<li> Especialistas en inform\u00e1tica para la mudanza de ordenadores<\/li>\n<li> Cajas de mudanza dise\u00f1adas para oficinas<\/li>\n<li> Cajas etiquetadas<\/li>\n<li> El gestor de la mudanza est\u00e1 continuamente en el lugar durante la misma<\/li>\n<li> Seguro contratado<\/li>\n<\/ul>\n<p><strong>Mudanzas a domicilio en el Reino Unido<\/strong><\/p>\n<ul>\n<li> Coordinarse con el administrador de la mudanza<\/li>\n<li> Encuesta previa a la mudanza<\/li>\n<li> Coordinador de mudanzas dedicado<\/li>\n<li> De puerta a puerta<\/li>\n<li> Embalaje completo, parcial o h\u00e1galo usted mismo<\/li>\n<li> Desmontaje y montaje de muebles<\/li>\n<li> Seguro contratado<\/li>\n<li> Eliminaci\u00f3n de residuos<\/li>\n<\/ul>\n<h2>Perfil de la empresa Eagle Relocations<\/h2>\n<p>Eagle Relocations se estableci\u00f3 como empresa familiar en 1967 y entonces se conoc\u00eda como Eagle Shipping. Se convirti\u00f3 en una sociedad limitada en 2002 y cambi\u00f3 su nombre a Eagle Relocations. Ofrece a sus clientes un servicio completo de mudanzas a nivel local, nacional e internacional.<\/p>\n<p>Eagle Relocations traslad\u00f3 a m\u00e1s de 3.500 personas en 2015. Ofrecen una variedad de paquetes que se adaptan a las necesidades y los bolsillos de las personas. Creen en un s\u00f3lido servicio al cliente y en el compromiso.<\/p>\n<p>Eagle Relocations tiene las siguientes acreditaciones y afiliaciones:<\/p>\n<ul>\n<li> <a href=\"https:\/\/moverdb.com\/es\/british-association-of-removers\/\">Asociaci\u00f3n Brit\u00e1nica de Empresas de Mudanzas<\/a> (<a href=\"https:\/\/moverdb.com\/es\/british-association-of-removers\/\" data-internallinksmanager029f6b8e52c=\"9\" title=\"Explicaci\u00f3n de la Asociaci\u00f3n Brit\u00e1nica de Empresas de Mudanzas (BAR)\">BAR<\/a>)<\/li>\n<li> <a href=\"https:\/\/moverdb.com\/es\/fedemac\/\">Federaci\u00f3n de la Asociaci\u00f3n Europea de Empresas de Mudanzas<\/a> (<a href=\"https:\/\/moverdb.com\/es\/fedemac\/\" data-internallinksmanager029f6b8e52c=\"15\" title=\"Explicaci\u00f3n de la Federaci\u00f3n de Asociaciones Europeas de Empresas de Mudanzas (FEDEMAC)\">FEDEMAC<\/a>)<\/li>\n<li> <a href=\"https:\/\/moverdb.com\/es\/soy\/\">Asociaci\u00f3n Internacional de Empresas de Mudanzas<\/a> (<a href=\"https:\/\/moverdb.com\/es\/iam\/\" data-internallinksmanager029f6b8e52c=\"23\" title=\"Explicaci\u00f3n de la Asociaci\u00f3n Internacional de Empresas de Mudanzas (IAM)\">IAM<\/a>)<\/li>\n<li> <a href=\"https:\/\/moverdb.com\/es\/hgfaa\/\">Asociaci\u00f3n de Transitarios de Am\u00e9rica (Household Goods Forwarders Association of America)<\/a><\/li>\n<li> Asociaci\u00f3n Brit\u00e1nica de Transporte Internacional de Mercanc\u00edas (BIFA)<\/li>\n<li> <a href=\"https:\/\/moverdb.com\/es\/bar-overseas\/\">Asociaci\u00f3n brit\u00e1nica de empresas de mudanzas (BAR) en el extranjero<\/a><\/li>\n<\/ul>\n<h2>Opiniones de Eagle Relocations<\/h2>\n<p><strong>Positivo:<\/strong><\/p>\n<ul>\n<li> <em>Los chicos fueron geniales... Super serviciales, eficientes, profesionales y todos con grandes sonrisas en sus caras...<\/em> - Ross v\u00eda <a href=\"http:\/\/www.eaglerelocations.com\/testimonials\/\" target=\"_blank\" rel=\"noopener\">p\u00e1gina de testimonios de clientes<\/a><\/li>\n<li> <em>\"Fueron dignos de confianza, profesionales, joviales, trabajadores y cuidadosos e hicieron que un periodo extremadamente estresante fuera f\u00e1cil. Ofrecen una excelente relaci\u00f3n calidad-precio y me alegro de no haber elegido una empresa que me ofreciera un coste de traslado \"demasiado bueno para ser verdad\" por correo electr\u00f3nico, sin ni siquiera haber visitado nuestra casa. Son l\u00edderes del mercado, en mi opini\u00f3n, y estar\u00e9 siempre agradecido a Eagle Relocations\".<\/em> - Karen v\u00eda <a href=\"https:\/\/www.trustpilot.com\/reviews\/56fe57450000ff00094ba791\" target=\"_blank\" rel=\"noopener\">TrustPilot<\/a> <\/li>\n<li> <em>\"Acabo de Eagle Relocations en 3 ocasiones distintas. Me mud\u00e9 de Hendon a Borhamwood, de Borhamwood a Storage y luego a Bali. En cada ocasi\u00f3n me parecieron extremadamente profesionales\".<\/em> - Pankesh P v\u00eda <a href=\"https:\/\/www.yell.com\/reviews\/user\/PankeshP\" target=\"_blank\" rel=\"noopener\">Grita<\/a><\/li>\n<\/ul>\n<p><strong>Negativo:<\/strong><\/p>\n<ul>\n<li> <em>\"No uses esta compa\u00f1\u00eda, han perdido todos mis bienes mundanos\".<\/em> - Adrienne v\u00eda <a href=\"https:\/\/www.trustpilot.com\/reviews\/587ecbbc0dc2f609f06be069\" target=\"_blank\" rel=\"noopener\">Trustpilot<\/a><\/li>\n<\/ul>\n<div itemprop=\"review\" itemscope itemtype=\"http:\/\/schema.org\/Review\">\n<span itemprop=\"author\" itemscope=\"\" itemtype=\"http:\/\/schema.org\/Organization\"><span itemprop=\"name\">MoverDB.com<\/span><\/span> Revisi\u00f3n del sitio web en l\u00ednea para <span itemprop=\"itemreviewed\" itemscope=\"\" itemtype=\"http:\/\/schema.org\/Brand\"><span itemprop=\"name\">Eagle Relocations<\/span><\/span>:<\/p>\n<ol>\n<li> Datos de contacto claros en el sitio web (incluido el n\u00famero de tel\u00e9fono): <strong>S\u00ed<\/strong><\/li>\n<li> F\u00e1cil de conseguir <a href=\"https:\/\/moverdb.com\/es\/citas\/\">presupuestos de mudanzas internacionales<\/a>? (Formulario de solicitud de presupuesto en l\u00ednea): <strong>S\u00ed<\/strong><\/li>\n<li> Informaci\u00f3n clara en el sitio web: <strong>S\u00ed,<\/strong> incluye gu\u00edas de pa\u00edses y un blog con informaci\u00f3n \u00fatil sobre las mudanzas al extranjero.<\/li>\n<li> Pertenencia a organizaciones de mudanzas reconocidas internacionalmente: <strong>S\u00ed<\/strong>, v\u00e9ase m\u00e1s arriba.<\/li>\n<li> Lista de clientes y\/o testimonios de clientes anteriores: <strong>Algunos,<\/strong> En el sitio web hay cuestionarios de clientes, pero muchos de ellos son algo similares, y hay pocas rese\u00f1as en l\u00ednea. Sin embargo, las rese\u00f1as disponibles son en su mayor\u00eda positivas.<\/li>\n<\/ol>\n<div itemprop=\"reviewRating\" itemscope itemtype=\"http:\/\/schema.org\/Rating\"><meta itemprop=\"worstRating\" content = \"0\" \/><meta itemprop=\"bestRating\" content=\"5\" \/><meta itemprop=\"ratingValue\" content=\"4.5\"><\/div>\n<p><strong>Puntuaci\u00f3n global: 4,5\/5<\/strong><br \/>\n<strong>Fecha de revisi\u00f3n:<\/strong> <span itemprop=\"datePublished\" content=\"2016-09-03\">03\/09\/2016<\/span>\n<\/div>\n<p>M\u00e1s informaci\u00f3n sobre m\u00e1s informaci\u00f3n sobre <a href=\"https:\/\/moverdb.com\/es\/mudanzas-internacionales\/\">mudanzas internacionales<\/a> y nuestro <a href=\"https:\/\/moverdb.com\/es\/resenas\/\">proceso de revisi\u00f3n<\/a>.<\/p>\n<p><strong>P\u00e1gina web:<\/strong> <a href=\"http:\/\/www.eaglerelocations.com\" target=\"_blank\" rel=\"noopener\">http:\/\/www.eaglerelocations.com<\/a><\/p>","protected":false},"excerpt":{"rendered":"<p>Eagle Relocations is a removals company based in Watford, UK. It offers its clients a range of removals services which are listed below, together with a company profile and reviews. International Removals Door to door service Door to kerbside service Door to port service Full packing service Fragile or part pack service Owner packed service [&hellip;]<\/p>\n","protected":false},"author":1,"featured_media":0,"parent":0,"menu_order":0,"comment_status":"closed","ping_status":"closed","template":"","meta":{"_genesis_hide_title":false,"_genesis_hide_breadcrumbs":false,"_genesis_hide_singular_image":false,"_genesis_hide_footer_widgets":false,"_genesis_custom_body_class":"","_genesis_custom_post_class":"","_genesis_layout":"","footnotes":""},"class_list":{"0":"post-924","1":"page","2":"type-page","3":"status-publish","5":"entry"},"_links":{"self":[{"href":"https:\/\/moverdb.com\/es\/wp-json\/wp\/v2\/pages\/924","targetHints":{"allow":["GET"]}}],"collection":[{"href":"https:\/\/moverdb.com\/es\/wp-json\/wp\/v2\/pages"}],"about":[{"href":"https:\/\/moverdb.com\/es\/wp-json\/wp\/v2\/types\/page"}],"author":[{"embeddable":true,"href":"https:\/\/moverdb.com\/es\/wp-json\/wp\/v2\/users\/1"}],"replies":[{"embeddable":true,"href":"https:\/\/moverdb.com\/es\/wp-json\/wp\/v2\/comments?post=924"}],"version-history":[{"count":6,"href":"https:\/\/moverdb.com\/es\/wp-json\/wp\/v2\/pages\/924\/revisions"}],"predecessor-version":[{"id":6202,"href":"https:\/\/moverdb.com\/es\/wp-json\/wp\/v2\/pages\/924\/revisions\/6202"}],"wp:attachment":[{"href":"https:\/\/moverdb.com\/es\/wp-json\/wp\/v2\/media?parent=924"}],"curies":[{"name":"wp","href":"https:\/\/api.w.org\/{rel}","templated":true}]}}