{"id":923,"date":"2016-08-25T14:59:50","date_gmt":"2016-08-25T14:59:50","guid":{"rendered":"http:\/\/moverdb.com\/?page_id=923"},"modified":"2026-01-08T14:40:15","modified_gmt":"2026-01-08T14:40:15","slug":"movecorp","status":"publish","type":"page","link":"https:\/\/moverdb.com\/es\/movecorp\/","title":{"rendered":"Movecorp: Rese\u00f1as de Mudanzas Internacionales"},"content":{"rendered":"<p>Movecorp tiene su sede en las West Midlands y ofrece a sus clientes diversos <a href=\"https:\/\/moverdb.com\/es\/international-removals\/\" data-internallinksmanager029f6b8e52c=\"27\" title=\"36 mejores empresas de mudanzas internacionales del Reino Unido\">mudanzas internacionales<\/a> servicios que se enumeran a continuaci\u00f3n, junto con un perfil de la empresa y rese\u00f1as.<\/p>\n<p><strong>Mudanzas internacionales<\/strong><\/p>\n<ul>\n<li> Coordinador de mudanzas dedicado<\/li>\n<li> De puerta a puerta<\/li>\n<li> Embalaje - servicio completo, art\u00edculos fr\u00e1giles o h\u00e1galo usted mismo<\/li>\n<li> Material de embalaje suministrado<\/li>\n<li> Asistencia en los tr\u00e1mites<\/li>\n<li> Env\u00edo de carga parcial - contenedor compartido<\/li>\n<li> Dedicado <a href=\"https:\/\/moverdb.com\/es\/transporte-de-contenedores\/\">transporte internacional de contenedores<\/a><\/li>\n<li> Almacenamiento gratuito de hasta un mes<\/li>\n<li> Desembalaje<\/li>\n<li> Seguro contratado<\/li>\n<li> Servicio de reubicaci\u00f3n del personal<\/li>\n<\/ul>\n<p><strong>Mudanzas europeas<\/strong><\/p>\n<ul>\n<li> Servicio puerta a puerta<\/li>\n<li> Coordinador de mudanzas dedicado<\/li>\n<li> Servicio completo de embalaje disponible<\/li>\n<li> Material de embalaje suministrado<\/li>\n<li> Asistencia en los tr\u00e1mites<\/li>\n<li> Env\u00edo de carga parcial (LCL)<\/li>\n<li> Contenedor de transporte dedicado<\/li>\n<li> Almacenamiento gratuito de hasta un mes<\/li>\n<li> Servicio completo de desembalaje disponible<\/li>\n<li> Seguro contratado<\/li>\n<\/ul>\n<p><strong>Mudanzas de casas<\/strong><\/p>\n<ul>\n<li> Servicio puerta a puerta<\/li>\n<li> Servicio completo de envasado y embalaje <\/li>\n<li> Almacenamiento - primer mes gratis<\/li>\n<li> Seguro contratado<\/li>\n<li> Carga parcial (LCL)<\/li>\n<li> Carga completa (FCL)<\/li>\n<li> Servicio de desembalaje a la entrega<\/li>\n<\/ul>\n<h2>Perfil de la empresa Movecorp<\/h2>\n<p>Movecorp es una <a href=\"https:\/\/moverdb.com\/es\/moving-to-the-uk\/\" data-internallinksmanager029f6b8e52c=\"93\" title=\"\u00bfSe muda al Reino Unido? 2026 Costes de vida y consejos de reubicaci\u00f3n\">REINO UNIDO<\/a> es una empresa de mudanzas especializada en traslados internacionales y europeos. Su sede central se encuentra en West Midlands, lo que sit\u00faa a la empresa en una buena posici\u00f3n para dar servicio a todo el Reino Unido. <\/p>\n<p>Movecorp traslada personas dentro del Reino Unido todos los d\u00edas de la semana y tiene entregas semanales a los principales destinos europeos.<\/p>\n<p>Movecorp presta un servicio personalizado a todos sus clientes y los mantiene informados de cada paso que dan. Se enorgullecen de su enfoque amistoso y eficiente en todas y cada una de las mudanzas que realizan.<\/p>\n<p>Movecorp cuenta con las siguientes afiliaciones y acreditaciones:<\/p>\n<ul>\n<li> <a href=\"https:\/\/moverdb.com\/es\/soy\/\">Asociaci\u00f3n Internacional de Empresas de Mudanzas<\/a> (<a href=\"https:\/\/moverdb.com\/es\/iam\/\" data-internallinksmanager029f6b8e52c=\"23\" title=\"Explicaci\u00f3n de la Asociaci\u00f3n Internacional de Empresas de Mudanzas (IAM)\">IAM<\/a>)<\/li>\n<li> <a href=\"https:\/\/moverdb.com\/es\/rios\/\">Programa del Defensor del Pueblo del sector de las mudanzas<\/a><\/li>\n<li> <a href=\"https:\/\/moverdb.com\/es\/fedemac\/\">Federaci\u00f3n de la Asociaci\u00f3n Europea de Empresas de Mudanzas<\/a> (<a href=\"https:\/\/moverdb.com\/es\/fedemac\/\" data-internallinksmanager029f6b8e52c=\"15\" title=\"Explicaci\u00f3n de la Federaci\u00f3n de Asociaciones Europeas de Empresas de Mudanzas (FEDEMAC)\">FEDEMAC<\/a>)<\/li>\n<li> <a href=\"https:\/\/moverdb.com\/es\/asociacion-de-transporte-de-mercancias\/\">Asociaci\u00f3n de Transporte de Mercanc\u00edas<\/a> (<a href=\"https:\/\/moverdb.com\/es\/freight-transport-association\/\" data-internallinksmanager029f6b8e52c=\"18\" title=\"Explicaci\u00f3n de la Asociaci\u00f3n de Transporte de Mercanc\u00edas (FTA)\">FTA<\/a>)<\/li>\n<li> <a href=\"https:\/\/moverdb.com\/es\/mtc\/\">Movers Trading Club<\/a> (<a href=\"https:\/\/moverdb.com\/es\/mtc\/\" data-internallinksmanager029f6b8e52c=\"30\" title=\"Explicaci\u00f3n del Movers Trading Club (MTC)\">MTC<\/a>)<\/li>\n<li> <a href=\"https:\/\/moverdb.com\/es\/eurovan-movers\/\">Eurovan<\/a><\/li>\n<li> <a href=\"https:\/\/moverdb.com\/es\/ngrs\/\">Gremio Nacional de Empresas de Mudanzas y Guardamuebles<\/a> (<a href=\"https:\/\/moverdb.com\/es\/ngrs\/\" data-internallinksmanager029f6b8e52c=\"74\" title=\"Explicaci\u00f3n del Gremio Nacional de Empresas de Mudanzas y Almacenamiento (NGRS)\">NGRS<\/a>)<\/li>\n<li> \u00bfQu\u00e9? Comerciante de confianza<\/li>\n<li> Normas de calidad del servicio - BS 8564<\/li>\n<li> CHAS<\/li>\n<\/ul>\n<h2>Rese\u00f1as de MoveCorp<\/h2>\n<p><strong>Positivo:<\/strong><\/p>\n<ul>\n<li> <em>\"Recomiendo encarecidamente a Movecorp. El servicio recibido fue excepcional y amable\".<\/em> - Ella Dennett v\u00eda Movecorp <a href=\"http:\/\/www.movecorp.co.uk\/reviews\/\" target=\"_blank\" rel=\"noopener\">p\u00e1gina de opiniones e informes de clientes<\/a>.<\/li>\n<li> <em>\"Muy eficiente, todo estaba excelentemente embalado y lleg\u00f3 en buenas condiciones\".<\/em> - Stan v\u00eda <a href=\"https:\/\/www.trustpilot.com\/reviews\/579606ae0000ff00097414e9\" target=\"_blank\" rel=\"noopener\">TrustPilot<\/a> <\/li>\n<li> <em>\"Nuestra experiencia fue genial. Nuestra coordinadora de la mudanza, Emma, fue muy servicial y atendi\u00f3 nuestras consultas de manera oportuna. Un gran agradecimiento por su ayuda\".<\/em> Andrea v\u00eda <a href=\"http:\/\/www.removalreviews.co.uk\/movingreviews\/great-service-11241\" target=\"_blank\" rel=\"noopener\">Rese\u00f1as de mudanzas<\/a><\/li>\n<li> <em>\"El sitio web de Movecorp es f\u00e1cil de navegar y encontr\u00e9 informaci\u00f3n \u00fatil para ayudarme a organizar mi mudanza\".<\/em> - LisaM1983 v\u00eda <a href=\"http:\/\/www.reviewcentre.com\/Removal-Companies\/MoveCorp-International-Removals-www-movecorp-co-uk-review_2305958\" target=\"_blank\" rel=\"noopener\">Centro de Revisi\u00f3n<\/a><\/li>\n<li> <em>\"El equipo de Movecorp fue fant\u00e1stico de principio a fin\".<\/em> - a trav\u00e9s de <a href=\"http:\/\/www.referenceline.com\/removers_removals-in-walsall-movecorpcouk-21956#GOTO178308\" target=\"_blank\" rel=\"noopener\">L\u00ednea de referencia<\/a><\/li>\n<\/ul>\n<p><strong>Negativo:<\/strong><\/p>\n<ul>\n<li> <em>\"Tienen el contenido de mi mudanza desde hace m\u00e1s de tres meses y acaba de salir del Reino Unido la semana pasada\".<\/em> - Chuck v\u00eda <a href=\"https:\/\/www.trustpilot.com\/reviews\/55f4a26f0000ff000907c3df\" target=\"_blank\" rel=\"noopener\">TrustPilot<\/a><\/li>\n<li> <em>\"Aunque vi algunas buenas cr\u00edticas en Internet, mi experiencia fue desgraciadamente bastante mala\".<\/em> - Steven Johnson v\u00eda <a href=\"http:\/\/www.removalreviews.co.uk\/movingreviews\/use-at-own-risk-11126\" target=\"_blank\" rel=\"noopener\">Rese\u00f1as de mudanzas<\/a> <\/li>\n<li> <em>\"La peor experiencia en una mudanza: me sent\u00ed estafado y enga\u00f1ado\"<\/em> - MayVisR42 v\u00eda <a href=\"http:\/\/www.reviewcentre.com\/Removal-Companies\/MoveCorp-International-Removals-www-movecorp-co-uk-review_3464277\" target=\"_blank\" rel=\"noopener\">Centro de Revisi\u00f3n<\/a> <\/li>\n<\/ul>\n<div itemprop=\"review\" itemscope itemtype=\"http:\/\/schema.org\/Review\">\n<span itemprop=\"author\" itemscope=\"\" itemtype=\"http:\/\/schema.org\/Organization\"><span itemprop=\"name\">MoverDB.com<\/span><\/span> Revisi\u00f3n del sitio web en l\u00ednea para <span itemprop=\"itemreviewed\" itemscope=\"\" itemtype=\"http:\/\/schema.org\/Brand\"><span itemprop=\"name\">MoveCorp<\/span><\/span>:<\/p>\n<ol>\n<li> \u00bfDatos de contacto claros en el sitio web (incluido el n\u00famero de tel\u00e9fono)? <strong>S\u00ed<\/strong><\/li>\n<li> F\u00e1cil de conseguir <a href=\"https:\/\/moverdb.com\/es\/citas\/\">presupuestos de mudanzas internacionales<\/a>? (Formulario de solicitud de presupuesto en l\u00ednea): <strong>S\u00ed<\/strong><\/li>\n<li> Informaci\u00f3n clara en el sitio web: <strong>No,<\/strong> El sitio web contiene muy poca informaci\u00f3n por encima de c\u00f3mo obtener un presupuesto y los destinos atendidos.<\/li>\n<li> Pertenencia a organizaciones de mudanzas reconocidas internacionalmente: <strong>S\u00ed,<\/strong> muchos - ver arriba<\/li>\n<li> Lista de clientes y\/o testimonios de clientes anteriores: <strong>S\u00ed,<\/strong> hay muchos testimonios positivos de clientes en el sitio.<\/li>\n<\/ol>\n<div itemprop=\"reviewRating\" itemscope itemtype=\"http:\/\/schema.org\/Rating\"><meta itemprop=\"worstRating\" content = \"0\" \/><meta itemprop=\"bestRating\" content=\"5\" \/><meta itemprop=\"ratingValue\" content=\"4.5\"><\/div>\n<p><strong>Puntuaci\u00f3n global: 4,5\/5<\/strong><br \/>\n<strong>Fecha de revisi\u00f3n:<\/strong> <span itemprop=\"datePublished\" content=\"2016-08-25\">25\/08\/2016<\/span>\n<\/div>\n<p>M\u00e1s informaci\u00f3n sobre <a href=\"https:\/\/moverdb.com\/es\/mudanzas-internacionales\/\">mudanzas internacionales<\/a> y nuestro <a href=\"https:\/\/moverdb.com\/es\/resenas\/\">proceso de revisi\u00f3n<\/a>.<\/p>\n<p><strong>P\u00e1gina web:<\/strong> <a href=\"http:\/\/www.movecorp.co.uk\" target=\"_blank\" rel=\"noopener\">http:\/\/www.movecorp.co.uk<\/a><\/p>","protected":false},"excerpt":{"rendered":"<p>Movecorp is based in the West Midlands and offers its customers various international removals services which are listed below, together with a company profile and reviews. International Removals Dedicated move coordinator Door to door Packing &#8211; full service, fragile items or do it yourself Packing materials supplied Assistance with paperwork Part load shipping &#8211; shared [&hellip;]<\/p>\n","protected":false},"author":1,"featured_media":0,"parent":0,"menu_order":0,"comment_status":"closed","ping_status":"closed","template":"","meta":{"_genesis_hide_title":false,"_genesis_hide_breadcrumbs":false,"_genesis_hide_singular_image":false,"_genesis_hide_footer_widgets":false,"_genesis_custom_body_class":"","_genesis_custom_post_class":"","_genesis_layout":"","footnotes":""},"class_list":{"0":"post-923","1":"page","2":"type-page","3":"status-publish","5":"entry"},"_links":{"self":[{"href":"https:\/\/moverdb.com\/es\/wp-json\/wp\/v2\/pages\/923","targetHints":{"allow":["GET"]}}],"collection":[{"href":"https:\/\/moverdb.com\/es\/wp-json\/wp\/v2\/pages"}],"about":[{"href":"https:\/\/moverdb.com\/es\/wp-json\/wp\/v2\/types\/page"}],"author":[{"embeddable":true,"href":"https:\/\/moverdb.com\/es\/wp-json\/wp\/v2\/users\/1"}],"replies":[{"embeddable":true,"href":"https:\/\/moverdb.com\/es\/wp-json\/wp\/v2\/comments?post=923"}],"version-history":[{"count":8,"href":"https:\/\/moverdb.com\/es\/wp-json\/wp\/v2\/pages\/923\/revisions"}],"predecessor-version":[{"id":13179,"href":"https:\/\/moverdb.com\/es\/wp-json\/wp\/v2\/pages\/923\/revisions\/13179"}],"wp:attachment":[{"href":"https:\/\/moverdb.com\/es\/wp-json\/wp\/v2\/media?parent=923"}],"curies":[{"name":"wp","href":"https:\/\/api.w.org\/{rel}","templated":true}]}}