{"id":921,"date":"2016-08-29T20:53:00","date_gmt":"2016-08-29T20:53:00","guid":{"rendered":"http:\/\/moverdb.com\/?page_id=921"},"modified":"2026-01-08T15:20:42","modified_gmt":"2026-01-08T15:20:42","slug":"simpsons-removals","status":"publish","type":"page","link":"https:\/\/moverdb.com\/es\/simpsons-removals\/","title":{"rendered":"Simpsons Mudanzas y Guardamuebles: Rese\u00f1as de Mudanzas Internacionales"},"content":{"rendered":"<p>Simpsons Removals and Storage Ltd tiene su sede en Kent y ofrece a sus clientes una gama de <a href=\"https:\/\/moverdb.com\/es\/international-removals\/\" data-internallinksmanager029f6b8e52c=\"27\" title=\"36 mejores empresas de mudanzas internacionales del Reino Unido\">mudanzas internacionales<\/a> servicios que se enumeran a continuaci\u00f3n. Tambi\u00e9n se incluye un perfil de la empresa y rese\u00f1as.<\/p>\n<p><strong>Mudanzas internacionales<\/strong><\/p>\n<ul>\n<li> Puerta a puerta o aeropuerto en destino<\/li>\n<li> Servicio completo, art\u00edculos fr\u00e1giles o embalaje de bricolaje<\/li>\n<li> Se puede proporcionar material de embalaje<\/li>\n<li> Transporte a\u00e9reo o mar\u00edtimo - <a href=\"https:\/\/moverdb.com\/es\/transporte-de-contenedores\/\">transporte internacional de contenedores<\/a><\/li>\n<li> Exceso de equipaje para cargas peque\u00f1as<\/li>\n<li> Seguro contratado<\/li>\n<li> Manipulaci\u00f3n de terminales\/<a href=\"https:\/\/moverdb.com\/es\/top-49-container-ports\/\" data-internallinksmanager029f6b8e52c=\"80\" title=\"Los 49 puertos de contenedores m\u00e1s grandes y activos en 2025\">puerto<\/a> cargos<\/li>\n<li> Despacho de aduanas<\/li>\n<li> Entrega y desembalaje<\/li>\n<li> Eliminaci\u00f3n de residuos<\/li>\n<li> Servicios de los comerciantes<\/li>\n<li> Servicio de limpieza<\/li>\n<\/ul>\n<p><strong>Materiales de embalaje<\/strong><\/p>\n<ul>\n<li> Cajas de cart\u00f3n de diferentes tama\u00f1os<\/li>\n<li> Cajas de cart\u00f3n para armarios colgantes<\/li>\n<li> Cinta de embalar<\/li>\n<li> Papel de embalaje<\/li>\n<li> Mantas de papel<\/li>\n<li> Mantas de tr\u00e1nsito de tela<\/li>\n<li> Bolsas de colch\u00f3n<\/li>\n<li> Cajas de archivo<\/li>\n<li> Cajas de madera a medida disponibles bajo petici\u00f3n - se requiere 7 d\u00edas de antelaci\u00f3n.<\/li>\n<\/ul>\n<p><strong>Movimientos europeos<\/strong><\/p>\n<ul>\n<li> Por aire, mar o carretera<\/li>\n<li> Servicio de carga dedicado<\/li>\n<li> Cargas parciales disponibles<\/li>\n<li> Servicio puerta a puerta disponible<\/li>\n<li> Servicio completo, art\u00edculos fr\u00e1giles o embalaje de bricolaje<\/li>\n<li> Se puede proporcionar material de embalaje<\/li>\n<li> Seguro contratado<\/li>\n<li> Servicio de desembalaje disponible<\/li>\n<li> Eliminaci\u00f3n de residuos<\/li>\n<\/ul>\n<p><strong><a href=\"https:\/\/moverdb.com\/es\/moving-to-the-uk\/\" data-internallinksmanager029f6b8e52c=\"93\" title=\"\u00bfSe muda al Reino Unido? 2026 Costes de vida y consejos de reubicaci\u00f3n\">REINO UNIDO<\/a> Mudanzas<\/strong><\/p>\n<ul>\n<li> De puerta a puerta<\/li>\n<li> Mudanzas personales<\/li>\n<li> Mudanzas de empresas<\/li>\n<li> Servicio completo, art\u00edculos fr\u00e1giles o embalaje de bricolaje<\/li>\n<li> Se puede proporcionar material de embalaje<\/li>\n<li> Seguro contratado<\/li>\n<li> Servicio de desembalaje disponible<\/li>\n<li> Eliminaci\u00f3n de residuos<\/li>\n<\/ul>\n<p><strong>Mudanzas corporativas<\/strong><\/p>\n<ul>\n<li> Traslado de oficinas<\/li>\n<li> Mudanzas de empresas en todo el mundo<\/li>\n<li> Mudanza exclusiva a domicilio en todo el mundo<\/li>\n<li> Soluciones de reubicaci\u00f3n inform\u00e1tica<\/li>\n<li> Mudanzas de f\u00e1bricas y laboratorios<\/li>\n<li> Venta al por menor de muebles de oficina<\/li>\n<\/ul>\n<p><strong>Almacenamiento<\/strong><\/p>\n<ul>\n<li> Autoalmacenamiento<\/li>\n<li> Almacenamiento dom\u00e9stico<\/li>\n<li> Almacenamiento de archivos<\/li>\n<li> Almacenamiento externo<\/li>\n<li> CCTV 24\/7<\/li>\n<\/ul>\n<h2>Mudanzas y Guardamuebles Simpsons<\/h2>\n<p>Simpsons Removals and Storage Ltd fue fundada en 1979 por Barry Simpson. Hoy en d\u00eda, esta empresa de mudanzas con sede en Kent sigue siendo de propiedad familiar y est\u00e1 dirigida por el hijo y la hija de Barry Simpson. <\/p>\n<p>El objetivo de la empresa es ofrecer un servicio profesional y eficaz a los clientes particulares, empresariales y comerciales que se trasladan a nivel local o internacional. <\/p>\n<p>Simpsons cuenta con una flota de 20 veh\u00edculos para satisfacer las necesidades de cualquier mudanza. Tambi\u00e9n tienen los 100.000 pies cuadrados de espacio de almacenamiento de almac\u00e9n y otros 20.000 pies cuadrados de espacio que se puede utilizar para el almacenamiento de contenedores. <\/p>\n<p>La empresa cuenta con 36 a\u00f1os de experiencia en el sector de las mudanzas y se siente preparada para realizar cualquier traslado, por grande o peque\u00f1o que sea, en cualquier parte del mundo.<\/p>\n<p>Simpsons Mudanzas y Guardamuebles tiene las siguientes acreditaciones y afiliaciones:<\/p>\n<ul>\n<li> <a href=\"https:\/\/moverdb.com\/es\/british-association-of-removers\/\">Asociaci\u00f3n Brit\u00e1nica de Empresas de Mudanzas<\/a> (<a href=\"https:\/\/moverdb.com\/es\/british-association-of-removers\/\" data-internallinksmanager029f6b8e52c=\"9\" title=\"Explicaci\u00f3n de la Asociaci\u00f3n Brit\u00e1nica de Empresas de Mudanzas (BAR)\">BAR<\/a>)<\/li>\n<li> <a href=\"https:\/\/moverdb.com\/es\/bar-overseas\/\">Asociaci\u00f3n Brit\u00e1nica de Mudanzas - Mudanzas en el Extranjero<\/a><\/li>\n<li> Asociaci\u00f3n Brit\u00e1nica de Mudanzas - Grupo de Mudanzas Comerciales<\/li>\n<li> <a href=\"https:\/\/moverdb.com\/es\/soy\/\">Asociaci\u00f3n Internacional de Empresas de Mudanzas<\/a> - <a href=\"https:\/\/moverdb.com\/es\/iam\/\" data-internallinksmanager029f6b8e52c=\"23\" title=\"Explicaci\u00f3n de la Asociaci\u00f3n Internacional de Empresas de Mudanzas (IAM)\">IAM<\/a><\/li>\n<li> <a href=\"https:\/\/moverdb.com\/es\/fedemac\/\">Federaci\u00f3n de la Asociaci\u00f3n Europea de Empresas de Mudanzas<\/a> - <a href=\"https:\/\/moverdb.com\/es\/fedemac\/\" data-internallinksmanager029f6b8e52c=\"15\" title=\"Explicaci\u00f3n de la Federaci\u00f3n de Asociaciones Europeas de Empresas de Mudanzas (FEDEMAC)\">FEDEMAC<\/a><\/li>\n<li> Norma de servicio de calidad garantizada BS8564<\/li>\n<li> Norma de servicio de calidad garantizada BS8522 - Mudanzas comerciales<\/li>\n<li> Asociaci\u00f3n de Comerciantes de Arte y Antig\u00fcedades - LAPADA<\/li>\n<li> Club de Comerciantes Movers (<a href=\"https:\/\/moverdb.com\/es\/mtc\/\" data-internallinksmanager029f6b8e52c=\"30\" title=\"Explicaci\u00f3n del Movers Trading Club (MTC)\">MTC<\/a>)<\/li>\n<\/ul>\n<h2>Rese\u00f1as de Mudanzas y Guardamuebles Simpsons<\/h2>\n<p><strong>Positivo:<\/strong><\/p>\n<ul>\n<li> <em>\"S\u00f3lo quer\u00eda decir que estoy muy contenta con el servicio que Simpsons me prest\u00f3 ayer en la entrega de mis tesoros. Todo el traslado de mis pertenencias desde <a href=\"https:\/\/moverdb.com\/es\/moving-to-canada\/\" data-internallinksmanager029f6b8e52c=\"265\" title=\"\u00bfMudarse a Canad\u00e1? 2026 Coste de la vida y consejos para la reubicaci\u00f3n\">Canad\u00e1<\/a> al Reino Unido ha sido impresionante\".<\/em> - Jane v\u00eda<a href=\"http:\/\/www.simpsons-uk.com\/testimonials\" target=\"_blank\" rel=\"noopener\"> Testimonio de los Simpsons<\/a><\/li>\n<li> <em>\"Despu\u00e9s de haber perdido nuestro espacio con nuestra empresa de mudanzas original, buscamos otra. Simpsons fueron los m\u00e1s atentos y enviaron al due\u00f1o a ver <a href=\"https:\/\/moverdb.com\/es\/moving-to-the-united-states\/\" data-internallinksmanager029f6b8e52c=\"94\" title=\"\u00bfSe muda a Estados Unidos? 2026 Costes de vida y consejos de reubicaci\u00f3n\">us<\/a> y el precio del trabajo\".<\/em> - Dan v\u00eda <a href=\"http:\/\/www.removalreviews.co.uk\/movingreviews\/surprisingly-good-2361\" target=\"_blank\" rel=\"noopener\">Rese\u00f1as de mudanzas<\/a><\/li>\n<li> <em>\"Muy profesional y el personal muy amable y servicial\".<\/em> - Eros v\u00eda <a href=\"https:\/\/www.reallymoving.com\/international-removals\/directory\/216\/simpsons-removals-limited\" target=\"_blank\" rel=\"noopener\">ReallyMoving.com<\/a><\/li>\n<li> <em>\"Estuve muy contento con todo el proceso. El personal fue amable y servicial y me mantuvieron bien informado sobre el estado de mi env\u00edo en todo momento.\"<\/em> - K Pryce v\u00eda <a href=\"http:\/\/www.reviewcentre.com\/Removal-Companies\/Simpsons-Removals-and-Storage-Ltd-www-simpsons-uk-com-review_2646331\" target=\"_blank\" rel=\"noopener\">Centro de Revisi\u00f3n<\/a> <\/li>\n<\/ul>\n<p><strong>Negativo:<\/strong><\/p>\n<ul>\n<li> \"<em>Nunca, repito NUNCA, uses las mudanzas de los Simpsons\".<\/em> - Ruth v\u00eda <a href=\"http:\/\/www.removalreviews.co.uk\/movingreviews\/poor-delivery-men-and-customer-service-2658\" target=\"_blank\" rel=\"noopener\">Rese\u00f1as de mudanzas<\/a> <\/li>\n<li> \"<em>La empresa no hizo la retirada y pas\u00f3 el contrato a otra empresa\".<\/em> - Mistral v\u00eda <a href=\"https:\/\/www.reallymoving.com\/international-removals\/directory\/216\/simpsons-removals-limited\" target=\"_blank\" rel=\"noopener\">ReallyMoving.com<\/a> <\/li>\n<li> <em>\"Esta empresa es una verg\u00fcenza\".<\/em> - a trav\u00e9s de <a href=\"http:\/\/www.reviewcentre.com\/Removal-Companies\/Simpsons-Removals-and-Storage-Ltd-www-simpsons-uk-com-review_4006517\" target=\"_blank\" rel=\"noopener\">Centro de Revisi\u00f3n<\/a> <\/li>\n<\/ul>\n<div itemprop=\"review\" itemscope itemtype=\"http:\/\/schema.org\/Review\">\n<span itemprop=\"author\" itemscope=\"\" itemtype=\"http:\/\/schema.org\/Organization\"><span itemprop=\"name\">MoverDB.com<\/span><\/span> Revisi\u00f3n del sitio web en l\u00ednea para <span itemprop=\"itemreviewed\" itemscope=\"\" itemtype=\"http:\/\/schema.org\/Brand\"><span itemprop=\"name\">Mudanzas y Guardamuebles Simpsons<\/span><\/span>:<\/p>\n<ol>\n<li> Datos de contacto claros en el sitio web (incluido el n\u00famero de tel\u00e9fono): <strong>S\u00ed<\/strong><\/li>\n<li> F\u00e1cil de conseguir <a href=\"https:\/\/moverdb.com\/es\/citas\/\">presupuestos de mudanzas internacionales<\/a>? (Formulario de solicitud de presupuesto en l\u00ednea): <strong>S\u00ed<\/strong><\/li>\n<li> Informaci\u00f3n clara en el sitio web: <strong>S\u00ed<\/strong>La informaci\u00f3n de contacto y las gu\u00edas b\u00e1sicas se proporcionan en l\u00ednea.<\/li>\n<li> Pertenencia a organizaciones de mudanzas reconocidas internacionalmente: <strong>S\u00ed<\/strong>, v\u00e9ase m\u00e1s arriba.<\/li>\n<li> Lista de clientes y\/o testimonios de clientes anteriores: <strong>S\u00ed<\/strong>En el sitio web hay testimonios positivos de clientes.<\/li>\n<\/ol>\n<div itemprop=\"reviewRating\" itemscope itemtype=\"http:\/\/schema.org\/Rating\"><meta itemprop=\"worstRating\" content = \"0\" \/><meta itemprop=\"bestRating\" content=\"5\" \/><meta itemprop=\"ratingValue\" content=\"4.5\"><\/div>\n<p><strong>Puntuaci\u00f3n global: 4,5\/5<\/strong><br \/>\n<strong>Fecha de revisi\u00f3n:<\/strong> <span itemprop=\"datePublished\" content=\"2016-08-29\">29\/08\/2016<\/span>\n<\/div>\n<p>M\u00e1s sobre <a href=\"https:\/\/moverdb.com\/es\/mudanzas-internacionales\/\">mudanzas internacionales<\/a> y nuestro <a href=\"https:\/\/moverdb.com\/es\/resenas\/\">proceso de revisi\u00f3n<\/a>.<\/p>\n<p><strong>P\u00e1gina web:<\/strong> <a href=\"http:\/\/www.simpsons-uk.com\/\" target=\"_blank\" rel=\"noopener\">http:\/\/www.simpsons-uk.com<\/a><\/p>","protected":false},"excerpt":{"rendered":"<p>Simpsons Removals and Storage Ltd is based in Kent and offers its customers a range of international removals services which are listed below. There also follows a company profile and reviews. International Removals Door to door or airport at destination Full service, fragile items or do-it-yourself packing Packing materials can be provided Air freight or [&hellip;]<\/p>\n","protected":false},"author":1,"featured_media":0,"parent":0,"menu_order":0,"comment_status":"closed","ping_status":"closed","template":"","meta":{"_genesis_hide_title":false,"_genesis_hide_breadcrumbs":false,"_genesis_hide_singular_image":false,"_genesis_hide_footer_widgets":false,"_genesis_custom_body_class":"","_genesis_custom_post_class":"","_genesis_layout":"","footnotes":""},"class_list":{"0":"post-921","1":"page","2":"type-page","3":"status-publish","5":"entry"},"_links":{"self":[{"href":"https:\/\/moverdb.com\/es\/wp-json\/wp\/v2\/pages\/921","targetHints":{"allow":["GET"]}}],"collection":[{"href":"https:\/\/moverdb.com\/es\/wp-json\/wp\/v2\/pages"}],"about":[{"href":"https:\/\/moverdb.com\/es\/wp-json\/wp\/v2\/types\/page"}],"author":[{"embeddable":true,"href":"https:\/\/moverdb.com\/es\/wp-json\/wp\/v2\/users\/1"}],"replies":[{"embeddable":true,"href":"https:\/\/moverdb.com\/es\/wp-json\/wp\/v2\/comments?post=921"}],"version-history":[{"count":5,"href":"https:\/\/moverdb.com\/es\/wp-json\/wp\/v2\/pages\/921\/revisions"}],"predecessor-version":[{"id":6238,"href":"https:\/\/moverdb.com\/es\/wp-json\/wp\/v2\/pages\/921\/revisions\/6238"}],"wp:attachment":[{"href":"https:\/\/moverdb.com\/es\/wp-json\/wp\/v2\/media?parent=921"}],"curies":[{"name":"wp","href":"https:\/\/api.w.org\/{rel}","templated":true}]}}