{"id":920,"date":"2016-09-03T16:04:22","date_gmt":"2016-09-03T16:04:22","guid":{"rendered":"http:\/\/moverdb.com\/?page_id=920"},"modified":"2026-01-08T14:47:54","modified_gmt":"2026-01-08T14:47:54","slug":"burke-bros","status":"publish","type":"page","link":"https:\/\/moverdb.com\/es\/burke-bros\/","title":{"rendered":"Burke Bros Moving Group: Rese\u00f1as de Mudanzas Internacionales"},"content":{"rendered":"<p>Burke Bros es una empresa de mudanzas, almacenistas, transportistas y expertos en reubicaci\u00f3n global. A continuaci\u00f3n se enumeran los servicios que ofrecen, seguidos de un perfil de la empresa y varias rese\u00f1as.<\/p>\n<p><strong>Empresas y particulares <a href=\"https:\/\/moverdb.com\/es\/international-removals\/\" data-internallinksmanager029f6b8e52c=\"27\" title=\"36 mejores empresas de mudanzas internacionales del Reino Unido\">Mudanzas internacionales<\/a><\/strong><\/p>\n<ul>\n<li> Equipo corporativo dedicado<\/li>\n<li> Servicio integral puerta a puerta<\/li>\n<li> Encuesta gratuita sobre la mudanza<\/li>\n<li> Red de reputados expertos en reubicaci\u00f3n en todo el mundo<\/li>\n<li> Equipo dedicado al embalaje para la exportaci\u00f3n<\/li>\n<li> Asesoramiento sobre cuarentena internacional<\/li>\n<li> Informaci\u00f3n sobre aduanas e impuestos especiales internacionales<\/li>\n<li> <a href=\"https:\/\/moverdb.com\/es\/moving-to-the-uk\/\" data-internallinksmanager029f6b8e52c=\"93\" title=\"\u00bfSe muda al Reino Unido? 2026 Costes de vida y consejos de reubicaci\u00f3n\">REINO UNIDO<\/a> almacenamiento - preembarque<\/li>\n<li> Seguro contratado<\/li>\n<li> Asistencia en el despacho de aduanas<\/li>\n<\/ul>\n<p><strong>Movimientos europeos<\/strong><\/p>\n<ul>\n<li> Servicio integral puerta a puerta<\/li>\n<li> Equipo de embalaje especializado<\/li>\n<li> Seguro contratado<\/li>\n<li> Salidas semanales<\/li>\n<li> Asistencia en materia de aduanas e impuestos especiales, si procede<\/li>\n<\/ul>\n<p><strong>Mudanzas dom\u00e9sticas en el Reino Unido - Corporativas y personales<\/strong><\/p>\n<ul>\n<li> Visita personal del asesor<\/li>\n<li> Servicio de gesti\u00f3n de proyectos para empresas<\/li>\n<li> Servicio integral puerta a puerta<\/li>\n<li> Equipo de embalaje especializado<\/li>\n<li> Seguro contratado<\/li>\n<li> Embalaje especializado<\/li>\n<li> Alquiler de cajas de oficina<\/li>\n<\/ul>\n<p><strong>Almacenamiento<\/strong><\/p>\n<ul>\n<li> Autoalmacenamiento - Wolverhampton <\/li>\n<li> Acceso ilimitado durante el horario de apertura<\/li>\n<li> Se puede comprar una gama de cajas<\/li>\n<li> CCTV 24 horas<\/li>\n<li> Almacenamiento de documentos y archivos<\/li>\n<\/ul>\n<p><strong>Servicios especiales durante las mudanzas<\/strong><\/p>\n<ul>\n<li> Destrucci\u00f3n de documentos<\/li>\n<li> Almacenamiento de documentos<\/li>\n<li> Reciclaje de muebles y equipos inform\u00e1ticos viejos<\/li>\n<li> Desmontaje y puesta en marcha de sistemas inform\u00e1ticos<\/li>\n<li> Material de embalaje especializado para equipos inform\u00e1ticos<\/li>\n<\/ul>\n<h2>Perfil de la empresa Burke Bros Moving Group<\/h2>\n<p>Burke Bros se fund\u00f3 en 1982 y ha trasladado a m\u00e1s de 49.000 clientes durante ese tiempo. Han registrado casi medio mill\u00f3n de horas de embalaje, mudanza y desembalaje. La empresa est\u00e1 situada en el centro de Inglaterra y cuenta con siete oficinas y un \u00e1rea de almacenamiento seguro de 52.000 pies cuadrados.<\/p>\n<p>Burke Bros es una empresa familiar dirigida por los hermanos Burke, Gary y Chris. Muchos de sus empleados llevan con ellos m\u00e1s de 20 a\u00f1os. La empresa dice que se enorgullece de su enfoque atento a cada uno de los traslados.<\/p>\n<p>Las cuestiones ecol\u00f3gicas son una parte importante de la empresa y Burke Bros ha introducido el reciclaje y la gesti\u00f3n de residuos para los clientes con el fin de reducir su huella de carbono.<\/p>\n<p>Afiliaciones y acreditaciones de Burke Bros:<\/p>\n<ul>\n<li> <a href=\"https:\/\/moverdb.com\/es\/british-association-of-removers\/\">Asociaci\u00f3n Brit\u00e1nica de Empresas de Mudanzas<\/a> (<a href=\"https:\/\/moverdb.com\/es\/british-association-of-removers\/\" data-internallinksmanager029f6b8e52c=\"9\" title=\"Explicaci\u00f3n de la Asociaci\u00f3n Brit\u00e1nica de Empresas de Mudanzas (BAR)\">BAR<\/a>)<\/li>\n<li> <a href=\"https:\/\/moverdb.com\/es\/fidi-faim\/\">Federaci\u00f3n Internacional de Empresarios Internacionales<\/a> (<a href=\"https:\/\/moverdb.com\/es\/fidi-faim\/\" data-internallinksmanager029f6b8e52c=\"16\" title=\"Explicaci\u00f3n del FIDI y del FAIM (FIDI Accredited International Mover)\">FIDI<\/a>)<\/li>\n<li> <a href=\"https:\/\/moverdb.com\/es\/soy\/\">Asociaci\u00f3n Internacional de Empresas de Mudanzas<\/a> (<a href=\"https:\/\/moverdb.com\/es\/iam\/\" data-internallinksmanager029f6b8e52c=\"23\" title=\"Explicaci\u00f3n de la Asociaci\u00f3n Internacional de Empresas de Mudanzas (IAM)\">IAM<\/a>)<\/li>\n<li> Asociaci\u00f3n Panamericana de Mudanzas Internacionales (PAIMA)<\/li>\n<li> El <a href=\"https:\/\/moverdb.com\/es\/bar-overseas\/\">Asociaci\u00f3n Brit\u00e1nica de Mudanzas al Extranjero<\/a><\/li>\n<li> BS5750<\/li>\n<li> ETI<\/li>\n<\/ul>\n<p><strong>Rese\u00f1as de Burke Bros<\/strong><\/p>\n<p><strong>Positivo<\/strong><\/p>\n<ul>\n<li> <em>\"Quer\u00edamos enviar una nota de agradecimiento por el maravilloso servicio que acabamos de experimentar durante nuestra mudanza de Inglaterra a <a href=\"https:\/\/moverdb.com\/es\/moving-to-france\/\" data-internallinksmanager029f6b8e52c=\"315\" title=\"\u00bfSe muda a Francia? 2026 Coste de la vida y consejos para el traslado\">Francia<\/a>. No pod\u00edamos haber deseado un mejor grupo de personas para embalar, cargar y descargar. <a href=\"https:\/\/moverdb.com\/es\/moving-to-the-united-states\/\" data-internallinksmanager029f6b8e52c=\"94\" title=\"\u00bfSe muda a Estados Unidos? 2026 Costes de vida y consejos de reubicaci\u00f3n\">us<\/a>.\"<\/em> - Sue y David v\u00eda Burke Bros <a href=\"http:\/\/burkebros.co.uk\/about_us\/testimonials\/\" target=\"_blank\" rel=\"noopener\">p\u00e1gina de testimonios<\/a><\/li>\n<li> <em>\"Recurrimos a Burke Bros para trasladarnos desde el Reino Unido a la Dordogne en Francia no porque fueran razonables con sus tarifas , lo eran, sino por la profesionalidad con la que gestionaron el trabajo de principio a fin.\"<\/em> - Malcolm v\u00eda <a href=\"https:\/\/www.yell.com\/biz\/burke-bros-worldwide-moving-group-wolverhampton-900810900\/\" target=\"_blank\" rel=\"noopener\">Grita<\/a><\/li>\n<\/ul>\n<p><strong>Negativo <\/strong><\/p>\n<ul>\n<li> <em>La peor experiencia de mudanza en 35 a\u00f1os (8 mudanzas)<\/em> - Sr. D Neal v\u00eda <a href=\"http:\/\/www.removalreviews.co.uk\/movingreviews\/appalling-12193\" target=\"_blank\" rel=\"noopener\">Rese\u00f1as de mudanzas<\/a><\/li>\n<li> \"No desperdicies tu dinero\". - Thibit v\u00eda <a href=\"https:\/\/www.yell.com\/biz\/burke-bros-worldwide-moving-group-wolverhampton-900810900\/\" target=\"_blank\" rel=\"noopener\">Grita<\/a><\/li>\n<\/li> <li>\n<\/ul>\n<div itemprop=\"review\" itemscope itemtype=\"http:\/\/schema.org\/Review\">\n<span itemprop=\"author\" itemscope=\"\" itemtype=\"http:\/\/schema.org\/Organization\"><span itemprop=\"name\">MoverDB.com<\/span><\/span> Revisi\u00f3n del sitio web en l\u00ednea para <span itemprop=\"itemreviewed\" itemscope=\"\" itemtype=\"http:\/\/schema.org\/Brand\"><span itemprop=\"name\">Grupo de Mudanzas Burke Bros<\/span><\/span>:<\/p>\n<ol>\n<li> Datos de contacto claros en el sitio web (incluido el n\u00famero de tel\u00e9fono): <strong>S\u00ed<\/strong><\/li>\n<li> F\u00e1cil de conseguir <a href=\"https:\/\/moverdb.com\/es\/citas\/\">presupuestos de mudanzas internacionales<\/a>? (Formulario de solicitud de presupuesto en l\u00ednea): <strong>S\u00ed<\/strong><\/li>\n<li> Informaci\u00f3n clara en el sitio web: <strong>S\u00ed,<\/strong> incluyendo gu\u00edas de los distintos pa\u00edses a los que sirven.<\/li>\n<li> Pertenencia a organizaciones de mudanzas reconocidas internacionalmente: <strong>S\u00ed<\/strong>, v\u00e9ase m\u00e1s arriba.<\/li>\n<li> Lista de clientes y\/o testimonios de clientes anteriores: <strong>Algunos,<\/strong> tienen un n\u00famero selecto de testimonios en su sitio web, con cr\u00edticas generalmente positivas en otros sitios web.<\/li>\n<\/ol>\n<div itemprop=\"reviewRating\" itemscope itemtype=\"http:\/\/schema.org\/Rating\"><meta itemprop=\"worstRating\" content = \"0\" \/><meta itemprop=\"bestRating\" content=\"5\" \/><meta itemprop=\"ratingValue\" content=\"4.5\"><\/div>\n<p><strong>Puntuaci\u00f3n global: 4,5\/5<\/strong><br \/>\n<strong>Fecha de revisi\u00f3n:<\/strong> <span itemprop=\"datePublished\" content=\"2016-09-03\">03\/09\/2016<\/span>\n<\/div>\n<p>M\u00e1s informaci\u00f3n <a href=\"https:\/\/moverdb.com\/es\/mudanzas-internacionales\/\">mudanzas internacionales<\/a> y nuestro <a href=\"https:\/\/moverdb.com\/es\/resenas\/\">proceso de revisi\u00f3n.<\/a>.<\/p>\n<p><strong>P\u00e1gina web:<\/strong> <a href=\"http:\/\/burkebros.co.uk\/\" target=\"_blank\" rel=\"noopener\">http:\/\/burkebros.co.uk<\/a><\/p>","protected":false},"excerpt":{"rendered":"<p>Burke Bros are worldwide movers, storers, shippers and global relocation experts. Listed below are the services they offer, followed by a company profile and various reviews. Corporate and Personal International Removals Dedicated corporate team Comprehensive door to door service Free moving survey Network of reputable relocation experts world wide Dedicated export packing team International quarantine [&hellip;]<\/p>\n","protected":false},"author":1,"featured_media":0,"parent":0,"menu_order":0,"comment_status":"closed","ping_status":"closed","template":"","meta":{"_genesis_hide_title":false,"_genesis_hide_breadcrumbs":false,"_genesis_hide_singular_image":false,"_genesis_hide_footer_widgets":false,"_genesis_custom_body_class":"","_genesis_custom_post_class":"","_genesis_layout":"","footnotes":""},"class_list":{"0":"post-920","1":"page","2":"type-page","3":"status-publish","5":"entry"},"_links":{"self":[{"href":"https:\/\/moverdb.com\/es\/wp-json\/wp\/v2\/pages\/920","targetHints":{"allow":["GET"]}}],"collection":[{"href":"https:\/\/moverdb.com\/es\/wp-json\/wp\/v2\/pages"}],"about":[{"href":"https:\/\/moverdb.com\/es\/wp-json\/wp\/v2\/types\/page"}],"author":[{"embeddable":true,"href":"https:\/\/moverdb.com\/es\/wp-json\/wp\/v2\/users\/1"}],"replies":[{"embeddable":true,"href":"https:\/\/moverdb.com\/es\/wp-json\/wp\/v2\/comments?post=920"}],"version-history":[{"count":5,"href":"https:\/\/moverdb.com\/es\/wp-json\/wp\/v2\/pages\/920\/revisions"}],"predecessor-version":[{"id":6189,"href":"https:\/\/moverdb.com\/es\/wp-json\/wp\/v2\/pages\/920\/revisions\/6189"}],"wp:attachment":[{"href":"https:\/\/moverdb.com\/es\/wp-json\/wp\/v2\/media?parent=920"}],"curies":[{"name":"wp","href":"https:\/\/api.w.org\/{rel}","templated":true}]}}