{"id":908,"date":"2016-10-12T05:28:52","date_gmt":"2016-10-12T05:28:52","guid":{"rendered":"http:\/\/moverdb.com\/?page_id=908"},"modified":"2026-01-08T14:47:34","modified_gmt":"2026-01-08T14:47:34","slug":"arpin-international","status":"publish","type":"page","link":"https:\/\/moverdb.com\/es\/arpin-international\/","title":{"rendered":"Arpin International: Rese\u00f1as de Mudanzas y Traslados"},"content":{"rendered":"<p>Arpin International es una empresa mundial <a href=\"https:\/\/moverdb.com\/es\/international-removals\/\" data-internallinksmanager029f6b8e52c=\"27\" title=\"36 mejores empresas de mudanzas internacionales del Reino Unido\">empresa de mudanzas<\/a> y con muchos servicios que se enumeran a continuaci\u00f3n. Lea tambi\u00e9n el perfil de la empresa y sus opiniones. Tenga en cuenta que es la rama internacional de American <a href=\"https:\/\/moverdb.com\/es\/moving-companies\/\" data-internallinksmanager029f6b8e52c=\"79\" title=\"Las 25 mejores empresas de mudanzas internacionales en l\u00ednea\">empresa de mudanzas<\/a> <a href=\"https:\/\/moverdb.com\/es\/arpin-van-lines\/\">Arpin Van Lines<\/a>.<\/p>\n<p><strong>Mudanzas internacionales<\/strong><\/p>\n<ul>\n<li> Servicio puerta a puerta<\/li>\n<li> Embalaje y desembalaje<\/li>\n<li> Coordinador de traslados internacionales (IMC) dedicado<\/li>\n<li> IMC disponible por tel\u00e9fono, fax o correo electr\u00f3nico en todo momento<\/li>\n<li> Los IMC son todos <a href=\"https:\/\/moverdb.com\/es\/fidi-faim\/\" data-internallinksmanager029f6b8e52c=\"16\" title=\"Explicaci\u00f3n del FIDI y del FAIM (FIDI Accredited International Mover)\">FIDI<\/a> entrenado<\/li>\n<li> ArpinTRAC permite a los clientes hacer un seguimiento de su env\u00edo 24\/7<\/li>\n<li> Traslados empresariales, privados, gubernamentales y militares<\/li>\n<li> Despacho de aduanas<\/li>\n<li> Traslado de mascotas<\/li>\n<li> Transporte en coche<\/li>\n<li> Asistencia en la b\u00fasqueda de vivienda<\/li>\n<li> Asistencia a las escuelas<\/li>\n<li> Asistencia m\u00e9dica<\/li>\n<\/ul>\n<p><strong>Almacenamiento<\/strong><\/p>\n<ul>\n<li> Almacenamiento a largo o corto plazo organizado en todo el mundo<\/li>\n<li> Vigilancia por CCTV<\/li>\n<\/ul>\n<h2>Perfil de la empresa Arpin International<\/h2>\n<p>Arpin International forma parte del Grupo Arpin International, fundado en 1900. El vicepresidente ejecutivo actual, Peter Arpin, es la cuarta generaci\u00f3n al frente de esta empresa. La propia Arpin International se fund\u00f3 en 1989 y su sede est\u00e1 en <a href=\"https:\/\/moverdb.com\/es\/moving-to-the-united-states\/moving-to-rhode-island\/\" data-internallinksmanager029f6b8e52c=\"450\" title=\"\u00bfSe muda a Rhode Island? 2026 Costes de vida y consejos de reubicaci\u00f3n\">Rhode Island<\/a>, <a href=\"https:\/\/moverdb.com\/es\/moving-to-the-united-states\/\" data-internallinksmanager029f6b8e52c=\"94\" title=\"\u00bfSe muda a Estados Unidos? 2026 Costes de vida y consejos de reubicaci\u00f3n\">EE.UU.<\/a>. <\/p>\n<p>La empresa cuenta con 385 agentes en Estados Unidos y oficinas en EMEA y APAC. Los directivos de la empresa tienen m\u00e1s de 25 a\u00f1os de experiencia en el traslado de personas por todo el mundo.<\/p>\n<p>La visi\u00f3n de Arpin International es dar la mejor combinaci\u00f3n de servicio y precio a sus clientes. Muchos de sus empleados han sido expatriados en alg\u00fan momento de su vida, por lo que comprenden los retos a los que se enfrentan las familias cuando se trasladan a otro pa\u00eds. <\/p>\n<p>Los empleados de Arpin International intentan que la mudanza sea lo menos dolorosa posible, ocup\u00e1ndose de los peque\u00f1os y grandes problemas que puedan surgir.<\/p>\n<p>La empresa ha creado un Comit\u00e9 de Sostenibilidad en un intento de \"construir un futuro m\u00e1s verde\" para las generaciones venideras. Quieren devolver a sus comunidades locales, a la industria y al mundo, mucho m\u00e1s de lo que han recibido.<\/p>\n<p>Arpin International cuenta con las siguientes acreditaciones y afiliaciones:<\/p>\n<ul>\n<li> <a href=\"https:\/\/moverdb.com\/es\/fidi-faim\/\">FIDI<\/a><\/li>\n<li> <a href=\"https:\/\/moverdb.com\/es\/fidi-faim\/\">FAIM<\/a><\/li>\n<li> <a href=\"https:\/\/moverdb.com\/es\/british-association-of-removers\/\">La Asociaci\u00f3n Brit\u00e1nica de Mudanzas<\/a> (<a href=\"https:\/\/moverdb.com\/es\/british-association-of-removers\/\" data-internallinksmanager029f6b8e52c=\"9\" title=\"Explicaci\u00f3n de la Asociaci\u00f3n Brit\u00e1nica de Empresas de Mudanzas (BAR)\">BAR<\/a>)<\/li>\n<li> <a href=\"https:\/\/moverdb.com\/es\/soy\/\">Asociaci\u00f3n de empresas de mudanzas internacionales<\/a> (IMA)<\/li>\n<li> Asociaci\u00f3n aduanera y comercial contra el terrorismo<\/li>\n<li> <a href=\"https:\/\/moverdb.com\/es\/lacma\/\">LACMA<\/a><\/li>\n<li> <a href=\"https:\/\/moverdb.com\/es\/consejo-de-reubicacion-de-empleados\/\">ERC en todo el mundo<\/a><\/li>\n<li> <a href=\"https:\/\/moverdb.com\/es\/eura\/\">EuRA<\/a><\/li>\n<\/ul>\n<h2>Rese\u00f1as de Arpin International<\/h2>\n<p><em>Aunque no hay opiniones de Arpin International en l\u00ednea, puede leer <a href=\"https:\/\/moverdb.com\/es\/arpin-van-lines\/\">opiniones de Arpin Van Lines aqu\u00ed<\/a>.<\/em><\/p>\n<div itemprop=\"review\" itemscope itemtype=\"http:\/\/schema.org\/Review\">\n<span itemprop=\"author\" itemscope=\"\" itemtype=\"http:\/\/schema.org\/Organization\"><span itemprop=\"name\">MoverDB.com<\/span><\/span> Revisi\u00f3n del sitio web en l\u00ednea para <span itemprop=\"itemreviewed\" itemscope=\"\" itemtype=\"http:\/\/schema.org\/Brand\"><span itemprop=\"name\">Arpin Internacional<\/span><\/span>:<\/p>\n<ol>\n<li> Datos de contacto claros en el sitio web (incluido el n\u00famero de tel\u00e9fono): <strong>S\u00ed<\/strong><\/li>\n<li> F\u00e1cil de conseguir <a href=\"https:\/\/moverdb.com\/es\/citas\/\">presupuestos de mudanzas internacionales<\/a>? (Formulario de solicitud de presupuesto en l\u00ednea): <strong>No<\/strong><\/li>\n<li> Informaci\u00f3n clara en el sitio web: <strong>No realmente<\/strong>El sitio web es lento y contiene poca informaci\u00f3n.<\/li>\n<li> Pertenencia a organizaciones de mudanzas reconocidas internacionalmente: <strong>S\u00ed<\/strong><\/li>\n<li> Lista de clientes y\/o testimonios de clientes anteriores: <strong>No,<\/strong> y no pudimos encontrar ninguna rese\u00f1a en l\u00ednea.<\/li>\n<\/ol>\n<div itemprop=\"reviewRating\" itemscope itemtype=\"http:\/\/schema.org\/Rating\"><meta itemprop=\"worstRating\" content = \"0\" \/><meta itemprop=\"bestRating\" content=\"5\" \/><meta itemprop=\"ratingValue\" content=\"4\"><\/div>\n<p><strong>Puntuaci\u00f3n global: 4\/5<\/strong> - <em>Tenga en cuenta que esta puntuaci\u00f3n refleja a Arpin Van Lines, ya que hay muy poca informaci\u00f3n para hacer un juicio separado para Arpin International. <\/em><br \/>\n<strong>Fecha de revisi\u00f3n:<\/strong> <span itemprop=\"datePublished\" content=\"2016-10-12\">12\/10\/16<\/span>\n<\/div>\n<p>M\u00e1s informaci\u00f3n <a href=\"https:\/\/moverdb.com\/es\/empresas-de-mudanzas\/\" target=\"_blank\" rel=\"noopener\">empresas de mudanzas internacionales<\/a>, <a href=\"https:\/\/moverdb.com\/es\/mudanzas-internacionales\/\">empresas de mudanzas<\/a> y nuestro <a href=\"https:\/\/moverdb.com\/es\/resenas\/\">proceso de revisi\u00f3n<\/a>.<\/p>\n<p><strong>P\u00e1gina web:<\/strong> <a href=\"http:\/\/www.arpinintl.com\/\" target=\"_blank\" rel=\"noopener\">http:\/\/www.arpinintl.com\/<\/a><\/p>","protected":false},"excerpt":{"rendered":"<p>Arpin International is a global removals company and with many services which are listed below. Also read their company profile and reviews. Please note that it&#8217;s the international branch of American moving company Arpin Van Lines. International Moves Door to door service Packing and unpacking Dedicated International Move Coordinator (IMC) IMC available by telephone, fax [&hellip;]<\/p>\n","protected":false},"author":1,"featured_media":0,"parent":0,"menu_order":0,"comment_status":"closed","ping_status":"closed","template":"","meta":{"_genesis_hide_title":false,"_genesis_hide_breadcrumbs":false,"_genesis_hide_singular_image":false,"_genesis_hide_footer_widgets":false,"_genesis_custom_body_class":"","_genesis_custom_post_class":"","_genesis_layout":"","footnotes":""},"class_list":{"0":"post-908","1":"page","2":"type-page","3":"status-publish","5":"entry"},"_links":{"self":[{"href":"https:\/\/moverdb.com\/es\/wp-json\/wp\/v2\/pages\/908","targetHints":{"allow":["GET"]}}],"collection":[{"href":"https:\/\/moverdb.com\/es\/wp-json\/wp\/v2\/pages"}],"about":[{"href":"https:\/\/moverdb.com\/es\/wp-json\/wp\/v2\/types\/page"}],"author":[{"embeddable":true,"href":"https:\/\/moverdb.com\/es\/wp-json\/wp\/v2\/users\/1"}],"replies":[{"embeddable":true,"href":"https:\/\/moverdb.com\/es\/wp-json\/wp\/v2\/comments?post=908"}],"version-history":[{"count":4,"href":"https:\/\/moverdb.com\/es\/wp-json\/wp\/v2\/pages\/908\/revisions"}],"predecessor-version":[{"id":6175,"href":"https:\/\/moverdb.com\/es\/wp-json\/wp\/v2\/pages\/908\/revisions\/6175"}],"wp:attachment":[{"href":"https:\/\/moverdb.com\/es\/wp-json\/wp\/v2\/media?parent=908"}],"curies":[{"name":"wp","href":"https:\/\/api.w.org\/{rel}","templated":true}]}}