{"id":906,"date":"2018-01-30T05:37:29","date_gmt":"2018-01-30T05:37:29","guid":{"rendered":"http:\/\/moverdb.com\/?page_id=906"},"modified":"2026-01-08T14:48:24","modified_gmt":"2026-01-08T14:48:24","slug":"fox-moving","status":"publish","type":"page","link":"https:\/\/moverdb.com\/es\/fox-moving\/","title":{"rendered":"Fox Moving &amp; Storage: Rese\u00f1as de Mudanzas Internacionales"},"content":{"rendered":"<p>Fox Moving &amp; Storage se encuentra en Cwmbran, Gales. A continuaci\u00f3n encontrar\u00e1 una lista de sus servicios tanto a nivel internacional como local, junto con un perfil de la empresa y opiniones.<\/p>\n<p><strong>Mudanzas internacionales - Empresas y particulares<\/strong><\/p>\n<ul>\n<li> Personal <a href=\"https:\/\/moverdb.com\/es\/international-removals\/\" data-internallinksmanager029f6b8e52c=\"27\" title=\"36 mejores empresas de mudanzas internacionales del Reino Unido\">mudanzas internacionales<\/a> agente<\/li>\n<li> Presupuesto completo, calendario de la mudanza y plazos<\/li>\n<li> Equipo de expertos en embalaje<\/li>\n<li> Proporciona documentaci\u00f3n de aduanas e impuestos especiales<\/li>\n<li> Agentes locales para ayudar en el pa\u00eds de destino<\/li>\n<\/ul>\n<p><strong>Mudanzas a Europa - Empresas y particulares<\/strong><\/p>\n<ul>\n<li> Equipo personal de mudanzas europeas<\/li>\n<li> Presupuesto completo y calendario de la mudanza<\/li>\n<li> Equipo de expertos en embalaje<\/li>\n<li> Se aceptan cargas peque\u00f1as <\/li>\n<li> Env\u00edos a Europa continental por carretera<\/li>\n<li> Entregas en las islas de alta mar por transbordador o contenedor mar\u00edtimo<\/li>\n<li> Env\u00edos a Europa del Este por contenedor mar\u00edtimo y\/o por carretera<\/li>\n<li> Informaci\u00f3n sobre importaci\u00f3n y aduanas, si procede<\/li>\n<\/ul>\n<p><strong>Especialistas en mudanzas comerciales y de oficinas internacionales y locales<\/strong><\/p>\n<ul>\n<li> Se asigna un alto representante comercial<\/li>\n<li> Presupuesto detallado y programa de trabajo<\/li>\n<li> Cajas especialmente dise\u00f1adas para el papeleo y el traslado de objetos peque\u00f1os<\/li>\n<li> Gama completa de cajas (selladas y con tapa), material de embalaje, carros, fundas protectoras y carros<\/li>\n<li> Equipos inform\u00e1ticos totalmente protegidos<\/li>\n<li> Personal inform\u00e1tico disponible para desmontar y volver a montar los ordenadores<\/li>\n<li> Instalaci\u00f3n de almacenamiento de archivos y documentos<\/li>\n<li> Desmontaje y montaje de mesas, puestos de trabajo y estanter\u00edas<\/li>\n<li> Servicio completo de env\u00edos a nivel mundial y europeo, adem\u00e1s de servicios inform\u00e1ticos y de comunicaciones<\/li>\n<\/ul>\n<p><strong>Movi\u00e9ndose dentro de la <a href=\"https:\/\/moverdb.com\/es\/moving-to-the-uk\/\" data-internallinksmanager029f6b8e52c=\"93\" title=\"\u00bfSe muda al Reino Unido? 2026 Costes de vida y consejos de reubicaci\u00f3n\">REINO UNIDO<\/a><\/strong><\/p>\n<ul>\n<li> Asignaci\u00f3n de un agente de mudanzas personal en el Reino Unido<\/li>\n<li> Presupuesto detallado por escrito<\/li>\n<li> Servicio puerta a puerta<\/li>\n<li> Empaquetadores expertos<\/li>\n<li> Se puede proporcionar material de embalaje<\/li>\n<li> Seguro contratado<\/li>\n<li> Almacenamiento dispuesto<\/li>\n<\/ul>\n<p><strong>Soluciones de almacenamiento<\/strong><\/p>\n<ul>\n<li> Unidades de autoalmacenamiento para empresas, comercios y particulares<\/li>\n<li> Almacenamiento de contenedores<\/li>\n<li> Almacenamiento de estudiantes<\/li>\n<li> Almacenamiento empresarial<\/li>\n<li> Almacenamiento de archivos<\/li>\n<li> Vigilancia por CCTV las 24 horas del d\u00eda<\/li>\n<li> Acceso en horario laboral<\/li>\n<\/ul>\n<p>Tambi\u00e9n son <a href=\"https:\/\/moverdb.com\/es\/atlas-van-lines-international\/\" rel=\"noopener\" target=\"_blank\">Atlas Van Lines<\/a> agente en el Reino Unido.<\/p>\n<h2>Fox Moving &amp; Storage<\/h2>\n<p>Fox Moving &amp; Storage fue fundada por Roy Fox en 1971. Su familia llevaba en el negocio de las mudanzas y el almacenamiento desde la d\u00e9cada de 1920. Desde su creaci\u00f3n, la empresa ha pasado de ser un peque\u00f1o negocio familiar que prestaba servicios en el sur de Gales a una empresa que ahora satisface las necesidades de clientes corporativos y personales internacionales y locales. En la actualidad, la empresa est\u00e1 dirigida por el hijo y los dos nietos de Roy Fox. <\/p>\n<p>Fox Moving &amp; Storage se compromete a llevar a cabo su actividad de una manera que muestra el pleno respeto por el medio ambiente, sus empleados y lo m\u00e1s importante, sus clientes. Tambi\u00e9n se compromete a proporcionar un entorno de trabajo seguro y eficiente que no s\u00f3lo beneficiar\u00e1 a su personal, sino tambi\u00e9n a sus clientes.<\/p>\n<p>Afiliaciones y acreditaciones de Fox Moving:<\/p>\n<ul>\n<li> <a href=\"https:\/\/moverdb.com\/es\/british-association-of-removers\/\">La Asociaci\u00f3n Brit\u00e1nica de Empresas de Mudanzas<\/a> (<a href=\"https:\/\/moverdb.com\/es\/british-association-of-removers\/\" data-internallinksmanager029f6b8e52c=\"9\" title=\"Explicaci\u00f3n de la Asociaci\u00f3n Brit\u00e1nica de Empresas de Mudanzas (BAR)\">BAR<\/a>)<\/li>\n<li> Instituto de Normas Comerciales (TSI)<\/li>\n<li> <a href=\"https:\/\/moverdb.com\/es\/bar-overseas\/\">Grupo de la Asociaci\u00f3n Brit\u00e1nica de Mudanzas en el Extranjero<\/a><\/li>\n<li> <a href=\"https:\/\/moverdb.com\/es\/fidi-faim\/\">Federaci\u00f3n Internacional de Empresarios Internacionales<\/a> (<a href=\"https:\/\/moverdb.com\/es\/fidi-faim\/\" data-internallinksmanager029f6b8e52c=\"16\" title=\"Explicaci\u00f3n del FIDI y del FAIM (FIDI Accredited International Mover)\">FIDI<\/a>)<\/li>\n<li> <a href=\"https:\/\/moverdb.com\/es\/fidi-faim\/\">Empresa de mudanzas internacionales acreditada por la FIDI<\/a> (FAIM)<\/li>\n<li> Est\u00e1ndar de servicio de calidad garantizada - Mudanzas comerciales<\/li>\n<li> Norma de servicio de calidad garantizada - Sistemas de gesti\u00f3n de la calidad<\/li>\n<li> Norma de servicio de calidad garantizada - Sistemas de gesti\u00f3n medioambiental<\/li>\n<\/ul>\n<h2>Opiniones de Fox Moving &amp; Storage<\/h2>\n<p><strong>Positivo<\/strong><\/p>\n<ul>\n<li> <em>\"Equipo de mudanzas amable y eficiente\".<\/em> - Sr. Hamer v\u00eda <a href=\"http:\/\/www.fox-moving.com\/reviews\/\" target=\"_blank\" rel=\"noopener\">P\u00e1gina de opiniones de Fox Moving<\/a><\/li>\n<li> <em>\"Un servicio excelente, profesional y cort\u00e9s. No hay quejas en absoluto; todo fue a un plan eficiente. Foxes no son 'los m\u00e1s baratos'; pero obtienes lo que pagas: \u00a1calidad!\"<\/em> - Patricia v\u00eda <a href=\"http:\/\/ww2.feefo.com\/en-us\/reviews\/fox-moving\/571f3e07498e08d16aafb163\/customer-review-top-notch-service\" target=\"_blank\" rel=\"noopener\">Feefo<\/a><\/li>\n<li> <em>\"El servicio que recib\u00ed de Fox fue insuperable, desde mi consulta inicial hasta la finalizaci\u00f3n. Tambi\u00e9n debo decir un agradecimiento especial a mis encargados de la mudanza ese d\u00eda\".<\/em> - Beverley v\u00eda <a href=\"http:\/\/trustedtraders.which.co.uk\/businesses\/fox-moving-storage-cwmbran\/\" target=\"_blank\" rel=\"noopener\">Comerciantes de confianza<\/a><\/li>\n<li> <em>\"Hemos cambiado de pa\u00eds 6 veces en otros tantos a\u00f1os. Nuestra \u00faltima mudanza fue de Viena a <a href=\"https:\/\/moverdb.com\/es\/moving-to-london\/\">Londres<\/a> y fue la mejor mudanza que hemos experimentado y no podemos agradecer lo suficiente a Fox\".<\/em> - Sarah a trav\u00e9s de Facebook.<\/li>\n<\/ul>\n<p><strong>Negativo<\/strong><\/p>\n<ul>\n<li> <em>\"Mi mujer y yo nos quedamos sorprendidos de lo malo que fue el servicio que recibimos. La tripulaci\u00f3n fue descuidada con nuestras pertenencias, no hizo nada para protegerse del p\u00e9simo clima de los d\u00edas en cuesti\u00f3n.\"<\/em> - Anthony a trav\u00e9s de  <a href=\"http:\/\/ww2.feefo.com\/en-us\/reviews\/fox-moving\/571f3e07498e08d16aafb1a9\/customer-review-a-shockingly-bad-service\" target=\"_blank\" rel=\"noopener\">Feefo<\/a><\/li>\n<li> <em>\"Muchos da\u00f1os causados a los bienes por los encargados de la mudanza. No se tuvo mucho cuidado. Objetos abandonados por todo el lugar, incluyendo objetos dejados fuera\"<\/em> - Paul v\u00eda <a href=\"http:\/\/trustedtraders.which.co.uk\/businesses\/fox-moving-storage-cwmbran\/\" target=\"_blank\" rel=\"noopener\">Comerciantes de confianza<\/a><\/li>\n<li> <em>\"Una empresa escandalosa. Los encargados de la mudanza discutieron todo el d\u00eda, discutieron y se insultaron unos a otros convirtiendo toda la ya estresante mudanza en una pesadilla\"<\/em> - Mike v\u00eda <a href=\"https:\/\/www.yell.com\/biz\/fox-moving-and-storage-ltd-cwmbran-6113370\/\" target=\"_blank\" rel=\"noopener\">Grita<\/a><\/li>\n<\/ul>\n<div itemprop=\"review\" itemscope itemtype=\"http:\/\/schema.org\/Review\">\n<span itemprop=\"author\" itemscope=\"\" itemtype=\"http:\/\/schema.org\/Organization\"><span itemprop=\"name\">MoverDB.com<\/span><\/span> Revisi\u00f3n del sitio web en l\u00ednea para <span itemprop=\"itemreviewed\" itemscope=\"\" itemtype=\"http:\/\/schema.org\/Brand\"><span itemprop=\"name\">Fox Moving &amp; Storage<\/span><\/span>:<\/p>\n<ol>\n<li> Datos de contacto claros en el sitio web (incluido el n\u00famero de tel\u00e9fono): <strong>S\u00ed<\/strong><\/li>\n<li> F\u00e1cil de conseguir <a href=\"https:\/\/moverdb.com\/es\/citas\/\">presupuestos de mudanzas internacionales<\/a>? (Formulario de solicitud de presupuesto en l\u00ednea): <strong>S\u00ed<\/strong><\/li>\n<li> Informaci\u00f3n clara en el sitio web: <strong>S\u00ed<\/strong>El sitio web est\u00e1 lleno de informaci\u00f3n \u00fatil y tiene un blog informativo.<\/li>\n<li> Pertenencia a organizaciones de mudanzas reconocidas internacionalmente: <strong>S\u00ed<\/strong>, v\u00e9ase m\u00e1s arriba<\/li>\n<li> Lista de clientes y\/o testimonios de clientes anteriores: <strong>S\u00ed<\/strong>Hay una p\u00e1gina dedicada a los testimonios de los clientes en el sitio y los comentarios de toda la web son generalmente muy positivos, con s\u00f3lo unas pocas cr\u00edticas negativas.<\/li>\n<\/ol>\n<div itemprop=\"reviewRating\" itemscope itemtype=\"http:\/\/schema.org\/Rating\"><meta itemprop=\"worstRating\" content = \"0\" \/><meta itemprop=\"bestRating\" content=\"5\" \/><meta itemprop=\"ratingValue\" content=\"5\"><\/div>\n<p><strong>Puntuaci\u00f3n global: 5\/5<\/strong><br \/>\n<strong>Fecha de revisi\u00f3n:<\/strong> <span itemprop=\"datePublished\" content=\"2018-01-30\">30\/01\/18<\/span>\n<\/div>\n<p>M\u00e1s informaci\u00f3n <a href=\"https:\/\/moverdb.com\/es\/mudanzas-internacionales\/\">mudanzas internacionales<\/a> y nuestro <a href=\"https:\/\/moverdb.com\/es\/resenas\/\">proceso de revisi\u00f3n<\/a>.<\/p>\n<p><strong>P\u00e1gina web:<\/strong> <a href=\"http:\/\/www.fox-moving.com\/\" target=\"_blank\" rel=\"noopener\">http:\/\/www.fox-moving.com\/<\/a><\/p>","protected":false},"excerpt":{"rendered":"<p>Fox Moving &#038; Storage is based in Cwmbran, Wales. Below you will find a list of their services both internationally and locally, together with a company profile and reviews. Moving Internationally &#8211; Corporate and Individual Personal international removals agent Comprehensive quotation, moving schedule and timescale Expert packing team Provides customs and excise documentation Local agents [&hellip;]<\/p>\n","protected":false},"author":1,"featured_media":0,"parent":0,"menu_order":0,"comment_status":"closed","ping_status":"closed","template":"","meta":{"_genesis_hide_title":false,"_genesis_hide_breadcrumbs":false,"_genesis_hide_singular_image":false,"_genesis_hide_footer_widgets":false,"_genesis_custom_body_class":"","_genesis_custom_post_class":"","_genesis_layout":"","footnotes":""},"class_list":{"0":"post-906","1":"page","2":"type-page","3":"status-publish","5":"entry"},"_links":{"self":[{"href":"https:\/\/moverdb.com\/es\/wp-json\/wp\/v2\/pages\/906","targetHints":{"allow":["GET"]}}],"collection":[{"href":"https:\/\/moverdb.com\/es\/wp-json\/wp\/v2\/pages"}],"about":[{"href":"https:\/\/moverdb.com\/es\/wp-json\/wp\/v2\/types\/page"}],"author":[{"embeddable":true,"href":"https:\/\/moverdb.com\/es\/wp-json\/wp\/v2\/users\/1"}],"replies":[{"embeddable":true,"href":"https:\/\/moverdb.com\/es\/wp-json\/wp\/v2\/comments?post=906"}],"version-history":[{"count":9,"href":"https:\/\/moverdb.com\/es\/wp-json\/wp\/v2\/pages\/906\/revisions"}],"predecessor-version":[{"id":6211,"href":"https:\/\/moverdb.com\/es\/wp-json\/wp\/v2\/pages\/906\/revisions\/6211"}],"wp:attachment":[{"href":"https:\/\/moverdb.com\/es\/wp-json\/wp\/v2\/media?parent=906"}],"curies":[{"name":"wp","href":"https:\/\/api.w.org\/{rel}","templated":true}]}}