{"id":895,"date":"2016-10-11T05:16:54","date_gmt":"2016-10-11T05:16:54","guid":{"rendered":"http:\/\/moverdb.com\/?page_id=895"},"modified":"2026-01-08T14:48:03","modified_gmt":"2026-01-08T14:48:03","slug":"constantine-moving","status":"publish","type":"page","link":"https:\/\/moverdb.com\/es\/constantine-moving\/","title":{"rendered":"Mudanzas Constantine: Rese\u00f1as de Mudanzas Internacionales"},"content":{"rendered":"<p>A continuaci\u00f3n se enumeran los servicios de Constantine Moving, seguidos de un perfil de la empresa y rese\u00f1as.<\/p>\n<p><strong>Mudanzas internacionales<\/strong><\/p>\n<ul>\n<li> Cita previa a la mudanza<\/li>\n<li> Presupuesto, plan de mudanza y calendario gratuitos<\/li>\n<li> Personal de embalaje con gran experiencia y formaci\u00f3n profesional<\/li>\n<li> Almacenamiento disponible<\/li>\n<li> Env\u00edo por mar<\/li>\n<li> Env\u00edo a\u00e9reo<\/li>\n<li> Transporte por carretera<\/li>\n<li> Despacho de aduanas<\/li>\n<li> Entrega en el nuevo domicilio<\/li>\n<li> Desembalaje y montaje de muebles<\/li>\n<li> Retirada de todos los embalajes para su reciclaje<\/li>\n<\/ul>\n<p><strong>Mudanzas art\u00edsticas<\/strong><\/p>\n<ul>\n<li> Fundas de dise\u00f1o y tela para objetos de cualquier tama\u00f1o<\/li>\n<li> Coordinador de proyectos dedicado<\/li>\n<li> Materiales de embalaje especializados<\/li>\n<li> T\u00e9cnicos de embalaje con formaci\u00f3n profesional y gran experiencia<\/li>\n<li> Transportes por carretera, aire o mar<\/li>\n<li> Instalar desde objetos peque\u00f1os y delicados hasta grandes piezas de museo<\/li>\n<li> Los t\u00e9cnicos llevan equipos de manipulaci\u00f3n como andamios, escaleras, etc.<\/li>\n<li> Almacenamiento en un entorno de humedad controlada con CCTV las 24 horas del d\u00eda<\/li>\n<li> Decantadores de museo<\/li>\n<li> Instalaciones de la galer\u00eda<\/li>\n<li> Reubicaci\u00f3n de toda la colecci\u00f3n<\/li>\n<\/ul>\n<p><strong>Almacenamiento<\/strong><\/p>\n<ul>\n<li> Instalaciones de almacenamiento protegidas por amplias medidas de seguridad<\/li>\n<li> Ambiente con humedad controlada para proteger los tesoros almacenados<\/li>\n<\/ul>\n<p><strong>Servicios auxiliares<\/strong><\/p>\n<ul>\n<li> <a href=\"https:\/\/moverdb.com\/es\/car-transport-shipping\/\" data-internallinksmanager029f6b8e52c=\"2\" title=\"2026 Cotizaciones de transporte internacional de coches y env\u00edo de veh\u00edculos\">Env\u00edo de coches<\/a> &amp; Almacenamiento<\/li>\n<li> Transporte de mascotas<\/li>\n<li> Manitas (desmontaje y remontaje de muebles especializados, equipos, etc.)<\/li>\n<li> Colocaci\u00f3n de cuadros\/Instalaci\u00f3n de arte<\/li>\n<li> Embalaje especial (para art\u00edculos fr\u00e1giles o de gran valor)<\/li>\n<li> Limpieza de casas<\/li>\n<li> Servicio de limpieza (lavar, guardar <a href=\"https:\/\/moverdb.com\/es\/moving-to-china\/\" data-internallinksmanager029f6b8e52c=\"357\" title=\"\u00bfSe muda a China? 2026 Coste de la vida y consejos para el traslado\">China<\/a>cristaler\u00eda, ropa, etc.)<\/li>\n<li> Electricista o fontanero<\/li>\n<li> Desconexi\u00f3n y reinstalaci\u00f3n de la antena de televisi\u00f3n por sat\u00e9lite<\/li>\n<li> Eliminaci\u00f3n \"segura\" especializada<\/li>\n<li> Desmontaje y reinstalaci\u00f3n de ventanas y marcos de puertas<\/li>\n<li> Ascensor exterior (elevador especializado) para acceder a la residencia a trav\u00e9s de las plantas superiores<\/li>\n<li> Alquiler de muebles<\/li>\n<li> Restauraci\u00f3n y reparaci\u00f3n de muebles<\/li>\n<\/ul>\n<h2>Perfil de la empresa de mudanzas de Constantina<\/h2>\n<p>El grupo de empresas Constantine comenz\u00f3 a mediados del siglo XIX, cuando Joseph Constantine y otros miembros de la familia compraron una empresa que pose\u00eda barcos de vela. Cuando el vapor super\u00f3 a la vela, el grupo Constantine se hab\u00eda expandido hasta convertirse en uno de los mayores propietarios de barcos del mundo. <a href=\"https:\/\/moverdb.com\/es\/moving-to-the-uk\/\" data-internallinksmanager029f6b8e52c=\"93\" title=\"\u00bfSe muda al Reino Unido? 2026 Costes de vida y consejos de reubicaci\u00f3n\">REINO UNIDO<\/a>.<\/p>\n<p>La Primera y la Segunda Guerra Mundial se llevaron lamentablemente sus barcos, por lo que el grupo se dedic\u00f3 a viajar, <a href=\"https:\/\/moverdb.com\/es\/transitario\/\">transporte de mercanc\u00edas<\/a> y la inversi\u00f3n inmobiliaria. En la actualidad, Constantine Moving se concentra en el traslado de personas y obras de arte en todo el mundo. Est\u00e1n orgullosos de poseer un Royal Warrant of Appointment en reconocimiento a sus servicios a la Reina Isabel II.<\/p>\n<p>Afiliaciones y acreditaciones de Constantine Moving:<\/p>\n<ul>\n<li> <a href=\"https:\/\/moverdb.com\/es\/british-association-of-removers\/\">La Asociaci\u00f3n Brit\u00e1nica de Empresas de Mudanzas<\/a> (<a href=\"https:\/\/moverdb.com\/es\/british-association-of-removers\/\" data-internallinksmanager029f6b8e52c=\"9\" title=\"Explicaci\u00f3n de la Asociaci\u00f3n Brit\u00e1nica de Empresas de Mudanzas (BAR)\">BAR<\/a>)<\/li>\n<li> <a href=\"https:\/\/moverdb.com\/es\/fidi-faim\/\">FIDI<\/a><\/li>\n<li> <a href=\"https:\/\/moverdb.com\/es\/fidi-faim\/\">FAIM<\/a><\/li>\n<li> Instituto de Normas Comerciales (TSI)<\/li>\n<li> <a href=\"https:\/\/moverdb.com\/es\/soy\/\">Asociaci\u00f3n Internacional de Empresas de Mudanzas<\/a> (<a href=\"https:\/\/moverdb.com\/es\/iam\/\" data-internallinksmanager029f6b8e52c=\"23\" title=\"Explicaci\u00f3n de la Asociaci\u00f3n Internacional de Empresas de Mudanzas (IAM)\">IAM<\/a>)<\/li>\n<li> Encuentro Internacional de Transportistas de Arte (ARTIM)<\/li>\n<li> Por nombramiento de Su Majestad la Reina<\/li>\n<\/ul>\n<h2>Rese\u00f1as sobre mudanzas en Constantino<\/h2>\n<p><em>Actualmente no hay comentarios positivos o negativos de para Constantine Moving en l\u00ednea.<\/em><\/p>\n<div itemprop=\"review\" itemscope itemtype=\"http:\/\/schema.org\/Review\">\n<span itemprop=\"author\" itemscope=\"\" itemtype=\"http:\/\/schema.org\/Organization\"><span itemprop=\"name\">MoverDB.com<\/span><\/span> Revisi\u00f3n del sitio web en l\u00ednea para <span itemprop=\"itemreviewed\" itemscope=\"\" itemtype=\"http:\/\/schema.org\/Brand\"><span itemprop=\"name\">Mudanza de Constantino<\/span><\/span>:<\/p>\n<ol>\n<li> Datos de contacto claros en el sitio web (incluido el n\u00famero de tel\u00e9fono): <strong>S\u00ed<\/strong><\/li>\n<li> F\u00e1cil de conseguir <a href=\"https:\/\/moverdb.com\/es\/citas\/\">presupuestos de mudanzas internacionales<\/a>? (Formulario de solicitud de presupuesto en l\u00ednea): <strong>No<\/strong><\/li>\n<li> Informaci\u00f3n clara en el sitio web: <strong>Algunos,<\/strong> La p\u00e1gina web no contiene mucha informaci\u00f3n detallada. Se suministra en la fase de planificaci\u00f3n.<\/li>\n<li> Pertenencia a organizaciones de mudanzas reconocidas internacionalmente: <strong>S\u00ed<\/strong>, v\u00e9ase m\u00e1s arriba.<\/li>\n<li> Lista de clientes y\/o testimonios de clientes anteriores: <strong>No<\/strong>Aunque la reina Isabel II y la familia real se encuentran entre sus clientes.<\/li>\n<\/ol>\n<div itemprop=\"reviewRating\" itemscope itemtype=\"http:\/\/schema.org\/Rating\"><meta itemprop=\"worstRating\" content = \"0\" \/><meta itemprop=\"bestRating\" content=\"5\" \/><meta itemprop=\"ratingValue\" content=\"4\"><\/div>\n<p><strong>Puntuaci\u00f3n global: 4\/5<\/strong><br \/>\n<strong>Fecha de revisi\u00f3n:<\/strong> <span itemprop=\"datePublished\" content=\"2016-10-11\">11\/10\/16<\/span>\n<\/div>\n<p>Reaad m\u00e1s sobre <a href=\"https:\/\/moverdb.com\/es\/mudanzas-internacionales\/\">empresas de mudanzas internacionales<\/a> y nuestro <a href=\"https:\/\/moverdb.com\/es\/resenas\/\">proceso de revisi\u00f3n<\/a>.<\/p>\n<p><strong>P\u00e1gina web:<\/strong> <a href=\"http:\/\/www.constantinemoving.com\/\" target=\"_blank\" rel=\"noopener\">http:\/\/www.constantinemoving.com\/<\/a><\/p>","protected":false},"excerpt":{"rendered":"<p>The services of Constantine Moving are listed below, following by a company profile and reviews. International Home Moving Pre-move appointment Free quote, move plan and timetable Highly experienced professionally trained packing crew Storage available Sea shipment Air shipment Road transportation Customs clearance Delivery to new home Unpacking and reassembling of furniture Removal of all packing [&hellip;]<\/p>\n","protected":false},"author":1,"featured_media":0,"parent":0,"menu_order":0,"comment_status":"closed","ping_status":"closed","template":"","meta":{"_genesis_hide_title":false,"_genesis_hide_breadcrumbs":false,"_genesis_hide_singular_image":false,"_genesis_hide_footer_widgets":false,"_genesis_custom_body_class":"","_genesis_custom_post_class":"","_genesis_layout":"","footnotes":""},"class_list":{"0":"post-895","1":"page","2":"type-page","3":"status-publish","5":"entry"},"_links":{"self":[{"href":"https:\/\/moverdb.com\/es\/wp-json\/wp\/v2\/pages\/895","targetHints":{"allow":["GET"]}}],"collection":[{"href":"https:\/\/moverdb.com\/es\/wp-json\/wp\/v2\/pages"}],"about":[{"href":"https:\/\/moverdb.com\/es\/wp-json\/wp\/v2\/types\/page"}],"author":[{"embeddable":true,"href":"https:\/\/moverdb.com\/es\/wp-json\/wp\/v2\/users\/1"}],"replies":[{"embeddable":true,"href":"https:\/\/moverdb.com\/es\/wp-json\/wp\/v2\/comments?post=895"}],"version-history":[{"count":3,"href":"https:\/\/moverdb.com\/es\/wp-json\/wp\/v2\/pages\/895\/revisions"}],"predecessor-version":[{"id":6195,"href":"https:\/\/moverdb.com\/es\/wp-json\/wp\/v2\/pages\/895\/revisions\/6195"}],"wp:attachment":[{"href":"https:\/\/moverdb.com\/es\/wp-json\/wp\/v2\/media?parent=895"}],"curies":[{"name":"wp","href":"https:\/\/api.w.org\/{rel}","templated":true}]}}