{"id":893,"date":"2016-09-28T05:29:53","date_gmt":"2016-09-28T05:29:53","guid":{"rendered":"http:\/\/moverdb.com\/?page_id=893"},"modified":"2026-01-08T14:40:01","modified_gmt":"2026-01-08T14:40:01","slug":"john-mason","status":"publish","type":"page","link":"https:\/\/moverdb.com\/es\/john-mason\/","title":{"rendered":"John Mason International Movers: Rese\u00f1as de Mudanzas"},"content":{"rendered":"<p>John Mason International Movers ofrece a sus clientes varios servicios de mudanza que se enumeran a continuaci\u00f3n. Tambi\u00e9n hay un perfil de la empresa y comentarios.<\/p>\n<p><strong><a href=\"https:\/\/moverdb.com\/es\/container-shipping\/\" data-internallinksmanager029f6b8e52c=\"3\" title=\"Tabla de tarifas de transporte mar\u00edtimo internacional de contenedores: Abril 2026\">Env\u00edos internacionales<\/a> Servicios - Desde y hacia el <a href=\"https:\/\/moverdb.com\/es\/moving-to-the-uk\/\" data-internallinksmanager029f6b8e52c=\"93\" title=\"\u00bfSe muda al Reino Unido? 2026 Costes de vida y consejos de reubicaci\u00f3n\">REINO UNIDO<\/a><\/strong><\/p>\n<ul>\n<li> Servicio puerta a puerta<\/li>\n<li> Gestor de mudanzas dedicado<\/li>\n<li> Embalaje profesional de exportaci\u00f3n a domicilio<\/li>\n<li> Env\u00edo por aire o por mar<\/li>\n<li> <a href=\"https:\/\/moverdb.com\/es\/transporte-de-contenedores\/\">Carga de contenedores completos o contenedores compartidos<\/a><\/li>\n<li> Servicio de equipaje para piezas sueltas<\/li>\n<li> Red de agentes profesionales en todo el mundo<\/li>\n<li> Despacho de aduanas<\/li>\n<li> Entrega y desembalaje en el nuevo domicilio<\/li>\n<li> Almacenamiento en origen y destino<\/li>\n<li> Seguro de Todo Riesgo Mar\u00edtimo<\/li>\n<li> Servicios de limpieza y manutenci\u00f3n<\/li>\n<\/ul>\n<p><strong>Servicios de reubicaci\u00f3n internacional<\/strong><\/p>\n<ul>\n<li> Asistencia en la venta de la vivienda<\/li>\n<li> Servicio de salida - limpieza de los cabos sueltos, por ejemplo, peque\u00f1as reparaciones y limpieza<\/li>\n<li> Gesti\u00f3n de la mudanza<\/li>\n<li> Visitas de orientaci\u00f3n - incluyendo la visualizaci\u00f3n de la propiedad y las escuelas<\/li>\n<li> Formaci\u00f3n cultural y ling\u00fc\u00edstica<\/li>\n<li> Instalarse: abrir cuentas bancarias, inscribirse en el m\u00e9dico y el dentista y un sinf\u00edn de tareas para facilitar la vida<\/li>\n<li> Traslado de mascotas<\/li>\n<\/ul>\n<p><strong>Env\u00edos y mudanzas en Europa<\/strong><\/p>\n<ul>\n<li> Flota de veh\u00edculos europea especialmente dise\u00f1ada<\/li>\n<li> Gestores de mudanzas dedicados<\/li>\n<li> Servicio puerta a puerta<\/li>\n<li> Servicio dedicado: el veh\u00edculo contendr\u00e1 las mercanc\u00edas de una persona\/empresa<\/li>\n<li> Servicio de carga parcial<\/li>\n<li> Opciones de embalaje: embalado por el propietario, art\u00edculos elegidos embalados profesionalmente, embalaje profesional completo<\/li>\n<li> Asistencia en materia de aduanas e impuestos especiales, si procede<\/li>\n<li> Almacenamiento <\/li>\n<li> Seguros<\/li>\n<li> Se puede organizar el transporte a\u00e9reo<\/li>\n<\/ul>\n<p><strong>Servicios de transporte comercial<\/strong><\/p>\n<ul>\n<li> Transporte a\u00e9reo<\/li>\n<li> FCL<\/li>\n<li> LCL<\/li>\n<li> Agrupaci\u00f3n<\/li>\n<li> Servicios europeos por carretera<\/li>\n<\/ul>\n<p><strong>Servicios de almacenamiento<\/strong><\/p>\n<ul>\n<li> Almacenamiento de archivos<\/li>\n<li> Almacenamiento de barcos<\/li>\n<li> Almacenamiento de caravanas<\/li>\n<li> Almacenamiento comercial<\/li>\n<li> Almacenamiento dom\u00e9stico<\/li>\n<li> Almacenamiento de motos<\/li>\n<li> Autoalmacenamiento<\/li>\n<li> Almacenamiento de estudiantes<\/li>\n<li> Almacenamiento de veh\u00edculos<\/li>\n<\/ul>\n<h2>Perfil de la empresa John Mason International Movers<\/h2>\n<p>John Mason International Movers fue fundada por Mary Mason en 1884. A ella se uni\u00f3 su hijo, John Mason, en 1887, cuando su negocio principal era el traslado de carb\u00f3n. John Mason se hizo cargo del negocio de su madre en 1890 y comenz\u00f3 una actividad de transporte general y <a href=\"https:\/\/moverdb.com\/es\/moving-companies\/\" data-internallinksmanager029f6b8e52c=\"79\" title=\"Las 25 mejores empresas de mudanzas internacionales en l\u00ednea\">empresa de mudanzas<\/a>. La empresa sigui\u00f3 expandi\u00e9ndose y prosperando y, en 1955, inici\u00f3 un servicio diario de mudanzas a <a href=\"https:\/\/moverdb.com\/es\/moving-to-ireland\/\" data-internallinksmanager029f6b8e52c=\"320\" title=\"\u00bfSe muda a Irlanda? 2026 Coste de la vida y consejos para el traslado\">Irlanda<\/a>. <\/p>\n<p>John Mason ha seguido creciendo y ahora realiza una media de 8.000 mudanzas en todo el mundo cada a\u00f1o. Mudanzas internacionales, mudanzas corporativas y comerciales y mudanzas dom\u00e9sticas y almacenamiento son la base de este negocio familiar. Su visi\u00f3n es tener un servicio de mudanzas totalmente flexible con \u00e9nfasis en los valores familiares y la integridad.<\/p>\n<p>Afiliaciones y acreditaciones de John Mason:<\/p>\n<ul>\n<li> <a href=\"https:\/\/moverdb.com\/es\/british-association-of-removers\/\">La Asociaci\u00f3n Brit\u00e1nica de Empresas de Mudanzas<\/a> (<a href=\"https:\/\/moverdb.com\/es\/british-association-of-removers\/\" data-internallinksmanager029f6b8e52c=\"9\" title=\"Explicaci\u00f3n de la Asociaci\u00f3n Brit\u00e1nica de Empresas de Mudanzas (BAR)\">BAR<\/a>)<\/li>\n<li> <a href=\"https:\/\/moverdb.com\/es\/bar-overseas\/\">Asociaci\u00f3n Brit\u00e1nica de Mudanzas Mudanzas en el Extranjero<\/a><\/li>\n<li> Red Internacional de Mudanzas en el Extranjero (OMNI)<\/li>\n<li> <a href=\"https:\/\/moverdb.com\/es\/fidi-faim\/\">La Federaci\u00f3n Internacional de Empresas de Mudanzas Internacionales<\/a> (<a href=\"https:\/\/moverdb.com\/es\/fidi-faim\/\" data-internallinksmanager029f6b8e52c=\"16\" title=\"Explicaci\u00f3n del FIDI y del FAIM (FIDI Accredited International Mover)\">FIDI<\/a>)<\/li>\n<li> <a href=\"https:\/\/moverdb.com\/es\/fidi-faim\/\">FAIM<\/a><\/li>\n<li> <a href=\"https:\/\/moverdb.com\/es\/mtc\/\">El Club de Comercio de Movers<\/a> (<a href=\"https:\/\/moverdb.com\/es\/mtc\/\" data-internallinksmanager029f6b8e52c=\"30\" title=\"Explicaci\u00f3n del Movers Trading Club (MTC)\">MTC<\/a>)<\/li>\n<li> Instituto de Normas Comerciales<\/li>\n<li> <a href=\"https:\/\/moverdb.com\/es\/lacma\/\">Asociaci\u00f3n de empresas de mudanzas internacionales de Am\u00e9rica Latina y el Caribe<\/a> (<a href=\"https:\/\/moverdb.com\/es\/lacma\/\" data-internallinksmanager029f6b8e52c=\"28\" title=\"Asociaci\u00f3n de empresas de mudanzas internacionales de Am\u00e9rica Latina y el Caribe (LACMA)\">LACMA<\/a>)<\/li>\n<\/ul>\n<h2>Opiniones de John Mason International Movers<\/h2>\n<p><strong>Positivo<\/strong><\/p>\n<ul>\n<li> <em>\"Toda mi experiencia con John Mason ha sido muy buena, desde que Tony hizo la inspecci\u00f3n hasta hoy con el contenedor embalado, definitivamente recomendar\u00e9 a John Mason para que me proporcione servicios de mudanza\".<\/em> - M.H. South Shields de <a href=\"http:\/\/www.johnmason.com\/about-us\/\" target=\"_blank\" rel=\"noopener\">Sitio web de John Mason<\/a>.<\/li>\n<li> <em>\"El equipo de John Masons me pareci\u00f3 excepcional. Desde la visita a casa, sus frecuentes actualizaciones, los hombres de la mudanza, todo fue fant\u00e1stico\".<\/em> - Jaclyn v\u00eda <a href=\"https:\/\/www.facebook.com\/johnmasoninternational\/reviews\/\" target=\"_blank\" rel=\"noopener\">Revisi\u00f3n de Facebook<\/a><\/li>\n<li><em>\"Hicimos la misma mudanza hace 3 meses, utilizamos los servicios de mudanzas internacionales de John Masons. Tambi\u00e9n se encargaron del embalaje y desembalaje. No puedo recomendarlos lo suficiente, ni una sola cosa rota o perdida\".<\/em> - a trav\u00e9s de <a href=\"http:\/\/www.mumsnet.com\/Talk\/living_overseas\/1535416-Shipping-to-Australia\" target=\"_blank\" rel=\"noopener\">Mumsnet<\/a><\/li>\n<\/ul>\n<p><strong>Negativo<\/strong><\/p>\n<p>S\u00f3lo <strong>6%<\/strong> de sus opiniones en Trustpilot son de 1 o 2 estrellas frente a <strong>93%<\/strong> que son de 4 o 5 estrellas. Puedes leer todas esas rese\u00f1as <a href=\"https:\/\/uk.trustpilot.com\/review\/www.johnmason.com\" rel=\"noopener\" target=\"_blank\">aqu\u00ed<\/a>.  <\/p>\n<div itemprop=\"review\" itemscope itemtype=\"http:\/\/schema.org\/Review\">\n<span itemprop=\"author\" itemscope=\"\" itemtype=\"http:\/\/schema.org\/Organization\"><span itemprop=\"name\">MoverDB.com<\/span><\/span> Revisi\u00f3n del sitio web en l\u00ednea para <span itemprop=\"itemreviewed\" itemscope=\"\" itemtype=\"http:\/\/schema.org\/Brand\"><span itemprop=\"name\">John Mason Mudanzas Internacionales<\/span><\/span>:<\/p>\n<ol>\n<li> Datos de contacto claros en el sitio web (incluido el n\u00famero de tel\u00e9fono): <strong>S\u00ed<\/strong><\/li>\n<li> F\u00e1cil de conseguir <a href=\"https:\/\/moverdb.com\/es\/citas\/\">presupuestos de mudanzas internacionales<\/a>? (Formulario de solicitud de presupuesto en l\u00ednea): <strong>S\u00ed<\/strong><\/li>\n<li> Informaci\u00f3n clara en el sitio web: <strong>S\u00ed,<\/strong> El sitio web es bastante completo, pero se facilitar\u00e1 informaci\u00f3n m\u00e1s detallada si se solicita.<\/li>\n<li> Pertenencia a organizaciones de mudanzas reconocidas internacionalmente: <strong>S\u00ed<\/strong>, v\u00e9ase m\u00e1s arriba.<\/li>\n<li> Lista de clientes y\/o testimonios de clientes anteriores: <strong>Algunos,<\/strong> Hay opiniones de clientes en la parte inferior de cada p\u00e1gina, pero no hay una p\u00e1gina dedicada a ellas. Adem\u00e1s, aunque la mayor\u00eda de los comentarios son positivos, hay algunos negativos.<\/li>\n<\/ol>\n<div itemprop=\"reviewRating\" itemscope itemtype=\"http:\/\/schema.org\/Rating\"><meta itemprop=\"worstRating\" content = \"0\" \/><meta itemprop=\"bestRating\" content=\"5\" \/><meta itemprop=\"ratingValue\" content=\"4\"><\/div>\n<p><strong>Puntuaci\u00f3n global: 4\/5<\/strong><br \/>\n<strong>Fecha de revisi\u00f3n:<\/strong> <span itemprop=\"datePublished\" content=\"2019-01-18\">18\/01\/2019<\/span>\n<\/div>\n<p>M\u00e1s informaci\u00f3n <a href=\"https:\/\/moverdb.com\/es\/mudanzas-internacionales\/\">empresas de mudanzas internacionales<\/a> y nuestro <a href=\"https:\/\/moverdb.com\/es\/resenas\/\">proceso de revisi\u00f3n<\/a>.<\/p>\n<p><strong>P\u00e1gina web:<\/strong> <a href=\"http:\/\/www.johnmason.com\/\" target=\"_blank\" rel=\"noopener\">http:\/\/www.johnmason.com\/<\/a><\/p>","protected":false},"excerpt":{"rendered":"<p>John Mason International Movers offers clients various removal services which are listed below. There also follows a company profile and reviews. International Shipping Services &#8211; To and From the UK Door to door service Dedicated move manager Professional export packing at home Shipping by air or sea Full container load or shared container Baggage service [&hellip;]<\/p>\n","protected":false},"author":1,"featured_media":0,"parent":0,"menu_order":0,"comment_status":"closed","ping_status":"closed","template":"","meta":{"_genesis_hide_title":false,"_genesis_hide_breadcrumbs":false,"_genesis_hide_singular_image":false,"_genesis_hide_footer_widgets":false,"_genesis_custom_body_class":"","_genesis_custom_post_class":"","_genesis_layout":"","footnotes":""},"class_list":{"0":"post-893","1":"page","2":"type-page","3":"status-publish","5":"entry"},"_links":{"self":[{"href":"https:\/\/moverdb.com\/es\/wp-json\/wp\/v2\/pages\/893","targetHints":{"allow":["GET"]}}],"collection":[{"href":"https:\/\/moverdb.com\/es\/wp-json\/wp\/v2\/pages"}],"about":[{"href":"https:\/\/moverdb.com\/es\/wp-json\/wp\/v2\/types\/page"}],"author":[{"embeddable":true,"href":"https:\/\/moverdb.com\/es\/wp-json\/wp\/v2\/users\/1"}],"replies":[{"embeddable":true,"href":"https:\/\/moverdb.com\/es\/wp-json\/wp\/v2\/comments?post=893"}],"version-history":[{"count":8,"href":"https:\/\/moverdb.com\/es\/wp-json\/wp\/v2\/pages\/893\/revisions"}],"predecessor-version":[{"id":13168,"href":"https:\/\/moverdb.com\/es\/wp-json\/wp\/v2\/pages\/893\/revisions\/13168"}],"wp:attachment":[{"href":"https:\/\/moverdb.com\/es\/wp-json\/wp\/v2\/media?parent=893"}],"curies":[{"name":"wp","href":"https:\/\/api.w.org\/{rel}","templated":true}]}}