{"id":892,"date":"2016-10-03T05:36:50","date_gmt":"2016-10-03T05:36:50","guid":{"rendered":"http:\/\/moverdb.com\/?page_id=892"},"modified":"2026-01-08T14:48:20","modified_gmt":"2026-01-08T14:48:20","slug":"fn-removals","status":"publish","type":"page","link":"https:\/\/moverdb.com\/es\/fn-removals\/","title":{"rendered":"F&amp;N Worldwide Removals: Rese\u00f1as de Mudanzas Internacionales"},"content":{"rendered":"<p>A continuaci\u00f3n se enumeran los servicios de F&amp;N Worldwide Removals, junto con su perfil de empresa y sus opiniones.<\/p>\n<p><strong>Mudanzas internacionales y europeas<\/strong><\/p>\n<ul>\n<li> Servicio puerta a puerta<\/li>\n<li> Embalaje experto<\/li>\n<li> Cajas hechas a medida, si procede<\/li>\n<li> Almacenamiento si es necesario<\/li>\n<li> Organizar el transporte por tierra, mar o aire<\/li>\n<li> Organice <a href=\"https:\/\/moverdb.com\/es\/transporte-embarque-de-coches\/\">env\u00edo de veh\u00edculos<\/a><\/li>\n<li> Desembalaje a la llegada al destino<\/li>\n<li> Expertos disponibles en el <a href=\"https:\/\/moverdb.com\/es\/moving-to-the-uk\/\" data-internallinksmanager029f6b8e52c=\"93\" title=\"\u00bfSe muda al Reino Unido? 2026 Costes de vida y consejos de reubicaci\u00f3n\">REINO UNIDO<\/a> y pa\u00eds de destino<\/li>\n<li> Trato con las aduanas y las empresas de transporte<\/li>\n<li> Seguros organizados<\/li>\n<li> Organizar el transporte desde el destino <a href=\"https:\/\/moverdb.com\/es\/top-49-container-ports\/\" data-internallinksmanager029f6b8e52c=\"80\" title=\"Los 49 puertos de contenedores m\u00e1s grandes y activos en 2025\">puerto<\/a><\/li>\n<\/ul>\n<p><strong>Traslado internacional de empresas<\/strong><\/p>\n<ul>\n<li> Visita de estudio para discutir la log\u00edstica<\/li>\n<li> Servicio puerta a puerta<\/li>\n<li> Embalaje y desembalaje profesional<\/li>\n<li> <a href=\"https:\/\/moverdb.com\/es\/car-transport-shipping\/\" data-internallinksmanager029f6b8e52c=\"2\" title=\"2026 Cotizaciones de transporte internacional de coches y env\u00edo de veh\u00edculos\">Env\u00edo de veh\u00edculos<\/a><\/li>\n<li> Servicios inform\u00e1ticos para el desmontaje y montaje de redes inform\u00e1ticas<\/li>\n<li> Organizar la b\u00fasqueda de escuelas y casas para los empleados<\/li>\n<li> Alquiler de muebles<\/li>\n<li> Eventos del club de expatriados<\/li>\n<li> Reuniones de aclimataci\u00f3n cultural<\/li>\n<li> Tratar con las aduanas y <a href=\"https:\/\/moverdb.com\/es\/empresas-de-transporte\/\">empresas de transporte<\/a><\/li>\n<li> Seguro contratado<\/li>\n<li> Transporte desde el puerto de destino<\/li>\n<\/ul>\n<p><strong>Mudanzas del Reino Unido<\/strong><\/p>\n<ul>\n<li> 25 veh\u00edculos modernos en movimiento<\/li>\n<li> Servicio puerta a puerta<\/li>\n<li> Embalaje y desembalaje profesional si es necesario<\/li>\n<li> Cajas y materiales de embalaje disponibles<\/li>\n<li> Almacenamiento si es necesario<\/li>\n<li> Organizar el seguro<\/li>\n<\/ul>\n<p><strong>Almacenamiento<\/strong><\/p>\n<ul>\n<li> Autoalmacenamiento con acceso las 24 horas del d\u00eda y con vigilancia por CCTV<\/li>\n<li> Almacenamiento de documentos y archivos<\/li>\n<li> Almacenamiento en contenedores a largo plazo<\/li>\n<\/ul>\n<h2>Perfil de la empresa F&amp;N Worldwide Removals<\/h2>\n<p>F&amp;N Worldwide Removals comenz\u00f3 en 1980 en Berl\u00edn, pero se traslad\u00f3 a Inglaterra poco despu\u00e9s. En un principio, F&amp;N se dedicaba al traslado de material militar y, poco a poco, se introdujo en el mercado de las mudanzas del Reino Unido. La empresa se expandi\u00f3 e incluy\u00f3 las mudanzas privadas y comerciales a Europa. La empresa sigui\u00f3 creciendo con la introducci\u00f3n de instalaciones de autoalmacenamiento, mudanzas de oficinas y una divisi\u00f3n de importaci\u00f3n.<\/p>\n<p>En la actualidad, F&amp;N Worldwide Removals traslada personas, empresas y bienes por todo el mundo. La empresa tiene un fuerte compromiso con el medio ambiente a trav\u00e9s de la aplicaci\u00f3n de numerosas iniciativas ecol\u00f3gicas. Cree firmemente en un excelente servicio y satisfacci\u00f3n del cliente.<\/p>\n<p>Afiliaciones y acreditaciones de F&amp;N Worldwide Removals:<\/p>\n<ul>\n<li> <a href=\"https:\/\/moverdb.com\/es\/british-association-of-removers\/\">La Asociaci\u00f3n Brit\u00e1nica de Empresas de Mudanzas<\/a> (<a href=\"https:\/\/moverdb.com\/es\/british-association-of-removers\/\" data-internallinksmanager029f6b8e52c=\"9\" title=\"Explicaci\u00f3n de la Asociaci\u00f3n Brit\u00e1nica de Empresas de Mudanzas (BAR)\">BAR<\/a>)<\/li>\n<li> <a href=\"https:\/\/moverdb.com\/es\/fidi-faim\/\">FIDI<\/a><\/li>\n<li> <a href=\"https:\/\/moverdb.com\/es\/fidi-faim\/\">FAIM<\/a><\/li>\n<li> <a href=\"https:\/\/moverdb.com\/es\/soy\/\">Asociaci\u00f3n Internacional de Empresas de Mudanzas<\/a> (<a href=\"https:\/\/moverdb.com\/es\/iam\/\" data-internallinksmanager029f6b8e52c=\"23\" title=\"Explicaci\u00f3n de la Asociaci\u00f3n Internacional de Empresas de Mudanzas (IAM)\">IAM<\/a>)<\/li>\n<li> <a href=\"https:\/\/moverdb.com\/es\/fedemac\/\">La Federaci\u00f3n de Asociaciones Europeas de Empresas de Mudanzas<\/a> (<a href=\"https:\/\/moverdb.com\/es\/fedemac\/\" data-internallinksmanager029f6b8e52c=\"15\" title=\"Explicaci\u00f3n de la Federaci\u00f3n de Asociaciones Europeas de Empresas de Mudanzas (FEDEMAC)\">FEDEMAC<\/a>)<\/li>\n<li> Eurovan<\/li>\n<li> Instituto de Normas Comerciales<\/li>\n<li> <a href=\"https:\/\/moverdb.com\/es\/hgfaa\/\">Asociaci\u00f3n de Transitarios de Am\u00e9rica (Household Goods Forwarders Association of America)<\/a> (HHGFAA)<\/li>\n<li> Est\u00e1ndar de servicio de calidad garantizada - Mudanzas de muebles dom\u00e9sticos<\/li>\n<\/ul>\n<p><strong>Rese\u00f1as de F&amp;N Worldwide Removals<\/strong><\/p>\n<p><strong>Positivo<\/strong><\/p>\n<ul>\n<li> <em>\"S\u00f3lo quiero decir que el trabajo de primera clase que hicieron para <a href=\"https:\/\/moverdb.com\/es\/moving-to-the-united-states\/\" data-internallinksmanager029f6b8e52c=\"94\" title=\"\u00bfSe muda a Estados Unidos? 2026 Costes de vida y consejos de reubicaci\u00f3n\">us<\/a> de principio a fin. Por favor, agradezcan a todos los involucrados...\"<\/em> - Peter Hollingsworth v\u00eda <a href=\"http:\/\/www.fnworldwide.com\/testimonials\/\" target=\"_blank\" rel=\"noopener\">p\u00e1gina de testimonios de clientes<\/a><\/li>\n<li> <em>\"He estado buscando un <a href=\"https:\/\/moverdb.com\/es\/international-removals\/\" data-internallinksmanager029f6b8e52c=\"27\" title=\"36 mejores empresas de mudanzas internacionales del Reino Unido\">empresa de mudanzas<\/a> que pueda utilizar para un trabajo que tengo pr\u00f3ximamente y encontr\u00e9 a FN Worldwide Logistics Ltd. Su p\u00e1gina web es estupenda y definitivamente voy a tenerlos en cuenta para mi pr\u00f3xima mudanza. Tambi\u00e9n me impresion\u00f3 su r\u00e1pida respuesta a mi correo electr\u00f3nico\".<\/em> - a trav\u00e9s de <a href=\"http:\/\/removal-company-reviews.com\/view-removal-company-review.php?c=F+N%20Worldwide%20Logistics%20Ltd&#038;id=532\" target=\"_blank\" rel=\"noopener\">Removal-Company-Reviews.com<\/a><\/li>\n<\/ul>\n<p><strong>Negativo<\/strong><\/p>\n<ul>\n<li> <em>\"F&amp;N me cobr\u00f3 por una mudanza internacional de Reino Unido a <a href=\"https:\/\/moverdb.com\/es\/moving-to-bermuda\/\" data-internallinksmanager029f6b8e52c=\"421\" title=\"\u00bfSe muda a las Bermudas? 2026 Coste de vida y consejos de reubicaci\u00f3n\">Bermudas<\/a>. La empresa para la que trabajo tambi\u00e9n pag\u00f3 sin darse cuenta. F&amp;N admiti\u00f3 su culpa en varias ocasiones y prometi\u00f3 devolver el dinero una y otra vez. No lo hicieron\".<\/em> - a trav\u00e9s de <a href=\"http:\/\/removal-company-reviews.com\/view-removal-company-review.php?c=F+N%20Worldwide%20Logistics%20Ltd&#038;id=532\" target=\"_blank\" rel=\"noopener\">Removal-Company-Reviews.com<\/a>\n<\/ul>\n<div itemprop=\"review\" itemscope itemtype=\"http:\/\/schema.org\/Review\">\n<span itemprop=\"author\" itemscope=\"\" itemtype=\"http:\/\/schema.org\/Organization\"><span itemprop=\"name\">MoverDB.com<\/span><\/span> Revisi\u00f3n del sitio web en l\u00ednea para <span itemprop=\"itemreviewed\" itemscope=\"\" itemtype=\"http:\/\/schema.org\/Brand\"><span itemprop=\"name\">Mudanzas F&amp;N Worldwide<\/span><\/span>:<\/p>\n<ol>\n<li> Datos de contacto claros en el sitio web (incluido el n\u00famero de tel\u00e9fono): <strong>S\u00ed<\/strong><\/li>\n<li> F\u00e1cil de conseguir <a href=\"https:\/\/moverdb.com\/es\/citas\/\">presupuestos de mudanzas internacionales<\/a>? (Formulario de solicitud de presupuesto en l\u00ednea): <strong>S\u00ed<\/strong><\/li>\n<li> Informaci\u00f3n clara en el sitio web: <strong>Algunos<\/strong>El sitio web no contiene mucha informaci\u00f3n detallada.<\/li>\n<li> Pertenencia a organizaciones de mudanzas reconocidas internacionalmente: <strong>S\u00ed<\/strong>, v\u00e9ase m\u00e1s arriba<\/li>\n<li> Lista de clientes y\/o testimonios de clientes anteriores: <strong>Algunos<\/strong> Hay testimonios de clientes en el sitio web, pero pocas rese\u00f1as en otros lugares en l\u00ednea.<\/li>\n<\/ol>\n<div itemprop=\"reviewRating\" itemscope itemtype=\"http:\/\/schema.org\/Rating\"><meta itemprop=\"worstRating\" content = \"0\" \/><meta itemprop=\"bestRating\" content=\"5\" \/><meta itemprop=\"ratingValue\" content=\"4\"><\/div>\n<p><strong>Puntuaci\u00f3n global: 4\/5<\/strong><br \/>\n<strong>Fecha de revisi\u00f3n:<\/strong> <span itemprop=\"datePublished\" content=\"2016-10-03\">03\/10\/16<\/span>\n<\/div>\n<p>M\u00e1s informaci\u00f3n <a href=\"https:\/\/moverdb.com\/es\/mudanzas-internacionales\/\">mudanzas internacionales<\/a> y nuestro <a href=\"https:\/\/moverdb.com\/es\/resenas\/\">proceso de revisi\u00f3n de la mudanza<\/a>.<\/p>\n<p><strong>P\u00e1gina web:<\/strong> <a href=\"http:\/\/www.fnworldwide.com\" target=\"_blank\" rel=\"noopener\">http:\/\/www.fnworldwide.com<\/a><\/p>","protected":false},"excerpt":{"rendered":"<p>F&#038;N Worldwide Removals services are listed below, together with their company profile and reviews. International and European Removals Door to door service Expert packing Custom made crates if applicable Storage if needed Organise transport by land, sea or air Arrange shipping of vehicles Unpacking on arrival at destination Experts available in the UK and country [&hellip;]<\/p>\n","protected":false},"author":1,"featured_media":0,"parent":0,"menu_order":0,"comment_status":"closed","ping_status":"closed","template":"","meta":{"_genesis_hide_title":false,"_genesis_hide_breadcrumbs":false,"_genesis_hide_singular_image":false,"_genesis_hide_footer_widgets":false,"_genesis_custom_body_class":"","_genesis_custom_post_class":"","_genesis_layout":"","footnotes":""},"class_list":{"0":"post-892","1":"page","2":"type-page","3":"status-publish","5":"entry"},"_links":{"self":[{"href":"https:\/\/moverdb.com\/es\/wp-json\/wp\/v2\/pages\/892","targetHints":{"allow":["GET"]}}],"collection":[{"href":"https:\/\/moverdb.com\/es\/wp-json\/wp\/v2\/pages"}],"about":[{"href":"https:\/\/moverdb.com\/es\/wp-json\/wp\/v2\/types\/page"}],"author":[{"embeddable":true,"href":"https:\/\/moverdb.com\/es\/wp-json\/wp\/v2\/users\/1"}],"replies":[{"embeddable":true,"href":"https:\/\/moverdb.com\/es\/wp-json\/wp\/v2\/comments?post=892"}],"version-history":[{"count":5,"href":"https:\/\/moverdb.com\/es\/wp-json\/wp\/v2\/pages\/892\/revisions"}],"predecessor-version":[{"id":6208,"href":"https:\/\/moverdb.com\/es\/wp-json\/wp\/v2\/pages\/892\/revisions\/6208"}],"wp:attachment":[{"href":"https:\/\/moverdb.com\/es\/wp-json\/wp\/v2\/media?parent=892"}],"curies":[{"name":"wp","href":"https:\/\/api.w.org\/{rel}","templated":true}]}}