{"id":8912,"date":"2023-04-27T14:28:23","date_gmt":"2023-04-27T14:28:23","guid":{"rendered":"https:\/\/moverdb.com\/?page_id=8912"},"modified":"2026-01-08T15:29:31","modified_gmt":"2026-01-08T15:29:31","slug":"moving-companies-philippines","status":"publish","type":"page","link":"https:\/\/moverdb.com\/es\/moving-companies\/moving-companies-philippines\/","title":{"rendered":"7 mejores empresas de mudanzas internacionales de Filipinas"},"content":{"rendered":"<p>Si va a trasladar su domicilio o negocio dentro, hacia o desde la <a href=\"https:\/\/moverdb.com\/es\/moving-to-the-philippines\/\" data-internallinksmanager029f6b8e52c=\"376\" title=\"\u00bfSe muda a Filipinas? 2026 Coste de la vida y consejos de reubicaci\u00f3n\">Filipinas<\/a>puede que est\u00e9s buscando alg\u00fan apoyo que te ayude a aligerar la carga. <a href=\"https:\/\/moverdb.com\/es\/moving-companies\/\" data-internallinksmanager029f6b8e52c=\"79\" title=\"Las 25 mejores empresas de mudanzas internacionales en l\u00ednea\">Empresas de mudanzas<\/a> puede ayudarle a hacer el equipaje, organizar el transporte y facilitarle la documentaci\u00f3n. A continuaci\u00f3n hemos recopilado una lista de organizaciones con sede en Filipinas <a href=\"https:\/\/moverdb.com\/es\/international-removals\/\" data-internallinksmanager029f6b8e52c=\"27\" title=\"36 mejores empresas de mudanzas internacionales del Reino Unido\">empresas de mudanzas<\/a> que son miembros de la <a href=\"https:\/\/moverdb.com\/es\/iam\/\" data-internallinksmanager029f6b8e52c=\"23\" title=\"Explicaci\u00f3n de la Asociaci\u00f3n Internacional de Empresas de Mudanzas (IAM)\">Asociaci\u00f3n Internacional de Empresas de Mudanzas<\/a> (IAM) y\/o <a href=\"https:\/\/moverdb.com\/es\/fidi-faim\/\" data-internallinksmanager029f6b8e52c=\"16\" title=\"Explicaci\u00f3n del FIDI y del FAIM (FIDI Accredited International Mover)\">FIDI<\/a> Empresa de mudanzas internacionales acreditada (FAIM) que podr\u00eda ayudarle con su mudanza.<\/p>\n<div id=\"ez-toc-container\" class=\"ez-toc-v2_0_82_2 ez-toc-wrap-left counter-hierarchy ez-toc-counter ez-toc-transparent ez-toc-container-direction\">\n<div class=\"ez-toc-title-container\">\n<p class=\"ez-toc-title\" style=\"cursor:inherit\">Secciones<\/p>\n<span class=\"ez-toc-title-toggle\"><a href=\"#\" class=\"ez-toc-pull-right ez-toc-btn ez-toc-btn-xs ez-toc-btn-default ez-toc-toggle\" aria-label=\"Alternar tabla de contenidos\"><span class=\"ez-toc-js-icon-con\"><span class=\"\"><span class=\"eztoc-hide\" style=\"display:none;\">Toggle<\/span><span class=\"ez-toc-icon-toggle-span\"><svg style=\"fill: #999;color:#999\" xmlns=\"http:\/\/www.w3.org\/2000\/svg\" class=\"list-377408\" width=\"20px\" height=\"20px\" viewbox=\"0 0 24 24\" fill=\"none\"><path d=\"M6 6H4v2h2V6zm14 0H8v2h12V6zM4 11h2v2H4v-2zm16 0H8v2h12v-2zM4 16h2v2H4v-2zm16 0H8v2h12v-2z\" fill=\"currentColor\"><\/path><\/svg><svg style=\"fill: #999;color:#999\" class=\"arrow-unsorted-368013\" xmlns=\"http:\/\/www.w3.org\/2000\/svg\" width=\"10px\" height=\"10px\" viewbox=\"0 0 24 24\" version=\"1.2\" baseprofile=\"tiny\"><path d=\"M18.2 9.3l-6.2-6.3-6.2 6.3c-.2.2-.3.4-.3.7s.1.5.3.7c.2.2.4.3.7.3h11c.3 0 .5-.1.7-.3.2-.2.3-.5.3-.7s-.1-.5-.3-.7zM5.8 14.7l6.2 6.3 6.2-6.3c.2-.2.3-.5.3-.7s-.1-.5-.3-.7c-.2-.2-.4-.3-.7-.3h-11c-.3 0-.5.1-.7.3-.2.2-.3.5-.3.7s.1.5.3.7z\"\/><\/svg><\/span><\/span><\/span><\/a><\/span><\/div>\n<nav><ul class='ez-toc-list ez-toc-list-level-1 eztoc-toggle-hide-by-default' ><li class='ez-toc-page-1 ez-toc-heading-level-2'><a class=\"ez-toc-link ez-toc-heading-1\" href=\"https:\/\/moverdb.com\/es\/moving-companies\/moving-companies-philippines\/#1_Asia_Relocation\" >1. Reubicaci\u00f3n en Asia<\/a><\/li><li class='ez-toc-page-1 ez-toc-heading-level-2'><a class=\"ez-toc-link ez-toc-heading-2\" href=\"https:\/\/moverdb.com\/es\/moving-companies\/moving-companies-philippines\/#2_Consolidated_Strategies_Solutions\" >2. Estrategias y soluciones consolidadas<\/a><\/li><li class='ez-toc-page-1 ez-toc-heading-level-2'><a class=\"ez-toc-link ez-toc-heading-3\" href=\"https:\/\/moverdb.com\/es\/moving-companies\/moving-companies-philippines\/#3_Dads_Moving_Storage\" >3. Dad's Moving &amp; Storage<\/a><\/li><li class='ez-toc-page-1 ez-toc-heading-level-2'><a class=\"ez-toc-link ez-toc-heading-4\" href=\"https:\/\/moverdb.com\/es\/moving-companies\/moving-companies-philippines\/#4_Global_Logistics_Services\" >4. Servicios log\u00edsticos globales<\/a><\/li><li class='ez-toc-page-1 ez-toc-heading-level-2'><a class=\"ez-toc-link ez-toc-heading-5\" href=\"https:\/\/moverdb.com\/es\/moving-companies\/moving-companies-philippines\/#5_Goetz_Moving_Storage\" >5. Goetz Moving &amp; Storage<\/a><\/li><li class='ez-toc-page-1 ez-toc-heading-level-2'><a class=\"ez-toc-link ez-toc-heading-6\" href=\"https:\/\/moverdb.com\/es\/moving-companies\/moving-companies-philippines\/#6_Melcon_Worldwide_Logistics\" >6. Melcon Worldwide Logistics<\/a><\/li><li class='ez-toc-page-1 ez-toc-heading-level-2'><a class=\"ez-toc-link ez-toc-heading-7\" href=\"https:\/\/moverdb.com\/es\/moving-companies\/moving-companies-philippines\/#7_Santa_Fe_Relocation\" >7. Traslado de Santa Fe<\/a><\/li><li class='ez-toc-page-1 ez-toc-heading-level-2'><a class=\"ez-toc-link ez-toc-heading-8\" href=\"https:\/\/moverdb.com\/es\/moving-companies\/moving-companies-philippines\/#Other_Useful_Guides_to_the_Philippines\" >Otras gu\u00edas \u00fatiles sobre Filipinas<\/a><\/li><\/ul><\/nav><\/div>\n<h2><span class=\"ez-toc-section\" id=\"1_Asia_Relocation\"><\/span><strong>1. Reubicaci\u00f3n en Asia<\/strong><span class=\"ez-toc-section-end\"><\/span><\/h2>\n<p><img loading=\"lazy\" decoding=\"async\" class=\"alignnone size-full wp-image-8759\" src=\"https:\/\/moverdb.com\/wp-content\/uploads\/Asia-Relocation-international-moving-company.png\" alt=\"Asia Relocation empresa de mudanzas internacionales\" width=\"1440\" height=\"677\" data-wp-pid=\"8759\" srcset=\"https:\/\/moverdb.com\/wp-content\/uploads\/Asia-Relocation-international-moving-company.png 1440w, https:\/\/moverdb.com\/wp-content\/uploads\/Asia-Relocation-international-moving-company-300x141.png 300w, https:\/\/moverdb.com\/wp-content\/uploads\/Asia-Relocation-international-moving-company-1024x481.png 1024w, https:\/\/moverdb.com\/wp-content\/uploads\/Asia-Relocation-international-moving-company-18x8.png 18w, https:\/\/moverdb.com\/wp-content\/uploads\/Asia-Relocation-international-moving-company-600x282.png 600w\" sizes=\"auto, (max-width: 1440px) 100vw, 1440px\" \/><\/p>\n<ul>\n<li>Traslados locales<\/li>\n<li>Traslados internacionales<\/li>\n<li>Mudanzas dom\u00e9sticas<\/li>\n<li>Traslado de oficinas<\/li>\n<li>Servicio de embalaje<\/li>\n<li>Medios de transporte<\/li>\n<li>Visados e inmigraci\u00f3n<\/li>\n<li>Transporte de veh\u00edculos y mascotas<\/li>\n<li>Seguros<\/li>\n<li>Almacenamiento a corto y largo plazo<\/li>\n<\/ul>\n<p>Asia Relocation ofrece soluciones gestionadas de mudanzas internacionales y tiene su sede en Makati City. Trabajan con proveedores y agentes que cumplen sus normas de calidad para ayudarles a prestar servicios internacionales. Son miembros de IAM con 12 a\u00f1os de servicio.<\/p>\n<p>Asia Relocation ofrece una amplia gama de servicios de mudanza y traslado que incluyen mudanzas nacionales e internacionales, visados y servicios de inmigraci\u00f3n, <a href=\"https:\/\/moverdb.com\/es\/car-transport-shipping\/\" data-internallinksmanager029f6b8e52c=\"2\" title=\"2026 Cotizaciones de transporte internacional de coches y env\u00edo de veh\u00edculos\">env\u00edo de veh\u00edculos<\/a>Traslado de mascotas y opciones de almacenamiento. Le proporcionar\u00e1n un plan de mudanza personalizado, un servicio completo de embalaje y la organizaci\u00f3n del transporte. Ofrecen servicios de reubicaci\u00f3n que incluyen b\u00fasqueda de vivienda y colegio, alojamiento temporal, orientaci\u00f3n y alquiler de veh\u00edculos.<\/p>\n<p>P\u00e1gina web: <a href=\"https:\/\/asia-relocation.com\/\" target=\"_blank\" rel=\"noopener\">https:\/\/asia-relocation.com\/<\/a><\/p>\n<h2><span class=\"ez-toc-section\" id=\"2_Consolidated_Strategies_Solutions\"><\/span><strong>2. Estrategias y soluciones consolidadas<\/strong><span class=\"ez-toc-section-end\"><\/span><\/h2>\n<p><img loading=\"lazy\" decoding=\"async\" class=\"alignnone size-full wp-image-8778\" src=\"https:\/\/moverdb.com\/wp-content\/uploads\/Consolidated-Strategies-Solutions-international-moving-company.png\" alt=\"Consolidated Strategies &amp; Solutions empresa de mudanzas internacionales\" width=\"1440\" height=\"679\" data-wp-pid=\"8778\" srcset=\"https:\/\/moverdb.com\/wp-content\/uploads\/Consolidated-Strategies-Solutions-international-moving-company.png 1440w, https:\/\/moverdb.com\/wp-content\/uploads\/Consolidated-Strategies-Solutions-international-moving-company-300x141.png 300w, https:\/\/moverdb.com\/wp-content\/uploads\/Consolidated-Strategies-Solutions-international-moving-company-1024x483.png 1024w, https:\/\/moverdb.com\/wp-content\/uploads\/Consolidated-Strategies-Solutions-international-moving-company-18x8.png 18w, https:\/\/moverdb.com\/wp-content\/uploads\/Consolidated-Strategies-Solutions-international-moving-company-600x283.png 600w\" sizes=\"auto, (max-width: 1440px) 100vw, 1440px\" \/><\/p>\n<ul>\n<li>Traslados locales<\/li>\n<li>Traslados internacionales<\/li>\n<li>Mudanzas dom\u00e9sticas<\/li>\n<li>Servicios de reubicaci\u00f3n<\/li>\n<li>Consultas disponibles<\/li>\n<li>Servicio personalizado<\/li>\n<li>Servicio de embalaje<\/li>\n<li>Cajas bien cerradas<\/li>\n<li>Organizaci\u00f3n del transporte<\/li>\n<li>Instalaciones de almacenamiento seguras<\/li>\n<\/ul>\n<p>Consolidated Strategies &amp; Solutions es una empresa de mudanzas internacionales con m\u00e1s de 15 a\u00f1os de experiencia y sede en Quezon City. Son miembros de IAM, lo que les da acceso a una red internacional de agentes de mudanzas que les prestan servicios en todo el mundo.<\/p>\n<p>Consolidated Strategies &amp; Solutions ofrece mudanzas locales y nacionales dentro de Filipinas y traslados internacionales desde y hacia Filipinas. Prestan servicios de embalaje para proteger sus pertenencias durante el transporte y el almacenamiento. Ofrecen instalaciones de almacenamiento seguras en las que sus cajas pueden precintarse en su casa y transportarse despu\u00e9s a sus instalaciones de almacenamiento.<\/p>\n<p>P\u00e1gina web: <a href=\"http:\/\/www.csandsolutions.com\" target=\"_blank\" rel=\"noopener\">http:\/\/www.csandsolutions.com<\/a><\/p>\n<h2><span class=\"ez-toc-section\" id=\"3_Dads_Moving_Storage\"><\/span><strong>3. Dad's Moving &amp; Storage<\/strong><span class=\"ez-toc-section-end\"><\/span><\/h2>\n<p><img loading=\"lazy\" decoding=\"async\" class=\"alignnone size-full wp-image-8782\" src=\"https:\/\/moverdb.com\/wp-content\/uploads\/Dads-Moving-Storage-international-moving-company.png\" alt=\"\" width=\"1440\" height=\"683\" data-wp-pid=\"8782\" srcset=\"https:\/\/moverdb.com\/wp-content\/uploads\/Dads-Moving-Storage-international-moving-company.png 1440w, https:\/\/moverdb.com\/wp-content\/uploads\/Dads-Moving-Storage-international-moving-company-300x142.png 300w, https:\/\/moverdb.com\/wp-content\/uploads\/Dads-Moving-Storage-international-moving-company-1024x486.png 1024w, https:\/\/moverdb.com\/wp-content\/uploads\/Dads-Moving-Storage-international-moving-company-18x9.png 18w, https:\/\/moverdb.com\/wp-content\/uploads\/Dads-Moving-Storage-international-moving-company-600x285.png 600w\" sizes=\"auto, (max-width: 1440px) 100vw, 1440px\" \/><\/p>\n<ul>\n<li>Movimientos nacionales<\/li>\n<li>Traslados internacionales<\/li>\n<li>Mudanzas dom\u00e9sticas<\/li>\n<li>Movimientos organizativos<\/li>\n<li>Precio todo incluido<\/li>\n<li>Servicio de embalaje<\/li>\n<li>Materiales respetuosos con el medio ambiente<\/li>\n<li>Organizaci\u00f3n del transporte<\/li>\n<li>Asesoramiento y orientaci\u00f3n<\/li>\n<li>Instalaciones de almacenamiento<\/li>\n<\/ul>\n<p>Dad's Moving &amp; Storage es una empresa de mudanzas y almacenamiento creada por algunos veteranos de las mudanzas y tiene su sede en Muntinlupa City. Trabajan con agentes de mudanzas de 196 pa\u00edses de todo el mundo para ayudarles a prestar sus servicios fuera de Filipinas. Son miembros de IAM con seis a\u00f1os de servicio.<\/p>\n<p>Dad's Moving &amp; Storage ofrece servicios de mudanza dentro de Filipinas, desde y hacia el pa\u00eds, para hogares y empleados de organizaciones que se trasladan. Le apoyar\u00e1n y guiar\u00e1n durante su mudanza y le ayudar\u00e1n a embalar sus pertenencias de forma segura utilizando los materiales y cajas de cart\u00f3n m\u00e1s adecuados para protegerlas.<\/p>\n<p>P\u00e1gina web: <a href=\"http:\/\/dadsmoving.com\" target=\"_blank\" rel=\"noopener\">http:\/\/dadsmoving.com<\/a><\/p>\n<h2><span class=\"ez-toc-section\" id=\"4_Global_Logistics_Services\"><\/span><strong>4. Servicios log\u00edsticos globales<\/strong><span class=\"ez-toc-section-end\"><\/span><\/h2>\n<p><img loading=\"lazy\" decoding=\"async\" class=\"alignnone size-full wp-image-8805\" src=\"https:\/\/moverdb.com\/wp-content\/uploads\/Global-Logistics-Services-international-moving-company.png\" alt=\"Global Logistics Services empresa de mudanzas internacionales\" width=\"1440\" height=\"680\" data-wp-pid=\"8805\" srcset=\"https:\/\/moverdb.com\/wp-content\/uploads\/Global-Logistics-Services-international-moving-company.png 1440w, https:\/\/moverdb.com\/wp-content\/uploads\/Global-Logistics-Services-international-moving-company-300x142.png 300w, https:\/\/moverdb.com\/wp-content\/uploads\/Global-Logistics-Services-international-moving-company-1024x484.png 1024w, https:\/\/moverdb.com\/wp-content\/uploads\/Global-Logistics-Services-international-moving-company-18x9.png 18w, https:\/\/moverdb.com\/wp-content\/uploads\/Global-Logistics-Services-international-moving-company-600x283.png 600w\" sizes=\"auto, (max-width: 1440px) 100vw, 1440px\" \/><\/p>\n<ul>\n<li>Movimientos nacionales<\/li>\n<li>Desplazamientos internacionales<\/li>\n<li>Traslado de viviendas<\/li>\n<li>Traslado de oficinas<\/li>\n<li>Servicio de embalaje<\/li>\n<li>Organizaci\u00f3n del transporte<\/li>\n<li>Seguimiento del env\u00edo<\/li>\n<li>Transporte de veh\u00edculos<\/li>\n<li>Traslado de mascotas<\/li>\n<li>Servicios de almacenamiento<\/li>\n<\/ul>\n<p>Global Logistics Services es una empresa de mudanzas y traslados internacionales fundada en 2013 con sede en Paranaque y oficinas tambi\u00e9n en <a href=\"https:\/\/moverdb.com\/es\/moving-to-the-united-states\/moving-to-new-york\/\" data-internallinksmanager029f6b8e52c=\"332\" title=\"\u00bfSe muda a Nueva York? 2026 Coste de vida y consejos de reubicaci\u00f3n\">Nueva York<\/a> y las Islas Marshall. Disponen de una amplia red mundial de socios que les ayudan a prestar sus servicios internacionales. Son miembros de IAM con 16 a\u00f1os de servicio.<\/p>\n<p>Global Logistics Services ofrece una soluci\u00f3n integral para los traslados, ya sean de hogar o de oficina. Proporcionan un servicio de embalaje con cajas resistentes para proteger sus pertenencias y se encargan del transporte seguro hasta su destino. Ofrecen servicios especializados para trasladar pianos, coches y mascotas.<\/p>\n<p>P\u00e1gina web: <a href=\"http:\/\/www.a1global-logistics.com\" target=\"_blank\" rel=\"noopener\">http:\/\/www.a1global-logistics.com<\/a><\/p>\n<h2><span class=\"ez-toc-section\" id=\"5_Goetz_Moving_Storage\"><\/span><strong>5. Goetz Moving &amp; Storage<\/strong><span class=\"ez-toc-section-end\"><\/span><\/h2>\n<p><img loading=\"lazy\" decoding=\"async\" class=\"alignnone size-full wp-image-8809\" src=\"https:\/\/moverdb.com\/wp-content\/uploads\/Goetz-Moving-Storage-international-moving-company.png\" alt=\"Goetz Moving &amp; Storage empresa de mudanzas internacionales\" width=\"1440\" height=\"680\" data-wp-pid=\"8809\" srcset=\"https:\/\/moverdb.com\/wp-content\/uploads\/Goetz-Moving-Storage-international-moving-company.png 1440w, https:\/\/moverdb.com\/wp-content\/uploads\/Goetz-Moving-Storage-international-moving-company-300x142.png 300w, https:\/\/moverdb.com\/wp-content\/uploads\/Goetz-Moving-Storage-international-moving-company-1024x484.png 1024w, https:\/\/moverdb.com\/wp-content\/uploads\/Goetz-Moving-Storage-international-moving-company-18x9.png 18w, https:\/\/moverdb.com\/wp-content\/uploads\/Goetz-Moving-Storage-international-moving-company-600x283.png 600w\" sizes=\"auto, (max-width: 1440px) 100vw, 1440px\" \/><\/p>\n<ul>\n<li>Traslados locales<\/li>\n<li>Traslados internacionales<\/li>\n<li>Mudanzas residenciales<\/li>\n<li>Traslado de oficinas<\/li>\n<li>Servicio puerta a puerta<\/li>\n<li>Transporte a\u00e9reo y mar\u00edtimo<\/li>\n<li>Despacho de aduanas<\/li>\n<li>Servicios de visado e inmigraci\u00f3n<\/li>\n<li>Seguros<\/li>\n<li>Instalaciones de almacenamiento<\/li>\n<\/ul>\n<p>Goetz Moving &amp; Storage ofrece servicios de mudanzas internacionales puerta a puerta, fue fundada en 1984 y tiene su sede en Paranaque. Cuentan con una red de agentes de mudanzas locales e internacionales en lugares estrat\u00e9gicos de todo el mundo para darles apoyo. Son miembros de IAM con 39 a\u00f1os de servicio.<\/p>\n<p>Goetz Moving &amp; Storage ofrece servicios de mudanza y traslado puerta a puerta que incluyen la organizaci\u00f3n del transporte y el despacho de aduanas, as\u00ed como la cobertura de seguros. Ofrecen servicios de reubicaci\u00f3n que incluyen orientaci\u00f3n sobre la zona, b\u00fasqueda de viviendas y escuelas, servicios de instalaci\u00f3n, servicios de salida, formaci\u00f3n cultural y apoyo en materia de visados e inmigraci\u00f3n.<\/p>\n<p>P\u00e1gina web: <a href=\"http:\/\/www.goetzmoving.com\" target=\"_blank\" rel=\"noopener\">http:\/\/www.goetzmoving.com<\/a><\/p>\n<h2><span class=\"ez-toc-section\" id=\"6_Melcon_Worldwide_Logistics\"><\/span><strong>6. Melcon Worldwide Logistics<\/strong><span class=\"ez-toc-section-end\"><\/span><\/h2>\n<p><img loading=\"lazy\" decoding=\"async\" class=\"alignnone size-full wp-image-8824\" src=\"https:\/\/moverdb.com\/wp-content\/uploads\/Melcon-Worldwide-Logistics-international-moving-company.png\" alt=\"Melcon Worldwide Logistics empresa de mudanzas internacionales\" width=\"1440\" height=\"678\" data-wp-pid=\"8824\" srcset=\"https:\/\/moverdb.com\/wp-content\/uploads\/Melcon-Worldwide-Logistics-international-moving-company.png 1440w, https:\/\/moverdb.com\/wp-content\/uploads\/Melcon-Worldwide-Logistics-international-moving-company-300x141.png 300w, https:\/\/moverdb.com\/wp-content\/uploads\/Melcon-Worldwide-Logistics-international-moving-company-1024x482.png 1024w, https:\/\/moverdb.com\/wp-content\/uploads\/Melcon-Worldwide-Logistics-international-moving-company-18x8.png 18w, https:\/\/moverdb.com\/wp-content\/uploads\/Melcon-Worldwide-Logistics-international-moving-company-600x283.png 600w\" sizes=\"auto, (max-width: 1440px) 100vw, 1440px\" \/><\/p>\n<ul>\n<li>Traslados locales<\/li>\n<li>Traslados internacionales<\/li>\n<li>Mudanzas residenciales<\/li>\n<li>Traslados de oficinas y f\u00e1bricas<\/li>\n<li>Servicio puerta a puerta<\/li>\n<li>Transporte a\u00e9reo y mar\u00edtimo<\/li>\n<li>Servicios de corretaje<\/li>\n<li>Transporte de mascotas<\/li>\n<li>Seguro de tr\u00e1nsito<\/li>\n<li>Instalaciones de almacenamiento<\/li>\n<\/ul>\n<p>Melcon Worldwide Logistics es una empresa de log\u00edstica integral que ofrece servicios de expedici\u00f3n, distribuci\u00f3n y almacenamiento. Tiene oficinas en Taguig City y Davao City. Son miembros de IAM con 20 a\u00f1os de servicio, lo que les da acceso a una red internacional de agentes de mudanzas que les prestan apoyo.<\/p>\n<p>Melcon Worldwide Logistics ofrece servicios log\u00edsticos personalizados que incluyen un servicio de mudanzas puerta a puerta y traslados locales. Protegen sus efectos personales y organizan el transporte por v\u00eda a\u00e9rea o mar\u00edtima con seguro de tr\u00e1nsito. Ofrecen un servicio de traslado de mascotas para que pueda llevarlas con usted. Tambi\u00e9n ofrecen opciones de almacenamiento con control de humedad y almacenamiento en fr\u00edo.<\/p>\n<p>P\u00e1gina web: <a href=\"http:\/\/www.melconlogistics.com\" target=\"_blank\" rel=\"noopener\">http:\/\/www.melconlogistics.com<\/a><\/p>\n<h2><span class=\"ez-toc-section\" id=\"7_Santa_Fe_Relocation\"><\/span><strong>7. Traslado de Santa Fe<\/strong><span class=\"ez-toc-section-end\"><\/span><\/h2>\n<p><img loading=\"lazy\" decoding=\"async\" class=\"alignnone size-full wp-image-8850\" src=\"https:\/\/moverdb.com\/wp-content\/uploads\/Santa-Fe-Relocation-Philippines-international-moving-company.png\" alt=\"Santa Fe Relocation Filipinas empresa de mudanzas internacionales\" width=\"1440\" height=\"676\" data-wp-pid=\"8850\" srcset=\"https:\/\/moverdb.com\/wp-content\/uploads\/Santa-Fe-Relocation-Philippines-international-moving-company.png 1440w, https:\/\/moverdb.com\/wp-content\/uploads\/Santa-Fe-Relocation-Philippines-international-moving-company-300x141.png 300w, https:\/\/moverdb.com\/wp-content\/uploads\/Santa-Fe-Relocation-Philippines-international-moving-company-1024x481.png 1024w, https:\/\/moverdb.com\/wp-content\/uploads\/Santa-Fe-Relocation-Philippines-international-moving-company-18x8.png 18w, https:\/\/moverdb.com\/wp-content\/uploads\/Santa-Fe-Relocation-Philippines-international-moving-company-600x282.png 600w\" sizes=\"auto, (max-width: 1440px) 100vw, 1440px\" \/><\/p>\n<ul>\n<li>Movimientos nacionales<\/li>\n<li>Traslados internacionales<\/li>\n<li>Mudanzas residenciales<\/li>\n<li>Consulta previa a la mudanza<\/li>\n<li>Servicio de embalaje<\/li>\n<li>Transporte terrestre, a\u00e9reo y mar\u00edtimo<\/li>\n<li>Despacho de aduanas<\/li>\n<li>Env\u00edo de veh\u00edculos<\/li>\n<li>Traslado de mascotas<\/li>\n<li>Instalaciones de almacenamiento a corto y largo plazo<\/li>\n<\/ul>\n<p>Santa Fe Relocation es una empresa internacional de mudanzas con 96 oficinas en 47 pa\u00edses y su sucursal filipina se encuentra en la ciudad de Calamba. Llevan m\u00e1s de 120 a\u00f1os ayudando a la gente a mudarse. Es miembro de IAM y est\u00e1 acreditada por FIDI.<\/p>\n<p>Santa Fe Relocation pone a su disposici\u00f3n un asesor de mudanzas para ayudarle en su traslado. Organizar\u00e1n el embalaje de sus pertenencias y el transporte por tierra, mar o aire con despacho de aduanas. Ofrecen una gama de servicios adicionales y de reubicaci\u00f3n que incluyen limpieza, alquileres a corto plazo, env\u00edo de veh\u00edculos, reubicaci\u00f3n de mascotas, visados e inmigraci\u00f3n, servicios de salida, formaci\u00f3n cultural, orientaci\u00f3n y b\u00fasqueda de vivienda y escuela.<\/p>\n<p>P\u00e1gina web: <a href=\"https:\/\/www.santaferelo.com\/en\/contact\/our-offices\/philippines-manila\/\" target=\"_blank\" rel=\"noopener\">https:\/\/www.santaferelo.com\/en\/contact\/our-offices\/philippines-manila\/<\/a><\/p>\n<h2><span class=\"ez-toc-section\" id=\"Other_Useful_Guides_to_the_Philippines\"><\/span>Otras gu\u00edas \u00fatiles sobre Filipinas<span class=\"ez-toc-section-end\"><\/span><\/h2>\n<ul>\n<li> <a href=\"https:\/\/moverdb.com\/es\/transporte-de-contenedores\/filipinas\/\">2024 Tarifas de transporte mar\u00edtimo de contenedores desde y hacia Filipinas<\/a><\/li>\n<li> <a href=\"https:\/\/moverdb.com\/es\/moving-to-the-philippines\/\">\u00bfSe muda a Filipinas? 2026 Coste de la vida y consejos de reubicaci\u00f3n<\/a><\/li>\n<li> <a href=\"https:\/\/moverdb.com\/es\/moving-to-the-philippines\/best-places-to-live-philippines\/\">12 mejores lugares para vivir en Filipinas<\/a><\/li>\n<li> <a href=\"https:\/\/moverdb.com\/es\/moving-to-the-philippines\/living-in-the-philippines\/\">21 secretos sobre la vida en Filipinas que debe conocer antes de mudarse<\/a><\/li>\n<li> <a href=\"https:\/\/moverdb.com\/es\/moving-to-the-philippines\/philippines-from-us\/\">Trasladarse a Filipinas desde Estados Unidos<\/a><\/li>\n<\/ul>","protected":false},"excerpt":{"rendered":"<p>If you are moving home or business within, to or from the Philippines, you may be looking for some support to help lighten the load. Moving companies can assist with packing, organising transportation and documentation support. Below we have compiled a list of Philippines based removal companies that are members of the International Association of [&hellip;]<\/p>\n","protected":false},"author":4,"featured_media":0,"parent":190,"menu_order":0,"comment_status":"closed","ping_status":"closed","template":"","meta":{"_genesis_hide_title":false,"_genesis_hide_breadcrumbs":false,"_genesis_hide_singular_image":false,"_genesis_hide_footer_widgets":false,"_genesis_custom_body_class":"","_genesis_custom_post_class":"","_genesis_layout":"","footnotes":""},"class_list":{"0":"post-8912","1":"page","2":"type-page","3":"status-publish","5":"entry","6":"has-post-thumbnail"},"_links":{"self":[{"href":"https:\/\/moverdb.com\/es\/wp-json\/wp\/v2\/pages\/8912","targetHints":{"allow":["GET"]}}],"collection":[{"href":"https:\/\/moverdb.com\/es\/wp-json\/wp\/v2\/pages"}],"about":[{"href":"https:\/\/moverdb.com\/es\/wp-json\/wp\/v2\/types\/page"}],"author":[{"embeddable":true,"href":"https:\/\/moverdb.com\/es\/wp-json\/wp\/v2\/users\/4"}],"replies":[{"embeddable":true,"href":"https:\/\/moverdb.com\/es\/wp-json\/wp\/v2\/comments?post=8912"}],"version-history":[{"count":4,"href":"https:\/\/moverdb.com\/es\/wp-json\/wp\/v2\/pages\/8912\/revisions"}],"predecessor-version":[{"id":16985,"href":"https:\/\/moverdb.com\/es\/wp-json\/wp\/v2\/pages\/8912\/revisions\/16985"}],"up":[{"embeddable":true,"href":"https:\/\/moverdb.com\/es\/wp-json\/wp\/v2\/pages\/190"}],"wp:attachment":[{"href":"https:\/\/moverdb.com\/es\/wp-json\/wp\/v2\/media?parent=8912"}],"curies":[{"name":"wp","href":"https:\/\/api.w.org\/{rel}","templated":true}]}}