{"id":891,"date":"2016-09-03T21:06:56","date_gmt":"2016-09-03T21:06:56","guid":{"rendered":"http:\/\/moverdb.com\/?page_id=891"},"modified":"2026-01-08T14:47:50","modified_gmt":"2026-01-08T14:47:50","slug":"bournes","status":"publish","type":"page","link":"https:\/\/moverdb.com\/es\/bournes\/","title":{"rendered":"Mudanzas Bournes: Rese\u00f1as de Mudanzas Internacionales y Mudanzas"},"content":{"rendered":"<p>Bournes ofrece a sus clientes una selecci\u00f3n de <a href=\"https:\/\/moverdb.com\/es\/international-removals\/\" data-internallinksmanager029f6b8e52c=\"27\" title=\"36 mejores empresas de mudanzas internacionales del Reino Unido\">mudanzas internacionales<\/a> servicios de mudanza al extranjero que se enumeran a continuaci\u00f3n. Tambi\u00e9n sigue un perfil de la empresa y opiniones.<\/p>\n<p><strong>Mudanzas internacionales<\/strong><\/p>\n<ul>\n<li> Servicio de embalaje completo<\/li>\n<li> Servicio de embalaje de piezas<\/li>\n<li> Autoenvasado<\/li>\n<li> Embalaje para exportaci\u00f3n de muebles con cuidados especiales<\/li>\n<li> Asistencia con la documentaci\u00f3n<\/li>\n<li> Colecci\u00f3n<\/li>\n<li> Transporte por barco - <a href=\"https:\/\/moverdb.com\/es\/transporte-de-contenedores\/\">env\u00edo de contenedores completos<\/a>, carga parcial, contenedor de madera<\/li>\n<li> Carga a\u00e9rea<\/li>\n<li> Traslado de mascotas<\/li>\n<li> <a href=\"https:\/\/moverdb.com\/es\/transporte-embarque-de-coches\/\">Reubicaci\u00f3n de veh\u00edculos<\/a><\/li>\n<li> Servicio de limpieza<\/li>\n<li> Servicio de manutenci\u00f3n<\/li>\n<li> Seguro contratado<\/li>\n<\/ul>\n<p><strong>Ayuda a la reubicaci\u00f3n<\/strong><\/p>\n<ul>\n<li> La planificaci\u00f3n previa a la salida incluye una evaluaci\u00f3n de las necesidades (escuelas, etc.)<\/li>\n<li> Formaci\u00f3n intercultural\".<\/li>\n<li> Programa de observaci\u00f3n<\/li>\n<li> Servicio de b\u00fasqueda de vivienda y orientaci\u00f3n<\/li>\n<li> B\u00fasqueda de escuelas<\/li>\n<li> Instalaci\u00f3n en el servicio<\/li>\n<li> Pr\u00e1cticas comerciales<\/li>\n<li> Asistencia a la repatriaci\u00f3n<\/li>\n<\/ul>\n<p><strong>Mudanzas comerciales<\/strong><\/p>\n<ul>\n<li> Gesti\u00f3n de proyectos<\/li>\n<li> Planificaci\u00f3n previa a la mudanza<\/li>\n<li> Servicios de embalaje y desembalaje<\/li>\n<li> Almacenamiento<\/li>\n<li> Transporte en todo el mundo<\/li>\n<li> Entrega interior<\/li>\n<li> Instalaci\u00f3n y montaje<\/li>\n<li> Log\u00edstica inversa y liquidaciones<\/li>\n<\/ul>\n<p><strong>Almacenamiento<\/strong><\/p>\n<ul>\n<li> M\u00e1s de 1.200 ubicaciones en 6 continentes<\/li>\n<li> A largo y corto plazo<\/li>\n<li> CCTV 24\/7 o equipos de seguridad<\/li>\n<li> Todos los lugares seguros<\/li>\n<\/ul>\n<h2>Perfil de la empresa Bournes<\/h2>\n<p>Bournes fue fundada en 1875 por Thomas Bourne como empresa de transporte general de mercanc\u00edas y carb\u00f3n. Despu\u00e9s de la Segunda Guerra Mundial, la empresa se expandi\u00f3 hacia las mudanzas y el almacenamiento. En los a\u00f1os sesenta y setenta, la empresa creci\u00f3 considerablemente, comprando empresas m\u00e1s peque\u00f1as y construyendo instalaciones de almacenamiento especializadas.<\/p>\n<p>Los Bournes empezaron a moverse por Europa en 1993 y en 2001 empezaron a <a href=\"https:\/\/moverdb.com\/es\/empresas-de-mudanzas\/\">mudanzas internacionales<\/a>. Ahora son capaces de trasladar a personas y empresas a 1.500 lugares en m\u00e1s de 120 pa\u00edses.<\/p>\n<p>La empresa sigue siendo dirigida por la quinta generaci\u00f3n de Bournes, cuyos valores familiares y empresariales son la honestidad, la integridad y la transparencia. Bournes cuenta con un personal dedicado y bien formado que se relaciona con cientos de expertos en reubicaci\u00f3n y mudanzas de todo el mundo.<\/p>\n<p>Bournes cuenta con las siguientes acreditaciones y afiliaciones:<\/p>\n<ul>\n<li> <a href=\"https:\/\/moverdb.com\/es\/red-de-reubicacion-armonica\/\">Red de reubicaci\u00f3n Harmony<\/a><\/li>\n<li> Una empresa de mudanzas seg\u00fan la norma brit\u00e1nica ISO 9001:2008<\/li>\n<li> <a href=\"https:\/\/moverdb.com\/es\/british-association-of-removers\/\">La Asociaci\u00f3n Brit\u00e1nica de Empresas de Mudanzas<\/a> (<a href=\"https:\/\/moverdb.com\/es\/british-association-of-removers\/\" data-internallinksmanager029f6b8e52c=\"9\" title=\"Explicaci\u00f3n de la Asociaci\u00f3n Brit\u00e1nica de Empresas de Mudanzas (BAR)\">BAR<\/a>)<\/li>\n<li> <a href=\"https:\/\/moverdb.com\/es\/bar-overseas\/\">Grupo de la Asociaci\u00f3n Brit\u00e1nica de Mudanzas en el Extranjero<\/a><\/li>\n<li> \u00bfQu\u00e9? Comerciante de confianza<\/li>\n<li> <a href=\"https:\/\/moverdb.com\/es\/fidi-faim\/\">FIDI<\/a><\/li>\n<li> <a href=\"https:\/\/moverdb.com\/es\/fidi-faim\/\" data-internallinksmanager029f6b8e52c=\"16\" title=\"Explicaci\u00f3n del FIDI y del FAIM (FIDI Accredited International Mover)\">FAIM<\/a><\/li>\n<li> El <a href=\"https:\/\/moverdb.com\/es\/soy\/\">Asociaci\u00f3n Internacional de Empresas de Mudanzas<\/a> (<a href=\"https:\/\/moverdb.com\/es\/iam\/\" data-internallinksmanager029f6b8e52c=\"23\" title=\"Explicaci\u00f3n de la Asociaci\u00f3n Internacional de Empresas de Mudanzas (IAM)\">IAM<\/a>)<\/li>\n<li> <a href=\"https:\/\/moverdb.com\/es\/eura\/\">Asociaci\u00f3n Europea de Reubicaci\u00f3n<\/a> (<a href=\"https:\/\/moverdb.com\/es\/eura\/\" data-internallinksmanager029f6b8e52c=\"13\" title=\"La Asociaci\u00f3n Europea de Reubicaci\u00f3n (EuRA) explicada\">EuRA<\/a>)<\/li>\n<li> <a href=\"https:\/\/moverdb.com\/es\/mtc\/\">El Club de Comercio de Movers<\/a> (<a href=\"https:\/\/moverdb.com\/es\/mtc\/\" data-internallinksmanager029f6b8e52c=\"30\" title=\"Explicaci\u00f3n del Movers Trading Club (MTC)\">MTC<\/a>)<\/li>\n<\/ul>\n<h2>Rese\u00f1as de Bournes Moves<\/h2>\n<p><strong>Positivo<\/strong><\/p>\n<ul>\n<li> <em>\"Los Bournes fueron incre\u00edbles desde la evaluaci\u00f3n original de lo que deb\u00eda y no deb\u00eda enviar hasta <a href=\"https:\/\/moverdb.com\/es\/moving-to-australia\/living-in-australia\/\" data-internallinksmanager029f6b8e52c=\"240\" title=\"21 secretos sobre la vida en Australia que debes conocer antes de mudarte\">Australia<\/a>El servicio hizo que la mudanza fuera lo menos estresante posible. El servicio hizo que la mudanza fuera tan libre de estr\u00e9s como puede serlo y no puedo recomendarlos lo suficiente\".<\/em> - a trav\u00e9s de <a href=\"http:\/\/bournesmoves.com\/international-removals\/international-customer-reviews.htm\" target=\"_blank\" rel=\"noopener\">P\u00e1gina de revisi\u00f3n de Bournes<\/a><\/li>\n<li> <em>\"Servicio r\u00e1pido con tarifas competitivas. El equipo fue muy educado y servicial y gestion\u00f3 bien los cambios en nuestras fechas de finalizaci\u00f3n. Nos proporcionaron f\u00e1cilmente almacenamiento adicional durante la noche para que pudi\u00e9ramos limpiar la nueva propiedad antes de mudarnos. Un buen servicio en general\".<\/em> - a trav\u00e9s de <a href=\"https:\/\/www.trustedmover.org\/questionnaire\/4587\" target=\"_blank\" rel=\"noopener\">P\u00e1gina de revisi\u00f3n del BAR<\/a><\/li>\n<li> <em>\"Excelente servicio, desde un presupuesto informado y tranquilizador hasta un equipo servicial y amable que ayud\u00f3 <a href=\"https:\/\/moverdb.com\/es\/moving-to-the-united-states\/\" data-internallinksmanager029f6b8e52c=\"94\" title=\"\u00bfSe muda a Estados Unidos? 2026 Costes de vida y consejos de reubicaci\u00f3n\">us<\/a> con la mudanza\"<\/em> - Susanna v\u00eda <a href=\"http:\/\/trustedtraders.which.co.uk\/businesses\/bournes-moves\/#reviews\" target=\"_blank\" rel=\"noopener\">\u00bfCu\u00e1l?<\/a><\/li>\n<li> <em>\"Qued\u00e9 muy satisfecho. Especialmente cuando mi env\u00edo lleg\u00f3 sano y salvo a mi casa en el <a href=\"https:\/\/moverdb.com\/es\/moving-to-the-uk\/\" data-internallinksmanager029f6b8e52c=\"93\" title=\"\u00bfSe muda al Reino Unido? 2026 Costes de vida y consejos de reubicaci\u00f3n\">REINO UNIDO<\/a> ya que la tripulaci\u00f3n fue extremadamente educada y muy servicial\".<\/em> - Susan v\u00eda <a href=\"https:\/\/www.facebook.com\/BournesRemovals\/reviews\/\" target=\"_blank\" rel=\"noopener\">Facebook<\/a><\/li>\n<\/ul>\n<p><strong>Negativo<\/strong><\/p>\n<ul>\n<li> \"Tuvimos la mala suerte de elegir Bournes, que era nuestra primera mudanza en 19 a\u00f1os, por lo que fue algo grande para toda la familia. Por favor, sean muy conscientes al elegir esta empresa\". - Ali v\u00eda <a href=\"http:\/\/www.removalreviews.co.uk\/movingreviews\/miserable-move-12090\" target=\"_blank\" rel=\"noopener\">Rese\u00f1as de mudanzas<\/a><\/li>\n<\/ul>\n<div itemprop=\"review\" itemscope itemtype=\"http:\/\/schema.org\/Review\">\n<span itemprop=\"author\" itemscope=\"\" itemtype=\"http:\/\/schema.org\/Organization\"><span itemprop=\"name\">MoverDB.com<\/span><\/span> Revisi\u00f3n del sitio web en l\u00ednea para <span itemprop=\"itemreviewed\" itemscope=\"\" itemtype=\"http:\/\/schema.org\/Brand\"><span itemprop=\"name\">Mudanzas de Bournes<\/span><\/span>:<\/p>\n<ol>\n<li> Datos de contacto claros en el sitio web (incluido el n\u00famero de tel\u00e9fono): <strong>S\u00ed<\/strong><\/li>\n<li> F\u00e1cil de conseguir <a href=\"https:\/\/moverdb.com\/es\/citas\/\">presupuestos de mudanzas internacionales<\/a>? (Formulario de solicitud de presupuesto en l\u00ednea): <strong>S\u00ed<\/strong><\/li>\n<li> Informaci\u00f3n clara en el sitio web: <strong>S\u00ed,<\/strong> El sitio web contiene bastante informaci\u00f3n \u00fatil.<\/li>\n<li> Pertenencia a organizaciones de mudanzas reconocidas internacionalmente: <strong>S\u00ed<\/strong>, v\u00e9ase m\u00e1s arriba.<\/li>\n<li> Lista de clientes y\/o testimonios de clientes anteriores: <strong>Algunos,<\/strong> hay opiniones de clientes en el sitio web, pero no son las m\u00e1s f\u00e1ciles de encontrar, lo cual es extra\u00f1o, porque son muy positivas.<\/li>\n<\/ol>\n<div itemprop=\"reviewRating\" itemscope itemtype=\"http:\/\/schema.org\/Rating\"><meta itemprop=\"worstRating\" content = \"0\" \/><meta itemprop=\"bestRating\" content=\"5\" \/><meta itemprop=\"ratingValue\" content=\"4.5\"><\/div>\n<p><strong>Puntuaci\u00f3n global: 4,5\/5<\/strong><br \/>\n<strong>Fecha de revisi\u00f3n:<\/strong> <span itemprop=\"datePublished\" content=\"2016-09-03\">03\/09\/2016<\/span>\n<\/div>\n<p>Lea sobre otros <a href=\"https:\/\/moverdb.com\/es\/mudanzas-internacionales\/\">empresas de mudanzas<\/a> y m\u00e1s en nuestro <a href=\"https:\/\/moverdb.com\/es\/resenas\/\">proceso de revisi\u00f3n<\/a>.<\/p>\n<p><strong>P\u00e1gina web:<\/strong> <a href=\"http:\/\/bournesmoves.com\" target=\"_blank\" rel=\"noopener\">http:\/\/bournesmoves.com<\/a><\/p>","protected":false},"excerpt":{"rendered":"<p>Bournes offers its clients a selection of international removals services for moving overseas which are listed below. There also follows a company profile and reviews. International Moving Full packing service Part packing service Self-packing Special care furniture export wrapping Assistance with documentation Collection Transport by ship &#8211; full container shipping, part load, wooden container Airfreight [&hellip;]<\/p>\n","protected":false},"author":1,"featured_media":0,"parent":0,"menu_order":0,"comment_status":"closed","ping_status":"closed","template":"","meta":{"_genesis_hide_title":false,"_genesis_hide_breadcrumbs":false,"_genesis_hide_singular_image":false,"_genesis_hide_footer_widgets":false,"_genesis_custom_body_class":"","_genesis_custom_post_class":"","_genesis_layout":"","footnotes":""},"class_list":{"0":"post-891","1":"page","2":"type-page","3":"status-publish","5":"entry"},"_links":{"self":[{"href":"https:\/\/moverdb.com\/es\/wp-json\/wp\/v2\/pages\/891","targetHints":{"allow":["GET"]}}],"collection":[{"href":"https:\/\/moverdb.com\/es\/wp-json\/wp\/v2\/pages"}],"about":[{"href":"https:\/\/moverdb.com\/es\/wp-json\/wp\/v2\/types\/page"}],"author":[{"embeddable":true,"href":"https:\/\/moverdb.com\/es\/wp-json\/wp\/v2\/users\/1"}],"replies":[{"embeddable":true,"href":"https:\/\/moverdb.com\/es\/wp-json\/wp\/v2\/comments?post=891"}],"version-history":[{"count":6,"href":"https:\/\/moverdb.com\/es\/wp-json\/wp\/v2\/pages\/891\/revisions"}],"predecessor-version":[{"id":6185,"href":"https:\/\/moverdb.com\/es\/wp-json\/wp\/v2\/pages\/891\/revisions\/6185"}],"wp:attachment":[{"href":"https:\/\/moverdb.com\/es\/wp-json\/wp\/v2\/media?parent=891"}],"curies":[{"name":"wp","href":"https:\/\/api.w.org\/{rel}","templated":true}]}}