{"id":8906,"date":"2023-04-27T14:30:32","date_gmt":"2023-04-27T14:30:32","guid":{"rendered":"https:\/\/moverdb.com\/?page_id=8906"},"modified":"2026-01-08T15:24:24","modified_gmt":"2026-01-08T15:24:24","slug":"moving-companies-paraguay","status":"publish","type":"page","link":"https:\/\/moverdb.com\/es\/moving-companies\/moving-companies-paraguay\/","title":{"rendered":"3 Mejores Empresas de Mudanzas Internacionales en Paraguay"},"content":{"rendered":"<p>\u00bfEst\u00e1 planeando una mudanza desde, hacia o dentro de Paraguay? Si necesita ayuda con el embalaje y la organizaci\u00f3n de su mudanza, especialmente si se est\u00e1 mudando de pa\u00eds y necesita completar el papeleo de importaci\u00f3n\/exportaci\u00f3n. A continuaci\u00f3n hemos recopilado una lista de empresas con sede en Paraguay <a href=\"https:\/\/moverdb.com\/es\/international-removals\/\" data-internallinksmanager029f6b8e52c=\"27\" title=\"36 mejores empresas de mudanzas internacionales del Reino Unido\">empresas de mudanzas<\/a> que son miembros de la <a href=\"https:\/\/moverdb.com\/es\/iam\/\" data-internallinksmanager029f6b8e52c=\"23\" title=\"Explicaci\u00f3n de la Asociaci\u00f3n Internacional de Empresas de Mudanzas (IAM)\">Asociaci\u00f3n Internacional de Empresas de Mudanzas<\/a> (IAM) y\/o <a href=\"https:\/\/moverdb.com\/es\/fidi-faim\/\" data-internallinksmanager029f6b8e52c=\"16\" title=\"Explicaci\u00f3n del FIDI y del FAIM (FIDI Accredited International Mover)\">FIDI<\/a> Empresa de mudanzas internacionales acreditada (FAIM) que podr\u00eda ayudarle con su mudanza.<\/p>\n<h2><strong>1. Servimex<\/strong><\/h2>\n<p><img loading=\"lazy\" decoding=\"async\" class=\"alignnone size-full wp-image-8856\" src=\"https:\/\/moverdb.com\/wp-content\/uploads\/Servimex-international-moving-company.png\" alt=\"Servimex empresa de mudanzas internacionales\" width=\"1440\" height=\"674\" data-wp-pid=\"8856\" srcset=\"https:\/\/moverdb.com\/wp-content\/uploads\/Servimex-international-moving-company.png 1440w, https:\/\/moverdb.com\/wp-content\/uploads\/Servimex-international-moving-company-300x140.png 300w, https:\/\/moverdb.com\/wp-content\/uploads\/Servimex-international-moving-company-1024x479.png 1024w, https:\/\/moverdb.com\/wp-content\/uploads\/Servimex-international-moving-company-18x8.png 18w, https:\/\/moverdb.com\/wp-content\/uploads\/Servimex-international-moving-company-600x281.png 600w\" sizes=\"auto, (max-width: 1440px) 100vw, 1440px\" \/><\/p>\n<ul>\n<li>Mudanzas nacionales locales<\/li>\n<li>Mudanzas internacionales<\/li>\n<li>Mudanzas residenciales<\/li>\n<li>Mudanzas de oficinas<\/li>\n<li>Servicios puerta a puerta<\/li>\n<li>Servicio de embalaje<\/li>\n<li>Transporte por carretera, mar\u00edtimo y a\u00e9reo<\/li>\n<li>Despacho de aduanas<\/li>\n<li>Seguros<\/li>\n<li>Instalaciones de almacenamiento<\/li>\n<\/ul>\n<p>Servimex es una <a href=\"https:\/\/moverdb.com\/es\/moving-companies\/\" data-internallinksmanager029f6b8e52c=\"79\" title=\"Las 25 mejores empresas de mudanzas internacionales en l\u00ednea\">empresa de mudanzas<\/a> que fue fundada en 1979 y tiene su sede en Asunci\u00f3n. Son miembros de IAM con 44 a\u00f1os de servicio y est\u00e1n acreditados por FIDI que les da acceso a una red internacional de agentes de mudanzas.<\/p>\n<p>Servimex ofrece un servicio de embalaje para enseres dom\u00e9sticos y obras de arte, que se embalar\u00e1n en embalajes industriales para protegerlos durante el transporte. Ofrecen soluciones de transporte multimodal por carretera, mar y aire utilizando contenedores y le ayudar\u00e1n con los tr\u00e1mites aduaneros de exportaci\u00f3n e importaci\u00f3n. Ofrecen servicios de reubicaci\u00f3n que incluyen inmigraci\u00f3n, orientaci\u00f3n, asistencia para el asentamiento, b\u00fasqueda de casa y escuela y asistencia para la partida.<\/p>\n<p>P\u00e1gina web: <a href=\"http:\/\/www.servimex.com.py\" target=\"_blank\" rel=\"noopener\">http:\/\/www.servimex.com.py<\/a><\/p>\n<h2><strong>2. Benkovics<\/strong><\/h2>\n<p><img loading=\"lazy\" decoding=\"async\" class=\"alignnone size-full wp-image-8766\" src=\"https:\/\/moverdb.com\/wp-content\/uploads\/Benkovics-international-moving-company.png\" alt=\"Empresa de mudanzas internacionales Benkovics\" width=\"1440\" height=\"679\" data-wp-pid=\"8766\" srcset=\"https:\/\/moverdb.com\/wp-content\/uploads\/Benkovics-international-moving-company.png 1440w, https:\/\/moverdb.com\/wp-content\/uploads\/Benkovics-international-moving-company-300x141.png 300w, https:\/\/moverdb.com\/wp-content\/uploads\/Benkovics-international-moving-company-1024x483.png 1024w, https:\/\/moverdb.com\/wp-content\/uploads\/Benkovics-international-moving-company-18x8.png 18w, https:\/\/moverdb.com\/wp-content\/uploads\/Benkovics-international-moving-company-600x283.png 600w\" sizes=\"auto, (max-width: 1440px) 100vw, 1440px\" \/><\/p>\n<ul>\n<li>Mudanzas nacionales<\/li>\n<li>Mudanzas internacionales<\/li>\n<li>Mudanzas dom\u00e9sticas<\/li>\n<li>Encuesta previa a la mudanza<\/li>\n<li>Orientaci\u00f3n para la mudanza<\/li>\n<li>Servicio de embalaje<\/li>\n<li>Transporte terrestre, a\u00e9reo y mar\u00edtimo<\/li>\n<li>Despacho de exportaci\u00f3n<\/li>\n<li>Seguros<\/li>\n<li>Almacenamiento a corto y largo plazo<\/li>\n<\/ul>\n<p>Benkovics es una empresa de mudanzas con sede en Asunci\u00f3n. Trabajan con agentes de mudanzas acreditados internacionalmente en todo el mundo para prestar sus servicios a nivel internacional. Son miembros de IAM con 64 a\u00f1os de servicio.<\/p>\n<p>Benkovics ofrece un estudio previo a la mudanza para evaluar el volumen de sus necesidades y facilitarle un presupuesto. Proporcionan un servicio de embalaje que utiliza materiales de la mejor calidad, como esqueletos de madera y cajas resistentes para proteger sus pertenencias. Sus expertos en log\u00edstica organizar\u00e1n el transporte por carretera, aire o mar y le ayudar\u00e1n con los tr\u00e1mites de exportaci\u00f3n. A su llegada, desembalar\u00e1n y retirar\u00e1n todos los materiales de desecho.<\/p>\n<p>P\u00e1gina web: <a href=\"http:\/\/www.benkovics.com.py\" target=\"_blank\" rel=\"noopener\">http:\/\/www.benkovics.com.py<\/a><\/p>\n<h2><strong>3. Asunci\u00f3n Vanpack<\/strong><\/h2>\n<p><img loading=\"lazy\" decoding=\"async\" class=\"alignnone size-full wp-image-8761\" src=\"https:\/\/moverdb.com\/wp-content\/uploads\/Asuncion-Vanpack-international-moving-company.png\" alt=\"Asuncion Vanpack empresa de mudanzas internacionales\" width=\"1440\" height=\"677\" data-wp-pid=\"8761\" srcset=\"https:\/\/moverdb.com\/wp-content\/uploads\/Asuncion-Vanpack-international-moving-company.png 1440w, https:\/\/moverdb.com\/wp-content\/uploads\/Asuncion-Vanpack-international-moving-company-300x141.png 300w, https:\/\/moverdb.com\/wp-content\/uploads\/Asuncion-Vanpack-international-moving-company-1024x481.png 1024w, https:\/\/moverdb.com\/wp-content\/uploads\/Asuncion-Vanpack-international-moving-company-18x8.png 18w, https:\/\/moverdb.com\/wp-content\/uploads\/Asuncion-Vanpack-international-moving-company-600x282.png 600w\" sizes=\"auto, (max-width: 1440px) 100vw, 1440px\" \/><\/p>\n<ul>\n<li>Movimientos nacionales<\/li>\n<li>Traslados internacionales<\/li>\n<li>Mudanzas dom\u00e9sticas<\/li>\n<li>Encuesta a domicilio<\/li>\n<li>Servicio de embalaje<\/li>\n<li>Embalaje especializado<\/li>\n<li>Organizaci\u00f3n del transporte<\/li>\n<li>Seguros<\/li>\n<li>Gesti\u00f3n de archivos<\/li>\n<li>Instalaciones de almacenamiento<\/li>\n<\/ul>\n<p>Asuncion Vanpack es una empresa de transporte y log\u00edstica con m\u00e1s de 30 a\u00f1os de experiencia y con sede en Asunci\u00f3n. Son miembros de IAM con 35 a\u00f1os de servicio, lo que les da acceso a una red internacional de agentes de mudanzas para apoyarles fuera de Paraguay.<\/p>\n<p>Asuncion Vanpack realiza una encuesta para establecer el volumen de su mudanza para recomendar las mejores opciones para su mudanza y elaborar un presupuesto. Ofrecen un servicio de embalaje que proporciona los mejores materiales de embalaje para proteger sus art\u00edculos durante el tr\u00e1nsito y utilizan un dise\u00f1o de embalaje espec\u00edfico para cada art\u00edculo y disponen de carpinter\u00eda para necesidades especiales.<\/p>\n<p>P\u00e1gina web: <a href=\"http:\/\/www.asuncionvanpack.com\" target=\"_blank\" rel=\"noopener\">http:\/\/www.asuncionvanpack.com<\/a><\/p>","protected":false},"excerpt":{"rendered":"<p>Are you planning a move within, to or from Paraguay? If you need help with packing and organising your move especially if you are moving countries and need to complete import\/export paperwork. Below we have compiled a list of Paraguay based removal companies that are members of the International Association of Movers (IAM) and\/or FIDI [&hellip;]<\/p>\n","protected":false},"author":4,"featured_media":0,"parent":190,"menu_order":0,"comment_status":"closed","ping_status":"closed","template":"","meta":{"_genesis_hide_title":false,"_genesis_hide_breadcrumbs":false,"_genesis_hide_singular_image":false,"_genesis_hide_footer_widgets":false,"_genesis_custom_body_class":"","_genesis_custom_post_class":"","_genesis_layout":"","footnotes":""},"class_list":{"0":"post-8906","1":"page","2":"type-page","3":"status-publish","5":"entry","6":"has-post-thumbnail"},"_links":{"self":[{"href":"https:\/\/moverdb.com\/es\/wp-json\/wp\/v2\/pages\/8906","targetHints":{"allow":["GET"]}}],"collection":[{"href":"https:\/\/moverdb.com\/es\/wp-json\/wp\/v2\/pages"}],"about":[{"href":"https:\/\/moverdb.com\/es\/wp-json\/wp\/v2\/types\/page"}],"author":[{"embeddable":true,"href":"https:\/\/moverdb.com\/es\/wp-json\/wp\/v2\/users\/4"}],"replies":[{"embeddable":true,"href":"https:\/\/moverdb.com\/es\/wp-json\/wp\/v2\/comments?post=8906"}],"version-history":[{"count":1,"href":"https:\/\/moverdb.com\/es\/wp-json\/wp\/v2\/pages\/8906\/revisions"}],"predecessor-version":[{"id":8907,"href":"https:\/\/moverdb.com\/es\/wp-json\/wp\/v2\/pages\/8906\/revisions\/8907"}],"up":[{"embeddable":true,"href":"https:\/\/moverdb.com\/es\/wp-json\/wp\/v2\/pages\/190"}],"wp:attachment":[{"href":"https:\/\/moverdb.com\/es\/wp-json\/wp\/v2\/media?parent=8906"}],"curies":[{"name":"wp","href":"https:\/\/api.w.org\/{rel}","templated":true}]}}