{"id":889,"date":"2016-09-03T15:17:39","date_gmt":"2016-09-03T15:17:39","guid":{"rendered":"http:\/\/moverdb.com\/?page_id=889"},"modified":"2026-01-08T15:20:33","modified_gmt":"2026-01-08T15:20:33","slug":"pss-removals","status":"publish","type":"page","link":"https:\/\/moverdb.com\/es\/pss-removals\/","title":{"rendered":"PSS Mudanzas Internacionales: Servicios de Mudanzas y Rese\u00f1as"},"content":{"rendered":"<p>PSS <a href=\"https:\/\/moverdb.com\/es\/international-removals\/\" data-internallinksmanager029f6b8e52c=\"27\" title=\"36 mejores empresas de mudanzas internacionales del Reino Unido\">Mudanzas internacionales<\/a> lleva m\u00e1s de 34 a\u00f1os trasladando personas al extranjero. A continuaci\u00f3n se enumeran los distintos servicios que ofrecen.<\/p>\n<p><strong>Mudanzas internacionales<\/strong><\/p>\n<ul>\n<li> Servicio a medida para la mayor\u00eda de los pa\u00edses<\/li>\n<li> Coordinador de traslados internacionales designado<\/li>\n<li> Empaquetadores profesionales o opci\u00f3n de autoempaquetado<\/li>\n<li> Servicio puerta a puerta<\/li>\n<li> Seguro contratado<\/li>\n<li> Asesoramiento sobre todos los aspectos del pa\u00eds de destino<\/li>\n<\/ul>\n<p><strong>Servicios de migraci\u00f3n<\/strong><br \/>\n<strong>Informaci\u00f3n\/documentaci\u00f3n aduanera<\/strong><\/p>\n<p><strong><a href=\"https:\/\/moverdb.com\/es\/transporte-de-contenedores\/\">Env\u00edos internacionales<\/a><\/strong><\/p>\n<ul>\n<li> Transporte mar\u00edtimo o a\u00e9reo urgente<\/li>\n<li> Seguro contratado<\/li>\n<\/ul>\n<p><strong>Servicio de paqueter\u00eda urgente en el extranjero<\/strong><\/p>\n<ul>\n<li> Entrega urgente de paquetes puerta a puerta para art\u00edculos urgentes<\/li>\n<\/ul>\n<p><strong>Exceso de equipaje<\/strong><\/p>\n<ul>\n<li> Transporte por carretera (dentro de Europa) Transporte mar\u00edtimo o a\u00e9reo urgente<\/li>\n<li> Autoenvasado<\/li>\n<li> Empaquetado para usted<\/li>\n<li> Seguro contratado<\/li>\n<\/ul>\n<p><strong><a href=\"https:\/\/moverdb.com\/es\/car-transport-shipping\/\" data-internallinksmanager029f6b8e52c=\"2\" title=\"2026 Cotizaciones de transporte internacional de coches y env\u00edo de veh\u00edculos\">Env\u00edo de coches<\/a><\/strong><\/p>\n<ul>\n<li> Enviar el coche por separado<\/li>\n<li> Enviar el coche en el mismo contenedor que las pertenencias<\/li>\n<li> Seguro contratado<\/li>\n<\/ul>\n<h2>Perfil de la empresa PSS International Removals<\/h2>\n<p>PSS International Removals lleva m\u00e1s de 34 a\u00f1os dedic\u00e1ndose a las mudanzas al extranjero. La empresa se concentra en las mudanzas al extranjero y no realiza mudanzas dentro del <a href=\"https:\/\/moverdb.com\/es\/moving-to-the-uk\/\" data-internallinksmanager029f6b8e52c=\"93\" title=\"\u00bfSe muda al Reino Unido? 2026 Costes de vida y consejos de reubicaci\u00f3n\">REINO UNIDO<\/a>. <\/p>\n<p>PSS Mudanzas Internacionales env\u00eda art\u00edculos desde una sola caja hasta un gran hogar o incluso grandes mudanzas corporativas. Ninguna mudanza es demasiado complicada o demasiado grande o peque\u00f1a.<\/p>\n<p>Todos los miembros del personal est\u00e1n formados en los procedimientos de exportaci\u00f3n y est\u00e1n en contacto con las mejores empresas profesionales de mudanzas en el extranjero para ofrecer los servicios a medida que prometen. Son una de las mayores empresas del Reino Unido <a href=\"https:\/\/moverdb.com\/es\/mudanzas-internacionales\/\">empresas de mudanzas internacionales<\/a> y traslad\u00f3 a 4.536 clientes al extranjero durante 2015.<\/p>\n<p>PSS International cuenta con las siguientes acreditaciones y afiliaciones:<\/p>\n<ul>\n<li> <a href=\"https:\/\/moverdb.com\/es\/british-association-of-removers\/\">La Asociaci\u00f3n Brit\u00e1nica de Empresas de Mudanzas<\/a> (<a href=\"https:\/\/moverdb.com\/es\/british-association-of-removers\/\" data-internallinksmanager029f6b8e52c=\"9\" title=\"Explicaci\u00f3n de la Asociaci\u00f3n Brit\u00e1nica de Empresas de Mudanzas (BAR)\">BAR<\/a>)<\/li>\n<li> <a href=\"https:\/\/moverdb.com\/es\/bar-overseas\/\">La Asociaci\u00f3n Brit\u00e1nica de Mudanzas en el Extranjero<\/a><\/li>\n<li> <a href=\"https:\/\/moverdb.com\/es\/fidi-faim\/\">FIDI<\/a><\/li>\n<li> <a href=\"https:\/\/moverdb.com\/es\/fidi-faim\/\" data-internallinksmanager029f6b8e52c=\"16\" title=\"Explicaci\u00f3n del FIDI y del FAIM (FIDI Accredited International Mover)\">FAIM<\/a><\/li>\n<\/ul>\n<p><strong>Opiniones de PSS International Removals<\/strong><\/p>\n<p><strong>Positivo<\/strong><\/p>\n<ul>\n<li> <em>\"Todos fueron muy serviciales y realmente profesionales. No pod\u00eda imaginar que este d\u00eda pudiera ir mejor y m\u00e1s tranquilo. Yo estaba muy estresada y ellos se las arreglaron para animar <a href=\"https:\/\/moverdb.com\/es\/moving-to-the-united-states\/\" data-internallinksmanager029f6b8e52c=\"94\" title=\"\u00bfSe muda a Estados Unidos? 2026 Costes de vida y consejos de reubicaci\u00f3n\">us<\/a> arriba. Muy profesionales y agradables, gente amable. Estoy realmente impresionado\".<\/em> - Ania v\u00eda <a href=\"https:\/\/www.pssremovals.com\/reviews\" target=\"_blank\" rel=\"noopener\">Comentarios de los clientes de PSS Mudanzas<\/a><\/li>\n<li> <em>\"Recurrimos a PSS por recomendaci\u00f3n de unos amigos. Ten\u00edamos un contenedor de 20 pies de uso exclusivo para <a href=\"https:\/\/moverdb.com\/es\/moving-to-australia\/living-in-australia\/\" data-internallinksmanager029f6b8e52c=\"240\" title=\"21 secretos sobre la vida en Australia que debes conocer antes de mudarte\">Australia<\/a>. El equipo que vino a empaquetar nuestra casa fue incre\u00edble, trabajaron muy r\u00e1pido. Hubo momentos, una vez que nuestras pertenencias estaban en camino, en los que entr\u00e9 en p\u00e1nico por lo que se romper\u00eda o da\u00f1ar\u00eda, pero nuestras cosas llegaron la semana pasada y todo est\u00e1 igual que cuando se empaquet\u00f3.\"<\/em> - Zoe v\u00eda <a href=\"http:\/\/www.mymovingreviews.com\/movers\/pss-international-removals-1788#57593\" target=\"_blank\" rel=\"noopener\">MyMovingReviews.com<\/a> <\/li>\n<li> <em>\"Desde el principio hasta el final no podr\u00eda estar m\u00e1s satisfecho con el servicio, ya que llevan a cabo un excelente montaje y fueron serviciales y amables en todo momento, esto es decir algo teniendo en cuenta que \u00e9ramos probablemente las personas m\u00e1s desorganizadas y estresadas que se han mudado.\"<\/em> - Michelle v\u00eda <a href=\"http:\/\/www.removalreviews.co.uk\/movingreviews\/good-company-8764\" target=\"_blank\" rel=\"noopener\">Rese\u00f1as de mudanzas<\/a> <\/li>\n<\/ul>\n<p><strong>Negativo<\/strong><\/p>\n<ul>\n<li> <em>\"Hab\u00eda solicitado una mudanza de art\u00edculos dom\u00e9sticos desde el Reino Unido a los Estados Unidos. Aunque avis\u00e9 con muy poca antelaci\u00f3n y no rellen\u00e9 los formularios a tiempo, no estoy contento con que me cobren 400 d\u00f3lares extra en el destino por el escaneo aleatorio de rayos X en la aduana y el retraso en la llegada despu\u00e9s de 4 meses, que incluye el periodo de almacenamiento\".<\/em> - Sanjay v\u00eda <a href=\"http:\/\/www.mymovingreviews.com\/movers\/pss-international-removals-1788#57002\" target=\"_blank\" rel=\"noopener\">MyMovingReviews.com<\/a><\/li>\n<li> \"<em>La empresa s\u00f3lo est\u00e1 ah\u00ed para robarle a la gente su dinero!!!!!!\"<\/em> - Amir v\u00eda <a href=\"http:\/\/www.removalreviews.co.uk\/movingreviews\/straight-up-con-6619\" target=\"_blank\" rel=\"noopener\">Rese\u00f1as de mudanzas<\/a> <\/li>\n<\/ul>\n<div itemprop=\"review\" itemscope itemtype=\"http:\/\/schema.org\/Review\">\n<span itemprop=\"author\" itemscope=\"\" itemtype=\"http:\/\/schema.org\/Organization\"><span itemprop=\"name\">MoverDB.com<\/span><\/span> Revisi\u00f3n del sitio web en l\u00ednea para <span itemprop=\"itemreviewed\" itemscope=\"\" itemtype=\"http:\/\/schema.org\/Brand\"><span itemprop=\"name\">PSS Mudanzas Internacionales<\/span><\/span>:<\/p>\n<ol>\n<li> Datos de contacto claros en el sitio web (incluido el n\u00famero de tel\u00e9fono): <strong>S\u00ed<\/strong><\/li>\n<li> F\u00e1cil de conseguir <a href=\"https:\/\/moverdb.com\/es\/citas\/\">presupuestos de mudanzas internacionales<\/a>? (Formulario de solicitud de presupuesto en l\u00ednea): <strong>S\u00ed<\/strong><\/li>\n<li> Informaci\u00f3n clara en el sitio web: <strong>S\u00ed,<\/strong> mucha informaci\u00f3n detallada sobre cada destino.<\/li>\n<li> Pertenencia a organizaciones de mudanzas reconocidas internacionalmente: <strong>S\u00ed<\/strong>, v\u00e9ase m\u00e1s arriba.<\/li>\n<li> Lista de clientes y\/o testimonios de clientes anteriores: <strong>S\u00ed,<\/strong> tienen una p\u00e1gina de opiniones de clientes y obtienen, por lo general, cr\u00edticas positivas en otros sitios web.<\/li>\n<\/ol>\n<div itemprop=\"reviewRating\" itemscope itemtype=\"http:\/\/schema.org\/Rating\"><meta itemprop=\"worstRating\" content = \"0\" \/><meta itemprop=\"bestRating\" content=\"5\" \/><meta itemprop=\"ratingValue\" content=\"5\"><\/div>\n<p><strong>Puntuaci\u00f3n global: 5\/5<\/strong><br \/>\n<strong>Fecha de revisi\u00f3n:<\/strong> <span itemprop=\"datePublished\" content=\"2016-09-03\">03\/09\/2016<\/span>\n<\/div>\n<p>M\u00e1s sobre <a href=\"https:\/\/moverdb.com\/es\/empresas-de-mudanzas\/\">empresas de mudanzas internacionales<\/a> y nuestro <a href=\"https:\/\/moverdb.com\/es\/resenas\/\">proceso de revisi\u00f3n<\/a>.<\/p>\n<p><strong>P\u00e1gina web:<\/strong> <a href=\"https:\/\/www.pssremovals.com\" target=\"_blank\" rel=\"noopener\">https:\/\/www.pssremovals.com<\/a>.<\/p>","protected":false},"excerpt":{"rendered":"<p>PSS International Removals has been moving people abroad for over 34 years. Listed below are the various services they offer. International Removals Bespoke service to most countries Designated international move co-ordinator Professional packers or self-pack option Door to door service Insurance arranged Advice on every aspect of destination country Migration Services Customs Information\/Documentation International Shipping [&hellip;]<\/p>\n","protected":false},"author":1,"featured_media":0,"parent":0,"menu_order":0,"comment_status":"closed","ping_status":"closed","template":"","meta":{"_genesis_hide_title":false,"_genesis_hide_breadcrumbs":false,"_genesis_hide_singular_image":false,"_genesis_hide_footer_widgets":false,"_genesis_custom_body_class":"","_genesis_custom_post_class":"","_genesis_layout":"","footnotes":""},"class_list":{"0":"post-889","1":"page","2":"type-page","3":"status-publish","5":"entry"},"_links":{"self":[{"href":"https:\/\/moverdb.com\/es\/wp-json\/wp\/v2\/pages\/889","targetHints":{"allow":["GET"]}}],"collection":[{"href":"https:\/\/moverdb.com\/es\/wp-json\/wp\/v2\/pages"}],"about":[{"href":"https:\/\/moverdb.com\/es\/wp-json\/wp\/v2\/types\/page"}],"author":[{"embeddable":true,"href":"https:\/\/moverdb.com\/es\/wp-json\/wp\/v2\/users\/1"}],"replies":[{"embeddable":true,"href":"https:\/\/moverdb.com\/es\/wp-json\/wp\/v2\/comments?post=889"}],"version-history":[{"count":4,"href":"https:\/\/moverdb.com\/es\/wp-json\/wp\/v2\/pages\/889\/revisions"}],"predecessor-version":[{"id":6230,"href":"https:\/\/moverdb.com\/es\/wp-json\/wp\/v2\/pages\/889\/revisions\/6230"}],"wp:attachment":[{"href":"https:\/\/moverdb.com\/es\/wp-json\/wp\/v2\/media?parent=889"}],"curies":[{"name":"wp","href":"https:\/\/api.w.org\/{rel}","templated":true}]}}