{"id":888,"date":"2016-08-31T21:15:38","date_gmt":"2016-08-31T21:15:38","guid":{"rendered":"http:\/\/moverdb.com\/?page_id=888"},"modified":"2026-01-08T14:47:24","modified_gmt":"2026-01-08T14:47:24","slug":"abels-removals","status":"publish","type":"page","link":"https:\/\/moverdb.com\/es\/abels-removals\/","title":{"rendered":"Abels Moving Services: Rese\u00f1as de Mudanzas Internacionales"},"content":{"rendered":"<p>Abels Moving Services tiene su sede en Brandon, Suffolk, pero cuenta con instalaciones en <a href=\"https:\/\/moverdb.com\/es\/moving-to-london\/\">Londres<\/a>, <a href=\"\" data-internallinksmanager029f6b8e52c=\"37\" title=\"Cambridge\">Cambridge<\/a> y Lutterworth, pero sirve a toda la <a href=\"https:\/\/moverdb.com\/es\/moving-to-the-uk\/\" data-internallinksmanager029f6b8e52c=\"93\" title=\"\u00bfSe muda al Reino Unido? 2026 Costes de vida y consejos de reubicaci\u00f3n\">REINO UNIDO<\/a>. <\/p>\n<p>Ofrece a sus clientes muchos servicios de mudanza intencional que se enumeran a continuaci\u00f3n. Tambi\u00e9n sigue un perfil de la empresa y comentarios de la empresa.<\/p>\n<p><strong>Mudanzas internacionales<\/strong><\/p>\n<ul>\n<li> Transporte a\u00e9reo para peque\u00f1os vol\u00famenes<\/li>\n<li> Transporte mar\u00edtimo para grandes vol\u00famenes<\/li>\n<li> Gesti\u00f3n completa de la mudanza disponible<\/li>\n<li> Eliminaci\u00f3n de mascotas<\/li>\n<li> Retirada del coche<\/li>\n<li> Servicio puerta a puerta<\/li>\n<li> Empaquetadores altamente capacitados<\/li>\n<li> Materiales de embalaje de alta calidad<\/li>\n<li> Asistencia aduanera<\/li>\n<li> Servicio de entrega y desembalaje<\/li>\n<li> Informaci\u00f3n sobre el traslado<\/li>\n<li> Seguro contratado<\/li>\n<li> Servicio de limpieza<\/li>\n<li> Servicio de jardiner\u00eda<\/li>\n<\/ul>\n<p><strong>Servicios de reubicaci\u00f3n<\/strong><\/p>\n<ul>\n<li> Gu\u00edas de reubicaci\u00f3n disponibles para 60 pa\u00edses<\/li>\n<li> Evaluaci\u00f3n inicial de las necesidades<\/li>\n<li> Orientaci\u00f3n - compras, entretenimiento, bancos, instalaciones de ocio<\/li>\n<li> Panorama de la educaci\u00f3n<\/li>\n<li> Resumen de la propiedad<\/li>\n<li> Alquiler de muebles<\/li>\n<li> Conexi\u00f3n de servicios p\u00fablicos<\/li>\n<li> Servicio de limpieza<\/li>\n<li> Servicio de jardiner\u00eda<\/li>\n<\/ul>\n<p><strong>Movimientos europeos<\/strong><\/p>\n<ul>\n<li> Servicio puerta a puerta<\/li>\n<li> Todo el papeleo completado por Abels<\/li>\n<li> Embalaje y desembalaje<\/li>\n<li> Material de embalaje especializado<\/li>\n<li> Almacenamiento a corto y largo plazo<\/li>\n<li> Servicio de asistente personal: de todo y para todo<\/li>\n<li> Gu\u00edas de reubicaci\u00f3n<\/li>\n<li> Servicio de limpieza<\/li>\n<li> Servicio de jardiner\u00eda<\/li>\n<\/ul>\n<p><strong>Servicios de embalaje<\/strong><\/p>\n<ul>\n<li> Objetos fr\u00e1giles, incluido el cristal, <a href=\"https:\/\/moverdb.com\/es\/moving-to-china\/\" data-internallinksmanager029f6b8e52c=\"357\" title=\"\u00bfSe muda a China? 2026 Coste de la vida y consejos para el traslado\">China<\/a>vidrio, etc.<\/li>\n<li> Pinturas, cuadros<\/li>\n<li> Ropa<\/li>\n<li> Muebles antiguos, objetos de gran valor<\/li>\n<li> Contenido de los armarios en general<\/li>\n<\/ul>\n<p><strong>Almacenamiento<\/strong><\/p>\n<ul>\n<li> A largo y corto plazo<\/li>\n<li> Almacenamiento en el Reino Unido, Europa y el extranjero<\/li>\n<li> Construido a prop\u00f3sito<\/li>\n<li> Entorno \u00f3ptimo<\/li>\n<li> Estrictos controles de incendios<\/li>\n<li> Cobertura de CCTV<\/li>\n<li> Presencia constante de seguridad<\/li>\n<li> Contenedores precintados en el momento de la recogida<\/li>\n<li> Mobiliario blando almacenado en condiciones ideales de temperatura<\/li>\n<li> Almacenamiento de archivos y ficheros<\/li>\n<li> Almacenamiento de estudiantes<\/li>\n<\/ul>\n<p><strong>Servicios especializados<\/strong><\/p>\n<ul>\n<li> Mudanzas empresariales y comerciales<\/li>\n<li> Servicios documentales<\/li>\n<li> Servicios de mobiliario y equipamiento<\/li>\n<li> Servicios de venta al por menor y a domicilio<\/li>\n<li> Servicios de instalaci\u00f3n de muebles<\/li>\n<li> Soluciones de instalaci\u00f3n para interioristas y promotores inmobiliarios<\/li>\n<\/ul>\n<h2>Perfil de la empresa Abels Moving Services<\/h2>\n<p>Abels Moving Services comenz\u00f3 como una empresa familiar en 1958 repartiendo mercanc\u00edas a las tiendas. La empresa ha crecido desde entonces y ahora cuenta con 1.500 centros de servicio en 56 pa\u00edses de todo el mundo. <\/p>\n<p>La empresa recibi\u00f3 una Orden Real de Su Majestad la Reina en 1989 en agradecimiento por sus servicios a la corona, que incluyeron el traslado de todos los regalos de boda del Pr\u00edncipe Carlos y la Princesa Diana en 1981. <\/p>\n<p>Abels Moving Services se enorgullece de sus camiones, construidos espec\u00edficamente y respetuosos con el medio ambiente. Creen en devolver a la comunidad y apoyan a varias organizaciones ben\u00e9ficas en todo el mundo. <\/p>\n<p>Creen firmemente en el enfoque \"sin problemas\" con los clientes y creen que una sonrisa hace mucho.<\/p>\n<p>Abels Moving Services tiene las siguientes afiliaciones y acreditaciones:<\/p>\n<ul>\n<li> Orden Real a Su Majestad la Reina<\/li>\n<li> <a href=\"https:\/\/moverdb.com\/es\/fidi-faim\/\">FIDI<\/a><\/li>\n<li> <a href=\"https:\/\/moverdb.com\/es\/fidi-faim\/\" data-internallinksmanager029f6b8e52c=\"16\" title=\"Explicaci\u00f3n del FIDI y del FAIM (FIDI Accredited International Mover)\">FAIM<\/a><\/li>\n<li> Inversores en Personas<\/li>\n<li> <a href=\"https:\/\/moverdb.com\/es\/british-association-of-removers\/\">La Asociaci\u00f3n Brit\u00e1nica de Empresas de Mudanzas<\/a> (<a href=\"https:\/\/moverdb.com\/es\/british-association-of-removers\/\" data-internallinksmanager029f6b8e52c=\"9\" title=\"Explicaci\u00f3n de la Asociaci\u00f3n Brit\u00e1nica de Empresas de Mudanzas (BAR)\">BAR<\/a>)<\/li>\n<li> <a href=\"https:\/\/moverdb.com\/es\/bar-overseas\/\">Grupo BAR Overseas<\/a><\/li>\n<li> Autoridad de Servicios Financieros<\/li>\n<li> <a href=\"https:\/\/moverdb.com\/es\/fedemac\/\">Federaci\u00f3n de la Asociaci\u00f3n Europea de Empresas de Mudanzas<\/a> (<a href=\"https:\/\/moverdb.com\/es\/fedemac\/\" data-internallinksmanager029f6b8e52c=\"15\" title=\"Explicaci\u00f3n de la Federaci\u00f3n de Asociaciones Europeas de Empresas de Mudanzas (FEDEMAC)\">FEDEMAC<\/a>)<\/li>\n<li> Mutualidad Internacional de Mudanzas (IMMI)<\/li>\n<li> BS EN ISO 9001<\/li>\n<\/ul>\n<h2>Servicios de Mudanzas Abels<\/h2>\n<p><strong>Positivo:<\/strong><\/p>\n<ul>\n<li> <em>\"Los equipos de mudanza de ambos lados fueron estupendos: competentes, trabajaron con constancia y simplemente fueron agradables de tratar, realmente ayudaron m\u00e1s all\u00e1 de lo estrictamente necesario.\"<\/em> - Sra. Jenson v\u00eda <a href=\"http:\/\/www.abels.co.uk\/reviews\/\" target=\"_blank\" rel=\"noopener\">P\u00e1gina de opiniones de clientes de Abels<\/a>.<\/li>\n<li> <em>\"Todo el mundo con el que trat\u00e9 en Abels, ya sea por tel\u00e9fono, correo electr\u00f3nico o en persona, fue muy servicial, amable y eficiente. Definitivamente volver\u00eda a usarlos y no dudar\u00eda en recomendarlos a otros\".<\/em> La Sra. Pledge a trav\u00e9s de <a href=\"http:\/\/moveaide.com\/movers\/abels-moving-cambrige-uk-mover-reviews\" target=\"_blank\" rel=\"noopener\">MoveAide<\/a><\/li>\n<li> <em>\"S\u00f3lo quer\u00edamos hacerles saber que estamos contentos de que nuestra mudanza se haya completado con \u00e9xito\".<\/em> - a trav\u00e9s de <a href=\"http:\/\/removal-company-reviews.com\/view-removal-company-review.php?c=Abels%20Moving%20Services%20Ltd&#038;id=384\" target=\"_blank\" rel=\"noopener\">Rese\u00f1as de empresas de mudanzas<\/a><\/li>\n<\/ul>\n<p><strong>Negativo:<\/strong><\/p>\n<ul>\n<li> <em>\"Una comunicaci\u00f3n horrible sobre los retrasos innecesarios. Temer\u00e1s que todas las pertenencias de tu vida hayan desaparecido\".<\/em> - Jeanie C. v\u00eda <a href=\"https:\/\/www.yelp.co.uk\/biz\/abels-moving-services-ltd-brandon-2?hrid=qZqRG6iZsRo2GEP-XgQefQ&#038;utm_campaign=www_review_share_popup&#038;utm_medium=copy_link&#038;utm_source=(direct)\" target=\"_blank\" rel=\"noopener\">Yelp<\/a><\/li>\n<li> <em>\"Si no eres la Reina, no tendr\u00e1n mucho cuidado\".<\/em> - Simon a trav\u00e9s de <a href=\"http:\/\/www.removalreviews.co.uk\/movingreviews\/far-from-their-advertising-image-7304\" target=\"_blank\" rel=\"noopener\">Rese\u00f1as de mudanzas<\/a><\/li>\n<li> <em>\"Mal servicio en general, con mala comunicaci\u00f3n entre los dos <a href=\"https:\/\/moverdb.com\/es\/mudanza-a-singapur\/\">Singapur<\/a> equipo y el equipo del Reino Unido\".<\/em> - Sr. Crapper v\u00eda <a href=\"http:\/\/moveaide.com\/movers\/abels-moving-cambrige-uk-mover-reviews\" target=\"_blank\" rel=\"noopener\">MoveAide<\/a><\/li>\n<\/li> <li>\n<\/ul>\n<div itemprop=\"review\" itemscope itemtype=\"http:\/\/schema.org\/Review\">\n<span itemprop=\"author\" itemscope=\"\" itemtype=\"http:\/\/schema.org\/Organization\"><span itemprop=\"name\">MoverDB.com<\/span><\/span> Revisi\u00f3n del sitio web en l\u00ednea para <span itemprop=\"itemreviewed\" itemscope=\"\" itemtype=\"http:\/\/schema.org\/Brand\"><span itemprop=\"name\">Servicios de Mudanzas Abels<\/span><\/span>:<\/p>\n<ol>\n<li> Datos de contacto claros en el sitio web (incluido el n\u00famero de tel\u00e9fono): <strong>S\u00ed<\/strong><\/li>\n<li> F\u00e1cil de conseguir <a href=\"https:\/\/moverdb.com\/es\/citas\/\">presupuestos de mudanzas internacionales<\/a>? (Formulario de solicitud de presupuesto en l\u00ednea): <strong>S\u00ed<\/strong><\/li>\n<li> Informaci\u00f3n clara en el sitio web: <strong>S\u00ed,<\/strong> una cantidad decente de informaci\u00f3n en el sitio web sobre sus servicios, aunque algunos <\/li>\n<li> Pertenencia a organizaciones de mudanzas reconocidas internacionalmente: <strong>S\u00ed<\/strong>, v\u00e9ase m\u00e1s arriba.<\/li>\n<li> Lista de clientes y\/o testimonios de clientes anteriores: <strong>S\u00ed<\/strong> En el sitio web hay testimonios positivos de clientes.<\/li>\n<\/ol>\n<div itemprop=\"reviewRating\" itemscope itemtype=\"http:\/\/schema.org\/Rating\"><meta itemprop=\"worstRating\" content = \"0\" \/><meta itemprop=\"bestRating\" content=\"5\" \/><meta itemprop=\"ratingValue\" content=\"4.5\"><\/div>\n<p><strong>Puntuaci\u00f3n global: 4,5\/5<\/strong><br \/>\n<strong>Fecha de revisi\u00f3n:<\/strong> <span itemprop=\"datePublished\" content=\"2016-08-31\">31\/08\/2016<\/span>\n<\/div>\n<p>M\u00e1s sobre <a href=\"https:\/\/moverdb.com\/es\/mudanzas-internacionales\/\">mudanzas internacionales<\/a> y nuestro <a href=\"https:\/\/moverdb.com\/es\/resenas\/\">proceso de revisi\u00f3n<\/a>.<\/p>\n<p><strong>P\u00e1gina web:<\/strong> <a href=\"http:\/\/www.abels.co.uk\" target=\"_blank\" rel=\"noopener\">http:\/\/www.abels.co.uk<\/a><\/p>","protected":false},"excerpt":{"rendered":"<p>Abels Moving Services is based in Brandon, Suffolk but has facilities in London, Cambridge and Lutterworth but serves the whole of the UK. It offers its clients many intentional moving services which are listed below. There also follows a company profile and company reviews. International Moves Airfreight for small volumes Sea freight for large volumes [&hellip;]<\/p>\n","protected":false},"author":1,"featured_media":0,"parent":0,"menu_order":0,"comment_status":"closed","ping_status":"closed","template":"","meta":{"_genesis_hide_title":false,"_genesis_hide_breadcrumbs":false,"_genesis_hide_singular_image":false,"_genesis_hide_footer_widgets":false,"_genesis_custom_body_class":"","_genesis_custom_post_class":"","_genesis_layout":"","footnotes":""},"class_list":{"0":"post-888","1":"page","2":"type-page","3":"status-publish","5":"entry"},"_links":{"self":[{"href":"https:\/\/moverdb.com\/es\/wp-json\/wp\/v2\/pages\/888","targetHints":{"allow":["GET"]}}],"collection":[{"href":"https:\/\/moverdb.com\/es\/wp-json\/wp\/v2\/pages"}],"about":[{"href":"https:\/\/moverdb.com\/es\/wp-json\/wp\/v2\/types\/page"}],"author":[{"embeddable":true,"href":"https:\/\/moverdb.com\/es\/wp-json\/wp\/v2\/users\/1"}],"replies":[{"embeddable":true,"href":"https:\/\/moverdb.com\/es\/wp-json\/wp\/v2\/comments?post=888"}],"version-history":[{"count":8,"href":"https:\/\/moverdb.com\/es\/wp-json\/wp\/v2\/pages\/888\/revisions"}],"predecessor-version":[{"id":6166,"href":"https:\/\/moverdb.com\/es\/wp-json\/wp\/v2\/pages\/888\/revisions\/6166"}],"wp:attachment":[{"href":"https:\/\/moverdb.com\/es\/wp-json\/wp\/v2\/media?parent=888"}],"curies":[{"name":"wp","href":"https:\/\/api.w.org\/{rel}","templated":true}]}}