{"id":8434,"date":"2023-04-27T14:43:29","date_gmt":"2023-04-27T14:43:29","guid":{"rendered":"https:\/\/moverdb.com\/?page_id=8434"},"modified":"2026-01-08T15:23:49","modified_gmt":"2026-01-08T15:23:49","slug":"moving-companies-mongolia","status":"publish","type":"page","link":"https:\/\/moverdb.com\/es\/moving-companies\/moving-companies-mongolia\/","title":{"rendered":"2 Mejores Empresas de Mudanzas Internacionales en Mongolia"},"content":{"rendered":"<p>Una mudanza puede ser un momento estresante, sobre todo si se trata de un traslado de pa\u00eds. Si se traslada dentro de Mongolia, a Mongolia o desde Mongolia, puede que le interese contratar los servicios de una empresa de mudanzas. <a href=\"https:\/\/moverdb.com\/es\/moving-companies\/\" data-internallinksmanager029f6b8e52c=\"79\" title=\"Las 25 mejores empresas de mudanzas internacionales en l\u00ednea\">empresa de mudanzas<\/a> para hacerle la vida m\u00e1s f\u00e1cil. A continuaci\u00f3n hemos recopilado una lista de Mongolia <a href=\"https:\/\/moverdb.com\/es\/international-removals\/\" data-internallinksmanager029f6b8e52c=\"27\" title=\"36 mejores empresas de mudanzas internacionales del Reino Unido\">empresas de mudanzas<\/a> que son miembros de la <a href=\"https:\/\/moverdb.com\/es\/iam\/\" data-internallinksmanager029f6b8e52c=\"23\" title=\"Explicaci\u00f3n de la Asociaci\u00f3n Internacional de Empresas de Mudanzas (IAM)\">Asociaci\u00f3n Internacional de Empresas de Mudanzas<\/a> (IAM) y\/o <a href=\"https:\/\/moverdb.com\/es\/fidi-faim\/\" data-internallinksmanager029f6b8e52c=\"16\" title=\"Explicaci\u00f3n del FIDI y del FAIM (FIDI Accredited International Mover)\">FIDI<\/a> Empresa de mudanzas internacionales acreditada (FAIM) que podr\u00eda ayudarle con su mudanza.<\/p>\n<h2><strong>1. Log\u00edstica de Nice Move<\/strong><\/h2>\n<p><img loading=\"lazy\" decoding=\"async\" class=\"alignnone size-full wp-image-8349\" src=\"https:\/\/moverdb.com\/wp-content\/uploads\/Nice-Move-Logistics-international-moving-company.png\" alt=\"Nice Move Logistics empresa de mudanzas internacionales\" width=\"1440\" height=\"670\" data-wp-pid=\"8349\" srcset=\"https:\/\/moverdb.com\/wp-content\/uploads\/Nice-Move-Logistics-international-moving-company.png 1440w, https:\/\/moverdb.com\/wp-content\/uploads\/Nice-Move-Logistics-international-moving-company-300x140.png 300w, https:\/\/moverdb.com\/wp-content\/uploads\/Nice-Move-Logistics-international-moving-company-1024x476.png 1024w, https:\/\/moverdb.com\/wp-content\/uploads\/Nice-Move-Logistics-international-moving-company-18x8.png 18w, https:\/\/moverdb.com\/wp-content\/uploads\/Nice-Move-Logistics-international-moving-company-600x279.png 600w\" sizes=\"auto, (max-width: 1440px) 100vw, 1440px\" \/><\/p>\n<ul>\n<li>Traslados locales y nacionales<\/li>\n<li>Traslados internacionales<\/li>\n<li>Mudanzas dom\u00e9sticas<\/li>\n<li>Traslado de oficinas<\/li>\n<li>Servicio de embalaje profesional<\/li>\n<li>Env\u00edos mar\u00edtimos y a\u00e9reos<\/li>\n<li>Despacho de aduanas<\/li>\n<li>Traslado de mascotas<\/li>\n<li>Transporte en coche<\/li>\n<li>Instalaciones de almacenamiento<\/li>\n<\/ul>\n<p>Nice Move Logistics es una empresa de mudanzas y traslados fundada en 2021 y con sede en Ul\u00e1n Bator. Son miembros de IAM con 2 a\u00f1os de servicio, lo que les da acceso a una red internacional de agentes de mudanzas que les ayuda a prestar servicios en todo el mundo.<\/p>\n<p>Nice Move Logistics ofrece servicios de mudanza dentro de Mongolia, desde y hacia el pa\u00eds, para hogares y oficinas. Ofrecen un servicio de embalaje profesional para ayudar a proteger sus pertenencias en tr\u00e1nsito y organizan el env\u00edo por mar o aire con despacho de aduanas. Tambi\u00e9n ofrecen servicios adicionales, como traslados de mascotas, manipulaci\u00f3n de veh\u00edculos y almacenamiento.<\/p>\n<p>P\u00e1gina web: <a href=\"http:\/\/www.nicelogistics.mn\" target=\"_blank\" rel=\"noopener\">http:\/\/www.nicelogistics.mn<\/a><\/p>\n<h2><strong>2. Monex Mongolian Express<\/strong><\/h2>\n<p><img loading=\"lazy\" decoding=\"async\" class=\"alignnone size-full wp-image-8342\" src=\"https:\/\/moverdb.com\/wp-content\/uploads\/Monex-Mongolian-Express-international-moving-company.png\" alt=\"Empresa de mudanzas internacionales Monex Mongolian Express\" width=\"1440\" height=\"637\" data-wp-pid=\"8342\" srcset=\"https:\/\/moverdb.com\/wp-content\/uploads\/Monex-Mongolian-Express-international-moving-company.png 1440w, https:\/\/moverdb.com\/wp-content\/uploads\/Monex-Mongolian-Express-international-moving-company-300x133.png 300w, https:\/\/moverdb.com\/wp-content\/uploads\/Monex-Mongolian-Express-international-moving-company-1024x453.png 1024w, https:\/\/moverdb.com\/wp-content\/uploads\/Monex-Mongolian-Express-international-moving-company-18x8.png 18w, https:\/\/moverdb.com\/wp-content\/uploads\/Monex-Mongolian-Express-international-moving-company-600x265.png 600w\" sizes=\"auto, (max-width: 1440px) 100vw, 1440px\" \/><\/p>\n<ul>\n<li>Movimientos nacionales<\/li>\n<li>Traslados internacionales<\/li>\n<li>Mudanzas dom\u00e9sticas<\/li>\n<li>Env\u00edos comerciales<\/li>\n<li>Organizaci\u00f3n de los env\u00edos<\/li>\n<li><a href=\"https:\/\/moverdb.com\/es\/container-shipping\/\" data-internallinksmanager029f6b8e52c=\"3\" title=\"Tabla de tarifas de transporte mar\u00edtimo internacional de contenedores: Abril 2026\">Env\u00edo de contenedores<\/a><\/li>\n<li>Servicios de embalaje<\/li>\n<li>Transporte por carretera, ferrocarril, mar y aire<\/li>\n<li>Despacho de aduanas<\/li>\n<li>Instalaciones de almacenamiento<\/li>\n<\/ul>\n<p>Monex Mongolian Express es una empresa de transporte y log\u00edstica fundada en 1999 y con sede en Ul\u00e1n Bator. Son miembros de IAM con 24 a\u00f1os de servicio, lo que les proporciona una red internacional de agentes de mudanzas que pueden ayudarles a prestar servicios en todo el mundo.<\/p>\n<p>Monex Mongolian Express presta servicios de env\u00edo que incluyen mudanzas y entregas internacionales. Organizar\u00e1n el env\u00edo de sus pertenencias por carretera, ferrocarril, mar o aire y le ayudar\u00e1n con el despacho de aduanas. Ofrecen contenedores de 20 y 40 pies para el env\u00edo de sus mercanc\u00edas, as\u00ed como una gama de veh\u00edculos de distintos tama\u00f1os.<\/p>\n<p>P\u00e1gina web: <a href=\"http:\/\/www.monex.mn\" target=\"_blank\" rel=\"noopener\">http:\/\/www.monex.mn<\/a><\/p>","protected":false},"excerpt":{"rendered":"<p>Moving can be a stressful time especially if you are moving countries. If you are moving within, to or from Mongolia you may want to engage the services of a moving company to make your life easier. Below we have compiled a list of Mongolian removal companies that are members of the International Association of [&hellip;]<\/p>\n","protected":false},"author":4,"featured_media":0,"parent":190,"menu_order":0,"comment_status":"closed","ping_status":"closed","template":"","meta":{"_genesis_hide_title":false,"_genesis_hide_breadcrumbs":false,"_genesis_hide_singular_image":false,"_genesis_hide_footer_widgets":false,"_genesis_custom_body_class":"","_genesis_custom_post_class":"","_genesis_layout":"","footnotes":""},"class_list":{"0":"post-8434","1":"page","2":"type-page","3":"status-publish","5":"entry","6":"has-post-thumbnail"},"_links":{"self":[{"href":"https:\/\/moverdb.com\/es\/wp-json\/wp\/v2\/pages\/8434","targetHints":{"allow":["GET"]}}],"collection":[{"href":"https:\/\/moverdb.com\/es\/wp-json\/wp\/v2\/pages"}],"about":[{"href":"https:\/\/moverdb.com\/es\/wp-json\/wp\/v2\/types\/page"}],"author":[{"embeddable":true,"href":"https:\/\/moverdb.com\/es\/wp-json\/wp\/v2\/users\/4"}],"replies":[{"embeddable":true,"href":"https:\/\/moverdb.com\/es\/wp-json\/wp\/v2\/comments?post=8434"}],"version-history":[{"count":1,"href":"https:\/\/moverdb.com\/es\/wp-json\/wp\/v2\/pages\/8434\/revisions"}],"predecessor-version":[{"id":8435,"href":"https:\/\/moverdb.com\/es\/wp-json\/wp\/v2\/pages\/8434\/revisions\/8435"}],"up":[{"embeddable":true,"href":"https:\/\/moverdb.com\/es\/wp-json\/wp\/v2\/pages\/190"}],"wp:attachment":[{"href":"https:\/\/moverdb.com\/es\/wp-json\/wp\/v2\/media?parent=8434"}],"curies":[{"name":"wp","href":"https:\/\/api.w.org\/{rel}","templated":true}]}}