{"id":8432,"date":"2023-04-27T14:44:07","date_gmt":"2023-04-27T14:44:07","guid":{"rendered":"https:\/\/moverdb.com\/?page_id=8432"},"modified":"2026-01-08T15:30:08","modified_gmt":"2026-01-08T15:30:08","slug":"moving-companies-moldova","status":"publish","type":"page","link":"https:\/\/moverdb.com\/es\/moving-companies\/moving-companies-moldova\/","title":{"rendered":"Las mejores empresas de mudanzas internacionales en Moldavia"},"content":{"rendered":"<p>Si est\u00e1 pensando en trasladar su casa o su negocio a Moldavia o desde Moldavia, puede que le interese contratar a una empresa de mudanzas. <a href=\"https:\/\/moverdb.com\/es\/moving-companies\/\" data-internallinksmanager029f6b8e52c=\"79\" title=\"Las 25 mejores empresas de mudanzas internacionales en l\u00ednea\">empresa de mudanzas<\/a> para facilitar la mudanza. A continuaci\u00f3n hemos recopilado una lista de empresas con sede en Moldavia <a href=\"https:\/\/moverdb.com\/es\/international-removals\/\" data-internallinksmanager029f6b8e52c=\"27\" title=\"36 mejores empresas de mudanzas internacionales del Reino Unido\">empresas de mudanzas<\/a> que son miembros de la <a href=\"https:\/\/moverdb.com\/es\/iam\/\" data-internallinksmanager029f6b8e52c=\"23\" title=\"Explicaci\u00f3n de la Asociaci\u00f3n Internacional de Empresas de Mudanzas (IAM)\">Asociaci\u00f3n Internacional de Empresas de Mudanzas<\/a> (IAM) y\/o <a href=\"https:\/\/moverdb.com\/es\/fidi-faim\/\" data-internallinksmanager029f6b8e52c=\"16\" title=\"Explicaci\u00f3n del FIDI y del FAIM (FIDI Accredited International Mover)\">FIDI<\/a> Empresa de mudanzas internacionales acreditada (FAIM) que podr\u00eda ayudarle con su mudanza.<\/p>\n<h2><strong>Mudanzas Moldavia<\/strong><\/h2>\n<p><img loading=\"lazy\" decoding=\"async\" class=\"alignnone size-full wp-image-8341\" src=\"https:\/\/moverdb.com\/wp-content\/uploads\/Moldovan-Movers-international-moving-company.png\" alt=\"Moldavia Movers empresa de mudanzas internacionales\" width=\"1440\" height=\"682\" data-wp-pid=\"8341\" srcset=\"https:\/\/moverdb.com\/wp-content\/uploads\/Moldovan-Movers-international-moving-company.png 1440w, https:\/\/moverdb.com\/wp-content\/uploads\/Moldovan-Movers-international-moving-company-300x142.png 300w, https:\/\/moverdb.com\/wp-content\/uploads\/Moldovan-Movers-international-moving-company-1024x485.png 1024w, https:\/\/moverdb.com\/wp-content\/uploads\/Moldovan-Movers-international-moving-company-18x9.png 18w, https:\/\/moverdb.com\/wp-content\/uploads\/Moldovan-Movers-international-moving-company-600x284.png 600w\" sizes=\"auto, (max-width: 1440px) 100vw, 1440px\" \/><\/p>\n<ul>\n<li>Movimientos nacionales<\/li>\n<li>Traslados internacionales<\/li>\n<li>Mudanzas residenciales<\/li>\n<li>Traslado de oficinas<\/li>\n<li>Servicio de embalaje profesional<\/li>\n<li>Organizaci\u00f3n del transporte<\/li>\n<li>Despacho de aduanas<\/li>\n<li>Traslado de mascotas<\/li>\n<li>Transporte de veh\u00edculos<\/li>\n<li>Instalaciones de almacenamiento<\/li>\n<\/ul>\n<p>Moldovan es una de las mayores empresas de mudanzas de Moldavia, fundada en 1995 y con sede en Chisinau. Cuenta con una red de socios de confianza con los que trabaja en todo el mundo para prestar servicios de mudanzas a escala internacional. Es miembro de IAM, con 25 a\u00f1os de servicio.<\/p>\n<p>Moldovan ofrece un estudio gratuito previo a la mudanza para evaluar sus necesidades y darle un presupuesto. Ofrecen un servicio de mudanza completo que incluye un servicio de embalaje profesional que empaquetar\u00e1 y desempaquetar\u00e1 sus objetos de forma segura, organizar\u00e1 el transporte y el despacho de aduanas. Tambi\u00e9n ofrecen servicios de mudanza especializados para veh\u00edculos y mascotas.<\/p>\n<p>P\u00e1gina web: <a href=\"http:\/\/www.movers.md\" target=\"_blank\" rel=\"noopener\">http:\/\/www.movers.md<\/a><\/p>","protected":false},"excerpt":{"rendered":"<p>If you are planning on moving home or business within, to or from Moldova then you might want to consider employing a moving company to make the move easier. Below we have compiled a list of Moldova based removal companies that are members of the International Association of Movers (IAM) and\/or FIDI Accredited International Mover [&hellip;]<\/p>\n","protected":false},"author":4,"featured_media":0,"parent":190,"menu_order":0,"comment_status":"closed","ping_status":"closed","template":"","meta":{"_genesis_hide_title":false,"_genesis_hide_breadcrumbs":false,"_genesis_hide_singular_image":false,"_genesis_hide_footer_widgets":false,"_genesis_custom_body_class":"","_genesis_custom_post_class":"","_genesis_layout":"","footnotes":""},"class_list":{"0":"post-8432","1":"page","2":"type-page","3":"status-publish","5":"entry","6":"has-post-thumbnail"},"_links":{"self":[{"href":"https:\/\/moverdb.com\/es\/wp-json\/wp\/v2\/pages\/8432","targetHints":{"allow":["GET"]}}],"collection":[{"href":"https:\/\/moverdb.com\/es\/wp-json\/wp\/v2\/pages"}],"about":[{"href":"https:\/\/moverdb.com\/es\/wp-json\/wp\/v2\/types\/page"}],"author":[{"embeddable":true,"href":"https:\/\/moverdb.com\/es\/wp-json\/wp\/v2\/users\/4"}],"replies":[{"embeddable":true,"href":"https:\/\/moverdb.com\/es\/wp-json\/wp\/v2\/comments?post=8432"}],"version-history":[{"count":1,"href":"https:\/\/moverdb.com\/es\/wp-json\/wp\/v2\/pages\/8432\/revisions"}],"predecessor-version":[{"id":8433,"href":"https:\/\/moverdb.com\/es\/wp-json\/wp\/v2\/pages\/8432\/revisions\/8433"}],"up":[{"embeddable":true,"href":"https:\/\/moverdb.com\/es\/wp-json\/wp\/v2\/pages\/190"}],"wp:attachment":[{"href":"https:\/\/moverdb.com\/es\/wp-json\/wp\/v2\/media?parent=8432"}],"curies":[{"name":"wp","href":"https:\/\/api.w.org\/{rel}","templated":true}]}}