{"id":8426,"date":"2023-04-27T14:45:30","date_gmt":"2023-04-27T14:45:30","guid":{"rendered":"https:\/\/moverdb.com\/?page_id=8426"},"modified":"2026-01-08T15:30:07","modified_gmt":"2026-01-08T15:30:07","slug":"moving-companies-mauritania","status":"publish","type":"page","link":"https:\/\/moverdb.com\/es\/moving-companies\/moving-companies-mauritania\/","title":{"rendered":"Las mejores empresas de mudanzas internacionales en Mauritania"},"content":{"rendered":"<p>\u00bfEst\u00e1 pensando en trasladar su casa o su empresa dentro de Mauritania, a Mauritania o desde Mauritania? Entonces quiz\u00e1 le interese contratar los servicios de un <a href=\"https:\/\/moverdb.com\/es\/moving-companies\/\" data-internallinksmanager029f6b8e52c=\"79\" title=\"Las 25 mejores empresas de mudanzas internacionales en l\u00ednea\">empresa de mudanzas<\/a> para ayudarle. A continuaci\u00f3n hemos recopilado una lista de Mauritania basado en <a href=\"https:\/\/moverdb.com\/es\/international-removals\/\" data-internallinksmanager029f6b8e52c=\"27\" title=\"36 mejores empresas de mudanzas internacionales del Reino Unido\">empresas de mudanzas<\/a> que son miembros de la <a href=\"https:\/\/moverdb.com\/es\/iam\/\" data-internallinksmanager029f6b8e52c=\"23\" title=\"Explicaci\u00f3n de la Asociaci\u00f3n Internacional de Empresas de Mudanzas (IAM)\">Asociaci\u00f3n Internacional de Empresas de Mudanzas<\/a> (IAM) y\/o <a href=\"https:\/\/moverdb.com\/es\/fidi-faim\/\" data-internallinksmanager029f6b8e52c=\"16\" title=\"Explicaci\u00f3n del FIDI y del FAIM (FIDI Accredited International Mover)\">FIDI<\/a> Empresa de mudanzas internacionales acreditada (FAIM) que podr\u00eda ayudarle con su mudanza.<\/p>\n<h2><strong>Tam Mauritania<\/strong>&nbsp;<img loading=\"lazy\" decoding=\"async\" class=\"alignnone size-full wp-image-8427\" src=\"https:\/\/moverdb.com\/wp-content\/uploads\/Tam-Mauritania-international-moving-company.png\" alt=\"Tam Mauritania empresa de mudanzas internacionales\" width=\"1440\" height=\"700\" data-wp-pid=\"8427\" srcset=\"https:\/\/moverdb.com\/wp-content\/uploads\/Tam-Mauritania-international-moving-company.png 1440w, https:\/\/moverdb.com\/wp-content\/uploads\/Tam-Mauritania-international-moving-company-300x146.png 300w, https:\/\/moverdb.com\/wp-content\/uploads\/Tam-Mauritania-international-moving-company-1024x498.png 1024w, https:\/\/moverdb.com\/wp-content\/uploads\/Tam-Mauritania-international-moving-company-18x9.png 18w, https:\/\/moverdb.com\/wp-content\/uploads\/Tam-Mauritania-international-moving-company-600x292.png 600w\" sizes=\"auto, (max-width: 1440px) 100vw, 1440px\" \/><\/h2>\n<ul>\n<li>Movimientos nacionales<\/li>\n<li>Traslados internacionales<\/li>\n<li>Mudanzas residenciales<\/li>\n<li>Traslado de oficinas<\/li>\n<li>Servicios de reubicaci\u00f3n<\/li>\n<li>Servicio de embalaje<\/li>\n<li>Desmontaje de muebles<\/li>\n<li>Transporte terrestre, mar\u00edtimo y a\u00e9reo<\/li>\n<li>Tr\u00e1mites de importaci\u00f3n y exportaci\u00f3n<\/li>\n<li>Instalaciones de almacenamiento<\/li>\n<\/ul>\n<p>Tam Mauritania es una empresa de mudanzas nacionales e internacionales especializada en traslados en \u00c1frica Occidental que cuenta con 15 a\u00f1os de experiencia. Son miembros de IAM, lo que les da flexibilidad para ofrecer servicios de calidad fuera de su zona de operaciones. Tambi\u00e9n son socios de Africa Move para reforzar sus capacidades en \u00c1frica.<\/p>\n<p>Tam Mauritania ofrece un presupuesto personalizado que satisfar\u00e1 todas sus necesidades. Proporcionan un servicio de embalaje que incluye el desmontaje de muebles y la elaboraci\u00f3n de un valor de inventario y el seguimiento del n\u00famero de paquetes. Transportar\u00e1n sus mercanc\u00edas utilizando su flota en sus zonas operativas y organizar\u00e1n el transporte a otras zonas a trav\u00e9s de socios navieros.<\/p>\n<p>P\u00e1gina web: <a href=\"https:\/\/www.tamm-di.com\/\" target=\"_blank\" rel=\"noopener\">https:\/\/www.tamm-di.com\/<\/a><\/p>","protected":false},"excerpt":{"rendered":"<p>Are you planning on moving home or your business within, to or from Mauritania? Then you may want to enlist the services of a moving company to help you. Below we have compiled a list of Mauritania based removal companies that are members of the International Association of Movers (IAM) and\/or FIDI Accredited International Mover [&hellip;]<\/p>\n","protected":false},"author":4,"featured_media":0,"parent":190,"menu_order":0,"comment_status":"closed","ping_status":"closed","template":"","meta":{"_genesis_hide_title":false,"_genesis_hide_breadcrumbs":false,"_genesis_hide_singular_image":false,"_genesis_hide_footer_widgets":false,"_genesis_custom_body_class":"","_genesis_custom_post_class":"","_genesis_layout":"","footnotes":""},"class_list":{"0":"post-8426","1":"page","2":"type-page","3":"status-publish","5":"entry","6":"has-post-thumbnail"},"_links":{"self":[{"href":"https:\/\/moverdb.com\/es\/wp-json\/wp\/v2\/pages\/8426","targetHints":{"allow":["GET"]}}],"collection":[{"href":"https:\/\/moverdb.com\/es\/wp-json\/wp\/v2\/pages"}],"about":[{"href":"https:\/\/moverdb.com\/es\/wp-json\/wp\/v2\/types\/page"}],"author":[{"embeddable":true,"href":"https:\/\/moverdb.com\/es\/wp-json\/wp\/v2\/users\/4"}],"replies":[{"embeddable":true,"href":"https:\/\/moverdb.com\/es\/wp-json\/wp\/v2\/comments?post=8426"}],"version-history":[{"count":1,"href":"https:\/\/moverdb.com\/es\/wp-json\/wp\/v2\/pages\/8426\/revisions"}],"predecessor-version":[{"id":8428,"href":"https:\/\/moverdb.com\/es\/wp-json\/wp\/v2\/pages\/8426\/revisions\/8428"}],"up":[{"embeddable":true,"href":"https:\/\/moverdb.com\/es\/wp-json\/wp\/v2\/pages\/190"}],"wp:attachment":[{"href":"https:\/\/moverdb.com\/es\/wp-json\/wp\/v2\/media?parent=8426"}],"curies":[{"name":"wp","href":"https:\/\/api.w.org\/{rel}","templated":true}]}}