{"id":8424,"date":"2023-04-27T14:46:03","date_gmt":"2023-04-27T14:46:03","guid":{"rendered":"https:\/\/moverdb.com\/?page_id=8424"},"modified":"2026-01-08T15:24:47","modified_gmt":"2026-01-08T15:24:47","slug":"moving-companies-malta","status":"publish","type":"page","link":"https:\/\/moverdb.com\/es\/moving-companies\/moving-companies-malta\/","title":{"rendered":"4 Mejores Empresas de Mudanzas Internacionales en Malta"},"content":{"rendered":"<p>Cuando planea una mudanza, \u00bfle da pavor pensar en la cantidad de tareas que tendr\u00e1 que hacer y en el embalaje? Puede hacerle la vida m\u00e1s f\u00e1cil contratando a un <a href=\"https:\/\/moverdb.com\/es\/moving-companies\/\" data-internallinksmanager029f6b8e52c=\"79\" title=\"Las 25 mejores empresas de mudanzas internacionales en l\u00ednea\">empresa de mudanzas<\/a> para organizar su transporte, tr\u00e1mites y empaquetar sus pertenencias. A continuaci\u00f3n hemos recopilado una lista de malteses <a href=\"https:\/\/moverdb.com\/es\/international-removals\/\" data-internallinksmanager029f6b8e52c=\"27\" title=\"36 mejores empresas de mudanzas internacionales del Reino Unido\">empresas de mudanzas<\/a> que son miembros de la <a href=\"https:\/\/moverdb.com\/es\/iam\/\" data-internallinksmanager029f6b8e52c=\"23\" title=\"Explicaci\u00f3n de la Asociaci\u00f3n Internacional de Empresas de Mudanzas (IAM)\">Asociaci\u00f3n Internacional de Empresas de Mudanzas<\/a> (IAM) y\/o <a href=\"https:\/\/moverdb.com\/es\/fidi-faim\/\" data-internallinksmanager029f6b8e52c=\"16\" title=\"Explicaci\u00f3n del FIDI y del FAIM (FIDI Accredited International Mover)\">FIDI<\/a> Empresa de mudanzas internacionales acreditada (FAIM) que podr\u00eda ayudarle con su mudanza.<\/p>\n<div id=\"ez-toc-container\" class=\"ez-toc-v2_0_82_2 ez-toc-wrap-left counter-hierarchy ez-toc-counter ez-toc-transparent ez-toc-container-direction\">\n<div class=\"ez-toc-title-container\">\n<p class=\"ez-toc-title\" style=\"cursor:inherit\">Secciones<\/p>\n<span class=\"ez-toc-title-toggle\"><a href=\"#\" class=\"ez-toc-pull-right ez-toc-btn ez-toc-btn-xs ez-toc-btn-default ez-toc-toggle\" aria-label=\"Alternar tabla de contenidos\"><span class=\"ez-toc-js-icon-con\"><span class=\"\"><span class=\"eztoc-hide\" style=\"display:none;\">Toggle<\/span><span class=\"ez-toc-icon-toggle-span\"><svg style=\"fill: #999;color:#999\" xmlns=\"http:\/\/www.w3.org\/2000\/svg\" class=\"list-377408\" width=\"20px\" height=\"20px\" viewbox=\"0 0 24 24\" fill=\"none\"><path d=\"M6 6H4v2h2V6zm14 0H8v2h12V6zM4 11h2v2H4v-2zm16 0H8v2h12v-2zM4 16h2v2H4v-2zm16 0H8v2h12v-2z\" fill=\"currentColor\"><\/path><\/svg><svg style=\"fill: #999;color:#999\" class=\"arrow-unsorted-368013\" xmlns=\"http:\/\/www.w3.org\/2000\/svg\" width=\"10px\" height=\"10px\" viewbox=\"0 0 24 24\" version=\"1.2\" baseprofile=\"tiny\"><path d=\"M18.2 9.3l-6.2-6.3-6.2 6.3c-.2.2-.3.4-.3.7s.1.5.3.7c.2.2.4.3.7.3h11c.3 0 .5-.1.7-.3.2-.2.3-.5.3-.7s-.1-.5-.3-.7zM5.8 14.7l6.2 6.3 6.2-6.3c.2-.2.3-.5.3-.7s-.1-.5-.3-.7c-.2-.2-.4-.3-.7-.3h-11c-.3 0-.5.1-.7.3-.2.2-.3.5-.3.7s.1.5.3.7z\"\/><\/svg><\/span><\/span><\/span><\/a><\/span><\/div>\n<nav><ul class='ez-toc-list ez-toc-list-level-1 eztoc-toggle-hide-by-default' ><li class='ez-toc-page-1 ez-toc-heading-level-2'><a class=\"ez-toc-link ez-toc-heading-1\" href=\"https:\/\/moverdb.com\/es\/moving-companies\/moving-companies-malta\/#1_Cube_Relocations\" >1. Reubicaci\u00f3n de cubos<\/a><\/li><li class='ez-toc-page-1 ez-toc-heading-level-2'><a class=\"ez-toc-link ez-toc-heading-2\" href=\"https:\/\/moverdb.com\/es\/moving-companies\/moving-companies-malta\/#2_DOM_Transport\" >2. Transporte DOM<\/a><\/li><li class='ez-toc-page-1 ez-toc-heading-level-2'><a class=\"ez-toc-link ez-toc-heading-3\" href=\"https:\/\/moverdb.com\/es\/moving-companies\/moving-companies-malta\/#3_Express_Trailers\" >3. Remolques Express<\/a><\/li><li class='ez-toc-page-1 ez-toc-heading-level-2'><a class=\"ez-toc-link ez-toc-heading-4\" href=\"https:\/\/moverdb.com\/es\/moving-companies\/moving-companies-malta\/#4_Transpak\" >4. Transpak<\/a><\/li><li class='ez-toc-page-1 ez-toc-heading-level-2'><a class=\"ez-toc-link ez-toc-heading-5\" href=\"https:\/\/moverdb.com\/es\/moving-companies\/moving-companies-malta\/#Other_Useful_Guides_to_Malta\" >Otras gu\u00edas \u00fatiles sobre Malta<\/a><\/li><\/ul><\/nav><\/div>\n<h2><span class=\"ez-toc-section\" id=\"1_Cube_Relocations\"><\/span><strong>1. Reubicaci\u00f3n de cubos<\/strong><span class=\"ez-toc-section-end\"><\/span><\/h2>\n<p><img loading=\"lazy\" decoding=\"async\" class=\"alignnone size-full wp-image-8301\" src=\"https:\/\/moverdb.com\/wp-content\/uploads\/Cube-Relocations-international-moving-company.png\" alt=\"Cube Relocations empresa de mudanzas internacionales\" width=\"1440\" height=\"680\" data-wp-pid=\"8301\" srcset=\"https:\/\/moverdb.com\/wp-content\/uploads\/Cube-Relocations-international-moving-company.png 1440w, https:\/\/moverdb.com\/wp-content\/uploads\/Cube-Relocations-international-moving-company-300x142.png 300w, https:\/\/moverdb.com\/wp-content\/uploads\/Cube-Relocations-international-moving-company-1024x484.png 1024w, https:\/\/moverdb.com\/wp-content\/uploads\/Cube-Relocations-international-moving-company-18x9.png 18w, https:\/\/moverdb.com\/wp-content\/uploads\/Cube-Relocations-international-moving-company-600x283.png 600w\" sizes=\"auto, (max-width: 1440px) 100vw, 1440px\" \/><\/p>\n<ul>\n<li>Movimientos nacionales<\/li>\n<li>Traslados internacionales<\/li>\n<li>Mudanzas residenciales<\/li>\n<li>Movimientos corporativos<\/li>\n<li>Servicio puerta a puerta a medida<\/li>\n<li>Servicio de embalaje<\/li>\n<li>Transporte mar\u00edtimo, a\u00e9reo y por carretera<\/li>\n<li>Transporte de veh\u00edculos<\/li>\n<li>Seguros<\/li>\n<li>Almacenamiento<\/li>\n<\/ul>\n<p>Cube Relocations es una empresa de mudanzas internacionales fundada en 2007 y con sede en Ghaxaq. Ofrecen mudanzas nacionales e internacionales a clientes residenciales y corporativos que cuentan con el apoyo de sus asociaciones internacionales. Son miembros de IAM con 15 a\u00f1os de servicio.<\/p>\n<p>Cube Relocations ofrece un servicio de mudanzas a la medida de sus necesidades y puede prestar un servicio de puerta a puerta. Proporcionan un servicio de embalaje con un equipo totalmente formado que utiliza materiales y cajas de la m\u00e1s alta calidad. Organizar\u00e1n el env\u00edo por mar, carretera o aire, con despacho de aduanas incluido. A su llegada, desembalar\u00e1n, instalar\u00e1n sus muebles y retirar\u00e1n cualquier resto.<\/p>\n<p>P\u00e1gina web: <a href=\"http:\/\/www.cuberelocations.com\" target=\"_blank\" rel=\"noopener\">http:\/\/www.cuberelocations.com<\/a><\/p>\n<h2><span class=\"ez-toc-section\" id=\"2_DOM_Transport\"><\/span><strong>2. Transporte DOM<\/strong><span class=\"ez-toc-section-end\"><\/span><\/h2>\n<p><img loading=\"lazy\" decoding=\"async\" class=\"alignnone size-full wp-image-8305\" src=\"https:\/\/moverdb.com\/wp-content\/uploads\/DOM-Transport-international-moving-company.png\" alt=\"DOM Transport empresa de mudanzas internacionales\" width=\"1440\" height=\"680\" data-wp-pid=\"8305\" srcset=\"https:\/\/moverdb.com\/wp-content\/uploads\/DOM-Transport-international-moving-company.png 1440w, https:\/\/moverdb.com\/wp-content\/uploads\/DOM-Transport-international-moving-company-300x142.png 300w, https:\/\/moverdb.com\/wp-content\/uploads\/DOM-Transport-international-moving-company-1024x484.png 1024w, https:\/\/moverdb.com\/wp-content\/uploads\/DOM-Transport-international-moving-company-18x9.png 18w, https:\/\/moverdb.com\/wp-content\/uploads\/DOM-Transport-international-moving-company-600x283.png 600w\" sizes=\"auto, (max-width: 1440px) 100vw, 1440px\" \/><\/p>\n<ul>\n<li>Traslados locales y nacionales<\/li>\n<li>Traslados internacionales<\/li>\n<li>Mudanzas dom\u00e9sticas<\/li>\n<li>Mudanzas de oficinas y empresas<\/li>\n<li>Servicio puerta a puerta<\/li>\n<li>Servicio de embalaje<\/li>\n<li>Transporte por carretera, mar\u00edtimo y a\u00e9reo<\/li>\n<li>Apoyo aduanero<\/li>\n<li>Seguros<\/li>\n<li>Instalaciones de almacenamiento<\/li>\n<\/ul>\n<p>DOM Transport es una empresa de mudanzas fundada a principios de los a\u00f1os 30 con sede en Qormi y que ofrece servicios de mudanzas nacionales e internacionales. Cuentan con una fiable red de colaboradores en todo el mundo que les ayudan con las mudanzas internacionales. Son miembros de IAM con 91 a\u00f1os de servicio.<\/p>\n<p>DOM Transport le ofrece la visita de un perito para evaluar sus necesidades de mudanza y proporcionarle un presupuesto. Ofrecen un servicio puerta a puerta que incluye seguro y todos los servicios. Proporcionan un servicio de embalaje con un equipo experimentado que embalar\u00e1 sus pertenencias de forma segura y confeccionar\u00e1 una lista de embalaje. Utilizan agencias de transporte fiables que ofrecen cargas completas o parciales y opciones de grupaje.<\/p>\n<p>P\u00e1gina web: <a href=\"http:\/\/www.domtransportmalta.com\" target=\"_blank\" rel=\"noopener\">http:\/\/www.domtransportmalta.com<\/a><\/p>\n<h2><span class=\"ez-toc-section\" id=\"3_Express_Trailers\"><\/span><strong>3. Remolques Express<\/strong><span class=\"ez-toc-section-end\"><\/span><\/h2>\n<p><img loading=\"lazy\" decoding=\"async\" class=\"alignnone size-full wp-image-8312\" src=\"https:\/\/moverdb.com\/wp-content\/uploads\/Express-Trailers-international-moving-company.png\" alt=\"Empresa de mudanzas internacionales Express Trailers\" width=\"1440\" height=\"680\" data-wp-pid=\"8312\" srcset=\"https:\/\/moverdb.com\/wp-content\/uploads\/Express-Trailers-international-moving-company.png 1440w, https:\/\/moverdb.com\/wp-content\/uploads\/Express-Trailers-international-moving-company-300x142.png 300w, https:\/\/moverdb.com\/wp-content\/uploads\/Express-Trailers-international-moving-company-1024x484.png 1024w, https:\/\/moverdb.com\/wp-content\/uploads\/Express-Trailers-international-moving-company-18x9.png 18w, https:\/\/moverdb.com\/wp-content\/uploads\/Express-Trailers-international-moving-company-600x283.png 600w\" sizes=\"auto, (max-width: 1440px) 100vw, 1440px\" \/><\/p>\n<ul>\n<li>Transporte nacional<\/li>\n<li>Transporte internacional<\/li>\n<li>Servicios a empresas<\/li>\n<li>Env\u00edo de efectos personales<\/li>\n<li>Una flota de camiones con seguimiento de veh\u00edculos<\/li>\n<li>Servicio puerta a puerta<\/li>\n<li>Transporte por carretera, mar\u00edtimo y a\u00e9reo<\/li>\n<li>Despacho de aduanas<\/li>\n<li>Transporte en coche<\/li>\n<li>Almacenamiento seguro<\/li>\n<\/ul>\n<p>Express Trailers es una empresa de transporte y log\u00edstica con sede en Luqa. Ofrecen distribuci\u00f3n y transporte en <a href=\"https:\/\/moverdb.com\/es\/moving-to-malta\/\" data-internallinksmanager029f6b8e52c=\"433\" title=\"\u00bfMudarse a Malta? 2026 Coste de la vida y consejos para el traslado\">Malta<\/a> y servicios de transporte mar\u00edtimo a escala internacional. Tienen alianzas internacionales con redes de distribuci\u00f3n extranjeras para prestar sus servicios en todo el mundo. Son miembros de IAM con 45 a\u00f1os de servicio.<\/p>\n<p>Express Trailers ofrece un servicio puerta a puerta de transporte de mercanc\u00edas dentro de Malta, hacia y desde el pa\u00eds, que incluye el despacho de aduanas y las declaraciones NSO para importaciones y exportaciones. Ofrecen cargas completas y parciales, as\u00ed como grupaje en su transporte por carretera. Las opciones de transporte mar\u00edtimo incluyen cargas inferiores a un contenedor y cargas de contenedor completo. Ofrecen env\u00edos directos en flete a\u00e9reo.<\/p>\n<p>P\u00e1gina web: <a href=\"http:\/\/www.expressgroup.com\" target=\"_blank\" rel=\"noopener\">http:\/\/www.expressgroup.com<\/a><\/p>\n<h2><span class=\"ez-toc-section\" id=\"4_Transpak\"><\/span><strong>4. Transpak<\/strong><span class=\"ez-toc-section-end\"><\/span><\/h2>\n<p><img loading=\"lazy\" decoding=\"async\" class=\"alignnone size-full wp-image-8377\" src=\"https:\/\/moverdb.com\/wp-content\/uploads\/Transpak-international-moving-company.png\" alt=\"Empresa de mudanzas internacionales Transpak\" width=\"1440\" height=\"673\" data-wp-pid=\"8377\" srcset=\"https:\/\/moverdb.com\/wp-content\/uploads\/Transpak-international-moving-company.png 1440w, https:\/\/moverdb.com\/wp-content\/uploads\/Transpak-international-moving-company-300x140.png 300w, https:\/\/moverdb.com\/wp-content\/uploads\/Transpak-international-moving-company-1024x479.png 1024w, https:\/\/moverdb.com\/wp-content\/uploads\/Transpak-international-moving-company-18x8.png 18w, https:\/\/moverdb.com\/wp-content\/uploads\/Transpak-international-moving-company-600x280.png 600w\" sizes=\"auto, (max-width: 1440px) 100vw, 1440px\" \/><\/p>\n<ul>\n<li>Movimientos nacionales<\/li>\n<li>Traslados internacionales<\/li>\n<li>Mudanzas dom\u00e9sticas<\/li>\n<li>Movimientos de negocios<\/li>\n<li>Servicios de embalaje<\/li>\n<li>Envases de alta calidad<\/li>\n<li>Organizaci\u00f3n del transporte<\/li>\n<li>Manipulaci\u00f3n de obras de arte<\/li>\n<li>Transporte de veh\u00edculos<\/li>\n<li>Seguros<\/li>\n<\/ul>\n<p>Transpak es una empresa de mudanzas fundada en 1976 que ofrece soluciones de embalaje y transporte internacional. Disponen de una red de agentes en todo el mundo que les ayudan a atender a sus clientes que se trasladan a o desde Malta. Son miembros de IAM con 47 a\u00f1os de servicio.<\/p>\n<p>Transpak ofrece productos y tecnolog\u00edas avanzados para permitir el transporte seguro de sus objetos. Pueden fabricar materiales de embalaje de alta calidad que incluyen cajas de cart\u00f3n y de madera, as\u00ed como materiales de protecci\u00f3n. Pueden trasladar distintos tipos de mercanc\u00edas, incluidos art\u00edculos dom\u00e9sticos, antig\u00fcedades, obras de arte y veh\u00edculos.<\/p>\n<p>P\u00e1gina web: <a href=\"http:\/\/www.transpakmalta.com\" target=\"_blank\" rel=\"noopener\">http:\/\/www.transpakmalta.com<\/a><\/p>\n<h2><span class=\"ez-toc-section\" id=\"Other_Useful_Guides_to_Malta\"><\/span>Otras gu\u00edas \u00fatiles sobre Malta <span class=\"ez-toc-section-end\"><\/span><\/h2>\n<ul>\n<li> <a href=\"https:\/\/moverdb.com\/es\/transporte-de-contenedores\/malta\/\">2024 Tarifas de transporte mar\u00edtimo de contenedores desde y hacia Malta<\/a><\/li>\n<li> <a href=\"https:\/\/moverdb.com\/es\/moving-to-malta\/\">\u00bfMudarse a Malta? 2026 Coste de la vida y consejos para el traslado<\/a><\/li>\n<li> <a href=\"https:\/\/moverdb.com\/es\/moving-to-malta\/living-in-malta\/\">21 secretos sobre la vida en Malta que debe conocer antes de mudarse<\/a><\/li>\n<\/ul>","protected":false},"excerpt":{"rendered":"<p>When you are planning a move does it fill you with dread thinking about the number of tasks you will need to do and the packing? You can make your life easier by employing a moving company to organise your transport, paperwork and pack your belongings. Below we have compiled a list of Maltese removal [&hellip;]<\/p>\n","protected":false},"author":4,"featured_media":0,"parent":190,"menu_order":0,"comment_status":"closed","ping_status":"closed","template":"","meta":{"_genesis_hide_title":false,"_genesis_hide_breadcrumbs":false,"_genesis_hide_singular_image":false,"_genesis_hide_footer_widgets":false,"_genesis_custom_body_class":"","_genesis_custom_post_class":"","_genesis_layout":"","footnotes":""},"class_list":{"0":"post-8424","1":"page","2":"type-page","3":"status-publish","5":"entry","6":"has-post-thumbnail"},"_links":{"self":[{"href":"https:\/\/moverdb.com\/es\/wp-json\/wp\/v2\/pages\/8424","targetHints":{"allow":["GET"]}}],"collection":[{"href":"https:\/\/moverdb.com\/es\/wp-json\/wp\/v2\/pages"}],"about":[{"href":"https:\/\/moverdb.com\/es\/wp-json\/wp\/v2\/types\/page"}],"author":[{"embeddable":true,"href":"https:\/\/moverdb.com\/es\/wp-json\/wp\/v2\/users\/4"}],"replies":[{"embeddable":true,"href":"https:\/\/moverdb.com\/es\/wp-json\/wp\/v2\/comments?post=8424"}],"version-history":[{"count":3,"href":"https:\/\/moverdb.com\/es\/wp-json\/wp\/v2\/pages\/8424\/revisions"}],"predecessor-version":[{"id":18368,"href":"https:\/\/moverdb.com\/es\/wp-json\/wp\/v2\/pages\/8424\/revisions\/18368"}],"up":[{"embeddable":true,"href":"https:\/\/moverdb.com\/es\/wp-json\/wp\/v2\/pages\/190"}],"wp:attachment":[{"href":"https:\/\/moverdb.com\/es\/wp-json\/wp\/v2\/media?parent=8424"}],"curies":[{"name":"wp","href":"https:\/\/api.w.org\/{rel}","templated":true}]}}