{"id":8408,"date":"2023-04-27T14:50:26","date_gmt":"2023-04-27T14:50:26","guid":{"rendered":"https:\/\/moverdb.com\/?page_id=8408"},"modified":"2026-01-08T15:30:04","modified_gmt":"2026-01-08T15:30:04","slug":"moving-companies-lithuania","status":"publish","type":"page","link":"https:\/\/moverdb.com\/es\/moving-companies\/moving-companies-lithuania\/","title":{"rendered":"Las mejores empresas de mudanzas internacionales en Lituania"},"content":{"rendered":"<p>\u00bfEst\u00e1 pensando en mudarse? Tanto si es dentro de Lituania, como si es a Lituania o desde Lituania, puede que le interese contratar los servicios de una empresa de mudanzas. <a href=\"https:\/\/moverdb.com\/es\/moving-companies\/\" data-internallinksmanager029f6b8e52c=\"79\" title=\"Las 25 mejores empresas de mudanzas internacionales en l\u00ednea\">empresa de mudanzas<\/a> para ayudarle. A continuaci\u00f3n hemos recopilado una lista de Lituania basado en <a href=\"https:\/\/moverdb.com\/es\/international-removals\/\" data-internallinksmanager029f6b8e52c=\"27\" title=\"36 mejores empresas de mudanzas internacionales del Reino Unido\">empresas de mudanzas<\/a> que son miembros de la <a href=\"https:\/\/moverdb.com\/es\/iam\/\" data-internallinksmanager029f6b8e52c=\"23\" title=\"Explicaci\u00f3n de la Asociaci\u00f3n Internacional de Empresas de Mudanzas (IAM)\">Asociaci\u00f3n Internacional de Empresas de Mudanzas<\/a> (IAM) y\/o <a href=\"https:\/\/moverdb.com\/es\/fidi-faim\/\" data-internallinksmanager029f6b8e52c=\"16\" title=\"Explicaci\u00f3n del FIDI y del FAIM (FIDI Accredited International Mover)\">FIDI<\/a> Empresa de mudanzas internacionales acreditada (FAIM) que podr\u00eda ayudarle con su mudanza.<\/p>\n<h2><strong>Mudanzas UAB<\/strong><\/h2>\n<p><img loading=\"lazy\" decoding=\"async\" class=\"alignnone size-full wp-image-8378\" src=\"https:\/\/moverdb.com\/wp-content\/uploads\/UAB-Moving-international-moving-company.png\" alt=\"UAB Moving empresa de mudanzas internacionales\" width=\"1440\" height=\"683\" data-wp-pid=\"8378\" srcset=\"https:\/\/moverdb.com\/wp-content\/uploads\/UAB-Moving-international-moving-company.png 1440w, https:\/\/moverdb.com\/wp-content\/uploads\/UAB-Moving-international-moving-company-300x142.png 300w, https:\/\/moverdb.com\/wp-content\/uploads\/UAB-Moving-international-moving-company-1024x486.png 1024w, https:\/\/moverdb.com\/wp-content\/uploads\/UAB-Moving-international-moving-company-18x9.png 18w, https:\/\/moverdb.com\/wp-content\/uploads\/UAB-Moving-international-moving-company-600x285.png 600w\" sizes=\"auto, (max-width: 1440px) 100vw, 1440px\" \/><\/p>\n<ul>\n<li>Traslados locales<\/li>\n<li>Mudanzas internacionales<\/li>\n<li>Mudanzas dom\u00e9sticas<\/li>\n<li>Traslado de oficinas<\/li>\n<li>Servicio puerta a puerta<\/li>\n<li>Servicio de embalaje<\/li>\n<li>Transporte por carretera, aire o mar<\/li>\n<li>Procedimientos de exportaci\u00f3n e importaci\u00f3n<\/li>\n<li>Apoyo aduanero<\/li>\n<li>Instalaciones de almacenamiento<\/li>\n<\/ul>\n<p>UAB Movers es una empresa de mudanzas con sede en Vilna que ofrece mudanzas locales, nacionales e internacionales. Es miembro de IAM, con siete a\u00f1os de servicio. Su pertenencia a asociaciones internacionales les permite prestar servicios de alta calidad en cualquier parte del mundo.<\/p>\n<p>UAB Movers ofrece un servicio de mudanzas puerta a puerta para peque\u00f1os y grandes proyectos de mudanzas y ofrecer\u00e1n las mejores soluciones de transporte ya sea por carretera, aire o mar. Ofrecen la posibilidad de elegir entre contenedores completos o no completos para el transporte mar\u00edtimo, y diferentes tama\u00f1os de furgonetas para el transporte por carretera. Le asesorar\u00e1n sobre los tr\u00e1mites de exportaci\u00f3n e importaci\u00f3n.<\/p>\n<p>P\u00e1gina web: <a href=\"http:\/\/www.movers.lt\" target=\"_blank\" rel=\"noopener\">http:\/\/www.movers.lt<\/a><\/p>\n<h2>Otras gu\u00edas \u00fatiles sobre Lituania<\/h2>\n<ul>\n<li> <a href=\"https:\/\/moverdb.com\/es\/transporte-de-contenedores\/lituania\/\">2024 Tarifas de transporte mar\u00edtimo de contenedores desde y hacia Lituania<\/a><\/li>\n<li> <a href=\"https:\/\/moverdb.com\/es\/moving-to-lithuania\/\">\u00bfSe muda a Lituania? 2026 Coste de la vida y consejos para el traslado<\/a><\/li>\n<\/ul>","protected":false},"excerpt":{"rendered":"<p>Are you planning on moving home? Whether that is within, or to or from Lithuania then you might want to engage the services of a moving company to help you. Below we have compiled a list of Lithuania based removal companies that are members of the International Association of Movers (IAM) and\/or FIDI Accredited International [&hellip;]<\/p>\n","protected":false},"author":4,"featured_media":0,"parent":190,"menu_order":0,"comment_status":"closed","ping_status":"closed","template":"","meta":{"_genesis_hide_title":false,"_genesis_hide_breadcrumbs":false,"_genesis_hide_singular_image":false,"_genesis_hide_footer_widgets":false,"_genesis_custom_body_class":"","_genesis_custom_post_class":"","_genesis_layout":"","footnotes":""},"class_list":{"0":"post-8408","1":"page","2":"type-page","3":"status-publish","5":"entry","6":"has-post-thumbnail"},"_links":{"self":[{"href":"https:\/\/moverdb.com\/es\/wp-json\/wp\/v2\/pages\/8408","targetHints":{"allow":["GET"]}}],"collection":[{"href":"https:\/\/moverdb.com\/es\/wp-json\/wp\/v2\/pages"}],"about":[{"href":"https:\/\/moverdb.com\/es\/wp-json\/wp\/v2\/types\/page"}],"author":[{"embeddable":true,"href":"https:\/\/moverdb.com\/es\/wp-json\/wp\/v2\/users\/4"}],"replies":[{"embeddable":true,"href":"https:\/\/moverdb.com\/es\/wp-json\/wp\/v2\/comments?post=8408"}],"version-history":[{"count":3,"href":"https:\/\/moverdb.com\/es\/wp-json\/wp\/v2\/pages\/8408\/revisions"}],"predecessor-version":[{"id":18259,"href":"https:\/\/moverdb.com\/es\/wp-json\/wp\/v2\/pages\/8408\/revisions\/18259"}],"up":[{"embeddable":true,"href":"https:\/\/moverdb.com\/es\/wp-json\/wp\/v2\/pages\/190"}],"wp:attachment":[{"href":"https:\/\/moverdb.com\/es\/wp-json\/wp\/v2\/media?parent=8408"}],"curies":[{"name":"wp","href":"https:\/\/api.w.org\/{rel}","templated":true}]}}