{"id":8404,"date":"2023-04-27T14:48:01","date_gmt":"2023-04-27T14:48:01","guid":{"rendered":"https:\/\/moverdb.com\/?page_id=8404"},"modified":"2026-01-08T15:23:47","modified_gmt":"2026-01-08T15:23:47","slug":"moving-companies-lesotho","status":"publish","type":"page","link":"https:\/\/moverdb.com\/es\/moving-companies\/moving-companies-lesotho\/","title":{"rendered":"2 Mejores Empresas de Mudanzas Internacionales en Lesoto"},"content":{"rendered":"<p>Una mudanza puede ser un momento estresante, tanto si se trata de su casa como de su negocio, y el nivel de estr\u00e9s aumenta cuando se trata de una mudanza de pa\u00eds. Por eso muchas personas recurren a los servicios de una empresa de mudanzas. <a href=\"https:\/\/moverdb.com\/es\/moving-companies\/\" data-internallinksmanager029f6b8e52c=\"79\" title=\"Las 25 mejores empresas de mudanzas internacionales en l\u00ednea\">empresa de mudanzas<\/a>. A continuaci\u00f3n hemos recopilado una lista de Lesotho basado en <a href=\"https:\/\/moverdb.com\/es\/international-removals\/\" data-internallinksmanager029f6b8e52c=\"27\" title=\"36 mejores empresas de mudanzas internacionales del Reino Unido\">empresas de mudanzas<\/a> que son miembros de la <a href=\"https:\/\/moverdb.com\/es\/iam\/\" data-internallinksmanager029f6b8e52c=\"23\" title=\"Explicaci\u00f3n de la Asociaci\u00f3n Internacional de Empresas de Mudanzas (IAM)\">Asociaci\u00f3n Internacional de Empresas de Mudanzas<\/a> (IAM) y\/o <a href=\"https:\/\/moverdb.com\/es\/fidi-faim\/\" data-internallinksmanager029f6b8e52c=\"16\" title=\"Explicaci\u00f3n del FIDI y del FAIM (FIDI Accredited International Mover)\">FIDI<\/a> Empresa de mudanzas internacionales acreditada (FAIM) que podr\u00eda ayudarle con su mudanza.<\/p>\n<h2><strong>1. Stuttaford Van Lines<\/strong><\/h2>\n<p><img loading=\"lazy\" decoding=\"async\" class=\"alignnone size-full wp-image-8368\" src=\"https:\/\/moverdb.com\/wp-content\/uploads\/Stuttaford-Van-Lines-international-moving-company.png\" alt=\"Empresa de mudanzas internacionales Stuttaford Van Lines\" width=\"1440\" height=\"680\" data-wp-pid=\"8368\" srcset=\"https:\/\/moverdb.com\/wp-content\/uploads\/Stuttaford-Van-Lines-international-moving-company.png 1440w, https:\/\/moverdb.com\/wp-content\/uploads\/Stuttaford-Van-Lines-international-moving-company-300x142.png 300w, https:\/\/moverdb.com\/wp-content\/uploads\/Stuttaford-Van-Lines-international-moving-company-1024x484.png 1024w, https:\/\/moverdb.com\/wp-content\/uploads\/Stuttaford-Van-Lines-international-moving-company-18x9.png 18w, https:\/\/moverdb.com\/wp-content\/uploads\/Stuttaford-Van-Lines-international-moving-company-600x283.png 600w\" sizes=\"auto, (max-width: 1440px) 100vw, 1440px\" \/><\/p>\n<ul>\n<li>Movimientos nacionales<\/li>\n<li>Traslados internacionales<\/li>\n<li>Mudanzas residenciales<\/li>\n<li>Movimientos de negocios<\/li>\n<li>Servicios a medida<\/li>\n<li>Servicio de embalaje<\/li>\n<li>Traslado de veh\u00edculos y mascotas<\/li>\n<li>Manipulaci\u00f3n de obras de arte<\/li>\n<li>Seguros<\/li>\n<li>Almacenamiento a corto y largo plazo<\/li>\n<\/ul>\n<p>Stuttaford Van Lines es una empresa de mudanzas al servicio de familias y empresas desde mediados del siglo XIX, con sucursales en todo el mundo. <a href=\"https:\/\/moverdb.com\/es\/moving-to-south-africa\/\" data-internallinksmanager029f6b8e52c=\"347\" title=\"\u00bfSe muda a Sud\u00e1frica? 2026 Coste de la vida y consejos para el traslado\">Sud\u00e1frica<\/a> incluyendo Masero, Lesotho. Son miembros de IAM con 47 a\u00f1os de servicio, lo que les da acceso a una red internacional de agentes de mudanzas que les presta apoyo,<\/p>\n<p>Stuffaford Van Lines le ayudar\u00e1 a planificar y preparar cuidadosamente su mudanza. Le asignar\u00e1n un \u00fanico punto de contacto para ayudarle en cada paso. Proporcionan un servicio de embalaje que incluye el uso de embalajes de alta calidad y cubiertas protectoras, etiquetar\u00e1n todas las cajas y elaborar\u00e1n un inventario.<\/p>\n<p>P\u00e1gina web: <a href=\"http:\/\/www.stuttafordvanlines.co.za\" target=\"_blank\" rel=\"noopener\">http:\/\/www.stuttafordvanlines.co.za<\/a><\/p>\n<h2><strong>2. Log\u00edstica segura<\/strong><\/h2>\n<p><img loading=\"lazy\" decoding=\"async\" class=\"alignnone size-full wp-image-8371\" src=\"https:\/\/moverdb.com\/wp-content\/uploads\/Sure-Logistics-international-moving-company.png\" alt=\"Empresa de mudanzas internacionales Sure Logistics\" width=\"1440\" height=\"678\" data-wp-pid=\"8371\" srcset=\"https:\/\/moverdb.com\/wp-content\/uploads\/Sure-Logistics-international-moving-company.png 1440w, https:\/\/moverdb.com\/wp-content\/uploads\/Sure-Logistics-international-moving-company-300x141.png 300w, https:\/\/moverdb.com\/wp-content\/uploads\/Sure-Logistics-international-moving-company-1024x482.png 1024w, https:\/\/moverdb.com\/wp-content\/uploads\/Sure-Logistics-international-moving-company-18x8.png 18w, https:\/\/moverdb.com\/wp-content\/uploads\/Sure-Logistics-international-moving-company-600x283.png 600w\" sizes=\"auto, (max-width: 1440px) 100vw, 1440px\" \/><\/p>\n<ul>\n<li>Traslados locales<\/li>\n<li>Traslados al extranjero<\/li>\n<li>Mudanzas a domicilio<\/li>\n<li>Traslado de oficinas<\/li>\n<li>Servicios de reubicaci\u00f3n<\/li>\n<li>Servicio de mudanzas a medida<\/li>\n<li>Organizaci\u00f3n del transporte<\/li>\n<li>Opciones de contenedores<\/li>\n<li><a href=\"https:\/\/moverdb.com\/es\/car-transport-shipping\/\" data-internallinksmanager029f6b8e52c=\"2\" title=\"2026 Cotizaciones de transporte internacional de coches y env\u00edo de veh\u00edculos\">Env\u00edo de veh\u00edculos<\/a><\/li>\n<li>Almacenamiento seguro a corto y largo plazo<\/li>\n<\/ul>\n<p>Sure Logistics es una empresa especializada en gesti\u00f3n log\u00edstica que ofrece una gama de servicios de transporte y soluciones para la cadena de suministro y tiene su sede en Masero. Trabajan con socios de mudanzas internacionales para prestar sus servicios a otros pa\u00edses. Son miembros de IAM con nueve a\u00f1os de servicio.<\/p>\n<p>Sure Logistics ofrece servicios de mudanza dentro de Lesotho, hacia y desde Lesotho, para hogares y empresas, adaptados a sus necesidades. Tambi\u00e9n ofrecen servicios de reubicaci\u00f3n que proporcionan apoyo de RRHH a los empleados y paquetes especializados de movilidad global en m\u00e1s de 150 pa\u00edses. Transportar\u00e1n sus pertenencias de forma segura y pueden ofrecerle cargas completas o inferiores a un contenedor.<\/p>\n<p>P\u00e1gina web: <a href=\"http:\/\/www.surelogistics.co.ls\" target=\"_blank\" rel=\"noopener\">http:\/\/www.surelogistics.co.ls<\/a><\/p>","protected":false},"excerpt":{"rendered":"<p>Moving can be a stressful time whether you are moving your home or your business, and the stress level increases when you are moving countries. This is why so many people employ the services of a moving company. Below we have compiled a list of Lesotho based removal companies that are members of the International [&hellip;]<\/p>\n","protected":false},"author":4,"featured_media":0,"parent":190,"menu_order":0,"comment_status":"closed","ping_status":"closed","template":"","meta":{"_genesis_hide_title":false,"_genesis_hide_breadcrumbs":false,"_genesis_hide_singular_image":false,"_genesis_hide_footer_widgets":false,"_genesis_custom_body_class":"","_genesis_custom_post_class":"","_genesis_layout":"","footnotes":""},"class_list":{"0":"post-8404","1":"page","2":"type-page","3":"status-publish","5":"entry","6":"has-post-thumbnail"},"_links":{"self":[{"href":"https:\/\/moverdb.com\/es\/wp-json\/wp\/v2\/pages\/8404","targetHints":{"allow":["GET"]}}],"collection":[{"href":"https:\/\/moverdb.com\/es\/wp-json\/wp\/v2\/pages"}],"about":[{"href":"https:\/\/moverdb.com\/es\/wp-json\/wp\/v2\/types\/page"}],"author":[{"embeddable":true,"href":"https:\/\/moverdb.com\/es\/wp-json\/wp\/v2\/users\/4"}],"replies":[{"embeddable":true,"href":"https:\/\/moverdb.com\/es\/wp-json\/wp\/v2\/comments?post=8404"}],"version-history":[{"count":2,"href":"https:\/\/moverdb.com\/es\/wp-json\/wp\/v2\/pages\/8404\/revisions"}],"predecessor-version":[{"id":8418,"href":"https:\/\/moverdb.com\/es\/wp-json\/wp\/v2\/pages\/8404\/revisions\/8418"}],"up":[{"embeddable":true,"href":"https:\/\/moverdb.com\/es\/wp-json\/wp\/v2\/pages\/190"}],"wp:attachment":[{"href":"https:\/\/moverdb.com\/es\/wp-json\/wp\/v2\/media?parent=8404"}],"curies":[{"name":"wp","href":"https:\/\/api.w.org\/{rel}","templated":true}]}}