{"id":8396,"date":"2023-04-27T14:53:30","date_gmt":"2023-04-27T14:53:30","guid":{"rendered":"https:\/\/moverdb.com\/?page_id=8396"},"modified":"2026-01-08T15:24:46","modified_gmt":"2026-01-08T15:24:46","slug":"moving-companies-kenya","status":"publish","type":"page","link":"https:\/\/moverdb.com\/es\/moving-companies\/moving-companies-kenya\/","title":{"rendered":"4 mejores empresas de mudanzas internacionales en Kenia"},"content":{"rendered":"<p>Si se va a mudar de casa o de empresa, puede parecer un poco desalentador, sobre todo si se trata de un traslado de pa\u00eds, por el papeleo y los tr\u00e1mites adicionales que hay que hacer. Aqu\u00ed es donde un <a href=\"https:\/\/moverdb.com\/es\/moving-companies\/\" data-internallinksmanager029f6b8e52c=\"79\" title=\"Las 25 mejores empresas de mudanzas internacionales en l\u00ednea\">empresa de mudanzas<\/a> puede aligerar su carga. As\u00ed que a continuaci\u00f3n hemos enumerado <a href=\"https:\/\/moverdb.com\/es\/international-removals\/\" data-internallinksmanager029f6b8e52c=\"27\" title=\"36 mejores empresas de mudanzas internacionales del Reino Unido\">empresas de mudanzas<\/a> que son miembros de la <a href=\"https:\/\/moverdb.com\/es\/iam\/\" data-internallinksmanager029f6b8e52c=\"23\" title=\"Explicaci\u00f3n de la Asociaci\u00f3n Internacional de Empresas de Mudanzas (IAM)\">Asociaci\u00f3n Internacional de Empresas de Mudanzas<\/a> (IAM) y\/o <a href=\"https:\/\/moverdb.com\/es\/fidi-faim\/\" data-internallinksmanager029f6b8e52c=\"16\" title=\"Explicaci\u00f3n del FIDI y del FAIM (FIDI Accredited International Mover)\">FIDI<\/a> Empresa de mudanzas internacionales acreditada (FAIM) que podr\u00eda ayudarle con su mudanza.<\/p>\n<div id=\"ez-toc-container\" class=\"ez-toc-v2_0_82_2 ez-toc-wrap-left counter-hierarchy ez-toc-counter ez-toc-transparent ez-toc-container-direction\">\n<div class=\"ez-toc-title-container\">\n<p class=\"ez-toc-title\" style=\"cursor:inherit\">Secciones<\/p>\n<span class=\"ez-toc-title-toggle\"><a href=\"#\" class=\"ez-toc-pull-right ez-toc-btn ez-toc-btn-xs ez-toc-btn-default ez-toc-toggle\" aria-label=\"Alternar tabla de contenidos\"><span class=\"ez-toc-js-icon-con\"><span class=\"\"><span class=\"eztoc-hide\" style=\"display:none;\">Toggle<\/span><span class=\"ez-toc-icon-toggle-span\"><svg style=\"fill: #999;color:#999\" xmlns=\"http:\/\/www.w3.org\/2000\/svg\" class=\"list-377408\" width=\"20px\" height=\"20px\" viewbox=\"0 0 24 24\" fill=\"none\"><path d=\"M6 6H4v2h2V6zm14 0H8v2h12V6zM4 11h2v2H4v-2zm16 0H8v2h12v-2zM4 16h2v2H4v-2zm16 0H8v2h12v-2z\" fill=\"currentColor\"><\/path><\/svg><svg style=\"fill: #999;color:#999\" class=\"arrow-unsorted-368013\" xmlns=\"http:\/\/www.w3.org\/2000\/svg\" width=\"10px\" height=\"10px\" viewbox=\"0 0 24 24\" version=\"1.2\" baseprofile=\"tiny\"><path d=\"M18.2 9.3l-6.2-6.3-6.2 6.3c-.2.2-.3.4-.3.7s.1.5.3.7c.2.2.4.3.7.3h11c.3 0 .5-.1.7-.3.2-.2.3-.5.3-.7s-.1-.5-.3-.7zM5.8 14.7l6.2 6.3 6.2-6.3c.2-.2.3-.5.3-.7s-.1-.5-.3-.7c-.2-.2-.4-.3-.7-.3h-11c-.3 0-.5.1-.7.3-.2.2-.3.5-.3.7s.1.5.3.7z\"\/><\/svg><\/span><\/span><\/span><\/a><\/span><\/div>\n<nav><ul class='ez-toc-list ez-toc-list-level-1 eztoc-toggle-hide-by-default' ><li class='ez-toc-page-1 ez-toc-heading-level-2'><a class=\"ez-toc-link ez-toc-heading-1\" href=\"https:\/\/moverdb.com\/es\/moving-companies\/moving-companies-kenya\/#1_Quick_Task_Freight_Limited\" >1. Quick Task Freight Limited<\/a><\/li><li class='ez-toc-page-1 ez-toc-heading-level-2'><a class=\"ez-toc-link ez-toc-heading-2\" href=\"https:\/\/moverdb.com\/es\/moving-companies\/moving-companies-kenya\/#2_Nellions_Moving_Relocations\" >2. Nellions Moving &amp; Relocations<\/a><\/li><li class='ez-toc-page-1 ez-toc-heading-level-2'><a class=\"ez-toc-link ez-toc-heading-3\" href=\"https:\/\/moverdb.com\/es\/moving-companies\/moving-companies-kenya\/#3_Benfi_Global_Logistics\" >3. Benfi Global Logistics<\/a><\/li><li class='ez-toc-page-1 ez-toc-heading-level-2'><a class=\"ez-toc-link ez-toc-heading-4\" href=\"https:\/\/moverdb.com\/es\/moving-companies\/moving-companies-kenya\/#4_DB_Schenker\" >4. DB Schenker<\/a><\/li><\/ul><\/nav><\/div>\n<h2><span class=\"ez-toc-section\" id=\"1_Quick_Task_Freight_Limited\"><\/span><strong>1. Quick Task Freight Limited<\/strong><span class=\"ez-toc-section-end\"><\/span><\/h2>\n<p><img loading=\"lazy\" decoding=\"async\" class=\"alignnone size-full wp-image-8356\" src=\"https:\/\/moverdb.com\/wp-content\/uploads\/Quick-Task-Freight-international-moving-company.png\" alt=\"Empresa de mudanzas internacionales Quick Task Freight\" width=\"1440\" height=\"682\" data-wp-pid=\"8356\" srcset=\"https:\/\/moverdb.com\/wp-content\/uploads\/Quick-Task-Freight-international-moving-company.png 1440w, https:\/\/moverdb.com\/wp-content\/uploads\/Quick-Task-Freight-international-moving-company-300x142.png 300w, https:\/\/moverdb.com\/wp-content\/uploads\/Quick-Task-Freight-international-moving-company-1024x485.png 1024w, https:\/\/moverdb.com\/wp-content\/uploads\/Quick-Task-Freight-international-moving-company-18x9.png 18w, https:\/\/moverdb.com\/wp-content\/uploads\/Quick-Task-Freight-international-moving-company-600x284.png 600w\" sizes=\"auto, (max-width: 1440px) 100vw, 1440px\" \/><\/p>\n<ul>\n<li>Traslados locales<\/li>\n<li>Traslados internacionales<\/li>\n<li>Mudanza dom\u00e9stica<\/li>\n<li>Movimientos corporativos<\/li>\n<li>Servicio puerta a puerta a medida<\/li>\n<li>Servicio de embalaje<\/li>\n<li>Transporte por carretera, mar\u00edtimo y a\u00e9reo<\/li>\n<li>Agente de aduanas<\/li>\n<li>Asesoramiento sobre seguros<\/li>\n<li>Instalaciones de almacenamiento<\/li>\n<\/ul>\n<p>Quick Task Freight Limited es una empresa de transporte de mercanc\u00edas y log\u00edstica fundada en 2013 con sede en Kenia, Nairobi y Mombasa, y otras oficinas en \u00c1frica Oriental. Trabajan con socios internacionales para reubicar a personas en todo el mundo. Son miembros de IAM con ocho a\u00f1os de servicio.<\/p>\n<p>Quick Task Freight Limited ofrece servicios de mudanza puerta a puerta a medida para particulares y empresas. Ofrecen un servicio de embalaje que proteger\u00e1 sus pertenencias en tr\u00e1nsito, ya sea por carretera, mar o aire. Prestan asistencia en tr\u00e1mites aduaneros y seguros.<\/p>\n<p>P\u00e1gina web: <a href=\"http:\/\/www.quicktaskfreight.com\" target=\"_blank\" rel=\"noopener\">http:\/\/www.quicktaskfreight.com<\/a><\/p>\n<h2><span class=\"ez-toc-section\" id=\"2_Nellions_Moving_Relocations\"><\/span><strong>2. Nellions Moving &amp; Relocations<\/strong><span class=\"ez-toc-section-end\"><\/span><\/h2>\n<p><img loading=\"lazy\" decoding=\"async\" class=\"alignnone size-full wp-image-8348\" src=\"https:\/\/moverdb.com\/wp-content\/uploads\/Nellions-international-moving-company.png\" alt=\"Empresa de mudanzas internacionales Nellions\" width=\"1440\" height=\"680\" data-wp-pid=\"8348\" srcset=\"https:\/\/moverdb.com\/wp-content\/uploads\/Nellions-international-moving-company.png 1440w, https:\/\/moverdb.com\/wp-content\/uploads\/Nellions-international-moving-company-300x142.png 300w, https:\/\/moverdb.com\/wp-content\/uploads\/Nellions-international-moving-company-1024x484.png 1024w, https:\/\/moverdb.com\/wp-content\/uploads\/Nellions-international-moving-company-18x9.png 18w, https:\/\/moverdb.com\/wp-content\/uploads\/Nellions-international-moving-company-600x283.png 600w\" sizes=\"auto, (max-width: 1440px) 100vw, 1440px\" \/><\/p>\n<ul>\n<li>Movimientos nacionales<\/li>\n<li>Traslados internacionales<\/li>\n<li>Mudanzas residenciales<\/li>\n<li>Traslados de empresas y oficinas<\/li>\n<li>Servicio puerta a puerta<\/li>\n<li>Transporte a\u00e9reo, mar\u00edtimo o por carretera<\/li>\n<li>Opciones de env\u00edo, incluido el grupaje<\/li>\n<li>Despacho de aduanas<\/li>\n<li>Seguros<\/li>\n<li>Instalaciones de almacenamiento<\/li>\n<\/ul>\n<p>Nellions Moving &amp; Relocations es una empresa de mudanzas internacionales con sede en Nairobi. Son miembros de IAM con nueve a\u00f1os de servicio, lo que les da acceso a una red internacional de agentes de mudanzas que les prestan apoyo.<\/p>\n<p>Nellions Moving &amp; Relocations ofrece un estudio previo a la mudanza y asesores de mudanzas para ayudarle a planificar su traslado. Ofrecen servicios puerta a puerta, puerta a<a href=\"https:\/\/moverdb.com\/es\/top-49-container-ports\/\" data-internallinksmanager029f6b8e52c=\"80\" title=\"Los 49 puertos de contenedores m\u00e1s grandes y activos en 2025\">puerto<\/a> o soluciones puerto a puerta. Embalar\u00e1n sus pertenencias de forma segura, lo que incluye la instalaci\u00f3n y montaje de muebles y la creaci\u00f3n de una lista de embalaje sin papeles. Organizar\u00e1n el transporte por aire, mar o carretera y se ocupar\u00e1n de las aduanas de importaci\u00f3n y exportaci\u00f3n. El env\u00edo incluye cargas completas o inferiores a un contenedor y opciones de grupaje.<\/p>\n<p>P\u00e1gina web: <a href=\"http:\/\/www.nellions.co.ke\" target=\"_blank\" rel=\"noopener\">http:\/\/www.nellions.co.ke<\/a><\/p>\n<h2><span class=\"ez-toc-section\" id=\"3_Benfi_Global_Logistics\"><\/span><strong>3. <\/strong><strong>Benfi Global Logistics<\/strong><span class=\"ez-toc-section-end\"><\/span><\/h2>\n<p><img loading=\"lazy\" decoding=\"async\" class=\"alignnone size-full wp-image-8294\" src=\"https:\/\/moverdb.com\/wp-content\/uploads\/Benfi-Global-Logistics-international-moving-company.png\" alt=\"Benfi Global Logistics empresa de mudanzas internacionales\" width=\"1440\" height=\"683\" data-wp-pid=\"8294\" srcset=\"https:\/\/moverdb.com\/wp-content\/uploads\/Benfi-Global-Logistics-international-moving-company.png 1440w, https:\/\/moverdb.com\/wp-content\/uploads\/Benfi-Global-Logistics-international-moving-company-300x142.png 300w, https:\/\/moverdb.com\/wp-content\/uploads\/Benfi-Global-Logistics-international-moving-company-1024x486.png 1024w, https:\/\/moverdb.com\/wp-content\/uploads\/Benfi-Global-Logistics-international-moving-company-18x9.png 18w, https:\/\/moverdb.com\/wp-content\/uploads\/Benfi-Global-Logistics-international-moving-company-600x285.png 600w\" sizes=\"auto, (max-width: 1440px) 100vw, 1440px\" \/><\/p>\n<ul>\n<li>Log\u00edstica local y nacional<\/li>\n<li><a href=\"https:\/\/moverdb.com\/es\/container-shipping\/\" data-internallinksmanager029f6b8e52c=\"3\" title=\"Tabla de tarifas de transporte mar\u00edtimo internacional de contenedores: Abril 2026\">Env\u00edos internacionales<\/a><\/li>\n<li>Env\u00edos individuales<\/li>\n<li>Env\u00edos a empresas<\/li>\n<li>Enfoque personalizado<\/li>\n<li>Carga por carretera utilizando su flota<\/li>\n<li>Opciones de transporte a\u00e9reo<\/li>\n<li>Opciones de transporte mar\u00edtimo<\/li>\n<li>Agente de aduanas<\/li>\n<li>Instalaciones de almacenamiento<\/li>\n<\/ul>\n<p>Benfi Global Logistics es un proveedor integral de soluciones log\u00edsticas que puede realizar entregas en cualquier rinc\u00f3n del mundo y tiene su sede en Nairobi. Cuenta con asociaciones en todo el mundo para ampliar su alcance y prestar servicios a escala internacional. Es miembro de IAM con 10 a\u00f1os de servicio.<\/p>\n<p>Benfi Global Logistics s\u00f3lo ofrece servicios de transporte de mercanc\u00edas y almacenamiento, pero puede atender a particulares y empresas. Ofrecen una gama de opciones de transporte que incluyen el transporte de carga utilizando su flota de camiones, carga a\u00e9rea de peque\u00f1os env\u00edos a las cartas, y el transporte mar\u00edtimo de carga completa o menos de contenedores.<\/p>\n<p>P\u00e1gina web: <a href=\"http:\/\/www.benfifreightkenya.co.ke\" target=\"_blank\" rel=\"noopener\">http:\/\/www.benfifreightkenya.co.ke<\/a><\/p>\n<h2><span class=\"ez-toc-section\" id=\"4_DB_Schenker\"><\/span><strong>4. DB Schenker<\/strong><span class=\"ez-toc-section-end\"><\/span><\/h2>\n<p><img loading=\"lazy\" decoding=\"async\" class=\"alignnone size-full wp-image-8303\" src=\"https:\/\/moverdb.com\/wp-content\/uploads\/DB-Schenker-Kenya-international-moving-company.png\" alt=\"DB Schenker Kenia empresa de mudanzas internacionales\" width=\"1440\" height=\"677\" data-wp-pid=\"8303\" srcset=\"https:\/\/moverdb.com\/wp-content\/uploads\/DB-Schenker-Kenya-international-moving-company.png 1440w, https:\/\/moverdb.com\/wp-content\/uploads\/DB-Schenker-Kenya-international-moving-company-300x141.png 300w, https:\/\/moverdb.com\/wp-content\/uploads\/DB-Schenker-Kenya-international-moving-company-1024x481.png 1024w, https:\/\/moverdb.com\/wp-content\/uploads\/DB-Schenker-Kenya-international-moving-company-18x8.png 18w, https:\/\/moverdb.com\/wp-content\/uploads\/DB-Schenker-Kenya-international-moving-company-600x282.png 600w\" sizes=\"auto, (max-width: 1440px) 100vw, 1440px\" \/><\/p>\n<ul>\n<li>Movimientos nacionales<\/li>\n<li>Traslados internacionales<\/li>\n<li>Mudanzas residenciales<\/li>\n<li>La empresa se mueve<\/li>\n<li>Servicio de embalaje<\/li>\n<li>Embaladores profesionales<\/li>\n<li>Transporte terrestre, ferroviario, a\u00e9reo y mar\u00edtimo<\/li>\n<li>Despacho de aduanas<\/li>\n<li>Servicio de seguimiento<\/li>\n<li>Instalaciones de almacenamiento<\/li>\n<\/ul>\n<p>DB Schenker es un proveedor mundial de servicios log\u00edsticos con presencia en casi 725 emplazamientos y m\u00e1s de 60 pa\u00edses, y lleva operando m\u00e1s de 150 a\u00f1os. Su base en Kenia est\u00e1 en Nairobi, donde ofrece servicios nacionales e internacionales. Disponen de una red internacional para prestar servicios en todo el mundo y son miembros de IAM.<\/p>\n<p>DB Schenker ofrece un servicio de embalaje que proteger\u00e1 sus pertenencias utilizando materiales de embalaje respetuosos con el medio ambiente e incluye el desmontaje y montaje de muebles. Organizar\u00e1n el transporte por tierra, ferrocarril, aire o mar con despacho de aduanas y un servicio de seguimiento que le permitir\u00e1 controlar el progreso.<\/p>\n<p>P\u00e1gina web: <a href=\"http:\/\/www.dbschenker.com\" target=\"_blank\" rel=\"noopener\">http:\/\/www.dbschenker.com<\/a><\/p>","protected":false},"excerpt":{"rendered":"<p>If you are moving home or your business, it might seem a bit daunting especially if you are moving countries with the additional paperwork and arrangements to make. This is where a moving company can really lighten your load. So below we\u2019ve listed Kenyan based removal companies that are members of the International Association of [&hellip;]<\/p>\n","protected":false},"author":4,"featured_media":0,"parent":190,"menu_order":0,"comment_status":"closed","ping_status":"closed","template":"","meta":{"_genesis_hide_title":false,"_genesis_hide_breadcrumbs":false,"_genesis_hide_singular_image":false,"_genesis_hide_footer_widgets":false,"_genesis_custom_body_class":"","_genesis_custom_post_class":"","_genesis_layout":"","footnotes":""},"class_list":{"0":"post-8396","1":"page","2":"type-page","3":"status-publish","5":"entry","6":"has-post-thumbnail"},"_links":{"self":[{"href":"https:\/\/moverdb.com\/es\/wp-json\/wp\/v2\/pages\/8396","targetHints":{"allow":["GET"]}}],"collection":[{"href":"https:\/\/moverdb.com\/es\/wp-json\/wp\/v2\/pages"}],"about":[{"href":"https:\/\/moverdb.com\/es\/wp-json\/wp\/v2\/types\/page"}],"author":[{"embeddable":true,"href":"https:\/\/moverdb.com\/es\/wp-json\/wp\/v2\/users\/4"}],"replies":[{"embeddable":true,"href":"https:\/\/moverdb.com\/es\/wp-json\/wp\/v2\/comments?post=8396"}],"version-history":[{"count":1,"href":"https:\/\/moverdb.com\/es\/wp-json\/wp\/v2\/pages\/8396\/revisions"}],"predecessor-version":[{"id":8397,"href":"https:\/\/moverdb.com\/es\/wp-json\/wp\/v2\/pages\/8396\/revisions\/8397"}],"up":[{"embeddable":true,"href":"https:\/\/moverdb.com\/es\/wp-json\/wp\/v2\/pages\/190"}],"wp:attachment":[{"href":"https:\/\/moverdb.com\/es\/wp-json\/wp\/v2\/media?parent=8396"}],"curies":[{"name":"wp","href":"https:\/\/api.w.org\/{rel}","templated":true}]}}