{"id":8394,"date":"2023-04-27T14:54:05","date_gmt":"2023-04-27T14:54:05","guid":{"rendered":"https:\/\/moverdb.com\/?page_id=8394"},"modified":"2026-01-08T15:24:20","modified_gmt":"2026-01-08T15:24:20","slug":"moving-companies-kazakhstan","status":"publish","type":"page","link":"https:\/\/moverdb.com\/es\/moving-companies\/moving-companies-kazakhstan\/","title":{"rendered":"3 Mejores Empresas de Mudanzas Internacionales en Kazajst\u00e1n"},"content":{"rendered":"<p>Una mudanza puede ser un momento estresante, pero si quieres reducirlo, puedes contratar los servicios de un <a href=\"https:\/\/moverdb.com\/es\/moving-companies\/\" data-internallinksmanager029f6b8e52c=\"79\" title=\"Las 25 mejores empresas de mudanzas internacionales en l\u00ednea\">empresa de mudanzas<\/a>. Pueden encargarse de la organizaci\u00f3n, el embalaje y la administraci\u00f3n de su mudanza. A continuaci\u00f3n encontrar\u00e1 una lista de empresas de Kazajst\u00e1n <a href=\"https:\/\/moverdb.com\/es\/international-removals\/\" data-internallinksmanager029f6b8e52c=\"27\" title=\"36 mejores empresas de mudanzas internacionales del Reino Unido\">empresas de mudanzas<\/a> que son miembros de la <a href=\"https:\/\/moverdb.com\/es\/iam\/\" data-internallinksmanager029f6b8e52c=\"23\" title=\"Explicaci\u00f3n de la Asociaci\u00f3n Internacional de Empresas de Mudanzas (IAM)\">Asociaci\u00f3n Internacional de Empresas de Mudanzas<\/a> (IAM) y\/o <a href=\"https:\/\/moverdb.com\/es\/fidi-faim\/\" data-internallinksmanager029f6b8e52c=\"16\" title=\"Explicaci\u00f3n del FIDI y del FAIM (FIDI Accredited International Mover)\">FIDI<\/a> Empresa de mudanzas internacionales acreditada (FAIM) que podr\u00eda ayudarle con su mudanza.<\/p>\n<h2><strong>1. Intermovex<\/strong><\/h2>\n<p><img loading=\"lazy\" decoding=\"async\" class=\"alignnone size-full wp-image-8330\" src=\"https:\/\/moverdb.com\/wp-content\/uploads\/Intermovex-international-moving-company.png\" alt=\"Empresa de mudanzas internacionales Intermovex\" width=\"1440\" height=\"680\" data-wp-pid=\"8330\" srcset=\"https:\/\/moverdb.com\/wp-content\/uploads\/Intermovex-international-moving-company.png 1440w, https:\/\/moverdb.com\/wp-content\/uploads\/Intermovex-international-moving-company-300x142.png 300w, https:\/\/moverdb.com\/wp-content\/uploads\/Intermovex-international-moving-company-1024x484.png 1024w, https:\/\/moverdb.com\/wp-content\/uploads\/Intermovex-international-moving-company-18x9.png 18w, https:\/\/moverdb.com\/wp-content\/uploads\/Intermovex-international-moving-company-600x283.png 600w\" sizes=\"auto, (max-width: 1440px) 100vw, 1440px\" \/><\/p>\n<ul>\n<li>Movimientos nacionales<\/li>\n<li>Traslados internacionales<\/li>\n<li>Mudanzas dom\u00e9sticas<\/li>\n<li>Traslado de oficinas<\/li>\n<li>Servicio puerta a puerta<\/li>\n<li>Servicio de embalaje<\/li>\n<li>Despacho de aduanas<\/li>\n<li>Manipulaci\u00f3n de obras de arte<\/li>\n<li>Transporte de animales y coches<\/li>\n<li>Almacenamiento de corto a largo plazo<\/li>\n<\/ul>\n<p>Intermovex es una empresa internacional de mudanzas fundada en 2009 con oficinas en Almaty y Astana. Trabajan con socios extranjeros para ayudarles a prestar sus servicios a escala internacional. Son miembros de IAM con 14 a\u00f1os de servicio.<\/p>\n<p>Intermovex ofrece un servicio puerta a puerta con un gestor personal que le ayudar\u00e1 en todas las fases de su mudanza. Su servicio de embalaje utiliza materiales de alta calidad, le ayuda a elegir el medio de transporte m\u00e1s adecuado y le asiste en los tr\u00e1mites aduaneros. Ofrecen una gama de servicios adicionales que incluyen el transporte de coches, exposiciones, animales, bienes culturales y obras de arte, as\u00ed como seguros de carga y almacenamiento.<\/p>\n<p>P\u00e1gina web: <a href=\"http:\/\/www.intermovex.kz\" target=\"_blank\" rel=\"noopener\">http:\/\/www.intermovex.kz<\/a><\/p>\n<h2><strong>2. Gosselin<\/strong><\/h2>\n<p><img loading=\"lazy\" decoding=\"async\" class=\"alignnone size-full wp-image-8321\" src=\"https:\/\/moverdb.com\/wp-content\/uploads\/Gosselin-Kazakhstan-international-moving-company.png\" alt=\"Empresa de mudanzas internacionales Gosselin Kazajst\u00e1n\" width=\"1440\" height=\"680\" data-wp-pid=\"8321\" srcset=\"https:\/\/moverdb.com\/wp-content\/uploads\/Gosselin-Kazakhstan-international-moving-company.png 1440w, https:\/\/moverdb.com\/wp-content\/uploads\/Gosselin-Kazakhstan-international-moving-company-300x142.png 300w, https:\/\/moverdb.com\/wp-content\/uploads\/Gosselin-Kazakhstan-international-moving-company-1024x484.png 1024w, https:\/\/moverdb.com\/wp-content\/uploads\/Gosselin-Kazakhstan-international-moving-company-18x9.png 18w, https:\/\/moverdb.com\/wp-content\/uploads\/Gosselin-Kazakhstan-international-moving-company-600x283.png 600w\" sizes=\"auto, (max-width: 1440px) 100vw, 1440px\" \/><\/p>\n<ul>\n<li>Movimientos nacionales<\/li>\n<li>Traslados internacionales<\/li>\n<li>Mudanzas residenciales<\/li>\n<li>Traslado de oficinas<\/li>\n<li>Servicio puerta a puerta a medida<\/li>\n<li>Servicio de embalaje<\/li>\n<li>Organizaci\u00f3n del transporte<\/li>\n<li>Transporte de mascotas y veh\u00edculos<\/li>\n<li>Seguros<\/li>\n<li>Almacenamiento flexible de corto a largo plazo<\/li>\n<\/ul>\n<p>Gosselin es una empresa internacional de mudanzas y traslados con 34 oficinas en toda Europa y Rusia, incluido Kazajst\u00e1n. Disponen de su propia red de sucursales y socios para ayudarles con las mudanzas internacionales y son miembros de IAM.<\/p>\n<p>Gosselin ofrece un servicio de mudanzas puerta a puerta con una herramienta de encuesta online para proporcionar un presupuesto r\u00e1pido seguido de una estimaci\u00f3n fiable. Proporcionan un servicio de embalaje con profesionales de la mudanza que utilizan materiales de embalaje ecol\u00f3gicos para proteger sus pertenencias y tambi\u00e9n ofrecen desmontar y volver a montar muebles y servicio de desembalaje. Tambi\u00e9n ofrecen servicios adicionales, como mudanzas de mascotas, manipulaci\u00f3n de bellas artes, env\u00edo de coches y soluciones de almacenamiento.<\/p>\n<p>P\u00e1gina web: <a href=\"http:\/\/www.moving.gosselingroup.eu\" target=\"_blank\" rel=\"noopener\">http:\/\/www.moving.gosselingroup.eu<\/a><\/p>\n<h2><strong>3. Globalink Logistics<\/strong><\/h2>\n<p><img loading=\"lazy\" decoding=\"async\" class=\"alignnone size-full wp-image-8320\" src=\"https:\/\/moverdb.com\/wp-content\/uploads\/Globalink-Logistics-international-moving-company.png\" alt=\"Globalink Logistics empresa de mudanzas internacionales\" width=\"1440\" height=\"680\" data-wp-pid=\"8320\" srcset=\"https:\/\/moverdb.com\/wp-content\/uploads\/Globalink-Logistics-international-moving-company.png 1440w, https:\/\/moverdb.com\/wp-content\/uploads\/Globalink-Logistics-international-moving-company-300x142.png 300w, https:\/\/moverdb.com\/wp-content\/uploads\/Globalink-Logistics-international-moving-company-1024x484.png 1024w, https:\/\/moverdb.com\/wp-content\/uploads\/Globalink-Logistics-international-moving-company-18x9.png 18w, https:\/\/moverdb.com\/wp-content\/uploads\/Globalink-Logistics-international-moving-company-600x283.png 600w\" sizes=\"auto, (max-width: 1440px) 100vw, 1440px\" \/><\/p>\n<ul>\n<li>Movimientos nacionales<\/li>\n<li>Traslados internacionales<\/li>\n<li>Mudanzas residenciales<\/li>\n<li>Desplazamientos de empresas<\/li>\n<li>Servicio puerta a puerta<\/li>\n<li>Servicio de embalaje<\/li>\n<li>Transporte de mercanc\u00edas por carretera, ferrocarril, mar y aire<\/li>\n<li>Agente de aduanas<\/li>\n<li>Mudanza de mascotas<\/li>\n<li>Instalaciones de almacenamiento<\/li>\n<\/ul>\n<p>Globalink Logistics es una empresa de log\u00edstica especializada en Europa y Asia que ofrece servicios de mudanzas. Tiene oficinas en Almaty, Astana, Atyrau, Aktobe, Oskemen, Uralsk y Shymkent. Disponen de una red mundial en 55 pa\u00edses para prestar servicios a escala internacional. Son miembros de IAM con 24 a\u00f1os de servicio y est\u00e1n acreditados por FIDI.<\/p>\n<p>Globalink Logistics ofrece una encuesta previa a la mudanza y un proceso de planificaci\u00f3n de la mudanza con un presupuesto. Ofrecen un servicio de mudanza puerta a puerta que incluye transporte de mascotas y veh\u00edculos, seguro y seguimiento de la mudanza. Ofrecen un servicio de embalaje con materiales de alta calidad, con tr\u00e1nsito por carretera, ferrocarril, mar o aire, y le ayudar\u00e1n con el despacho de aduanas.<\/p>\n<p>P\u00e1gina web: <a href=\"https:\/\/globalinklogistics.com\/\" target=\"_blank\" rel=\"noopener\">https:\/\/globalinklogistics.com\/<\/a><\/p>","protected":false},"excerpt":{"rendered":"<p>Moving can be a stressful time but if you want to reduce it, you can employ the services of a moving company. They can take over the organisation, packing and administration of your move. Below we have compiled a list of Kazakhstan based removal companies that are members of the International Association of Movers (IAM) [&hellip;]<\/p>\n","protected":false},"author":4,"featured_media":0,"parent":190,"menu_order":0,"comment_status":"closed","ping_status":"closed","template":"","meta":{"_genesis_hide_title":false,"_genesis_hide_breadcrumbs":false,"_genesis_hide_singular_image":false,"_genesis_hide_footer_widgets":false,"_genesis_custom_body_class":"","_genesis_custom_post_class":"","_genesis_layout":"","footnotes":""},"class_list":{"0":"post-8394","1":"page","2":"type-page","3":"status-publish","5":"entry","6":"has-post-thumbnail"},"_links":{"self":[{"href":"https:\/\/moverdb.com\/es\/wp-json\/wp\/v2\/pages\/8394","targetHints":{"allow":["GET"]}}],"collection":[{"href":"https:\/\/moverdb.com\/es\/wp-json\/wp\/v2\/pages"}],"about":[{"href":"https:\/\/moverdb.com\/es\/wp-json\/wp\/v2\/types\/page"}],"author":[{"embeddable":true,"href":"https:\/\/moverdb.com\/es\/wp-json\/wp\/v2\/users\/4"}],"replies":[{"embeddable":true,"href":"https:\/\/moverdb.com\/es\/wp-json\/wp\/v2\/comments?post=8394"}],"version-history":[{"count":1,"href":"https:\/\/moverdb.com\/es\/wp-json\/wp\/v2\/pages\/8394\/revisions"}],"predecessor-version":[{"id":8395,"href":"https:\/\/moverdb.com\/es\/wp-json\/wp\/v2\/pages\/8394\/revisions\/8395"}],"up":[{"embeddable":true,"href":"https:\/\/moverdb.com\/es\/wp-json\/wp\/v2\/pages\/190"}],"wp:attachment":[{"href":"https:\/\/moverdb.com\/es\/wp-json\/wp\/v2\/media?parent=8394"}],"curies":[{"name":"wp","href":"https:\/\/api.w.org\/{rel}","templated":true}]}}