{"id":7779,"date":"2023-04-27T14:57:32","date_gmt":"2023-04-27T14:57:32","guid":{"rendered":"https:\/\/moverdb.com\/?page_id=7779"},"modified":"2026-01-08T15:29:20","modified_gmt":"2026-01-08T15:29:20","slug":"moving-companies-israel","status":"publish","type":"page","link":"https:\/\/moverdb.com\/es\/moving-companies\/moving-companies-israel\/","title":{"rendered":"6 Mejores Empresas de Mudanzas Internacionales en Israel"},"content":{"rendered":"<p>Trasladar su casa o su negocio puede ser estresante, por lo que contratar los servicios de un <a href=\"https:\/\/moverdb.com\/es\/moving-companies\/\" data-internallinksmanager029f6b8e52c=\"79\" title=\"Las 25 mejores empresas de mudanzas internacionales en l\u00ednea\">empresa de mudanzas<\/a> podr\u00eda reducir la carga de trabajo y facilitar la mudanza. As\u00ed que a continuaci\u00f3n hemos recopilado una lista de <a href=\"https:\/\/moverdb.com\/es\/moving-to-israel\/\" data-internallinksmanager029f6b8e52c=\"333\" title=\"\u00bfSe muda a Israel? 2026 Coste de la vida y consejos para el traslado\">Israel<\/a> basado en <a href=\"https:\/\/moverdb.com\/es\/international-removals\/\" data-internallinksmanager029f6b8e52c=\"27\" title=\"36 mejores empresas de mudanzas internacionales del Reino Unido\">empresas de mudanzas<\/a> que son miembros de la <a href=\"https:\/\/moverdb.com\/es\/iam\/\" data-internallinksmanager029f6b8e52c=\"23\" title=\"Explicaci\u00f3n de la Asociaci\u00f3n Internacional de Empresas de Mudanzas (IAM)\">Asociaci\u00f3n Internacional de Empresas de Mudanzas<\/a> (IAM) y\/o <a href=\"https:\/\/moverdb.com\/es\/fidi-faim\/\" data-internallinksmanager029f6b8e52c=\"16\" title=\"Explicaci\u00f3n del FIDI y del FAIM (FIDI Accredited International Mover)\">FIDI<\/a> Empresa de mudanzas internacionales acreditada (FAIM) que podr\u00eda ayudarle con su mudanza a Israel, desde Israel o dentro del pa\u00eds.<\/p>\n<div id=\"ez-toc-container\" class=\"ez-toc-v2_0_82_2 ez-toc-wrap-left counter-hierarchy ez-toc-counter ez-toc-transparent ez-toc-container-direction\">\n<div class=\"ez-toc-title-container\">\n<p class=\"ez-toc-title\" style=\"cursor:inherit\">Secciones<\/p>\n<span class=\"ez-toc-title-toggle\"><a href=\"#\" class=\"ez-toc-pull-right ez-toc-btn ez-toc-btn-xs ez-toc-btn-default ez-toc-toggle\" aria-label=\"Alternar tabla de contenidos\"><span class=\"ez-toc-js-icon-con\"><span class=\"\"><span class=\"eztoc-hide\" style=\"display:none;\">Toggle<\/span><span class=\"ez-toc-icon-toggle-span\"><svg style=\"fill: #999;color:#999\" xmlns=\"http:\/\/www.w3.org\/2000\/svg\" class=\"list-377408\" width=\"20px\" height=\"20px\" viewbox=\"0 0 24 24\" fill=\"none\"><path d=\"M6 6H4v2h2V6zm14 0H8v2h12V6zM4 11h2v2H4v-2zm16 0H8v2h12v-2zM4 16h2v2H4v-2zm16 0H8v2h12v-2z\" fill=\"currentColor\"><\/path><\/svg><svg style=\"fill: #999;color:#999\" class=\"arrow-unsorted-368013\" xmlns=\"http:\/\/www.w3.org\/2000\/svg\" width=\"10px\" height=\"10px\" viewbox=\"0 0 24 24\" version=\"1.2\" baseprofile=\"tiny\"><path d=\"M18.2 9.3l-6.2-6.3-6.2 6.3c-.2.2-.3.4-.3.7s.1.5.3.7c.2.2.4.3.7.3h11c.3 0 .5-.1.7-.3.2-.2.3-.5.3-.7s-.1-.5-.3-.7zM5.8 14.7l6.2 6.3 6.2-6.3c.2-.2.3-.5.3-.7s-.1-.5-.3-.7c-.2-.2-.4-.3-.7-.3h-11c-.3 0-.5.1-.7.3-.2.2-.3.5-.3.7s.1.5.3.7z\"\/><\/svg><\/span><\/span><\/span><\/a><\/span><\/div>\n<nav><ul class='ez-toc-list ez-toc-list-level-1 eztoc-toggle-hide-by-default' ><li class='ez-toc-page-1 ez-toc-heading-level-2'><a class=\"ez-toc-link ez-toc-heading-1\" href=\"https:\/\/moverdb.com\/es\/moving-companies\/moving-companies-israel\/#1_Globus_Relocation\" >1. Reubicaci\u00f3n de Globus<\/a><\/li><li class='ez-toc-page-1 ez-toc-heading-level-2'><a class=\"ez-toc-link ez-toc-heading-2\" href=\"https:\/\/moverdb.com\/es\/moving-companies\/moving-companies-israel\/#2_Infinity_Pack_Ship\" >2. Infinity Pack &amp; Ship<\/a><\/li><li class='ez-toc-page-1 ez-toc-heading-level-2'><a class=\"ez-toc-link ez-toc-heading-3\" href=\"https:\/\/moverdb.com\/es\/moving-companies\/moving-companies-israel\/#3_Ocean\" >3. Oc\u00e9ano<\/a><\/li><li class='ez-toc-page-1 ez-toc-heading-level-2'><a class=\"ez-toc-link ez-toc-heading-4\" href=\"https:\/\/moverdb.com\/es\/moving-companies\/moving-companies-israel\/#4_Sonigo\" >4. Sonigo<\/a><\/li><li class='ez-toc-page-1 ez-toc-heading-level-2'><a class=\"ez-toc-link ez-toc-heading-5\" href=\"https:\/\/moverdb.com\/es\/moving-companies\/moving-companies-israel\/#5_A_Univers_Transit\" >5. A. Tr\u00e1nsito Univers<\/a><\/li><li class='ez-toc-page-1 ez-toc-heading-level-2'><a class=\"ez-toc-link ez-toc-heading-6\" href=\"https:\/\/moverdb.com\/es\/moving-companies\/moving-companies-israel\/#6_Teamnet\" >6. Teamnet<\/a><\/li><li class='ez-toc-page-1 ez-toc-heading-level-2'><a class=\"ez-toc-link ez-toc-heading-7\" href=\"https:\/\/moverdb.com\/es\/moving-companies\/moving-companies-israel\/#Other_Useful_Guides_to_Israel\" >Otras gu\u00edas \u00fatiles sobre Israel<\/a><\/li><\/ul><\/nav><\/div>\n<h2><span class=\"ez-toc-section\" id=\"1_Globus_Relocation\"><\/span><strong>1. Reubicaci\u00f3n de Globus<\/strong><span class=\"ez-toc-section-end\"><\/span><\/h2>\n<p><img loading=\"lazy\" decoding=\"async\" class=\"alignnone size-full wp-image-7699\" src=\"https:\/\/moverdb.com\/wp-content\/uploads\/Globus-Relocation-international-moving-company.png\" alt=\"Globus Relocation empresa de mudanzas internacionales\" width=\"1440\" height=\"681\" data-wp-pid=\"7699\" srcset=\"https:\/\/moverdb.com\/wp-content\/uploads\/Globus-Relocation-international-moving-company.png 1440w, https:\/\/moverdb.com\/wp-content\/uploads\/Globus-Relocation-international-moving-company-300x142.png 300w, https:\/\/moverdb.com\/wp-content\/uploads\/Globus-Relocation-international-moving-company-1024x484.png 1024w, https:\/\/moverdb.com\/wp-content\/uploads\/Globus-Relocation-international-moving-company-18x9.png 18w, https:\/\/moverdb.com\/wp-content\/uploads\/Globus-Relocation-international-moving-company-600x284.png 600w\" sizes=\"auto, (max-width: 1440px) 100vw, 1440px\" \/><\/p>\n<ul>\n<li>Traslados internacionales<\/li>\n<li>Traslados personales<\/li>\n<li>Mudanzas comerciales<\/li>\n<li>Servicios de reubicaci\u00f3n<\/li>\n<li>Servicio puerta a puerta<\/li>\n<li>Asistencia en el embalaje<\/li>\n<li>Materiales de embalaje avanzados y personalizados<\/li>\n<li>Transporte terrestre, mar\u00edtimo y a\u00e9reo<\/li>\n<li>Seguros<\/li>\n<li>Almacenamiento seguro<\/li>\n<\/ul>\n<p>Globus Relocation es una empresa internacional de embalaje y <a href=\"https:\/\/moverdb.com\/es\/shipping-companies\/\" data-internallinksmanager029f6b8e52c=\"4\" title=\"Las 10 mejores empresas de transporte internacional de contenedores\">empresa de transporte<\/a> que se fund\u00f3 en 2014 y tiene su sede en Ashdod. Son miembros de IAM y est\u00e1n acreditados por FIDI. Estas afiliaciones o acreditados les dan acceso a una red internacional de agentes.<\/p>\n<p>Globus Relocation asigna a uno de sus especialistas para que le ayude durante toda la mudanza. Proporcionan un servicio puerta a puerta que ofrece materiales de embalaje avanzados y soluciones de embalaje personalizadas que se adaptan a todos los art\u00edculos. Organizan el transporte de sus pertenencias por tierra, mar o aire. Prestan servicios adicionales de reubicaci\u00f3n que incluyen visados de trabajo, b\u00fasqueda de vivienda y colegio, alquiler de muebles, servicios de llegada y servicio de limpieza.<\/p>\n<p>P\u00e1gina web: <a href=\"http:\/\/www.globus-relocation.com\" target=\"_blank\" rel=\"noopener\">http:\/\/www.globus-relocation.com<\/a><\/p>\n<h2><span class=\"ez-toc-section\" id=\"2_Infinity_Pack_Ship\"><\/span><strong>2. Infinity Pack &amp; Ship<\/strong><span class=\"ez-toc-section-end\"><\/span><\/h2>\n<p><img loading=\"lazy\" decoding=\"async\" class=\"alignnone size-full wp-image-7707\" src=\"https:\/\/moverdb.com\/wp-content\/uploads\/Infinity-Pack-Ship-international-moving-company.png\" alt=\"Infinity Pack &amp; Ship empresa de mudanzas internacionales\" width=\"1440\" height=\"680\" data-wp-pid=\"7707\" srcset=\"https:\/\/moverdb.com\/wp-content\/uploads\/Infinity-Pack-Ship-international-moving-company.png 1440w, https:\/\/moverdb.com\/wp-content\/uploads\/Infinity-Pack-Ship-international-moving-company-300x142.png 300w, https:\/\/moverdb.com\/wp-content\/uploads\/Infinity-Pack-Ship-international-moving-company-1024x484.png 1024w, https:\/\/moverdb.com\/wp-content\/uploads\/Infinity-Pack-Ship-international-moving-company-18x9.png 18w, https:\/\/moverdb.com\/wp-content\/uploads\/Infinity-Pack-Ship-international-moving-company-600x283.png 600w\" sizes=\"auto, (max-width: 1440px) 100vw, 1440px\" \/><\/p>\n<ul>\n<li>Movimientos nacionales<\/li>\n<li>Traslados internacionales<\/li>\n<li>Mudanzas residenciales<\/li>\n<li>Env\u00edos comerciales<\/li>\n<li>Puerta a puerta o puerta a<a href=\"https:\/\/moverdb.com\/es\/top-49-container-ports\/\" data-internallinksmanager029f6b8e52c=\"80\" title=\"Los 49 puertos de contenedores m\u00e1s grandes y activos en 2025\">puerto<\/a> servicio<\/li>\n<li>Asistencia en el embalaje<\/li>\n<li>Servicios por carretera, mar y aire<\/li>\n<li>Despacho de aduanas<\/li>\n<li>Seguros<\/li>\n<li>Almacenamiento de corto a largo plazo<\/li>\n<\/ul>\n<p>Infinity Pack &amp; Ship es una empresa de mudanzas y log\u00edstica fundada en 2005 en Jerusal\u00e9n. Trabajan con una red internacional de empresas de mudanzas y log\u00edstica para prestar sus servicios. Son miembros de IAM con 16 a\u00f1os de servicio.<\/p>\n<p>Infinity Pack &amp; Ship ofrece un estudio gratuito a domicilio y se encarga de todos los tr\u00e1mites de su mudanza, incluido el despacho de aduanas. Proporcionan un equipo de embalaje profesional para embalar sus pertenencias de forma segura. Ofrecen una gran variedad de opciones de transporte, incluido el transporte por carretera, como bolsas de aire cerradas, remolques y refrigeraci\u00f3n, flete a\u00e9reo y flete mar\u00edtimo, como cargas completas o inferiores a un contenedor.<\/p>\n<p>P\u00e1gina web: <a href=\"http:\/\/infinitypack.co.il\" target=\"_blank\" rel=\"noopener\">http:\/\/infinitypack.co.il<\/a><\/p>\n<h2><span class=\"ez-toc-section\" id=\"3_Ocean\"><\/span><strong>3. <\/strong><strong>Oc\u00e9ano<\/strong><span class=\"ez-toc-section-end\"><\/span><\/h2>\n<p><img loading=\"lazy\" decoding=\"async\" class=\"alignnone size-full wp-image-7731\" src=\"https:\/\/moverdb.com\/wp-content\/uploads\/Ocean-international-moving-company.png\" alt=\"Empresa de mudanzas internacionales Ocean\" width=\"1440\" height=\"682\" data-wp-pid=\"7731\" srcset=\"https:\/\/moverdb.com\/wp-content\/uploads\/Ocean-international-moving-company.png 1440w, https:\/\/moverdb.com\/wp-content\/uploads\/Ocean-international-moving-company-300x142.png 300w, https:\/\/moverdb.com\/wp-content\/uploads\/Ocean-international-moving-company-1024x485.png 1024w, https:\/\/moverdb.com\/wp-content\/uploads\/Ocean-international-moving-company-18x9.png 18w, https:\/\/moverdb.com\/wp-content\/uploads\/Ocean-international-moving-company-600x284.png 600w\" sizes=\"auto, (max-width: 1440px) 100vw, 1440px\" \/><\/p>\n<ul>\n<li>Traslados internacionales<\/li>\n<li>Mudanzas dom\u00e9sticas<\/li>\n<li>Servicios de reubicaci\u00f3n<\/li>\n<li>Gestor de clientes para ayudarle<\/li>\n<li>Servicio de embalaje<\/li>\n<li>Transporte por carretera, mar\u00edtimo y a\u00e9reo<\/li>\n<li>Despacho de aduanas<\/li>\n<li>Seguimiento del env\u00edo<\/li>\n<li>Acreditado por el FIDI<\/li>\n<li>Servicios globales de almacenamiento<\/li>\n<\/ul>\n<p>Ocean es una empresa de mudanzas y traslados con sede en el kibutz Yakum. Trabajan con socios internacionales para prestar servicios de mudanza y reubicaci\u00f3n a escala internacional. Son miembros de IAM con 79 a\u00f1os de servicio y est\u00e1n acreditados por FIDI.<\/p>\n<p>Ocean pone a su disposici\u00f3n un gestor de reubicaci\u00f3n para ayudarle durante toda la mudanza y elaborar un plan de transporte. Proporcionan un tasador para evaluar sus necesidades y elaborar un plan de lo que debe transportarse por aire, mar o en equipaje. Sus servicios de reubicaci\u00f3n incluyen la b\u00fasqueda de vivienda y colegios, servicios de aclimataci\u00f3n, alojamiento temporal, alquiler de muebles, visados de trabajo, aprendizaje de idiomas y soluciones de almacenamiento.<\/p>\n<p>P\u00e1gina web: <a href=\"http:\/\/www.ocean-il.co.il\" target=\"_blank\" rel=\"noopener\">http:\/\/www.ocean-il.co.il<\/a><\/p>\n<h2><span class=\"ez-toc-section\" id=\"4_Sonigo\"><\/span><strong>4. Sonigo<\/strong><span class=\"ez-toc-section-end\"><\/span><\/h2>\n<p><img loading=\"lazy\" decoding=\"async\" class=\"alignnone size-full wp-image-7750\" src=\"https:\/\/moverdb.com\/wp-content\/uploads\/Sonigo-international-moving-company.png\" alt=\"Empresa de mudanzas internacionales Sonigo\" width=\"1440\" height=\"679\" data-wp-pid=\"7750\" srcset=\"https:\/\/moverdb.com\/wp-content\/uploads\/Sonigo-international-moving-company.png 1440w, https:\/\/moverdb.com\/wp-content\/uploads\/Sonigo-international-moving-company-300x141.png 300w, https:\/\/moverdb.com\/wp-content\/uploads\/Sonigo-international-moving-company-1024x483.png 1024w, https:\/\/moverdb.com\/wp-content\/uploads\/Sonigo-international-moving-company-18x8.png 18w, https:\/\/moverdb.com\/wp-content\/uploads\/Sonigo-international-moving-company-600x283.png 600w\" sizes=\"auto, (max-width: 1440px) 100vw, 1440px\" \/><\/p>\n<ul>\n<li>Traslados locales y nacionales<\/li>\n<li>Traslados y mudanzas internacionales<\/li>\n<li>Mudanzas dom\u00e9sticas<\/li>\n<li>Mudanzas comerciales<\/li>\n<li>Servicio puerta a puerta<\/li>\n<li>Servicio de embalaje<\/li>\n<li>Despacho de aduanas<\/li>\n<li>Manipulaci\u00f3n de obras de arte<\/li>\n<li>Seguros<\/li>\n<li>Almacenamiento a corto y largo plazo<\/li>\n<\/ul>\n<p>Sonigo es un <a href=\"https:\/\/moverdb.com\/es\/container-shipping\/\" data-internallinksmanager029f6b8e52c=\"3\" title=\"Tabla de tarifas de transporte mar\u00edtimo internacional de contenedores: Abril 2026\">env\u00edos internacionales<\/a> empresa con sede en Gan Yavne que opera desde 1986 ofreciendo servicios de embalaje y env\u00edo dom\u00e9stico y comercial. Cuentan con una red mundial de agentes de transporte internacional cuidadosamente seleccionados. Son miembros de IAM con 36 a\u00f1os de servicio y est\u00e1n acreditados por FIDI.<\/p>\n<p>Sonigo ofrece servicios de mudanza y traslado puerta a puerta que comienzan con un estudio a domicilio para evaluar las necesidades y proporcionar un presupuesto. Ofrecen un servicio profesional de embalaje, cumplimentaci\u00f3n de documentaci\u00f3n y organizaci\u00f3n del transporte. Sus servicios de reubicaci\u00f3n incluyen visados, asesoramiento fiscal, b\u00fasqueda de viviendas y escuelas, alquiler de muebles, servicios de llegada, servicios de orientaci\u00f3n y asistencia con los servicios p\u00fablicos.<\/p>\n<p>P\u00e1gina web: <a href=\"http:\/\/www.sonigo.com\" target=\"_blank\" rel=\"noopener\">http:\/\/www.sonigo.com<\/a><\/p>\n<h2><span class=\"ez-toc-section\" id=\"5_A_Univers_Transit\"><\/span><strong>5. A. Tr\u00e1nsito Univers<\/strong><span class=\"ez-toc-section-end\"><\/span><\/h2>\n<p><img loading=\"lazy\" decoding=\"async\" class=\"alignnone size-full wp-image-7654\" src=\"https:\/\/moverdb.com\/wp-content\/uploads\/A-Univers-Transit-international-moving-company.png\" alt=\"Empresa de mudanzas internacionales A Univers Transit\" width=\"1440\" height=\"691\" data-wp-pid=\"7654\" srcset=\"https:\/\/moverdb.com\/wp-content\/uploads\/A-Univers-Transit-international-moving-company.png 1440w, https:\/\/moverdb.com\/wp-content\/uploads\/A-Univers-Transit-international-moving-company-300x144.png 300w, https:\/\/moverdb.com\/wp-content\/uploads\/A-Univers-Transit-international-moving-company-1024x491.png 1024w, https:\/\/moverdb.com\/wp-content\/uploads\/A-Univers-Transit-international-moving-company-18x9.png 18w, https:\/\/moverdb.com\/wp-content\/uploads\/A-Univers-Transit-international-moving-company-600x288.png 600w\" sizes=\"auto, (max-width: 1440px) 100vw, 1440px\" \/><\/p>\n<ul>\n<li>Traslados internacionales<\/li>\n<li>Mudanzas dom\u00e9sticas<\/li>\n<li>Mudanzas comerciales<\/li>\n<li>Servicios de reubicaci\u00f3n<\/li>\n<li>Servicio puerta a puerta<\/li>\n<li>Embalaje profesional<\/li>\n<li>Transporte a\u00e9reo y mar\u00edtimo<\/li>\n<li>Cumplimentaci\u00f3n de documentos<\/li>\n<li>B\u00fasquedas en domicilios y centros escolares<\/li>\n<li>Almacenamiento seguro<\/li>\n<\/ul>\n<p>Univers Transit es una empresa de env\u00edos, transporte y reubicaci\u00f3n que tambi\u00e9n ofrece soluciones de embalaje y almacenamiento fundada a finales de los a\u00f1os ochenta. Tiene oficinas en Tel Aviv, Ashdod y Haifa. Son miembros de IAM con 28 a\u00f1os de servicio y est\u00e1n acreditados por FIDI.<\/p>\n<p>Univers Transit ofrece servicios de mudanza y traslado puerta a puerta que comienzan con una reuni\u00f3n de consulta para evaluar sus necesidades y crear un plan de mudanza. Proporcionan servicios profesionales de embalaje y cajas adecuadas para sus pertenencias. Cargar\u00e1n los contenedores y cajas para su transporte y los llevar\u00e1n al aeropuerto o puerto para su entrega.<\/p>\n<p>P\u00e1gina web: <a href=\"http:\/\/www.univers-transit.co.il\" target=\"_blank\" rel=\"noopener\">http:\/\/www.univers-transit.co.il<\/a><\/p>\n<h2><span class=\"ez-toc-section\" id=\"6_Teamnet\"><\/span><strong>6. Teamnet<\/strong><span class=\"ez-toc-section-end\"><\/span><\/h2>\n<p><img loading=\"lazy\" decoding=\"async\" class=\"alignnone size-full wp-image-7752\" src=\"https:\/\/moverdb.com\/wp-content\/uploads\/Teamnet-international-moving-company.png\" alt=\"Teamnet empresa de mudanzas internacionales\" width=\"1440\" height=\"685\" data-wp-pid=\"7752\" srcset=\"https:\/\/moverdb.com\/wp-content\/uploads\/Teamnet-international-moving-company.png 1440w, https:\/\/moverdb.com\/wp-content\/uploads\/Teamnet-international-moving-company-300x143.png 300w, https:\/\/moverdb.com\/wp-content\/uploads\/Teamnet-international-moving-company-1024x487.png 1024w, https:\/\/moverdb.com\/wp-content\/uploads\/Teamnet-international-moving-company-18x9.png 18w, https:\/\/moverdb.com\/wp-content\/uploads\/Teamnet-international-moving-company-600x285.png 600w\" sizes=\"auto, (max-width: 1440px) 100vw, 1440px\" \/><\/p>\n<ul>\n<li>Traslados internacionales<\/li>\n<li>Traslados personales<\/li>\n<li>Env\u00edos comerciales<\/li>\n<li>Servicios de reubicaci\u00f3n<\/li>\n<li>Servicio puerta a puerta<\/li>\n<li>Servicios de embalaje<\/li>\n<li>Gesti\u00f3n del transporte mar\u00edtimo o a\u00e9reo<\/li>\n<li>Tr\u00e1mites aduaneros<\/li>\n<li>Seguros<\/li>\n<li>Instalaciones de almacenamiento<\/li>\n<\/ul>\n<p>Teamnet es una empresa de mudanzas y traslados con sede en Haifa. Ofrecen una amplia gama de servicios a particulares y empresas que transportan mercanc\u00edas desde o hacia Israel. Trabajan con una red de agentes internacionales para prestar servicios fuera de Israel y son miembros de IAM.<\/p>\n<p>Teamnet ofrece un servicio de mudanzas y traslados puerta a puerta para clientes salientes y entrantes en Israel. Realizan una consulta a domicilio para evaluar sus necesidades de mudanza. Crear\u00e1n un plan detallado y proporcionar\u00e1n un servicio de embalaje con materiales de embalaje avanzados adecuados para el transporte mar\u00edtimo o a\u00e9reo. Se ocupar\u00e1n de las autoridades y los tr\u00e1mites aduaneros.<\/p>\n<p>P\u00e1gina web: <a href=\"http:\/\/www.en.team-net.co.il\" target=\"_blank\" rel=\"noopener\">http:\/\/www.en.team-net.co.il<\/a><\/p>\n<h2><span class=\"ez-toc-section\" id=\"Other_Useful_Guides_to_Israel\"><\/span>Otras gu\u00edas \u00fatiles sobre Israel<span class=\"ez-toc-section-end\"><\/span><\/h2>\n<ul>\n<li> <a href=\"https:\/\/moverdb.com\/es\/transporte-de-contenedores\/israel\/\">2024 Tarifas de transporte mar\u00edtimo de contenedores desde y hacia Israel<\/a><\/li>\n<li> <a href=\"https:\/\/moverdb.com\/es\/moving-to-israel\/\">\u00bfSe muda a Israel? 2026 Coste de la vida y consejos para el traslado<\/a><\/li>\n<li> <a href=\"https:\/\/moverdb.com\/es\/moving-to-israel\/best-places-to-live-israel\/\">13 mejores lugares para vivir en Israel<\/a><\/li>\n<li> <a href=\"https:\/\/moverdb.com\/es\/moving-to-israel\/living-in-israel\/\">21 secretos sobre la vida en Israel que debe conocer antes de mudarse<\/a><\/li>\n<\/ul>","protected":false},"excerpt":{"rendered":"<p>Moving your home or business can be stressful so employing the services of a moving company could reduce the workload and ease the move. So below we have compiled a list of Israel based removal companies that are members of the International Association of Movers (IAM) and\/or FIDI Accredited International Mover (FAIM) who could assist [&hellip;]<\/p>\n","protected":false},"author":4,"featured_media":0,"parent":190,"menu_order":0,"comment_status":"closed","ping_status":"closed","template":"","meta":{"_genesis_hide_title":false,"_genesis_hide_breadcrumbs":false,"_genesis_hide_singular_image":false,"_genesis_hide_footer_widgets":false,"_genesis_custom_body_class":"","_genesis_custom_post_class":"","_genesis_layout":"","footnotes":""},"class_list":{"0":"post-7779","1":"page","2":"type-page","3":"status-publish","5":"entry","6":"has-post-thumbnail"},"_links":{"self":[{"href":"https:\/\/moverdb.com\/es\/wp-json\/wp\/v2\/pages\/7779","targetHints":{"allow":["GET"]}}],"collection":[{"href":"https:\/\/moverdb.com\/es\/wp-json\/wp\/v2\/pages"}],"about":[{"href":"https:\/\/moverdb.com\/es\/wp-json\/wp\/v2\/types\/page"}],"author":[{"embeddable":true,"href":"https:\/\/moverdb.com\/es\/wp-json\/wp\/v2\/users\/4"}],"replies":[{"embeddable":true,"href":"https:\/\/moverdb.com\/es\/wp-json\/wp\/v2\/comments?post=7779"}],"version-history":[{"count":4,"href":"https:\/\/moverdb.com\/es\/wp-json\/wp\/v2\/pages\/7779\/revisions"}],"predecessor-version":[{"id":17076,"href":"https:\/\/moverdb.com\/es\/wp-json\/wp\/v2\/pages\/7779\/revisions\/17076"}],"up":[{"embeddable":true,"href":"https:\/\/moverdb.com\/es\/wp-json\/wp\/v2\/pages\/190"}],"wp:attachment":[{"href":"https:\/\/moverdb.com\/es\/wp-json\/wp\/v2\/media?parent=7779"}],"curies":[{"name":"wp","href":"https:\/\/api.w.org\/{rel}","templated":true}]}}