{"id":7764,"date":"2023-04-27T14:59:23","date_gmt":"2023-04-27T14:59:23","guid":{"rendered":"https:\/\/moverdb.com\/?page_id=7764"},"modified":"2026-01-08T15:23:45","modified_gmt":"2026-01-08T15:23:45","slug":"moving-companies-iraq","status":"publish","type":"page","link":"https:\/\/moverdb.com\/es\/moving-companies\/moving-companies-iraq\/","title":{"rendered":"2 Mejores Empresas de Mudanzas Internacionales en Iraq"},"content":{"rendered":"<p>Mudarse de casa o de empresa nunca es sencillo, por lo que obtener asistencia puede ser de gran ayuda, sobre todo si se traslada de un pa\u00eds a otro. Si se muda dentro de Iraq, a Iraq o desde Iraq, hemos recopilado una lista de <a href=\"https:\/\/moverdb.com\/es\/international-removals\/\" data-internallinksmanager029f6b8e52c=\"27\" title=\"36 mejores empresas de mudanzas internacionales del Reino Unido\">empresas de mudanzas<\/a> que son miembros de la <a href=\"https:\/\/moverdb.com\/es\/iam\/\" data-internallinksmanager029f6b8e52c=\"23\" title=\"Explicaci\u00f3n de la Asociaci\u00f3n Internacional de Empresas de Mudanzas (IAM)\">Asociaci\u00f3n Internacional de Empresas de Mudanzas<\/a> (IAM) y\/o <a href=\"https:\/\/moverdb.com\/es\/fidi-faim\/\" data-internallinksmanager029f6b8e52c=\"16\" title=\"Explicaci\u00f3n del FIDI y del FAIM (FIDI Accredited International Mover)\">FIDI<\/a> Empresa de mudanzas internacionales acreditada (FAIM) que podr\u00eda ayudarle con su mudanza.<\/p>\n<h2><strong>1. Log\u00edstica BCC<\/strong><\/h2>\n<p><img loading=\"lazy\" decoding=\"async\" class=\"alignnone size-full wp-image-7673\" src=\"https:\/\/moverdb.com\/wp-content\/uploads\/BCC-Logistics-international-moving-company.png\" alt=\"BCC Logistics empresa de mudanzas internacionales\" width=\"1440\" height=\"634\" data-wp-pid=\"7673\" srcset=\"https:\/\/moverdb.com\/wp-content\/uploads\/BCC-Logistics-international-moving-company.png 1440w, https:\/\/moverdb.com\/wp-content\/uploads\/BCC-Logistics-international-moving-company-300x132.png 300w, https:\/\/moverdb.com\/wp-content\/uploads\/BCC-Logistics-international-moving-company-1024x451.png 1024w, https:\/\/moverdb.com\/wp-content\/uploads\/BCC-Logistics-international-moving-company-18x8.png 18w, https:\/\/moverdb.com\/wp-content\/uploads\/BCC-Logistics-international-moving-company-600x264.png 600w\" sizes=\"auto, (max-width: 1440px) 100vw, 1440px\" \/><\/p>\n<ul>\n<li>Movimientos nacionales<\/li>\n<li>Traslados internacionales<\/li>\n<li>Mudanzas dom\u00e9sticas<\/li>\n<li>Traslados empresariales, diplom\u00e1ticos y militares<\/li>\n<li>Servicio de mudanzas puerta a puerta<\/li>\n<li>Servicio de embalaje<\/li>\n<li>Transporte por carretera, mar\u00edtimo y a\u00e9reo<\/li>\n<li>Despacho de aduanas<\/li>\n<li>Manipulaci\u00f3n de bellas artes<\/li>\n<li>Instalaciones de almacenamiento<\/li>\n<\/ul>\n<p>BCC Logistics es un proveedor mundial de servicios de transporte de mercanc\u00edas fundado en 1993 en <a href=\"https:\/\/moverdb.com\/es\/moving-companies\/moving-companies-lebanon\/\" data-internallinksmanager029f6b8e52c=\"302\" title=\"7 Mejores Empresas de Mudanzas Internacionales en L\u00edbano\">L\u00edbano<\/a> con oficinas en <a href=\"https:\/\/moverdb.com\/es\/moving-to-qatar\/\" data-internallinksmanager029f6b8e52c=\"334\" title=\"\u00bfSe muda a Qatar? 2026 Coste de la vida y consejos para la reubicaci\u00f3n\">Qatar<\/a>, Iraq y <a href=\"https:\/\/moverdb.com\/es\/moving-to-saudi-arabia\/\" data-internallinksmanager029f6b8e52c=\"319\" title=\"\u00bfSe muda a Arabia Saud\u00ed? 2026 Coste de la vida y consejos para el traslado\">Arabia Saud\u00ed<\/a>. La oficina de Irak, en Erbil, abri\u00f3 en 2008. Disponen de una red internacional de agentes para apoyar sus esfuerzos globales. Son miembros de IAM con 15 a\u00f1os de servicio.<\/p>\n<p>BCC Logistics ofrece un servicio de mudanzas puerta a puerta para traslados nacionales e internacionales. Ofrecen un servicio de embalaje que incluye env\u00edos mar\u00edtimos en contenedor, tri-wall para env\u00edos a\u00e9reos y furgonetas elevadoras de madera. Desembalan y montan los muebles y retiran los restos de embalaje. Organizan env\u00edos por tierra, mar o aire con tr\u00e1mites aduaneros.<\/p>\n<p>P\u00e1gina web: <a href=\"http:\/\/www.bcclogistics.com\" target=\"_blank\" rel=\"noopener\">http:\/\/www.bcclogistics.com<\/a><\/p>\n<h2><strong>2. Paxton<\/strong><\/h2>\n<p><img loading=\"lazy\" decoding=\"async\" class=\"alignnone size-full wp-image-7736\" src=\"https:\/\/moverdb.com\/wp-content\/uploads\/Paxton-international-moving-company.png\" alt=\"Empresa de mudanzas internacionales Paxton\" width=\"1440\" height=\"682\" data-wp-pid=\"7736\" srcset=\"https:\/\/moverdb.com\/wp-content\/uploads\/Paxton-international-moving-company.png 1440w, https:\/\/moverdb.com\/wp-content\/uploads\/Paxton-international-moving-company-300x142.png 300w, https:\/\/moverdb.com\/wp-content\/uploads\/Paxton-international-moving-company-1024x485.png 1024w, https:\/\/moverdb.com\/wp-content\/uploads\/Paxton-international-moving-company-18x9.png 18w, https:\/\/moverdb.com\/wp-content\/uploads\/Paxton-international-moving-company-600x284.png 600w\" sizes=\"auto, (max-width: 1440px) 100vw, 1440px\" \/><\/p>\n<ul>\n<li>Movimientos nacionales<\/li>\n<li>Traslados internacionales<\/li>\n<li>Traslado de hogares<\/li>\n<li>Mudanzas de oficinas e industriales<\/li>\n<li>Servicio puerta a puerta<\/li>\n<li>Servicio de embalaje<\/li>\n<li>Organizaci\u00f3n del transporte<\/li>\n<li>Despacho de aduanas<\/li>\n<li>Transporte de veh\u00edculos<\/li>\n<li>Instalaciones de almacenamiento seguras<\/li>\n<\/ul>\n<p>Paxton es una empresa de servicios de reubicaci\u00f3n, informaci\u00f3n y gesti\u00f3n log\u00edstica que opera a escala local y mundial. Llevan m\u00e1s de 60 a\u00f1os operando y tienen oficinas en Am\u00e9rica, Pakist\u00e1n, Sud\u00e1n del Sur, <a href=\"https:\/\/moverdb.com\/es\/moving-to-singapore\/\" data-internallinksmanager029f6b8e52c=\"68\" title=\"\u00bfMudarse a Singapur? 2026 Costes de vida y consejos de reubicaci\u00f3n\">Singapur<\/a>En Afganist\u00e1n e Irak, en Bagdad y Erbil. Disponen de una red de socios seleccionados para prestar servicios a escala internacional y son miembros de IAM.<\/p>\n<p>Paxton ofrece un servicio de mudanzas puerta a puerta a escala local, nacional e internacional. Proporcionan un servicio de embalaje para proteger sus pertenencias en tr\u00e1nsito, o una opci\u00f3n de h\u00e1galo usted mismo. Proporcionan opciones de transporte que se ajustan a sus necesidades y presupuesto, y ofrecen asistencia en el despacho de aduanas.<\/p>\n<p>P\u00e1gina web: <a href=\"http:\/\/www.paxton.com\" target=\"_blank\" rel=\"noopener\">http:\/\/www.paxton.com<\/a><\/p>","protected":false},"excerpt":{"rendered":"<p>Moving home or your business is never straightforward so getting assistance can really help especially if you are moving between countries. If you moving within, to or from Iraq, we have compiled a list of removal companies that are members of the International Association of Movers (IAM) and\/or FIDI Accredited International Mover (FAIM) who could [&hellip;]<\/p>\n","protected":false},"author":4,"featured_media":0,"parent":190,"menu_order":0,"comment_status":"closed","ping_status":"closed","template":"","meta":{"_genesis_hide_title":false,"_genesis_hide_breadcrumbs":false,"_genesis_hide_singular_image":false,"_genesis_hide_footer_widgets":false,"_genesis_custom_body_class":"","_genesis_custom_post_class":"","_genesis_layout":"","footnotes":""},"class_list":{"0":"post-7764","1":"page","2":"type-page","3":"status-publish","5":"entry","6":"has-post-thumbnail"},"_links":{"self":[{"href":"https:\/\/moverdb.com\/es\/wp-json\/wp\/v2\/pages\/7764","targetHints":{"allow":["GET"]}}],"collection":[{"href":"https:\/\/moverdb.com\/es\/wp-json\/wp\/v2\/pages"}],"about":[{"href":"https:\/\/moverdb.com\/es\/wp-json\/wp\/v2\/types\/page"}],"author":[{"embeddable":true,"href":"https:\/\/moverdb.com\/es\/wp-json\/wp\/v2\/users\/4"}],"replies":[{"embeddable":true,"href":"https:\/\/moverdb.com\/es\/wp-json\/wp\/v2\/comments?post=7764"}],"version-history":[{"count":1,"href":"https:\/\/moverdb.com\/es\/wp-json\/wp\/v2\/pages\/7764\/revisions"}],"predecessor-version":[{"id":7765,"href":"https:\/\/moverdb.com\/es\/wp-json\/wp\/v2\/pages\/7764\/revisions\/7765"}],"up":[{"embeddable":true,"href":"https:\/\/moverdb.com\/es\/wp-json\/wp\/v2\/pages\/190"}],"wp:attachment":[{"href":"https:\/\/moverdb.com\/es\/wp-json\/wp\/v2\/media?parent=7764"}],"curies":[{"name":"wp","href":"https:\/\/api.w.org\/{rel}","templated":true}]}}