{"id":7520,"date":"2023-02-01T14:02:23","date_gmt":"2023-02-01T14:02:23","guid":{"rendered":"https:\/\/moverdb.com\/?page_id=7520"},"modified":"2026-01-08T15:29:35","modified_gmt":"2026-01-08T15:29:35","slug":"empresas-de-mudanzas-hungria","status":"publish","type":"page","link":"https:\/\/moverdb.com\/es\/moving-companies\/moving-companies-hungary\/","title":{"rendered":"8 Mejores Empresas de Mudanzas Internacionales en Hungr\u00eda"},"content":{"rendered":"<p>Si est\u00e1 planeando una mudanza, puede que le interese contratar los servicios de una empresa de mudanzas. <a href=\"https:\/\/moverdb.com\/es\/moving-companies\/\" data-internallinksmanager029f6b8e52c=\"79\" title=\"Las 25 mejores empresas de mudanzas internacionales en l\u00ednea\">empresa de mudanzas<\/a> ya que pueden ayudarle con el embalaje, el transporte y la normativa aduanera. Si se traslada a, desde o dentro de <a href=\"https:\/\/moverdb.com\/es\/moving-to-hungary\/\" data-internallinksmanager029f6b8e52c=\"341\" title=\"\u00bfMudarse a Hungr\u00eda? 2026 Coste de la vida y consejos para la reubicaci\u00f3n\">Hungr\u00eda<\/a>hemos elaborado una lista de <a href=\"https:\/\/moverdb.com\/es\/international-removals\/\" data-internallinksmanager029f6b8e52c=\"27\" title=\"36 mejores empresas de mudanzas internacionales del Reino Unido\">empresas de mudanzas<\/a> abajo que son miembros de la <a href=\"https:\/\/moverdb.com\/es\/iam\/\" data-internallinksmanager029f6b8e52c=\"23\" title=\"Explicaci\u00f3n de la Asociaci\u00f3n Internacional de Empresas de Mudanzas (IAM)\">Asociaci\u00f3n Internacional de Empresas de Mudanzas<\/a> (IAM) y\/o <a href=\"https:\/\/moverdb.com\/es\/fidi-faim\/\" data-internallinksmanager029f6b8e52c=\"16\" title=\"Explicaci\u00f3n del FIDI y del FAIM (FIDI Accredited International Mover)\">FIDI<\/a> Empresa de mudanzas internacionales acreditada (FAIM) que podr\u00eda ayudarle con su mudanza.<\/p>\n<div id=\"ez-toc-container\" class=\"ez-toc-v2_0_82_2 ez-toc-wrap-left counter-hierarchy ez-toc-counter ez-toc-transparent ez-toc-container-direction\">\n<div class=\"ez-toc-title-container\">\n<p class=\"ez-toc-title\" style=\"cursor:inherit\">Secciones<\/p>\n<span class=\"ez-toc-title-toggle\"><a href=\"#\" class=\"ez-toc-pull-right ez-toc-btn ez-toc-btn-xs ez-toc-btn-default ez-toc-toggle\" aria-label=\"Alternar tabla de contenidos\"><span class=\"ez-toc-js-icon-con\"><span class=\"\"><span class=\"eztoc-hide\" style=\"display:none;\">Toggle<\/span><span class=\"ez-toc-icon-toggle-span\"><svg style=\"fill: #999;color:#999\" xmlns=\"http:\/\/www.w3.org\/2000\/svg\" class=\"list-377408\" width=\"20px\" height=\"20px\" viewbox=\"0 0 24 24\" fill=\"none\"><path d=\"M6 6H4v2h2V6zm14 0H8v2h12V6zM4 11h2v2H4v-2zm16 0H8v2h12v-2zM4 16h2v2H4v-2zm16 0H8v2h12v-2z\" fill=\"currentColor\"><\/path><\/svg><svg style=\"fill: #999;color:#999\" class=\"arrow-unsorted-368013\" xmlns=\"http:\/\/www.w3.org\/2000\/svg\" width=\"10px\" height=\"10px\" viewbox=\"0 0 24 24\" version=\"1.2\" baseprofile=\"tiny\"><path d=\"M18.2 9.3l-6.2-6.3-6.2 6.3c-.2.2-.3.4-.3.7s.1.5.3.7c.2.2.4.3.7.3h11c.3 0 .5-.1.7-.3.2-.2.3-.5.3-.7s-.1-.5-.3-.7zM5.8 14.7l6.2 6.3 6.2-6.3c.2-.2.3-.5.3-.7s-.1-.5-.3-.7c-.2-.2-.4-.3-.7-.3h-11c-.3 0-.5.1-.7.3-.2.2-.3.5-.3.7s.1.5.3.7z\"\/><\/svg><\/span><\/span><\/span><\/a><\/span><\/div>\n<nav><ul class='ez-toc-list ez-toc-list-level-1 eztoc-toggle-hide-by-default' ><li class='ez-toc-page-1 ez-toc-heading-level-2'><a class=\"ez-toc-link ez-toc-heading-1\" href=\"https:\/\/moverdb.com\/es\/moving-companies\/moving-companies-hungary\/#1_ABC_Ricard\" >1. ABC Ricard<\/a><\/li><li class='ez-toc-page-1 ez-toc-heading-level-2'><a class=\"ez-toc-link ez-toc-heading-2\" href=\"https:\/\/moverdb.com\/es\/moving-companies\/moving-companies-hungary\/#2_Beta_Moving\" >2. Movimiento Beta<\/a><\/li><li class='ez-toc-page-1 ez-toc-heading-level-2'><a class=\"ez-toc-link ez-toc-heading-3\" href=\"https:\/\/moverdb.com\/es\/moving-companies\/moving-companies-hungary\/#3_DB_Schenker\" >3. DB Schenker<\/a><\/li><li class='ez-toc-page-1 ez-toc-heading-level-2'><a class=\"ez-toc-link ez-toc-heading-4\" href=\"https:\/\/moverdb.com\/es\/moving-companies\/moving-companies-hungary\/#4_Euromove\" >4. Euromove<\/a><\/li><li class='ez-toc-page-1 ez-toc-heading-level-2'><a class=\"ez-toc-link ez-toc-heading-5\" href=\"https:\/\/moverdb.com\/es\/moving-companies\/moving-companies-hungary\/#5_Gosselin\" >5. Gosselin<\/a><\/li><li class='ez-toc-page-1 ez-toc-heading-level-2'><a class=\"ez-toc-link ez-toc-heading-6\" href=\"https:\/\/moverdb.com\/es\/moving-companies\/moving-companies-hungary\/#6_MoveArtis\" >6. MoverArtis<\/a><\/li><li class='ez-toc-page-1 ez-toc-heading-level-2'><a class=\"ez-toc-link ez-toc-heading-7\" href=\"https:\/\/moverdb.com\/es\/moving-companies\/moving-companies-hungary\/#7_NSEW_Mobility\" >7. Movilidad NSEW<\/a><\/li><li class='ez-toc-page-1 ez-toc-heading-level-2'><a class=\"ez-toc-link ez-toc-heading-8\" href=\"https:\/\/moverdb.com\/es\/moving-companies\/moving-companies-hungary\/#8_Santa_Fe_Relocation\" >8. Traslado de Santa Fe<\/a><\/li><\/ul><\/nav><\/div>\n<h2><span class=\"ez-toc-section\" id=\"1_ABC_Ricard\"><\/span><strong>1. ABC Ricard<\/strong><span class=\"ez-toc-section-end\"><\/span><\/h2>\n<p><img loading=\"lazy\" decoding=\"async\" class=\"alignnone size-full wp-image-7408\" src=\"https:\/\/moverdb.com\/wp-content\/uploads\/ABC-Ricard-international-moving-company.png\" alt=\"ABC Ricard empresa de mudanzas internacionales\" width=\"1440\" height=\"677\" data-wp-pid=\"7408\" srcset=\"https:\/\/moverdb.com\/wp-content\/uploads\/ABC-Ricard-international-moving-company.png 1440w, https:\/\/moverdb.com\/wp-content\/uploads\/ABC-Ricard-international-moving-company-300x141.png 300w, https:\/\/moverdb.com\/wp-content\/uploads\/ABC-Ricard-international-moving-company-1024x481.png 1024w, https:\/\/moverdb.com\/wp-content\/uploads\/ABC-Ricard-international-moving-company-18x8.png 18w, https:\/\/moverdb.com\/wp-content\/uploads\/ABC-Ricard-international-moving-company-600x282.png 600w\" sizes=\"auto, (max-width: 1440px) 100vw, 1440px\" \/><\/p>\n<ul>\n<li>Movimientos nacionales<\/li>\n<li>Traslados internacionales<\/li>\n<li>Mudanzas dom\u00e9sticas<\/li>\n<li>Encuesta inicial<\/li>\n<li>Mudanzas a domicilio<\/li>\n<li>Envases de alta calidad<\/li>\n<li>Cajas a medida<\/li>\n<li>Organizar el transporte<\/li>\n<li>Gestionar los tr\u00e1mites aduaneros<\/li>\n<li>Seguro a todo riesgo<\/li>\n<\/ul>\n<p>ABC Ricard es una empresa mundial de mudanzas con una red de sucursales operativas en Europa Central con oficinas en <a href=\"https:\/\/moverdb.com\/es\/moving-to-france\/\" data-internallinksmanager029f6b8e52c=\"315\" title=\"\u00bfSe muda a Francia? 2026 Coste de la vida y consejos para el traslado\">Francia<\/a>, <a href=\"https:\/\/moverdb.com\/es\/moving-to-poland\/\" data-internallinksmanager029f6b8e52c=\"378\" title=\"\u00bfSe muda a Polonia? 2026 Coste de la vida y consejos para el traslado\">Polonia<\/a> y Hungr\u00eda en Budapest. Se fund\u00f3 en 1958 en Francia y la primera filial se estableci\u00f3 en Budapest. Est\u00e1n afiliadas a redes mundiales m\u00e1s grandes para ampliar su alcance, lo que incluye ser miembro de IAM.<\/p>\n<p>ABC Ricard ofrece un servicio personalizado que comienza con un estudio realizado por un asesor que planificar\u00e1 su mudanza. Le ayudar\u00e1 a seleccionar el mejor medio de transporte para su mudanza y cumplir\u00e1 los requisitos de los tr\u00e1mites y la documentaci\u00f3n necesarios para trasladar pa\u00edses.<\/p>\n<p>P\u00e1gina web: <a href=\"http:\/\/www.abcricardfl.com\" target=\"_blank\" rel=\"noopener\">http:\/\/www.abcricardfl.com<\/a><\/p>\n<h2><span class=\"ez-toc-section\" id=\"2_Beta_Moving\"><\/span><strong>2. Movimiento Beta<\/strong><span class=\"ez-toc-section-end\"><\/span><\/h2>\n<p><img loading=\"lazy\" decoding=\"async\" class=\"alignnone size-full wp-image-7419\" src=\"https:\/\/moverdb.com\/wp-content\/uploads\/Beta-Moving-international-moving-company.png\" alt=\"Beta Moving empresa de mudanzas internacionales\" width=\"1440\" height=\"679\" data-wp-pid=\"7419\" srcset=\"https:\/\/moverdb.com\/wp-content\/uploads\/Beta-Moving-international-moving-company.png 1440w, https:\/\/moverdb.com\/wp-content\/uploads\/Beta-Moving-international-moving-company-300x141.png 300w, https:\/\/moverdb.com\/wp-content\/uploads\/Beta-Moving-international-moving-company-1024x483.png 1024w, https:\/\/moverdb.com\/wp-content\/uploads\/Beta-Moving-international-moving-company-18x8.png 18w, https:\/\/moverdb.com\/wp-content\/uploads\/Beta-Moving-international-moving-company-600x283.png 600w\" sizes=\"auto, (max-width: 1440px) 100vw, 1440px\" \/><\/p>\n<ul>\n<li>Movimientos nacionales<\/li>\n<li>Traslados internacionales<\/li>\n<li>Servicio de reubicaci\u00f3n<\/li>\n<li>Mudanzas de hogares y oficinas<\/li>\n<li>Servicio de mudanzas puerta a puerta<\/li>\n<li>Servicio de embalaje<\/li>\n<li>Transporte por carretera, mar\u00edtimo y a\u00e9reo<\/li>\n<li>Despacho de aduanas<\/li>\n<li>Seguros<\/li>\n<li>Instalaciones de almacenamiento<\/li>\n<\/ul>\n<p>Beta Moving es una empresa de mudanzas internacionales fundada en 2016 en Budapest que ofrece servicios de mudanzas y traslados nacionales e internacionales. Trabajan con socios internacionales para ofrecer mudanzas y servicios de reubicaci\u00f3n en todo el mundo. Son miembros de IAM con siete a\u00f1os de servicio.<\/p>\n<p>Beta Moving proporciona soluciones de mudanza a medida que ofrecen un servicio puerta a puerta que incluye embalaje, transporte por carretera, aire o mar, despacho de aduanas, desembalaje y retirada de escombros. Su servicio de reubicaci\u00f3n incluye permisos de trabajo y registro de empleo. Tambi\u00e9n ofrecen servicios adicionales que incluyen el traslado de mascotas, el transporte de veh\u00edculos, servicios de manitas, seguros e instalaciones de almacenamiento.<\/p>\n<p>P\u00e1gina web: <a href=\"https:\/\/www.betamoving.com\" target=\"_blank\" rel=\"noopener\">https:\/\/www.betamoving.com<\/a><\/p>\n<h2><span class=\"ez-toc-section\" id=\"3_DB_Schenker\"><\/span><strong>3. DB Schenker<\/strong><span class=\"ez-toc-section-end\"><\/span><\/h2>\n<p><img loading=\"lazy\" decoding=\"async\" class=\"alignnone size-full wp-image-7433\" src=\"https:\/\/moverdb.com\/wp-content\/uploads\/DB-Schenker-Hungary-international-moving-company.png\" alt=\"DB Schenker Hungr\u00eda empresa de mudanzas internacionales\" width=\"1440\" height=\"664\" data-wp-pid=\"7433\" srcset=\"https:\/\/moverdb.com\/wp-content\/uploads\/DB-Schenker-Hungary-international-moving-company.png 1440w, https:\/\/moverdb.com\/wp-content\/uploads\/DB-Schenker-Hungary-international-moving-company-300x138.png 300w, https:\/\/moverdb.com\/wp-content\/uploads\/DB-Schenker-Hungary-international-moving-company-1024x472.png 1024w, https:\/\/moverdb.com\/wp-content\/uploads\/DB-Schenker-Hungary-international-moving-company-18x8.png 18w, https:\/\/moverdb.com\/wp-content\/uploads\/DB-Schenker-Hungary-international-moving-company-600x277.png 600w\" sizes=\"auto, (max-width: 1440px) 100vw, 1440px\" \/><\/p>\n<ul>\n<li>Movimientos nacionales<\/li>\n<li>Traslados internacionales<\/li>\n<li>Traslado de viviendas<\/li>\n<li>Traslado de oficinas<\/li>\n<li>Materiales de embalaje de alta calidad<\/li>\n<li>Transporte terrestre, mar\u00edtimo y a\u00e9reo<\/li>\n<li>Apoyo aduanero<\/li>\n<li>Transporte de veh\u00edculos<\/li>\n<li>Transporte de mascotas<\/li>\n<li>Instalaciones de almacenamiento<\/li>\n<\/ul>\n<p>DB Schenker es un proveedor mundial de servicios log\u00edsticos con m\u00e1s de 140 a\u00f1os de historia, fundado en Viena. Tiene sucursales en todo el mundo, incluida Hungr\u00eda, donde estableci\u00f3 una sucursal en Budapest en 1874. Es miembro de IAM y tiene acceso a su red internacional.<\/p>\n<p>DB Schenker ofrece una consulta preliminar y un estudio in situ para planificar su mudanza. Proporcionan materiales de embalaje de alta calidad para proteger sus pertenencias y le permiten hacer un seguimiento de su env\u00edo mediante su rastreador en l\u00ednea. Tambi\u00e9n ofrecen servicios adicionales que incluyen transporte de veh\u00edculos, transporte de mascotas, entrega de obras de arte, seguros y almacenamiento.<\/p>\n<p>P\u00e1gina web: <a href=\"http:\/\/www.dbschenker.hu\" target=\"_blank\" rel=\"noopener\">http:\/\/www.dbschenker.hu<\/a><\/p>\n<h2><span class=\"ez-toc-section\" id=\"4_Euromove\"><\/span><strong>4. Euromove<\/strong><span class=\"ez-toc-section-end\"><\/span><\/h2>\n<p><img loading=\"lazy\" decoding=\"async\" class=\"alignnone size-full wp-image-7439\" src=\"https:\/\/moverdb.com\/wp-content\/uploads\/Euromove-international-moving-company.png\" alt=\"Euromove, empresa de mudanzas internacionales\" width=\"1440\" height=\"683\" data-wp-pid=\"7439\" srcset=\"https:\/\/moverdb.com\/wp-content\/uploads\/Euromove-international-moving-company.png 1440w, https:\/\/moverdb.com\/wp-content\/uploads\/Euromove-international-moving-company-300x142.png 300w, https:\/\/moverdb.com\/wp-content\/uploads\/Euromove-international-moving-company-1024x486.png 1024w, https:\/\/moverdb.com\/wp-content\/uploads\/Euromove-international-moving-company-18x9.png 18w, https:\/\/moverdb.com\/wp-content\/uploads\/Euromove-international-moving-company-600x285.png 600w\" sizes=\"auto, (max-width: 1440px) 100vw, 1440px\" \/><\/p>\n<ul>\n<li>Mudanzas nacionales<\/li>\n<li>Mudanzas internacionales<\/li>\n<li>Paquetes de traslado<\/li>\n<li>Mudanzas dom\u00e9sticas<\/li>\n<li>Mudanzas de oficinas<\/li>\n<li>Servicio de embalaje<\/li>\n<li>Transporte por carretera, mar o aire<\/li>\n<li>Despacho de aduanas<\/li>\n<li>Env\u00edo de art\u00edculos especializados<\/li>\n<li>Instalaciones de almacenamiento<\/li>\n<\/ul>\n<p>Euromove es una empresa de mudanzas internacionales con sede en Budapest fundada en 1998. Cuentan con una amplia red de socios que les permite prestar servicios de mudanzas en cualquier parte del mundo. Son miembros de IAM con 25 a\u00f1os de servicio y est\u00e1n acreditados por FIDI.<\/p>\n<p>Euromove ofrece servicios de mudanza personalizados y paquetes de traslado que pueden incluir art\u00edculos especializados como obras de arte, coches o mascotas. Sus servicios cumplen las normas internacionales, incluido el servicio de embalaje. Organizan el transporte por carretera, aire o mar, incluyendo opciones de grupaje, y ofrecen asistencia en el despacho de aduanas.<\/p>\n<p>P\u00e1gina web: <a href=\"https:\/\/www.euromove.hu\/en\" target=\"_blank\" rel=\"noopener\">https:\/\/www.euromove.hu\/en<\/a><\/p>\n<h2><span class=\"ez-toc-section\" id=\"5_Gosselin\"><\/span><strong>5. Gosselin<\/strong><span class=\"ez-toc-section-end\"><\/span><\/h2>\n<p><img loading=\"lazy\" decoding=\"async\" class=\"alignnone size-full wp-image-7447\" src=\"https:\/\/moverdb.com\/wp-content\/uploads\/Gosselin-Hungary-international-moving-company.png\" alt=\"Gosselin Hungr\u00eda empresa de mudanzas internacionales\" width=\"1440\" height=\"678\" data-wp-pid=\"7447\" srcset=\"https:\/\/moverdb.com\/wp-content\/uploads\/Gosselin-Hungary-international-moving-company.png 1440w, https:\/\/moverdb.com\/wp-content\/uploads\/Gosselin-Hungary-international-moving-company-300x141.png 300w, https:\/\/moverdb.com\/wp-content\/uploads\/Gosselin-Hungary-international-moving-company-1024x482.png 1024w, https:\/\/moverdb.com\/wp-content\/uploads\/Gosselin-Hungary-international-moving-company-18x8.png 18w, https:\/\/moverdb.com\/wp-content\/uploads\/Gosselin-Hungary-international-moving-company-600x283.png 600w\" sizes=\"auto, (max-width: 1440px) 100vw, 1440px\" \/><\/p>\n<ul>\n<li>Movimientos nacionales<\/li>\n<li>Traslados internacionales<\/li>\n<li>Mudanzas dom\u00e9sticas<\/li>\n<li>Traslado de oficinas<\/li>\n<li>Servicio de embalaje<\/li>\n<li>Organizaci\u00f3n del transporte<\/li>\n<li>Transporte de bellas artes<\/li>\n<li>Traslado de mascotas<\/li>\n<li>Transporte de veh\u00edculos<\/li>\n<li>Almacenamiento de corto a largo plazo<\/li>\n<\/ul>\n<p>Gosselin es una empresa internacional de mudanzas y log\u00edstica fundada en 1930 en <a href=\"https:\/\/moverdb.com\/es\/moving-to-belgium\/\" data-internallinksmanager029f6b8e52c=\"323\" title=\"\u00bfSe muda a B\u00e9lgica? 2026 Coste de la vida y consejos de reubicaci\u00f3n\">B\u00e9lgica<\/a> y tienen oficinas en toda Europa, incluida una en Budapest (Hungr\u00eda). Es miembro de IAM, con 24 a\u00f1os de servicio. Utilizan sus sucursales y redes internacionales para ofrecer mudanzas a cualquier parte del mundo.<\/p>\n<p>Gosselin ofrece un servicio de embalaje profesional para proteger sus pertenencias utilizando materiales de embalaje de alta calidad, una variedad de cajas especializadas y cajas hechas a medida. Se encargar\u00e1n de todos los preparativos para el traslado de sus pertenencias y le ayudar\u00e1n con la documentaci\u00f3n. Tambi\u00e9n ofrecen servicios especializados de transporte que incluyen el traslado de obras de arte, mascotas y veh\u00edculos.<\/p>\n<p>P\u00e1gina web: <a href=\"https:\/\/gosselin-moving.com\/en\/hungary-slovakia\" target=\"_blank\" rel=\"noopener\">https:\/\/gosselin-moving.com\/en\/hungary-slovakia<\/a><\/p>\n<h2><span class=\"ez-toc-section\" id=\"6_MoveArtis\"><\/span><strong>6. MoverArtis<\/strong><span class=\"ez-toc-section-end\"><\/span><\/h2>\n<p><img loading=\"lazy\" decoding=\"async\" class=\"alignnone size-full wp-image-7468\" src=\"https:\/\/moverdb.com\/wp-content\/uploads\/MoveArtis-international-moving-company.png\" alt=\"MoveArtis empresa de mudanzas internacionales\" width=\"1440\" height=\"682\" data-wp-pid=\"7468\" srcset=\"https:\/\/moverdb.com\/wp-content\/uploads\/MoveArtis-international-moving-company.png 1440w, https:\/\/moverdb.com\/wp-content\/uploads\/MoveArtis-international-moving-company-300x142.png 300w, https:\/\/moverdb.com\/wp-content\/uploads\/MoveArtis-international-moving-company-1024x485.png 1024w, https:\/\/moverdb.com\/wp-content\/uploads\/MoveArtis-international-moving-company-18x9.png 18w, https:\/\/moverdb.com\/wp-content\/uploads\/MoveArtis-international-moving-company-600x284.png 600w\" sizes=\"auto, (max-width: 1440px) 100vw, 1440px\" \/><\/p>\n<ul>\n<li>Movimientos nacionales<\/li>\n<li>Traslados internacionales<\/li>\n<li>Mudanzas residenciales<\/li>\n<li>Traslado de oficinas<\/li>\n<li>Servicio puerta a puerta<\/li>\n<li>Opciones de envasado<\/li>\n<li>Transporte por carretera, mar\u00edtimo y a\u00e9reo<\/li>\n<li>Despacho de aduanas<\/li>\n<li>Seguros<\/li>\n<li>Instalaciones de almacenamiento<\/li>\n<\/ul>\n<p>MoveArtis es una empresa familiar h\u00fangara de mudanzas internacionales con sede en Budapest. Disponen de una red internacional de socios en todo el mundo que les ayudan con las mudanzas a cualquier lugar. Son miembros de IAM con 12 a\u00f1os de servicio.<\/p>\n<p>MoveArtis ofrece una soluci\u00f3n de mudanzas a medida que proporciona un servicio puerta a puerta para mudanzas internacionales. Proporcionan una amplia gama de materiales de embalaje para una gran variedad de art\u00edculos, incluidas cajas dise\u00f1adas espec\u00edficamente. Ayudan con el transporte, que incluye flete a\u00e9reo y mar\u00edtimo, como cargas de contenedor completo y cargas inferiores a un contenedor, y ayudan con el despacho de aduanas.<\/p>\n<p>P\u00e1gina web: <a href=\"http:\/\/www.moveartis.com\" target=\"_blank\" rel=\"noopener\">http:\/\/www.moveartis.com<\/a><\/p>\n<h2><span class=\"ez-toc-section\" id=\"7_NSEW_Mobility\"><\/span><strong>7. Movilidad NSEW<\/strong><span class=\"ez-toc-section-end\"><\/span><\/h2>\n<p><img loading=\"lazy\" decoding=\"async\" class=\"alignnone size-full wp-image-7473\" src=\"https:\/\/moverdb.com\/wp-content\/uploads\/NSEW-Mobility-international-moving-company.png\" alt=\"NSEW Mobility empresa de mudanzas internacionales\" width=\"1440\" height=\"681\" data-wp-pid=\"7473\" srcset=\"https:\/\/moverdb.com\/wp-content\/uploads\/NSEW-Mobility-international-moving-company.png 1440w, https:\/\/moverdb.com\/wp-content\/uploads\/NSEW-Mobility-international-moving-company-300x142.png 300w, https:\/\/moverdb.com\/wp-content\/uploads\/NSEW-Mobility-international-moving-company-1024x484.png 1024w, https:\/\/moverdb.com\/wp-content\/uploads\/NSEW-Mobility-international-moving-company-18x9.png 18w, https:\/\/moverdb.com\/wp-content\/uploads\/NSEW-Mobility-international-moving-company-600x284.png 600w\" sizes=\"auto, (max-width: 1440px) 100vw, 1440px\" \/><\/p>\n<ul>\n<li>Movimientos nacionales<\/li>\n<li>Traslados internacionales<\/li>\n<li>Servicios de reubicaci\u00f3n<\/li>\n<li>Servicio puerta a puerta<\/li>\n<li>Servicios de embalaje<\/li>\n<li>Transporte por carretera, aire y mar<\/li>\n<li>Despacho de aduanas<\/li>\n<li><a href=\"https:\/\/moverdb.com\/es\/car-transport-shipping\/\" data-internallinksmanager029f6b8e52c=\"2\" title=\"2026 Cotizaciones de transporte internacional de coches y env\u00edo de veh\u00edculos\">Env\u00edo de veh\u00edculos<\/a><\/li>\n<li>Seguros<\/li>\n<li>Almacenes seguros de corta y larga duraci\u00f3n<\/li>\n<\/ul>\n<p>NSEW Mobility es una empresa independiente de servicios de mudanzas y traslados con sede en Budapest. Prestan servicios de mudanzas en Hungr\u00eda, <a href=\"https:\/\/moverdb.com\/es\/moving-to-austria\/\" data-internallinksmanager029f6b8e52c=\"343\" title=\"\u00bfSe muda a Austria? 2026 Coste de la vida y consejos para el traslado\">Austria<\/a>, <a href=\"https:\/\/moverdb.com\/es\/moving-to-croatia\/\" data-internallinksmanager029f6b8e52c=\"428\" title=\"\u00bfSe muda a Croacia? 2026 Coste de la vida y consejos para el traslado\">Croacia<\/a>, <a href=\"https:\/\/moverdb.com\/es\/moving-to-germany\/\" data-internallinksmanager029f6b8e52c=\"321\" title=\"\u00bfSe muda a Alemania? 2026 Coste de la vida y consejos para el traslado\">Alemania<\/a>Ruman\u00eda, <a href=\"https:\/\/moverdb.com\/es\/moving-to-slovakia\/\" data-internallinksmanager029f6b8e52c=\"338\" title=\"\u00bfSe muda a Eslovaquia? 2026 Coste de la vida y consejos para el traslado\">Eslovaquia<\/a>, <a href=\"https:\/\/moverdb.com\/es\/moving-to-slovenia\/\" data-internallinksmanager029f6b8e52c=\"392\" title=\"\u00bfSe muda a Eslovenia? 2026 Coste de la vida y consejos para el traslado\">Eslovenia<\/a> y <a href=\"https:\/\/moverdb.com\/es\/moving-to-switzerland\/\" data-internallinksmanager029f6b8e52c=\"327\" title=\"\u00bfSe muda a Suiza? 2026 Coste de la vida y consejos para el traslado\">Suiza<\/a>y colaboran con socios internacionales para realizar mudanzas en Europa y en todo el mundo. Llevan m\u00e1s de 20 a\u00f1os prestando servicios de mudanzas y son miembros de IAM.<\/p>\n<p>NSEW Mobility proporciona estudios in situ gratuitos, presupuestos y asigna un coordinador de mudanzas. Ofrecen un servicio puerta a puerta para mudanzas y traslados que incluye el embalaje de su casa y la gesti\u00f3n de su env\u00edo por carretera, aire y mar con despacho de aduanas. Sus servicios de reubicaci\u00f3n incluyen visados e inmigraci\u00f3n, b\u00fasqueda de vivienda y escuela, y servicios de instalaci\u00f3n.<\/p>\n<p>P\u00e1gina web: <a href=\"https:\/\/nsew-mobility.com\/\" target=\"_blank\" rel=\"noopener\">https:\/\/nsew-mobility.com\/<\/a><\/p>\n<h2><span class=\"ez-toc-section\" id=\"8_Santa_Fe_Relocation\"><\/span><strong>8. Traslado de Santa Fe<\/strong><span class=\"ez-toc-section-end\"><\/span><\/h2>\n<p><img loading=\"lazy\" decoding=\"async\" class=\"alignnone size-full wp-image-7483\" src=\"https:\/\/moverdb.com\/wp-content\/uploads\/Santa-Fe-Hungary-international-moving-company.png\" alt=\"Santa Fe Hungr\u00eda empresa de mudanzas internacionales\" width=\"1440\" height=\"652\" data-wp-pid=\"7483\" srcset=\"https:\/\/moverdb.com\/wp-content\/uploads\/Santa-Fe-Hungary-international-moving-company.png 1440w, https:\/\/moverdb.com\/wp-content\/uploads\/Santa-Fe-Hungary-international-moving-company-300x136.png 300w, https:\/\/moverdb.com\/wp-content\/uploads\/Santa-Fe-Hungary-international-moving-company-1024x464.png 1024w, https:\/\/moverdb.com\/wp-content\/uploads\/Santa-Fe-Hungary-international-moving-company-18x8.png 18w, https:\/\/moverdb.com\/wp-content\/uploads\/Santa-Fe-Hungary-international-moving-company-600x272.png 600w\" sizes=\"auto, (max-width: 1440px) 100vw, 1440px\" \/><\/p>\n<ul>\n<li>Movimientos nacionales<\/li>\n<li>Traslados internacionales<\/li>\n<li>Traslado de hogares<\/li>\n<li>Desplazamientos de empresas<\/li>\n<li>Servicio de embalaje<\/li>\n<li>Transporte por carretera, mar o aire<\/li>\n<li>Despacho de aduanas<\/li>\n<li>Transporte de mascotas y veh\u00edculos<\/li>\n<li>Protecci\u00f3n de los env\u00edos<\/li>\n<li>Almacenamiento de corto a largo plazo<\/li>\n<\/ul>\n<p>Santa Fe Relocation es una empresa internacional de mudanzas y traslados que cuenta con 64 oficinas en 38 pa\u00edses. Abrieron su sucursal h\u00fangara en Budapest en 1993. Son miembros de IAM con 30 a\u00f1os de servicio y est\u00e1n acreditados por FIDI.<\/p>\n<p>Santa Fe Relocation ofrece una consulta previa a la mudanza y un estudio a domicilio para evaluar sus necesidades. Proporcionan servicios de embalaje para proteger sus pertenencias, organizan el transporte por carretera, mar o aire y le ayudan con los tr\u00e1mites aduaneros. Ofrecen una gran variedad de servicios adicionales, como protecci\u00f3n de env\u00edos, traslado de mascotas, env\u00edo de veh\u00edculos, almacenamiento, b\u00fasqueda de vivienda y colegio, servicios de instalaci\u00f3n, asistencia en la salida y visados.<\/p>\n<p>P\u00e1gina web: <a href=\"https:\/\/www.santaferelo.com\/en\/contact\/our-offices\/hungary-budapest\/\" target=\"_blank\" rel=\"noopener\">https:\/\/www.santaferelo.com\/en\/contact\/our-offices\/hungary-budapest\/<\/a><\/p>","protected":false},"excerpt":{"rendered":"<p>If you are planning a move then you may want to enlist the services of a moving company as they can help with packing, transportation and customs regulations. If you are moving to, from or within Hungary, we have compiled a list of removal companies below that are members of the International Association of Movers [&hellip;]<\/p>\n","protected":false},"author":4,"featured_media":0,"parent":190,"menu_order":0,"comment_status":"closed","ping_status":"closed","template":"","meta":{"_genesis_hide_title":false,"_genesis_hide_breadcrumbs":false,"_genesis_hide_singular_image":false,"_genesis_hide_footer_widgets":false,"_genesis_custom_body_class":"","_genesis_custom_post_class":"","_genesis_layout":"","footnotes":""},"class_list":{"0":"post-7520","1":"page","2":"type-page","3":"status-publish","5":"entry","6":"has-post-thumbnail"},"_links":{"self":[{"href":"https:\/\/moverdb.com\/es\/wp-json\/wp\/v2\/pages\/7520","targetHints":{"allow":["GET"]}}],"collection":[{"href":"https:\/\/moverdb.com\/es\/wp-json\/wp\/v2\/pages"}],"about":[{"href":"https:\/\/moverdb.com\/es\/wp-json\/wp\/v2\/types\/page"}],"author":[{"embeddable":true,"href":"https:\/\/moverdb.com\/es\/wp-json\/wp\/v2\/users\/4"}],"replies":[{"embeddable":true,"href":"https:\/\/moverdb.com\/es\/wp-json\/wp\/v2\/comments?post=7520"}],"version-history":[{"count":1,"href":"https:\/\/moverdb.com\/es\/wp-json\/wp\/v2\/pages\/7520\/revisions"}],"predecessor-version":[{"id":7521,"href":"https:\/\/moverdb.com\/es\/wp-json\/wp\/v2\/pages\/7520\/revisions\/7521"}],"up":[{"embeddable":true,"href":"https:\/\/moverdb.com\/es\/wp-json\/wp\/v2\/pages\/190"}],"wp:attachment":[{"href":"https:\/\/moverdb.com\/es\/wp-json\/wp\/v2\/media?parent=7520"}],"curies":[{"name":"wp","href":"https:\/\/api.w.org\/{rel}","templated":true}]}}