{"id":7512,"date":"2023-02-01T13:59:57","date_gmt":"2023-02-01T13:59:57","guid":{"rendered":"https:\/\/moverdb.com\/?page_id=7512"},"modified":"2026-01-08T15:24:16","modified_gmt":"2026-01-08T15:24:16","slug":"mudanzas-empresas-guatemala","status":"publish","type":"page","link":"https:\/\/moverdb.com\/es\/moving-companies\/moving-companies-guatemala\/","title":{"rendered":"3 Mejores Empresas de Mudanzas Internacionales en Guatemala"},"content":{"rendered":"<p>\u00bfSe traslada desde, hacia o dentro de Guatemala? Entonces quiz\u00e1 le interesen los servicios de un <a href=\"https:\/\/moverdb.com\/es\/moving-companies\/\" data-internallinksmanager029f6b8e52c=\"79\" title=\"Las 25 mejores empresas de mudanzas internacionales en l\u00ednea\">empresa de mudanzas<\/a> que pueden ayudarle con el embalaje, el transporte y los tr\u00e1mites aduaneros. A continuaci\u00f3n hemos recopilado una lista de empresas con sede en Guatemala <a href=\"https:\/\/moverdb.com\/es\/international-removals\/\" data-internallinksmanager029f6b8e52c=\"27\" title=\"36 mejores empresas de mudanzas internacionales del Reino Unido\">empresas de mudanzas<\/a> que son miembros de la <a href=\"https:\/\/moverdb.com\/es\/iam\/\" data-internallinksmanager029f6b8e52c=\"23\" title=\"Explicaci\u00f3n de la Asociaci\u00f3n Internacional de Empresas de Mudanzas (IAM)\">Asociaci\u00f3n Internacional de Empresas de Mudanzas<\/a> (IAM) y\/o <a href=\"https:\/\/moverdb.com\/es\/fidi-faim\/\" data-internallinksmanager029f6b8e52c=\"16\" title=\"Explicaci\u00f3n del FIDI y del FAIM (FIDI Accredited International Mover)\">FIDI<\/a> Empresa de mudanzas internacionales acreditada (FAIM) que podr\u00eda ayudarle con su mudanza.<\/p>\n<h2><strong>1. Brizmud<\/strong><\/h2>\n<p><img loading=\"lazy\" decoding=\"async\" class=\"alignnone size-full wp-image-7422\" src=\"https:\/\/moverdb.com\/wp-content\/uploads\/Brizmud-international-moving-company.png\" alt=\"Empresa de mudanzas internacionales Brizmud\" width=\"1440\" height=\"686\" data-wp-pid=\"7422\" srcset=\"https:\/\/moverdb.com\/wp-content\/uploads\/Brizmud-international-moving-company.png 1440w, https:\/\/moverdb.com\/wp-content\/uploads\/Brizmud-international-moving-company-300x143.png 300w, https:\/\/moverdb.com\/wp-content\/uploads\/Brizmud-international-moving-company-1024x488.png 1024w, https:\/\/moverdb.com\/wp-content\/uploads\/Brizmud-international-moving-company-18x9.png 18w, https:\/\/moverdb.com\/wp-content\/uploads\/Brizmud-international-moving-company-600x286.png 600w\" sizes=\"auto, (max-width: 1440px) 100vw, 1440px\" \/><\/p>\n<ul>\n<li>Mudanzas nacionales<\/li>\n<li>Mudanzas internacionales<\/li>\n<li>Servicios de reubicaci\u00f3n<\/li>\n<li>Mudanzas dom\u00e9sticas<\/li>\n<li>Servicios de embalaje<\/li>\n<li>Transporte por carretera, mar\u00edtimo y a\u00e9reo<\/li>\n<li>Documentos aduaneros<\/li>\n<li>Transporte de obras de arte<\/li>\n<li>Red de agentes internacionales<\/li>\n<li>Instalaciones de almacenamiento<\/li>\n<\/ul>\n<p>Brizmud es una empresa de mudanzas locales e internacionales con sede en Guatemala. Prestan servicios de mudanzas y traslados a hogares. Disponen de una red de proveedores y agentes cualificados que les permite operar en otros pa\u00edses. Son miembros de IAM con cinco a\u00f1os de servicio.<\/p>\n<p>Brizmud ofrece una atenci\u00f3n personalizada a sus clientes que incluye la adaptaci\u00f3n de su oferta de mudanzas a las necesidades de los clientes. Proporcionan una amplia gama de servicios de mudanza que incluyen el embalaje seguro de sus pertenencias, la organizaci\u00f3n del tr\u00e1nsito por carretera, mar o aire y la asistencia aduanera para completar el papeleo. Tambi\u00e9n ofrecen servicios de almacenamiento si lo necesita.<\/p>\n<p>P\u00e1gina web: <a href=\"https:\/\/brizmud.com\/\" target=\"_blank\" rel=\"noopener\">https:\/\/brizmud.com\/<\/a><\/p>\n<h2><strong>2. Intermud<\/strong><\/h2>\n<p><img loading=\"lazy\" decoding=\"async\" class=\"alignnone size-full wp-image-7457\" src=\"https:\/\/moverdb.com\/wp-content\/uploads\/Intermud-international-moving-company.png\" alt=\"Empresa de mudanzas internacionales Intermud\" width=\"1440\" height=\"683\" data-wp-pid=\"7457\" srcset=\"https:\/\/moverdb.com\/wp-content\/uploads\/Intermud-international-moving-company.png 1440w, https:\/\/moverdb.com\/wp-content\/uploads\/Intermud-international-moving-company-300x142.png 300w, https:\/\/moverdb.com\/wp-content\/uploads\/Intermud-international-moving-company-1024x486.png 1024w, https:\/\/moverdb.com\/wp-content\/uploads\/Intermud-international-moving-company-18x9.png 18w, https:\/\/moverdb.com\/wp-content\/uploads\/Intermud-international-moving-company-600x285.png 600w\" sizes=\"auto, (max-width: 1440px) 100vw, 1440px\" \/><\/p>\n<ul>\n<li>Movimientos nacionales<\/li>\n<li>Traslados internacionales<\/li>\n<li>Mudanzas residenciales<\/li>\n<li>Traslado de oficinas<\/li>\n<li>Consejos para la mudanza<\/li>\n<li>Servicios de embalaje<\/li>\n<li>Desmontaje y montaje de muebles<\/li>\n<li>Transporte por tierra, mar y aire<\/li>\n<li>Apoyo aduanero<\/li>\n<li>Instalaciones de almacenamiento<\/li>\n<\/ul>\n<p>Intermud es una empresa de mudanzas y log\u00edstica que cuenta con m\u00e1s de 35 a\u00f1os de experiencia en el traslado de personas y tiene su sede en Guatemala. Son miembros de IAM con 40 a\u00f1os de servicio y est\u00e1n acreditados por FIDI. A trav\u00e9s de sus membres\u00edas, pueden acceder a una red internacional de agentes de mudanzas para apoyarlos con mudanzas al extranjero.<\/p>\n<p>Intermud ofrece mudanzas residenciales y de oficinas a escala local e internacional. Para clientes residenciales, ofrecen servicios de embalaje y desembalaje, alquiler temporal de muebles y almacenes. Para mudanzas de oficinas, atienden desde peque\u00f1as oficinas hasta grandes edificios, lo que incluye servicios de embalaje y desembalaje, desmontaje y montaje de muebles y embalaje seguro de equipos electr\u00f3nicos.<\/p>\n<p>P\u00e1gina web: <a href=\"http:\/\/www.intermud.com\" target=\"_blank\" rel=\"noopener\">http:\/\/www.intermud.com<\/a><\/p>\n<h2><strong>3. Suiza Global Movers<\/strong><\/h2>\n<p><img loading=\"lazy\" decoding=\"async\" class=\"alignnone size-full wp-image-7493\" src=\"https:\/\/moverdb.com\/wp-content\/uploads\/Swiss-Global-Movers-international-moving-company.png\" alt=\"Swiss Global Movers empresa de mudanzas internacionales\" width=\"1440\" height=\"683\" data-wp-pid=\"7493\" srcset=\"https:\/\/moverdb.com\/wp-content\/uploads\/Swiss-Global-Movers-international-moving-company.png 1440w, https:\/\/moverdb.com\/wp-content\/uploads\/Swiss-Global-Movers-international-moving-company-300x142.png 300w, https:\/\/moverdb.com\/wp-content\/uploads\/Swiss-Global-Movers-international-moving-company-1024x486.png 1024w, https:\/\/moverdb.com\/wp-content\/uploads\/Swiss-Global-Movers-international-moving-company-18x9.png 18w, https:\/\/moverdb.com\/wp-content\/uploads\/Swiss-Global-Movers-international-moving-company-600x285.png 600w\" sizes=\"auto, (max-width: 1440px) 100vw, 1440px\" \/><\/p>\n<ul>\n<li>Traslados locales<\/li>\n<li>Traslados internacionales<\/li>\n<li>Mudanzas dom\u00e9sticas<\/li>\n<li>Movimientos corporativos<\/li>\n<li>Soluciones puerta a puerta<\/li>\n<li>Personal cualificado<\/li>\n<li>Servicio de embalaje<\/li>\n<li>Organizaci\u00f3n del transporte<\/li>\n<li>Servicios aduaneros<\/li>\n<li>Instalaciones de almacenamiento<\/li>\n<\/ul>\n<p>Swiss Global Movers es un proveedor de mudanzas y log\u00edstica con sede en Ciudad de Guatemala y m\u00e1s de 20 a\u00f1os de experiencia. Trabajan en asociaci\u00f3n con otros para ofrecer un servicio integral con cobertura mundial. Son miembros de IAM con 42 a\u00f1os de servicio.<\/p>\n<p>Swiss Global Movers pone a su disposici\u00f3n personal cualificado para asesorarle y ayudarle a planificar su mudanza. Proporcionan un servicio puerta a puerta que incluye servicio de embalaje y desembalaje y pueden ofrecer almacenaje provisional si es necesario. Organizar\u00e1n el transporte de sus pertenencias, incluida la gesti\u00f3n de los procesos de importaci\u00f3n y exportaci\u00f3n con los servicios aduaneros.<\/p>\n<p>P\u00e1gina web: <a href=\"https:\/\/swissglobalmovers.com.gt\/\" target=\"_blank\" rel=\"noopener\">https:\/\/swissglobalmovers.com.gt\/<\/a><\/p>","protected":false},"excerpt":{"rendered":"<p>Are you moving to or from, or within Guatemala? Then you might be interested in the services of a moving company that can assist with packing, transportation and customs formalities. Below we have compiled a list of Guatemala based removal companies that are members of the International Association of Movers (IAM) and\/or FIDI Accredited International [&hellip;]<\/p>\n","protected":false},"author":4,"featured_media":0,"parent":190,"menu_order":0,"comment_status":"closed","ping_status":"closed","template":"","meta":{"_genesis_hide_title":false,"_genesis_hide_breadcrumbs":false,"_genesis_hide_singular_image":false,"_genesis_hide_footer_widgets":false,"_genesis_custom_body_class":"","_genesis_custom_post_class":"","_genesis_layout":"","footnotes":""},"class_list":{"0":"post-7512","1":"page","2":"type-page","3":"status-publish","5":"entry","6":"has-post-thumbnail"},"_links":{"self":[{"href":"https:\/\/moverdb.com\/es\/wp-json\/wp\/v2\/pages\/7512","targetHints":{"allow":["GET"]}}],"collection":[{"href":"https:\/\/moverdb.com\/es\/wp-json\/wp\/v2\/pages"}],"about":[{"href":"https:\/\/moverdb.com\/es\/wp-json\/wp\/v2\/types\/page"}],"author":[{"embeddable":true,"href":"https:\/\/moverdb.com\/es\/wp-json\/wp\/v2\/users\/4"}],"replies":[{"embeddable":true,"href":"https:\/\/moverdb.com\/es\/wp-json\/wp\/v2\/comments?post=7512"}],"version-history":[{"count":1,"href":"https:\/\/moverdb.com\/es\/wp-json\/wp\/v2\/pages\/7512\/revisions"}],"predecessor-version":[{"id":7513,"href":"https:\/\/moverdb.com\/es\/wp-json\/wp\/v2\/pages\/7512\/revisions\/7513"}],"up":[{"embeddable":true,"href":"https:\/\/moverdb.com\/es\/wp-json\/wp\/v2\/pages\/190"}],"wp:attachment":[{"href":"https:\/\/moverdb.com\/es\/wp-json\/wp\/v2\/media?parent=7512"}],"curies":[{"name":"wp","href":"https:\/\/api.w.org\/{rel}","templated":true}]}}