{"id":7510,"date":"2023-02-01T13:59:14","date_gmt":"2023-02-01T13:59:14","guid":{"rendered":"https:\/\/moverdb.com\/?page_id=7510"},"modified":"2026-01-08T15:29:34","modified_gmt":"2026-01-08T15:29:34","slug":"mudanzas-empresas-grecia","status":"publish","type":"page","link":"https:\/\/moverdb.com\/es\/moving-companies\/moving-companies-greece\/","title":{"rendered":"8 Mejores Empresas de Mudanzas Internacionales en Grecia"},"content":{"rendered":"<p>Mudarse de casa o de empresa puede ser dif\u00edcil, ya que hay que ocuparse de muchos aspectos log\u00edsticos, sobre todo si se trata de un traslado de pa\u00eds. <a href=\"https:\/\/moverdb.com\/es\/moving-to-greece\/\" data-internallinksmanager029f6b8e52c=\"353\" title=\"\u00bfSe muda a Grecia? 2026 Coste de la vida y consejos para el traslado\">Grecia<\/a>es posible que desee contratar a un <a href=\"https:\/\/moverdb.com\/es\/moving-companies\/\" data-internallinksmanager029f6b8e52c=\"79\" title=\"Las 25 mejores empresas de mudanzas internacionales en l\u00ednea\">empresa de mudanzas<\/a>. A continuaci\u00f3n hemos recopilado una lista de <a href=\"https:\/\/moverdb.com\/es\/international-removals\/\" data-internallinksmanager029f6b8e52c=\"27\" title=\"36 mejores empresas de mudanzas internacionales del Reino Unido\">empresas de mudanzas<\/a> que son miembros de la <a href=\"https:\/\/moverdb.com\/es\/iam\/\" data-internallinksmanager029f6b8e52c=\"23\" title=\"Explicaci\u00f3n de la Asociaci\u00f3n Internacional de Empresas de Mudanzas (IAM)\">Asociaci\u00f3n Internacional de Empresas de Mudanzas<\/a> (IAM) y\/o <a href=\"https:\/\/moverdb.com\/es\/fidi-faim\/\" data-internallinksmanager029f6b8e52c=\"16\" title=\"Explicaci\u00f3n del FIDI y del FAIM (FIDI Accredited International Mover)\">FIDI<\/a> Empresa de mudanzas internacionales acreditada (FAIM) que podr\u00eda ayudarle con su mudanza.<\/p>\n<div id=\"ez-toc-container\" class=\"ez-toc-v2_0_82_2 ez-toc-wrap-left counter-hierarchy ez-toc-counter ez-toc-transparent ez-toc-container-direction\">\n<div class=\"ez-toc-title-container\">\n<p class=\"ez-toc-title\" style=\"cursor:inherit\">Secciones<\/p>\n<span class=\"ez-toc-title-toggle\"><a href=\"#\" class=\"ez-toc-pull-right ez-toc-btn ez-toc-btn-xs ez-toc-btn-default ez-toc-toggle\" aria-label=\"Alternar tabla de contenidos\"><span class=\"ez-toc-js-icon-con\"><span class=\"\"><span class=\"eztoc-hide\" style=\"display:none;\">Toggle<\/span><span class=\"ez-toc-icon-toggle-span\"><svg style=\"fill: #999;color:#999\" xmlns=\"http:\/\/www.w3.org\/2000\/svg\" class=\"list-377408\" width=\"20px\" height=\"20px\" viewbox=\"0 0 24 24\" fill=\"none\"><path d=\"M6 6H4v2h2V6zm14 0H8v2h12V6zM4 11h2v2H4v-2zm16 0H8v2h12v-2zM4 16h2v2H4v-2zm16 0H8v2h12v-2z\" fill=\"currentColor\"><\/path><\/svg><svg style=\"fill: #999;color:#999\" class=\"arrow-unsorted-368013\" xmlns=\"http:\/\/www.w3.org\/2000\/svg\" width=\"10px\" height=\"10px\" viewbox=\"0 0 24 24\" version=\"1.2\" baseprofile=\"tiny\"><path d=\"M18.2 9.3l-6.2-6.3-6.2 6.3c-.2.2-.3.4-.3.7s.1.5.3.7c.2.2.4.3.7.3h11c.3 0 .5-.1.7-.3.2-.2.3-.5.3-.7s-.1-.5-.3-.7zM5.8 14.7l6.2 6.3 6.2-6.3c.2-.2.3-.5.3-.7s-.1-.5-.3-.7c-.2-.2-.4-.3-.7-.3h-11c-.3 0-.5.1-.7.3-.2.2-.3.5-.3.7s.1.5.3.7z\"\/><\/svg><\/span><\/span><\/span><\/a><\/span><\/div>\n<nav><ul class='ez-toc-list ez-toc-list-level-1 eztoc-toggle-hide-by-default' ><li class='ez-toc-page-1 ez-toc-heading-level-2'><a class=\"ez-toc-link ez-toc-heading-1\" href=\"https:\/\/moverdb.com\/es\/moving-companies\/moving-companies-greece\/#1_Attica_Movers\" >1. Mudanzas Attica<\/a><\/li><li class='ez-toc-page-1 ez-toc-heading-level-2'><a class=\"ez-toc-link ez-toc-heading-2\" href=\"https:\/\/moverdb.com\/es\/moving-companies\/moving-companies-greece\/#2_Cargo_Log_Ltd\" >2. Cargo Log Ltd<\/a><\/li><li class='ez-toc-page-1 ez-toc-heading-level-2'><a class=\"ez-toc-link ez-toc-heading-3\" href=\"https:\/\/moverdb.com\/es\/moving-companies\/moving-companies-greece\/#3_Celebrity_International_Movers\" >3. Celebrity International Movers<\/a><\/li><li class='ez-toc-page-1 ez-toc-heading-level-2'><a class=\"ez-toc-link ez-toc-heading-4\" href=\"https:\/\/moverdb.com\/es\/moving-companies\/moving-companies-greece\/#4_Matrix_Relocations\" >4. Reubicaci\u00f3n de matrices<\/a><\/li><li class='ez-toc-page-1 ez-toc-heading-level-2'><a class=\"ez-toc-link ez-toc-heading-5\" href=\"https:\/\/moverdb.com\/es\/moving-companies\/moving-companies-greece\/#5_Orphee_Beinoglou\" >5. Orphee Beinoglou<\/a><\/li><li class='ez-toc-page-1 ez-toc-heading-level-2'><a class=\"ez-toc-link ez-toc-heading-6\" href=\"https:\/\/moverdb.com\/es\/moving-companies\/moving-companies-greece\/#6_Safeway_Transport\" >6. Safeway Transporte<\/a><\/li><li class='ez-toc-page-1 ez-toc-heading-level-2'><a class=\"ez-toc-link ez-toc-heading-7\" href=\"https:\/\/moverdb.com\/es\/moving-companies\/moving-companies-greece\/#7_Aritrans\" >7. Aritrans<\/a><\/li><li class='ez-toc-page-1 ez-toc-heading-level-2'><a class=\"ez-toc-link ez-toc-heading-8\" href=\"https:\/\/moverdb.com\/es\/moving-companies\/moving-companies-greece\/#8_Intermove\" >8. Intermove<\/a><\/li><li class='ez-toc-page-1 ez-toc-heading-level-2'><a class=\"ez-toc-link ez-toc-heading-9\" href=\"https:\/\/moverdb.com\/es\/moving-companies\/moving-companies-greece\/#Other_Useful_Guides_to_Greece\" >Otras gu\u00edas \u00fatiles sobre Grecia<\/a><\/li><\/ul><\/nav><\/div>\n<h2><span class=\"ez-toc-section\" id=\"1_Attica_Movers\"><\/span><strong>1. Mudanzas Attica<\/strong><span class=\"ez-toc-section-end\"><\/span><\/h2>\n<p><img loading=\"lazy\" decoding=\"async\" class=\"alignnone size-full wp-image-7417\" src=\"https:\/\/moverdb.com\/wp-content\/uploads\/Attica-Movers-international-moving-company.png\" alt=\"Attica Movers empresa de mudanzas internacionales\" width=\"1440\" height=\"682\" data-wp-pid=\"7417\" srcset=\"https:\/\/moverdb.com\/wp-content\/uploads\/Attica-Movers-international-moving-company.png 1440w, https:\/\/moverdb.com\/wp-content\/uploads\/Attica-Movers-international-moving-company-300x142.png 300w, https:\/\/moverdb.com\/wp-content\/uploads\/Attica-Movers-international-moving-company-1024x485.png 1024w, https:\/\/moverdb.com\/wp-content\/uploads\/Attica-Movers-international-moving-company-18x9.png 18w, https:\/\/moverdb.com\/wp-content\/uploads\/Attica-Movers-international-moving-company-600x284.png 600w\" sizes=\"auto, (max-width: 1440px) 100vw, 1440px\" \/><\/p>\n<ul>\n<li>Movimientos nacionales<\/li>\n<li>Traslados internacionales<\/li>\n<li>Mudanzas dom\u00e9sticas<\/li>\n<li>Mudanzas comerciales<\/li>\n<li>Servicio de embalaje<\/li>\n<li>Construcci\u00f3n de cajas de madera<\/li>\n<li>Reg\u00edmenes aduaneros<\/li>\n<li>Transporte de mascotas<\/li>\n<li>Transporte de arte<\/li>\n<li>Almacenamiento de corto a largo plazo<\/li>\n<\/ul>\n<p>Attica Movers es una empresa de mudanzas nacionales e internacionales fundada en 1980 con sede en Atenas. Son miembros de IAM con 43 a\u00f1os de servicio y est\u00e1n acreditados por FIDI, lo que les da acceso a una red internacional de agentes de mudanzas que les prestan apoyo.<\/p>\n<p>Attica Movers ofrece un estudio virtual o presencial para evaluar el volumen de su mudanza, las necesidades de embalaje y el modo de transporte. Proporcionan un servicio de embalaje completo que utiliza materiales modernos y de alta calidad, y construir\u00e1n cajas de madera para los art\u00edculos fr\u00e1giles. Pueden realizar tr\u00e1mites aduaneros cuando sea necesario. Tambi\u00e9n ofrecen servicios especializados en el transporte de mascotas y obras de arte.<\/p>\n<p>P\u00e1gina web: <a href=\"http:\/\/www.atticamovers.gr\" target=\"_blank\" rel=\"noopener\">http:\/\/www.atticamovers.gr<\/a><\/p>\n<h2><span class=\"ez-toc-section\" id=\"2_Cargo_Log_Ltd\"><\/span><strong>2. Cargo Log Ltd<\/strong><span class=\"ez-toc-section-end\"><\/span><\/h2>\n<p><img loading=\"lazy\" decoding=\"async\" class=\"alignnone size-full wp-image-7424\" src=\"https:\/\/moverdb.com\/wp-content\/uploads\/Cargo-Log-international-moving-company.png\" alt=\"Cargo Log empresa de mudanzas internacionales\" width=\"1440\" height=\"682\" data-wp-pid=\"7424\" srcset=\"https:\/\/moverdb.com\/wp-content\/uploads\/Cargo-Log-international-moving-company.png 1440w, https:\/\/moverdb.com\/wp-content\/uploads\/Cargo-Log-international-moving-company-300x142.png 300w, https:\/\/moverdb.com\/wp-content\/uploads\/Cargo-Log-international-moving-company-1024x485.png 1024w, https:\/\/moverdb.com\/wp-content\/uploads\/Cargo-Log-international-moving-company-18x9.png 18w, https:\/\/moverdb.com\/wp-content\/uploads\/Cargo-Log-international-moving-company-600x284.png 600w\" sizes=\"auto, (max-width: 1440px) 100vw, 1440px\" \/><\/p>\n<ul>\n<li>Movimientos nacionales<\/li>\n<li>Traslados internacionales<\/li>\n<li>Mudanzas dom\u00e9sticas<\/li>\n<li>Movimientos de negocios<\/li>\n<li>Movimientos militares<\/li>\n<li>Servicio de embalaje<\/li>\n<li>Despacho de aduanas<\/li>\n<li>Transporte de veh\u00edculos<\/li>\n<li>Transporte de mascotas<\/li>\n<li>Almacenamiento de corto a largo plazo<\/li>\n<\/ul>\n<p>Cargo Log es un proveedor de servicios de reubicaci\u00f3n de propiedad familiar que ofrece servicios desde y hacia Creta. Llevan m\u00e1s de 60 a\u00f1os ayudando a la gente a trasladarse. Atienden a hogares, empresas y traslados militares. Es miembro de IAM, con 34 a\u00f1os de servicio.<\/p>\n<p>Cargo Log cuenta con un equipo experimentado que organizar\u00e1 su mudanza al mejor precio posible y embalar\u00e1 sus pertenencias de forma segura y las manipular\u00e1 con cuidado. Tambi\u00e9n pueden ayudarle con el despacho de aduanas. Ofrecen una amplia gama de servicios de mudanza especializados, que incluyen el env\u00edo de coches y motocicletas, el transporte de mascotas y el traslado de equipos de exposici\u00f3n.<\/p>\n<p>P\u00e1gina web: <a href=\"http:\/\/www.cargolog.gr\" target=\"_blank\" rel=\"noopener\">http:\/\/www.cargolog.gr<\/a><\/p>\n<h2><span class=\"ez-toc-section\" id=\"3_Celebrity_International_Movers\"><\/span><strong>3. Celebrity International Movers<\/strong><span class=\"ez-toc-section-end\"><\/span><\/h2>\n<p><img loading=\"lazy\" decoding=\"async\" class=\"alignnone size-full wp-image-7426\" src=\"https:\/\/moverdb.com\/wp-content\/uploads\/Celebrity-International-Movers-moving-company.png\" alt=\"Celebrity International Movers empresa de mudanzas\" width=\"1440\" height=\"645\" data-wp-pid=\"7426\" srcset=\"https:\/\/moverdb.com\/wp-content\/uploads\/Celebrity-International-Movers-moving-company.png 1440w, https:\/\/moverdb.com\/wp-content\/uploads\/Celebrity-International-Movers-moving-company-300x134.png 300w, https:\/\/moverdb.com\/wp-content\/uploads\/Celebrity-International-Movers-moving-company-1024x459.png 1024w, https:\/\/moverdb.com\/wp-content\/uploads\/Celebrity-International-Movers-moving-company-18x8.png 18w, https:\/\/moverdb.com\/wp-content\/uploads\/Celebrity-International-Movers-moving-company-600x269.png 600w\" sizes=\"auto, (max-width: 1440px) 100vw, 1440px\" \/><\/p>\n<ul>\n<li>Movimientos nacionales<\/li>\n<li>Traslados internacionales<\/li>\n<li>Mudanzas dom\u00e9sticas<\/li>\n<li>Traslado de oficinas<\/li>\n<li>Servicios de traslado personalizados<\/li>\n<li>Movimientos a medida<\/li>\n<li>Servicios de embalaje<\/li>\n<li>Transporte de veh\u00edculos y mascotas<\/li>\n<li>Movimientos art\u00edsticos<\/li>\n<li>Instalaciones de almacenamiento<\/li>\n<\/ul>\n<p>Celebrity International Movers es una empresa de mudanzas nacionales e internacionales fundada en 1986. Trabajan con agentes asociados para realizar mudanzas internacionales. Son miembros de IAM con 37 a\u00f1os de servicio y est\u00e1n acreditados por FIDI.<\/p>\n<p>Celebrity International Movers ofrece un servicio personalizado de mudanzas puerta a puerta para ayudar a las personas a trasladar todo tipo de bienes, incluidos coches, barcos, obras de arte y mascotas. Asignan a cada cliente un asesor de mudanzas. Proporcionan un servicio de embalaje para proteger sus pertenencias cuando viaje por tierra, mar o aire y se encargan de los tr\u00e1mites aduaneros. Su servicio de reubicaci\u00f3n incluye la b\u00fasqueda de alojamiento y colegios, inmigraci\u00f3n, orientaci\u00f3n, servicios de salida y apoyo a la instalaci\u00f3n.<\/p>\n<p>P\u00e1gina web: <a href=\"http:\/\/www.celebrity.gr\" target=\"_blank\" rel=\"noopener\">http:\/\/www.celebrity.gr<\/a><\/p>\n<h2><span class=\"ez-toc-section\" id=\"4_Matrix_Relocations\"><\/span><strong>4. Reubicaci\u00f3n de matrices<\/strong><span class=\"ez-toc-section-end\"><\/span><\/h2>\n<p><img loading=\"lazy\" decoding=\"async\" class=\"alignnone size-full wp-image-7466\" src=\"https:\/\/moverdb.com\/wp-content\/uploads\/Matrix-Relocations-international-moving-company.png\" alt=\"Matrix Relocations empresa de mudanzas internacionales\" width=\"1440\" height=\"683\" data-wp-pid=\"7466\" srcset=\"https:\/\/moverdb.com\/wp-content\/uploads\/Matrix-Relocations-international-moving-company.png 1440w, https:\/\/moverdb.com\/wp-content\/uploads\/Matrix-Relocations-international-moving-company-300x142.png 300w, https:\/\/moverdb.com\/wp-content\/uploads\/Matrix-Relocations-international-moving-company-1024x486.png 1024w, https:\/\/moverdb.com\/wp-content\/uploads\/Matrix-Relocations-international-moving-company-18x9.png 18w, https:\/\/moverdb.com\/wp-content\/uploads\/Matrix-Relocations-international-moving-company-600x285.png 600w\" sizes=\"auto, (max-width: 1440px) 100vw, 1440px\" \/><\/p>\n<ul>\n<li>Movimientos nacionales<\/li>\n<li>Traslados internacionales<\/li>\n<li>Mudanzas dom\u00e9sticas<\/li>\n<li>Movimientos corporativos<\/li>\n<li>Servicios de reubicaci\u00f3n<\/li>\n<li>Asesor personal de mudanzas<\/li>\n<li>Servicio de embalaje<\/li>\n<li>Organizar el transporte<\/li>\n<li>Despacho de aduanas<\/li>\n<li>Instalaciones de almacenamiento<\/li>\n<\/ul>\n<p>Matrix Relocations es una empresa de mudanzas y traslados fundada en 1990 en Atenas. Cuenta con una red de empresas de mudanzas que le ayudan a prestar sus servicios. Son miembros de IAM con 18 a\u00f1os de servicio.<\/p>\n<p>Matrix Relocations pone a su disposici\u00f3n un asesor personal de mudanzas que gestionar\u00e1 su traslado durante todo el viaje. Utilizan materiales y t\u00e9cnicas de embalaje de la m\u00e1xima calidad e inventariar\u00e1n sus pertenencias. Organizar\u00e1n el transporte de sus pertenencias con despacho de aduanas, y ofrecen seguimiento online del env\u00edo. Sus servicios de reubicaci\u00f3n incluyen servicios de llegada y salida, b\u00fasqueda de vivienda y colegio, y gesti\u00f3n de alquileres.<\/p>\n<p>P\u00e1gina web: <a href=\"https:\/\/matrixrelo.com\" target=\"_blank\" rel=\"noopener\">https:\/\/matrixrelo.com<\/a><\/p>\n<h2><span class=\"ez-toc-section\" id=\"5_Orphee_Beinoglou\"><\/span><strong>5. Orphee Beinoglou<\/strong><span class=\"ez-toc-section-end\"><\/span><\/h2>\n<p><img loading=\"lazy\" decoding=\"async\" class=\"alignnone size-full wp-image-7475\" src=\"https:\/\/moverdb.com\/wp-content\/uploads\/Orphee-Beinoglou-international-moving-company.png\" alt=\"Orphee Beinoglou empresa de mudanzas internacionales\" width=\"1440\" height=\"686\" data-wp-pid=\"7475\" srcset=\"https:\/\/moverdb.com\/wp-content\/uploads\/Orphee-Beinoglou-international-moving-company.png 1440w, https:\/\/moverdb.com\/wp-content\/uploads\/Orphee-Beinoglou-international-moving-company-300x143.png 300w, https:\/\/moverdb.com\/wp-content\/uploads\/Orphee-Beinoglou-international-moving-company-1024x488.png 1024w, https:\/\/moverdb.com\/wp-content\/uploads\/Orphee-Beinoglou-international-moving-company-18x9.png 18w, https:\/\/moverdb.com\/wp-content\/uploads\/Orphee-Beinoglou-international-moving-company-600x286.png 600w\" sizes=\"auto, (max-width: 1440px) 100vw, 1440px\" \/><\/p>\n<ul>\n<li>Movimientos nacionales<\/li>\n<li>Traslados internacionales<\/li>\n<li>Mudanzas residenciales<\/li>\n<li>Traslado de oficinas<\/li>\n<li>Servicios de reubicaci\u00f3n<\/li>\n<li>Servicio puerta a puerta<\/li>\n<li>Servicio de embalaje<\/li>\n<li>Transporte por carretera, mar\u00edtimo y a\u00e9reo<\/li>\n<li>Despacho de aduanas<\/li>\n<li>Instalaciones de almacenamiento de corto a largo plazo<\/li>\n<\/ul>\n<p>Orphee Beinoglou es una empresa de transporte de mercanc\u00edas y log\u00edstica fundada en 1923 en Atenas. Dispone de una red global con la que trabaja para realizar transportes en todo el mundo. Es miembro de IAM, con 100 a\u00f1os de servicio, y est\u00e1 acreditada por FIDI.<\/p>\n<p>Orphee Beinoglou pone a su disposici\u00f3n un asesor de reubicaci\u00f3n que le guiar\u00e1 a lo largo del proceso. Proporcionan un servicio puerta a puerta que incluye el embalaje seguro de sus pertenencias con material de embalaje especializado y su transporte por carretera, mar o aire con despacho de aduanas gestionado. Tambi\u00e9n ofrecen transporte de obras de arte, proyectos especiales de transporte, seguros y almacenamiento.<\/p>\n<p>P\u00e1gina web: <a href=\"http:\/\/www.beinoglou.gr\" target=\"_blank\" rel=\"noopener\">http:\/\/www.beinoglou.gr<\/a><\/p>\n<h2><span class=\"ez-toc-section\" id=\"6_Safeway_Transport\"><\/span><strong>6. Safeway Transporte<\/strong><span class=\"ez-toc-section-end\"><\/span><\/h2>\n<p><img loading=\"lazy\" decoding=\"async\" class=\"alignnone size-full wp-image-7482\" src=\"https:\/\/moverdb.com\/wp-content\/uploads\/Safeway-Transport-international-moving-company.png\" alt=\"Safeway Transport empresa de mudanzas internacionales\" width=\"1440\" height=\"692\" data-wp-pid=\"7482\" srcset=\"https:\/\/moverdb.com\/wp-content\/uploads\/Safeway-Transport-international-moving-company.png 1440w, https:\/\/moverdb.com\/wp-content\/uploads\/Safeway-Transport-international-moving-company-300x144.png 300w, https:\/\/moverdb.com\/wp-content\/uploads\/Safeway-Transport-international-moving-company-1024x492.png 1024w, https:\/\/moverdb.com\/wp-content\/uploads\/Safeway-Transport-international-moving-company-18x9.png 18w, https:\/\/moverdb.com\/wp-content\/uploads\/Safeway-Transport-international-moving-company-600x288.png 600w\" sizes=\"auto, (max-width: 1440px) 100vw, 1440px\" \/><\/p>\n<ul>\n<li>Movimientos nacionales<\/li>\n<li>Traslados internacionales<\/li>\n<li>Mudanzas dom\u00e9sticas<\/li>\n<li>Movimientos corporativos<\/li>\n<li>Servicio a medida<\/li>\n<li>Servicio de embalaje<\/li>\n<li>Despacho de aduanas<\/li>\n<li>Transporte de mascotas<\/li>\n<li>Transporte de veh\u00edculos<\/li>\n<li>Almacenamiento a largo plazo<\/li>\n<\/ul>\n<p>Safeway Transport es una empresa internacional y nacional <a href=\"https:\/\/moverdb.com\/es\/shipping-companies\/\" data-internallinksmanager029f6b8e52c=\"4\" title=\"Las 10 mejores empresas de transporte internacional de contenedores\">empresa de transporte<\/a> con sede en Atenas. Prestan servicios de mudanzas a clientes residenciales y comerciales. Trabajan con una red mundial de agentes para ofrecer un servicio puerta a puerta. Son miembros de IAM con 14 a\u00f1os de servicio.<\/p>\n<p>Safeway Transport ofrece un servicio de mudanzas personalizado con un contacto personal para gestionar su mudanza y realizar un estudio previo a la misma. Ofrecen servicios especializados para bellas artes, antig\u00fcedades, mascotas y veh\u00edculos, as\u00ed como para art\u00edculos est\u00e1ndar. Ofrecen un servicio de embalaje que incluye cajas para proteger sus pertenencias durante el transporte.<\/p>\n<p>P\u00e1gina web: <a href=\"http:\/\/www.safewaytransport.gr\" target=\"_blank\" rel=\"noopener\">http:\/\/www.safewaytransport.gr<\/a><\/p>\n<h2><span class=\"ez-toc-section\" id=\"7_Aritrans\"><\/span><strong>7. Aritrans<\/strong><span class=\"ez-toc-section-end\"><\/span><\/h2>\n<p><img loading=\"lazy\" decoding=\"async\" class=\"alignnone size-full wp-image-7413\" src=\"https:\/\/moverdb.com\/wp-content\/uploads\/Aritrans-international-moving-company.png\" alt=\"Empresa de mudanzas internacionales Aritrans\" width=\"1440\" height=\"673\" data-wp-pid=\"7413\" srcset=\"https:\/\/moverdb.com\/wp-content\/uploads\/Aritrans-international-moving-company.png 1440w, https:\/\/moverdb.com\/wp-content\/uploads\/Aritrans-international-moving-company-300x140.png 300w, https:\/\/moverdb.com\/wp-content\/uploads\/Aritrans-international-moving-company-1024x479.png 1024w, https:\/\/moverdb.com\/wp-content\/uploads\/Aritrans-international-moving-company-18x8.png 18w, https:\/\/moverdb.com\/wp-content\/uploads\/Aritrans-international-moving-company-600x280.png 600w\" sizes=\"auto, (max-width: 1440px) 100vw, 1440px\" \/><\/p>\n<ul>\n<li>Movimientos nacionales<\/li>\n<li>Traslados internacionales<\/li>\n<li>Mudanzas dom\u00e9sticas<\/li>\n<li>Traslado de oficinas<\/li>\n<li>Servicio puerta a puerta<\/li>\n<li>Servicio de embalaje<\/li>\n<li>Desmontaje y montaje de muebles<\/li>\n<li>Transporte por carretera, mar\u00edtimo y a\u00e9reo<\/li>\n<li>Despacho de aduanas<\/li>\n<li>Almacenamiento seguro<\/li>\n<\/ul>\n<p>Aritrans es una empresa internacional <a href=\"https:\/\/moverdb.com\/es\/freight-forwarder\/\" data-internallinksmanager029f6b8e52c=\"17\" title=\"Gu\u00eda de empresas y costes internacionales de transitarios y NVOCC\">transportista<\/a> y proveedor log\u00edstico fundado en 1992. Su sede est\u00e1 en El Pireo y tiene dos sucursales en Atenas y Sal\u00f3nica. Disponen de una red de agencias fiables que operan en el extranjero para prestarles servicios. Es miembro de IAM con 32 a\u00f1os de servicio.<\/p>\n<p>Aritrans pone a su disposici\u00f3n un asesor de reubicaci\u00f3n que realizar\u00e1 un estudio de sus pertenencias para evaluar sus necesidades de embalaje y mudanza. Proporcionan un servicio de embalaje que incluye desmontar y montar muebles, embalar y desembalar sus pertenencias. Si es necesario, se encargan del despacho de aduanas.<\/p>\n<p>P\u00e1gina web: <a href=\"http:\/\/www.aritrans.gr\" target=\"_blank\" rel=\"noopener\">http:\/\/www.aritrans.gr<\/a><\/p>\n<h2><span class=\"ez-toc-section\" id=\"8_Intermove\"><\/span><strong>8. Intermove<\/strong><span class=\"ez-toc-section-end\"><\/span><\/h2>\n<p><img loading=\"lazy\" decoding=\"async\" class=\"alignnone size-full wp-image-7455\" src=\"https:\/\/moverdb.com\/wp-content\/uploads\/Intermove-Greece-international-moving-company.png\" alt=\"Intermove Grecia empresa de mudanzas internacionales\" width=\"1440\" height=\"678\" data-wp-pid=\"7455\" srcset=\"https:\/\/moverdb.com\/wp-content\/uploads\/Intermove-Greece-international-moving-company.png 1440w, https:\/\/moverdb.com\/wp-content\/uploads\/Intermove-Greece-international-moving-company-300x141.png 300w, https:\/\/moverdb.com\/wp-content\/uploads\/Intermove-Greece-international-moving-company-1024x482.png 1024w, https:\/\/moverdb.com\/wp-content\/uploads\/Intermove-Greece-international-moving-company-18x8.png 18w, https:\/\/moverdb.com\/wp-content\/uploads\/Intermove-Greece-international-moving-company-600x283.png 600w\" sizes=\"auto, (max-width: 1440px) 100vw, 1440px\" \/><\/p>\n<ul>\n<li>Movimiento nacional<\/li>\n<li>Mudanza internacional<\/li>\n<li>Mudanzas dom\u00e9sticas<\/li>\n<li>Movimientos corporativos<\/li>\n<li>Paquete completo de servicios<\/li>\n<li>Organizaci\u00f3n del transporte<\/li>\n<li>Transporte terrestre, mar\u00edtimo o a\u00e9reo<\/li>\n<li>Transporte de obras de arte<\/li>\n<li>Seguros<\/li>\n<li>Almacenamiento<\/li>\n<\/ul>\n<p>Intermove es una empresa de transporte internacional con sede en Atenas que dispone de una red de transporte e instalaciones de almacenamiento en Grecia. Cuenta con una red internacional de socios que le ayudan a prestar servicios en el extranjero. Es miembro de IAM con 26 a\u00f1os de servicio.<\/p>\n<p>Intermove ofrece servicios de mudanzas para hogares, traslado de oficinas y servicios de reubicaci\u00f3n, as\u00ed como servicios de exposici\u00f3n. Proporcionan un paquete completo para mudanzas locales e internacionales con la opci\u00f3n de autoembalaje. Ofrecen opciones de transporte que incluyen el terrestre con su propia flota, el mar\u00edtimo o el a\u00e9reo. Disponen de instalaciones de almacenamiento que ofrecen soluciones de guardamuebles en caso necesario.<\/p>\n<p>P\u00e1gina web: <a href=\"http:\/\/www.intermove.gr\" target=\"_blank\" rel=\"noopener\">http:\/\/www.intermove.gr<\/a><\/p>\n<h2><span class=\"ez-toc-section\" id=\"Other_Useful_Guides_to_Greece\"><\/span>Otras gu\u00edas \u00fatiles sobre Grecia<span class=\"ez-toc-section-end\"><\/span><\/h2>\n<ul>\n<li> <a href=\"https:\/\/moverdb.com\/es\/moving-to-greece\/\">Mudarse a Grecia: Coste de la vida y consejos de reubicaci\u00f3n<\/a><\/li>\n<li> <a href=\"https:\/\/moverdb.com\/es\/moving-to-greece\/living-in-greece\/\">21 secretos sobre la vida en Grecia que debe conocer antes de mudarse<\/a><\/li>\n<li> <a href=\"https:\/\/moverdb.com\/es\/moving-to-greece\/best-places-to-live-greece\/\">13 mejores lugares para vivir en Grecia<\/a><\/li>\n<li> <a href=\"https:\/\/moverdb.com\/es\/transporte-de-contenedores\/grecia\/\">Tarifas de transporte mar\u00edtimo de contenedores desde y hacia Grecia<\/a><\/li>\n<\/ul>","protected":false},"excerpt":{"rendered":"<p>Moving home or business can be difficult with lots of logistics to handle especially if you are moving countries, so if you are moving to, from or within Greece, you may want to engage a moving company. Below we have compiled a list of Greek removal companies that are members of the International Association of [&hellip;]<\/p>\n","protected":false},"author":4,"featured_media":0,"parent":190,"menu_order":0,"comment_status":"closed","ping_status":"closed","template":"","meta":{"_genesis_hide_title":false,"_genesis_hide_breadcrumbs":false,"_genesis_hide_singular_image":false,"_genesis_hide_footer_widgets":false,"_genesis_custom_body_class":"","_genesis_custom_post_class":"","_genesis_layout":"","footnotes":""},"class_list":{"0":"post-7510","1":"page","2":"type-page","3":"status-publish","5":"entry","6":"has-post-thumbnail"},"_links":{"self":[{"href":"https:\/\/moverdb.com\/es\/wp-json\/wp\/v2\/pages\/7510","targetHints":{"allow":["GET"]}}],"collection":[{"href":"https:\/\/moverdb.com\/es\/wp-json\/wp\/v2\/pages"}],"about":[{"href":"https:\/\/moverdb.com\/es\/wp-json\/wp\/v2\/types\/page"}],"author":[{"embeddable":true,"href":"https:\/\/moverdb.com\/es\/wp-json\/wp\/v2\/users\/4"}],"replies":[{"embeddable":true,"href":"https:\/\/moverdb.com\/es\/wp-json\/wp\/v2\/comments?post=7510"}],"version-history":[{"count":3,"href":"https:\/\/moverdb.com\/es\/wp-json\/wp\/v2\/pages\/7510\/revisions"}],"predecessor-version":[{"id":16250,"href":"https:\/\/moverdb.com\/es\/wp-json\/wp\/v2\/pages\/7510\/revisions\/16250"}],"up":[{"embeddable":true,"href":"https:\/\/moverdb.com\/es\/wp-json\/wp\/v2\/pages\/190"}],"wp:attachment":[{"href":"https:\/\/moverdb.com\/es\/wp-json\/wp\/v2\/media?parent=7510"}],"curies":[{"name":"wp","href":"https:\/\/api.w.org\/{rel}","templated":true}]}}