{"id":6049,"date":"2023-02-01T13:40:08","date_gmt":"2023-02-01T13:40:08","guid":{"rendered":"https:\/\/moverdb.com\/?page_id=6049"},"modified":"2026-01-08T15:24:41","modified_gmt":"2026-01-08T15:24:41","slug":"empresas-de-mudanzas-fiji","status":"publish","type":"page","link":"https:\/\/moverdb.com\/es\/moving-companies\/moving-companies-fiji\/","title":{"rendered":"4 Mejores Empresas de Mudanzas Internacionales en Fiyi"},"content":{"rendered":"<p>Si est\u00e1 planeando mudarse a Fiyi, desde Fiyi o dentro de Fiyi, puede que le interese contratar los servicios de una empresa de confianza. <a href=\"https:\/\/moverdb.com\/es\/moving-companies\/\" data-internallinksmanager029f6b8e52c=\"79\" title=\"Las 25 mejores empresas de mudanzas internacionales en l\u00ednea\">empresa de mudanzas<\/a> para ayudarle. A continuaci\u00f3n hemos recopilado una lista de fiyianos <a href=\"https:\/\/moverdb.com\/es\/international-removals\/\" data-internallinksmanager029f6b8e52c=\"27\" title=\"36 mejores empresas de mudanzas internacionales del Reino Unido\">empresas de mudanzas<\/a> que son miembros de la <a href=\"https:\/\/moverdb.com\/es\/iam\/\" data-internallinksmanager029f6b8e52c=\"23\" title=\"Explicaci\u00f3n de la Asociaci\u00f3n Internacional de Empresas de Mudanzas (IAM)\">Asociaci\u00f3n Internacional de Empresas de Mudanzas<\/a> (IAM) y\/o <a href=\"https:\/\/moverdb.com\/es\/fidi-faim\/\" data-internallinksmanager029f6b8e52c=\"16\" title=\"Explicaci\u00f3n del FIDI y del FAIM (FIDI Accredited International Mover)\">FIDI<\/a> Empresa de mudanzas internacionales acreditada (FAIM) que podr\u00eda ayudarle con su mudanza.<\/p>\n<div id=\"ez-toc-container\" class=\"ez-toc-v2_0_82_2 ez-toc-wrap-left counter-hierarchy ez-toc-counter ez-toc-transparent ez-toc-container-direction\">\n<div class=\"ez-toc-title-container\">\n<p class=\"ez-toc-title\" style=\"cursor:inherit\">Secciones<\/p>\n<span class=\"ez-toc-title-toggle\"><a href=\"#\" class=\"ez-toc-pull-right ez-toc-btn ez-toc-btn-xs ez-toc-btn-default ez-toc-toggle\" aria-label=\"Alternar tabla de contenidos\"><span class=\"ez-toc-js-icon-con\"><span class=\"\"><span class=\"eztoc-hide\" style=\"display:none;\">Toggle<\/span><span class=\"ez-toc-icon-toggle-span\"><svg style=\"fill: #999;color:#999\" xmlns=\"http:\/\/www.w3.org\/2000\/svg\" class=\"list-377408\" width=\"20px\" height=\"20px\" viewbox=\"0 0 24 24\" fill=\"none\"><path d=\"M6 6H4v2h2V6zm14 0H8v2h12V6zM4 11h2v2H4v-2zm16 0H8v2h12v-2zM4 16h2v2H4v-2zm16 0H8v2h12v-2z\" fill=\"currentColor\"><\/path><\/svg><svg style=\"fill: #999;color:#999\" class=\"arrow-unsorted-368013\" xmlns=\"http:\/\/www.w3.org\/2000\/svg\" width=\"10px\" height=\"10px\" viewbox=\"0 0 24 24\" version=\"1.2\" baseprofile=\"tiny\"><path d=\"M18.2 9.3l-6.2-6.3-6.2 6.3c-.2.2-.3.4-.3.7s.1.5.3.7c.2.2.4.3.7.3h11c.3 0 .5-.1.7-.3.2-.2.3-.5.3-.7s-.1-.5-.3-.7zM5.8 14.7l6.2 6.3 6.2-6.3c.2-.2.3-.5.3-.7s-.1-.5-.3-.7c-.2-.2-.4-.3-.7-.3h-11c-.3 0-.5.1-.7.3-.2.2-.3.5-.3.7s.1.5.3.7z\"\/><\/svg><\/span><\/span><\/span><\/a><\/span><\/div>\n<nav><ul class='ez-toc-list ez-toc-list-level-1 eztoc-toggle-hide-by-default' ><li class='ez-toc-page-1 ez-toc-heading-level-2'><a class=\"ez-toc-link ez-toc-heading-1\" href=\"https:\/\/moverdb.com\/es\/moving-companies\/moving-companies-fiji\/#1_All_Freight_Logistics\" >1. All Freight Logistics<\/a><\/li><li class='ez-toc-page-1 ez-toc-heading-level-2'><a class=\"ez-toc-link ez-toc-heading-2\" href=\"https:\/\/moverdb.com\/es\/moving-companies\/moving-companies-fiji\/#2_Freight_Services\" >2. Servicios de carga<\/a><\/li><li class='ez-toc-page-1 ez-toc-heading-level-2'><a class=\"ez-toc-link ez-toc-heading-3\" href=\"https:\/\/moverdb.com\/es\/moving-companies\/moving-companies-fiji\/#3_Movements_International\" >3. Movimientos internacionales<\/a><\/li><li class='ez-toc-page-1 ez-toc-heading-level-2'><a class=\"ez-toc-link ez-toc-heading-4\" href=\"https:\/\/moverdb.com\/es\/moving-companies\/moving-companies-fiji\/#4_JVK_Magellan_International\" >4. JVK Magellan International<\/a><\/li><\/ul><\/nav><\/div>\n<h2><span class=\"ez-toc-section\" id=\"1_All_Freight_Logistics\"><\/span><strong>1. All Freight Logistics<\/strong><span class=\"ez-toc-section-end\"><\/span><\/h2>\n<p><img loading=\"lazy\" decoding=\"async\" class=\"alignnone size-full wp-image-5923\" src=\"https:\/\/moverdb.com\/wp-content\/uploads\/All-Freight-Logistics-international-moving-company.png\" alt=\"All Freight Logistics empresa de mudanzas internacionales\" width=\"1440\" height=\"680\" data-wp-pid=\"5923\" srcset=\"https:\/\/moverdb.com\/wp-content\/uploads\/All-Freight-Logistics-international-moving-company.png 1440w, https:\/\/moverdb.com\/wp-content\/uploads\/All-Freight-Logistics-international-moving-company-300x142.png 300w, https:\/\/moverdb.com\/wp-content\/uploads\/All-Freight-Logistics-international-moving-company-1024x484.png 1024w, https:\/\/moverdb.com\/wp-content\/uploads\/All-Freight-Logistics-international-moving-company-18x9.png 18w, https:\/\/moverdb.com\/wp-content\/uploads\/All-Freight-Logistics-international-moving-company-600x283.png 600w\" sizes=\"auto, (max-width: 1440px) 100vw, 1440px\" \/><\/p>\n<ul>\n<li>Traslados locales y nacionales<\/li>\n<li>Traslados internacionales<\/li>\n<li>Mudanzas dom\u00e9sticas<\/li>\n<li>Traslado de oficinas<\/li>\n<li>Servicio puerta a puerta<\/li>\n<li>Tecnolog\u00eda y recursos actualizados<\/li>\n<li>Transporte de mercanc\u00edas por tierra, mar y aire<\/li>\n<li>Documentaci\u00f3n de la carga y despacho de aduanas<\/li>\n<li>Seguro a todo riesgo mar\u00edtimo<\/li>\n<li>Instalaciones de almacenamiento<\/li>\n<\/ul>\n<p>All Freight Logistics es un servicio de transporte de mudanzas y expedici\u00f3n de mercanc\u00edas con sede en Fiyi fundado en 2010. Tiene sucursales en Suva, Lautoka, Nadi y Auckland. Trabajan con agentes de mudanzas internacionales de todo el mundo para realizar mudanzas internacionales. Son miembros de IAM con 12 a\u00f1os de servicio.<\/p>\n<p>All Freight Logistics ofrece un servicio puerta a puerta para mudanzas de hogares y oficinas. Ofrecen una gama de opciones de carga que incluyen el transporte a\u00e9reo y mar\u00edtimo adaptado a sus necesidades, tales como cargas de contenedores completos o menos de carga de contenedores. Tambi\u00e9n proporcionan asistencia con la documentaci\u00f3n de la carga y el despacho de aduanas.<\/p>\n<p>P\u00e1gina web: <a href=\"http:\/\/www.allfreightfiji.com.fj\" target=\"_blank\" rel=\"noopener\">http:\/\/www.allfreightfiji.com.fj<\/a><\/p>\n<h2><span class=\"ez-toc-section\" id=\"2_Freight_Services\"><\/span><strong>2. Servicios de carga<\/strong><span class=\"ez-toc-section-end\"><\/span><\/h2>\n<p><img loading=\"lazy\" decoding=\"async\" class=\"alignnone size-full wp-image-5947\" src=\"https:\/\/moverdb.com\/wp-content\/uploads\/Freight-Services-international-moving-company.png\" alt=\"Freight Services empresa de mudanzas internacionales\" width=\"1440\" height=\"682\" data-wp-pid=\"5947\" srcset=\"https:\/\/moverdb.com\/wp-content\/uploads\/Freight-Services-international-moving-company.png 1440w, https:\/\/moverdb.com\/wp-content\/uploads\/Freight-Services-international-moving-company-300x142.png 300w, https:\/\/moverdb.com\/wp-content\/uploads\/Freight-Services-international-moving-company-1024x485.png 1024w, https:\/\/moverdb.com\/wp-content\/uploads\/Freight-Services-international-moving-company-18x9.png 18w, https:\/\/moverdb.com\/wp-content\/uploads\/Freight-Services-international-moving-company-600x284.png 600w\" sizes=\"auto, (max-width: 1440px) 100vw, 1440px\" \/><\/p>\n<ul>\n<li>Movimientos nacionales<\/li>\n<li>Traslados internacionales<\/li>\n<li>Mudanzas dom\u00e9sticas<\/li>\n<li>Traslado de oficinas<\/li>\n<li>Servicios de embalaje<\/li>\n<li>Transporte por carretera, mar\u00edtimo y a\u00e9reo<\/li>\n<li>Agente de aduanas<\/li>\n<li>Seguros<\/li>\n<li><a href=\"https:\/\/moverdb.com\/es\/car-transport-shipping\/\" data-internallinksmanager029f6b8e52c=\"2\" title=\"2026 Cotizaciones de transporte internacional de coches y env\u00edo de veh\u00edculos\">Env\u00edo de veh\u00edculos<\/a><\/li>\n<li>Almacenamiento de corto a largo plazo<\/li>\n<\/ul>\n<p>Freight Services es un proveedor de soluciones de transporte y log\u00edstica que cuenta con tres oficinas en Fiyi (Suva, Nadi y Lautoka) y una sucursal en Pap\u00faa Nueva <a href=\"https:\/\/moverdb.com\/es\/moving-companies\/moving-companies-guinea\/\" data-internallinksmanager029f6b8e52c=\"231\" title=\"2 Mejores Empresas de Mudanzas Internacionales en Guinea\">Guinea<\/a>. Trabajan con socios de confianza para prestar servicios de mudanzas internacionales. Son miembros de IAM con 26 a\u00f1os de servicio.<\/p>\n<p>Freight Services ofrece servicios de mudanzas nacionales e internacionales puerta a puerta que incluyen un estudio previo a la mudanza y servicios de embalaje a cargo de equipos formados por profesionales que embalar\u00e1n sus pertenencias de forma segura utilizando diversos materiales. Organizar\u00e1n el transporte de sus pertenencias por carretera, aire o mar y pueden ayudarle con el despacho de aduanas a trav\u00e9s de su servicio de corretaje.<\/p>\n<p>P\u00e1gina web: <a href=\"http:\/\/www.fsf.com.fj\" target=\"_blank\" rel=\"noopener\">http:\/\/www.fsf.com.fj<\/a><\/p>\n<h2><span class=\"ez-toc-section\" id=\"3_Movements_International\"><\/span><strong>3. Movimientos internacionales<\/strong><span class=\"ez-toc-section-end\"><\/span><\/h2>\n<p><img loading=\"lazy\" decoding=\"async\" class=\"alignnone size-full wp-image-5977\" src=\"https:\/\/moverdb.com\/wp-content\/uploads\/Movements-International-moving-company.png\" alt=\"Movimientos Empresa internacional de mudanzas\" width=\"1440\" height=\"679\" data-wp-pid=\"5977\" srcset=\"https:\/\/moverdb.com\/wp-content\/uploads\/Movements-International-moving-company.png 1440w, https:\/\/moverdb.com\/wp-content\/uploads\/Movements-International-moving-company-300x141.png 300w, https:\/\/moverdb.com\/wp-content\/uploads\/Movements-International-moving-company-1024x483.png 1024w, https:\/\/moverdb.com\/wp-content\/uploads\/Movements-International-moving-company-18x8.png 18w, https:\/\/moverdb.com\/wp-content\/uploads\/Movements-International-moving-company-600x283.png 600w\" sizes=\"auto, (max-width: 1440px) 100vw, 1440px\" \/><\/p>\n<ul>\n<li>Traslados internacionales<\/li>\n<li>Mudanzas dom\u00e9sticas<\/li>\n<li>Proyectos comerciales<\/li>\n<li>Servicio puerta a puerta<\/li>\n<li>Servicio de embalaje e inventario<\/li>\n<li>Material de embalaje de alta calidad<\/li>\n<li>Transporte por carretera, mar\u00edtimo y a\u00e9reo<\/li>\n<li>Apoyo a la exportaci\u00f3n de documentos<\/li>\n<li>Seguro a todo riesgo mar\u00edtimo<\/li>\n<li>Instalaciones de almacenamiento<\/li>\n<\/ul>\n<p>Movements International es un proveedor de servicios log\u00edsticos y de mudanzas fundado en 2005 con sede en Suva y una oficina tambi\u00e9n en <a href=\"https:\/\/moverdb.com\/es\/moving-to-new-zealand\/\" data-internallinksmanager029f6b8e52c=\"324\" title=\"\u00bfSe muda a Nueva Zelanda? 2026 Coste de la vida y consejos de reubicaci\u00f3n\">Nueva Zelanda<\/a>. Ofrecen mudanzas internacionales en colaboraci\u00f3n con una red internacional de agentes de mudanzas. Son miembros de IAM con 14 a\u00f1os de servicio.<\/p>\n<p>Movements International ofrece un servicio puerta a puerta que incluye personal profesionalmente formado y servicios especializados de embalaje y reubicaci\u00f3n. Proporcionan una gran variedad de materiales de embalaje, como cajones, cajas y envoltorios, etiquetan los art\u00edculos y crean un inventario. Ofrecen opciones de transporte que incluyen cargas de contenedor completo y cargas inferiores a un contenedor, as\u00ed como ayuda con los documentos de exportaci\u00f3n.<\/p>\n<p>P\u00e1gina web: <a href=\"http:\/\/www.mifiji.com\" target=\"_blank\" rel=\"noopener\">http:\/\/www.mifiji.com<\/a><\/p>\n<h2><span class=\"ez-toc-section\" id=\"4_JVK_Magellan_International\"><\/span><strong>4. JVK Magellan International<\/strong><span class=\"ez-toc-section-end\"><\/span><\/h2>\n<p><img loading=\"lazy\" decoding=\"async\" class=\"alignnone size-full wp-image-5532\" src=\"https:\/\/moverdb.com\/wp-content\/uploads\/JVK-Asia-international-moving-company.png\" alt=\"JVK Asia empresa de mudanzas internacionales\" width=\"1440\" height=\"681\" data-wp-pid=\"5532\" srcset=\"https:\/\/moverdb.com\/wp-content\/uploads\/JVK-Asia-international-moving-company.png 1440w, https:\/\/moverdb.com\/wp-content\/uploads\/JVK-Asia-international-moving-company-300x142.png 300w, https:\/\/moverdb.com\/wp-content\/uploads\/JVK-Asia-international-moving-company-1024x484.png 1024w, https:\/\/moverdb.com\/wp-content\/uploads\/JVK-Asia-international-moving-company-18x9.png 18w, https:\/\/moverdb.com\/wp-content\/uploads\/JVK-Asia-international-moving-company-600x284.png 600w\" sizes=\"auto, (max-width: 1440px) 100vw, 1440px\" \/><\/p>\n<ul>\n<li>Movimientos nacionales<\/li>\n<li>Traslados internacionales<\/li>\n<li>Servicios de reubicaci\u00f3n<\/li>\n<li>Mudanzas dom\u00e9sticas<\/li>\n<li>Traslado de oficinas<\/li>\n<li>Servicio puerta a puerta<\/li>\n<li>Servicios de embalaje<\/li>\n<li>Transporte por carretera, mar\u00edtimo y a\u00e9reo<\/li>\n<li>Apoyo a los requisitos aduaneros<\/li>\n<li>Almacenamiento de corto a largo plazo<\/li>\n<\/ul>\n<p>JVK Magellan International es una empresa internacional de mudanzas, log\u00edstica, almacenaje y distribuci\u00f3n con sucursales en todo el mundo, fundada en 1979 en <a href=\"https:\/\/moverdb.com\/es\/moving-to-thailand\/\" data-internallinksmanager029f6b8e52c=\"318\" title=\"\u00bfSe muda a Tailandia? 2026 Coste de la vida y consejos para el traslado\">Tailandia<\/a>. Tienen una oficina en Suva (Fiyi) y es miembro de IAM.<\/p>\n<p>JVK Magellan International ofrece un estudio previo a la mudanza para evaluar sus necesidades y proporcionarle una propuesta de mudanza para un servicio puerta a puerta. Disponen de embaladores profesionales que proteger\u00e1n sus pertenencias con materiales de alta calidad, elaborar\u00e1n un inventario detallado y ofrecer\u00e1n un seguro de tr\u00e1nsito a todo riesgo. Organizar\u00e1n el transporte por carretera, mar y aire y le asesorar\u00e1n sobre los requisitos aduaneros.<\/p>\n<p>P\u00e1gina web: <a href=\"http:\/\/jvkasia.com\" target=\"_blank\" rel=\"noopener\">http:\/\/jvkasia.com<\/a><\/p>","protected":false},"excerpt":{"rendered":"<p>If you are planning on moving to, from or within Fiji then you may want to employ the services of a reputable moving company to assist you. Below we have compiled a list of Fijian removal companies that are members of the International Association of Movers (IAM) and\/or FIDI Accredited International Mover (FAIM) who could [&hellip;]<\/p>\n","protected":false},"author":4,"featured_media":0,"parent":190,"menu_order":0,"comment_status":"closed","ping_status":"closed","template":"","meta":{"_genesis_hide_title":false,"_genesis_hide_breadcrumbs":false,"_genesis_hide_singular_image":false,"_genesis_hide_footer_widgets":false,"_genesis_custom_body_class":"","_genesis_custom_post_class":"","_genesis_layout":"","footnotes":""},"class_list":{"0":"post-6049","1":"page","2":"type-page","3":"status-publish","5":"entry","6":"has-post-thumbnail"},"_links":{"self":[{"href":"https:\/\/moverdb.com\/es\/wp-json\/wp\/v2\/pages\/6049","targetHints":{"allow":["GET"]}}],"collection":[{"href":"https:\/\/moverdb.com\/es\/wp-json\/wp\/v2\/pages"}],"about":[{"href":"https:\/\/moverdb.com\/es\/wp-json\/wp\/v2\/types\/page"}],"author":[{"embeddable":true,"href":"https:\/\/moverdb.com\/es\/wp-json\/wp\/v2\/users\/4"}],"replies":[{"embeddable":true,"href":"https:\/\/moverdb.com\/es\/wp-json\/wp\/v2\/comments?post=6049"}],"version-history":[{"count":1,"href":"https:\/\/moverdb.com\/es\/wp-json\/wp\/v2\/pages\/6049\/revisions"}],"predecessor-version":[{"id":6050,"href":"https:\/\/moverdb.com\/es\/wp-json\/wp\/v2\/pages\/6049\/revisions\/6050"}],"up":[{"embeddable":true,"href":"https:\/\/moverdb.com\/es\/wp-json\/wp\/v2\/pages\/190"}],"wp:attachment":[{"href":"https:\/\/moverdb.com\/es\/wp-json\/wp\/v2\/media?parent=6049"}],"curies":[{"name":"wp","href":"https:\/\/api.w.org\/{rel}","templated":true}]}}