{"id":6043,"date":"2023-02-01T13:40:56","date_gmt":"2023-02-01T13:40:56","guid":{"rendered":"https:\/\/moverdb.com\/?page_id=6043"},"modified":"2026-01-08T15:24:40","modified_gmt":"2026-01-08T15:24:40","slug":"mudanzas-estonia","status":"publish","type":"page","link":"https:\/\/moverdb.com\/es\/moving-companies\/moving-companies-estonia\/","title":{"rendered":"4 Mejores Empresas de Mudanzas Internacionales en Estonia"},"content":{"rendered":"<p>Una mudanza puede ser un momento estresante, tanto si se trata de un traslado de domicilio como de negocio. Muchas personas contratan los servicios de un <a href=\"https:\/\/moverdb.com\/es\/moving-companies\/\" data-internallinksmanager029f6b8e52c=\"79\" title=\"Las 25 mejores empresas de mudanzas internacionales en l\u00ednea\">empresa de mudanzas<\/a> ya que pueden trasladar sus pertenencias de forma segura y reducir el estr\u00e9s de su mudanza. A continuaci\u00f3n hemos recopilado una lista de estonios <a href=\"https:\/\/moverdb.com\/es\/international-removals\/\" data-internallinksmanager029f6b8e52c=\"27\" title=\"36 mejores empresas de mudanzas internacionales del Reino Unido\">empresas de mudanzas<\/a> que son miembros de la <a href=\"https:\/\/moverdb.com\/es\/iam\/\" data-internallinksmanager029f6b8e52c=\"23\" title=\"Explicaci\u00f3n de la Asociaci\u00f3n Internacional de Empresas de Mudanzas (IAM)\">Asociaci\u00f3n Internacional de Empresas de Mudanzas<\/a> (IAM) y\/o <a href=\"https:\/\/moverdb.com\/es\/fidi-faim\/\" data-internallinksmanager029f6b8e52c=\"16\" title=\"Explicaci\u00f3n del FIDI y del FAIM (FIDI Accredited International Mover)\">FIDI<\/a> Empresa de mudanzas internacionales acreditada (FAIM) que podr\u00eda ayudarle con su mudanza.<\/p>\n<div id=\"ez-toc-container\" class=\"ez-toc-v2_0_82_2 ez-toc-wrap-left counter-hierarchy ez-toc-counter ez-toc-transparent ez-toc-container-direction\">\n<div class=\"ez-toc-title-container\">\n<p class=\"ez-toc-title\" style=\"cursor:inherit\">Secciones<\/p>\n<span class=\"ez-toc-title-toggle\"><a href=\"#\" class=\"ez-toc-pull-right ez-toc-btn ez-toc-btn-xs ez-toc-btn-default ez-toc-toggle\" aria-label=\"Alternar tabla de contenidos\"><span class=\"ez-toc-js-icon-con\"><span class=\"\"><span class=\"eztoc-hide\" style=\"display:none;\">Toggle<\/span><span class=\"ez-toc-icon-toggle-span\"><svg style=\"fill: #999;color:#999\" xmlns=\"http:\/\/www.w3.org\/2000\/svg\" class=\"list-377408\" width=\"20px\" height=\"20px\" viewbox=\"0 0 24 24\" fill=\"none\"><path d=\"M6 6H4v2h2V6zm14 0H8v2h12V6zM4 11h2v2H4v-2zm16 0H8v2h12v-2zM4 16h2v2H4v-2zm16 0H8v2h12v-2z\" fill=\"currentColor\"><\/path><\/svg><svg style=\"fill: #999;color:#999\" class=\"arrow-unsorted-368013\" xmlns=\"http:\/\/www.w3.org\/2000\/svg\" width=\"10px\" height=\"10px\" viewbox=\"0 0 24 24\" version=\"1.2\" baseprofile=\"tiny\"><path d=\"M18.2 9.3l-6.2-6.3-6.2 6.3c-.2.2-.3.4-.3.7s.1.5.3.7c.2.2.4.3.7.3h11c.3 0 .5-.1.7-.3.2-.2.3-.5.3-.7s-.1-.5-.3-.7zM5.8 14.7l6.2 6.3 6.2-6.3c.2-.2.3-.5.3-.7s-.1-.5-.3-.7c-.2-.2-.4-.3-.7-.3h-11c-.3 0-.5.1-.7.3-.2.2-.3.5-.3.7s.1.5.3.7z\"\/><\/svg><\/span><\/span><\/span><\/a><\/span><\/div>\n<nav><ul class='ez-toc-list ez-toc-list-level-1 eztoc-toggle-hide-by-default' ><li class='ez-toc-page-1 ez-toc-heading-level-2'><a class=\"ez-toc-link ez-toc-heading-1\" href=\"https:\/\/moverdb.com\/es\/moving-companies\/moving-companies-estonia\/#1_Adduco\" >1. Adduco<\/a><\/li><li class='ez-toc-page-1 ez-toc-heading-level-2'><a class=\"ez-toc-link ez-toc-heading-2\" href=\"https:\/\/moverdb.com\/es\/moving-companies\/moving-companies-estonia\/#2_AVA_Express\" >2. AVA Express<\/a><\/li><li class='ez-toc-page-1 ez-toc-heading-level-2'><a class=\"ez-toc-link ez-toc-heading-3\" href=\"https:\/\/moverdb.com\/es\/moving-companies\/moving-companies-estonia\/#3_MoveMaster\" >3. MoveMaster<\/a><\/li><li class='ez-toc-page-1 ez-toc-heading-level-2'><a class=\"ez-toc-link ez-toc-heading-4\" href=\"https:\/\/moverdb.com\/es\/moving-companies\/moving-companies-estonia\/#4_KLG_Estonia\" >4. KLG Estonia<\/a><\/li><li class='ez-toc-page-1 ez-toc-heading-level-2'><a class=\"ez-toc-link ez-toc-heading-5\" href=\"https:\/\/moverdb.com\/es\/moving-companies\/moving-companies-estonia\/#Other_Useful_Guides_to_Estonia\" >Otras gu\u00edas \u00fatiles sobre Estonia<\/a><\/li><\/ul><\/nav><\/div>\n<h2><span class=\"ez-toc-section\" id=\"1_Adduco\"><\/span><strong>1. Adduco<\/strong><span class=\"ez-toc-section-end\"><\/span><\/h2>\n<p><img loading=\"lazy\" decoding=\"async\" class=\"alignnone size-full wp-image-6044\" src=\"https:\/\/moverdb.com\/wp-content\/uploads\/Adduco-international-moving-company.png\" alt=\"Empresa de mudanzas internacionales Adduco\" width=\"1440\" height=\"629\" data-wp-pid=\"6044\" srcset=\"https:\/\/moverdb.com\/wp-content\/uploads\/Adduco-international-moving-company.png 1440w, https:\/\/moverdb.com\/wp-content\/uploads\/Adduco-international-moving-company-300x131.png 300w, https:\/\/moverdb.com\/wp-content\/uploads\/Adduco-international-moving-company-1024x447.png 1024w, https:\/\/moverdb.com\/wp-content\/uploads\/Adduco-international-moving-company-18x8.png 18w, https:\/\/moverdb.com\/wp-content\/uploads\/Adduco-international-moving-company-600x262.png 600w\" sizes=\"auto, (max-width: 1440px) 100vw, 1440px\" \/><\/p>\n<ul>\n<li>Objetos pesados en movimiento<\/li>\n<li>Traslados internacionales<\/li>\n<li>Mudanzas dom\u00e9sticas<\/li>\n<li>Movimientos de negocios<\/li>\n<li>Servicio de embalaje<\/li>\n<li>Planifique su itinerario y transporte<\/li>\n<li>Apoyo con documentaci\u00f3n<\/li>\n<li>Transporte de obras de arte<\/li>\n<li>Seguros<\/li>\n<li>Soluciones de almacenamiento<\/li>\n<\/ul>\n<p>Adduco es un proveedor de mudanzas que lleva ayudando a la gente a mudarse desde 2006 y tiene oficinas en Tallin y Tartu. Son miembros de IAM con 16 a\u00f1os de servicio, lo que les da acceso a una red internacional de agentes de mudanzas para ayudar con las mudanzas en todo el mundo.<\/p>\n<p>Adduco ofrece un servicio de mudanzas que incluye un servicio de recogida de trastos para ayudarle a reducir el volumen de pertenencias que se lleva en su mudanza. Gestionar\u00e1n cuidadosamente su mudanza, planificar\u00e1n su itinerario y preparar\u00e1n los documentos necesarios y el seguro. Tambi\u00e9n embalar\u00e1n sus pertenencias de forma segura y las transportar\u00e1n antes de desembalarlas en su destino.<\/p>\n<p>P\u00e1gina web: <a href=\"https:\/\/adduco.ee\/en\/\" target=\"_blank\" rel=\"noopener\">https:\/\/adduco.ee\/en\/<\/a><\/p>\n<h2><span class=\"ez-toc-section\" id=\"2_AVA_Express\"><\/span><strong>2. AVA Express<\/strong><span class=\"ez-toc-section-end\"><\/span><\/h2>\n<p><img loading=\"lazy\" decoding=\"async\" class=\"alignnone size-full wp-image-5928\" src=\"https:\/\/moverdb.com\/wp-content\/uploads\/AVA-Express-international-moving-company.png\" alt=\"Empresa de mudanzas internacionales AVA Express\" width=\"1440\" height=\"712\" data-wp-pid=\"5928\" srcset=\"https:\/\/moverdb.com\/wp-content\/uploads\/AVA-Express-international-moving-company.png 1440w, https:\/\/moverdb.com\/wp-content\/uploads\/AVA-Express-international-moving-company-300x148.png 300w, https:\/\/moverdb.com\/wp-content\/uploads\/AVA-Express-international-moving-company-1024x506.png 1024w, https:\/\/moverdb.com\/wp-content\/uploads\/AVA-Express-international-moving-company-18x9.png 18w, https:\/\/moverdb.com\/wp-content\/uploads\/AVA-Express-international-moving-company-600x297.png 600w\" sizes=\"auto, (max-width: 1440px) 100vw, 1440px\" \/><\/p>\n<ul>\n<li>Movimientos nacionales<\/li>\n<li>Traslados internacionales<\/li>\n<li>Mudanzas dom\u00e9sticas<\/li>\n<li>Traslado de oficinas<\/li>\n<li>Transporte y equipos especializados<\/li>\n<li>Servicios de embalaje<\/li>\n<li>Medios de transporte<\/li>\n<li>Mover objetos pesados<\/li>\n<li>Transporte de arte<\/li>\n<li>Soluciones de almacenamiento provisional<\/li>\n<\/ul>\n<p>AVA Express es una empresa de mudanzas estonia con m\u00e1s de 20 a\u00f1os de experiencia en mudanzas de hogares y oficinas. Trabajan con agentes de mudanzas internacionales para proporcionar mudanzas en todo el mundo y son miembros de IAM. Disponen de su propia flota de camiones para realizar mudanzas en <a href=\"https:\/\/moverdb.com\/es\/moving-to-estonia\/\" data-internallinksmanager029f6b8e52c=\"430\" title=\"\u00bfSe muda a Estonia? 2026 Coste de la vida y consejos para el traslado\">Estonia<\/a>.<\/p>\n<p>AVA Express ofrece un presupuesto personalizado para sus servicios de mudanzas a hogares y empresas. Proporcionan todos los materiales de embalaje para su mudanza y, si es necesario, embalar\u00e1n sus pertenencias por usted. Organizar\u00e1n el transporte de sus pertenencias, incluyendo cualquier obra de arte u objeto pesado, de forma segura hasta su destino dentro de Estonia o internacionalmente.<\/p>\n<p>P\u00e1gina web: <a href=\"http:\/\/www.ava.ee\" target=\"_blank\" rel=\"noopener\">http:\/\/www.ava.ee<\/a><\/p>\n<h2><span class=\"ez-toc-section\" id=\"3_MoveMaster\"><\/span><strong>3. MoveMaster<\/strong><span class=\"ez-toc-section-end\"><\/span><\/h2>\n<p><img loading=\"lazy\" decoding=\"async\" class=\"alignnone size-full wp-image-5976\" src=\"https:\/\/moverdb.com\/wp-content\/uploads\/MoveMaster-international-moving-company.png\" alt=\"Empresa de mudanzas internacionales MoveMaster\" width=\"1440\" height=\"713\" data-wp-pid=\"5976\" srcset=\"https:\/\/moverdb.com\/wp-content\/uploads\/MoveMaster-international-moving-company.png 1440w, https:\/\/moverdb.com\/wp-content\/uploads\/MoveMaster-international-moving-company-300x149.png 300w, https:\/\/moverdb.com\/wp-content\/uploads\/MoveMaster-international-moving-company-1024x507.png 1024w, https:\/\/moverdb.com\/wp-content\/uploads\/MoveMaster-international-moving-company-18x9.png 18w, https:\/\/moverdb.com\/wp-content\/uploads\/MoveMaster-international-moving-company-600x297.png 600w\" sizes=\"auto, (max-width: 1440px) 100vw, 1440px\" \/><\/p>\n<ul>\n<li>Traslados locales y nacionales<\/li>\n<li>Traslados internacionales<\/li>\n<li>Mudanzas residenciales<\/li>\n<li>La empresa se mueve<\/li>\n<li>Enfoque individual<\/li>\n<li>Servicio de embalaje<\/li>\n<li>Transporte terrestre, mar\u00edtimo y a\u00e9reo<\/li>\n<li>Transporte de objetos de arte<\/li>\n<li>Seguros<\/li>\n<li>Instalaciones de almacenamiento<\/li>\n<\/ul>\n<p>MoveMaster es una empresa de mudanzas estonia con sede en Tallin y 39 a\u00f1os de experiencia en miles de mudanzas en 147 pa\u00edses. Trabajan con socios colaboradores en las principales ciudades para ayudar con las mudanzas fuera de su zona y son miembros de IAM.<\/p>\n<p>MoveMaster ofrece un enfoque individual a sus servicios de mudanza que incluye una inspecci\u00f3n previa a la mudanza dentro de Tallin para crear el plan de mudanza m\u00e1s adecuado. Proporcionan un servicio de embalaje con materiales de alta calidad para proteger sus pertenencias, desmontar muebles y volver a montarlos a su llegada. Organizan el transporte por tierra, mar y aire, y le ayudan con las declaraciones de aduana y los seguros.<\/p>\n<p>P\u00e1gina web: <a href=\"http:\/\/www.movemaster.ee\" target=\"_blank\" rel=\"noopener\">http:\/\/www.movemaster.ee<\/a><\/p>\n<h2><span class=\"ez-toc-section\" id=\"4_KLG_Estonia\"><\/span><strong>4. KLG Estonia<\/strong><span class=\"ez-toc-section-end\"><\/span><\/h2>\n<p><img loading=\"lazy\" decoding=\"async\" class=\"alignnone size-full wp-image-5964\" src=\"https:\/\/moverdb.com\/wp-content\/uploads\/KLG-Estonia-international-moving-company.png\" alt=\"KLG Estonia empresa de mudanzas internacionales\" width=\"1440\" height=\"711\" data-wp-pid=\"5964\" srcset=\"https:\/\/moverdb.com\/wp-content\/uploads\/KLG-Estonia-international-moving-company.png 1440w, https:\/\/moverdb.com\/wp-content\/uploads\/KLG-Estonia-international-moving-company-300x148.png 300w, https:\/\/moverdb.com\/wp-content\/uploads\/KLG-Estonia-international-moving-company-1024x506.png 1024w, https:\/\/moverdb.com\/wp-content\/uploads\/KLG-Estonia-international-moving-company-18x9.png 18w, https:\/\/moverdb.com\/wp-content\/uploads\/KLG-Estonia-international-moving-company-600x296.png 600w\" sizes=\"auto, (max-width: 1440px) 100vw, 1440px\" \/><\/p>\n<ul>\n<li>Movimientos nacionales<\/li>\n<li>Traslados internacionales<\/li>\n<li>Mudanzas dom\u00e9sticas<\/li>\n<li>Servicio de embalaje<\/li>\n<li>Construir cajas de madera a medida<\/li>\n<li>Transporte terrestre, a\u00e9reo, mar\u00edtimo y ferroviario<\/li>\n<li>Apoyo aduanero<\/li>\n<li>Transporte de arte<\/li>\n<li>Seguros<\/li>\n<li>Instalaciones de almacenamiento a corto y largo plazo<\/li>\n<\/ul>\n<p>KLG Estonia es un proveedor de soluciones log\u00edsticas especiales con sede en Tallin que presta servicios de mudanzas desde 1994. Cuenta con una red mundial de socios que le ayudan a realizar mudanzas internacionales. Est\u00e1n acreditados por la FIDI.<\/p>\n<p>KLG Estonia ofrece un servicio de inspecci\u00f3n y consulta para evaluar sus necesidades. Ofrecen un servicio de embalaje profesional para proteger sus pertenencias, que incluye cajas de madera a medida para cualquier contenido, incluidas obras de arte y equipos inform\u00e1ticos. Tambi\u00e9n trasladan objetos de mayor tama\u00f1o, como motocicletas y pianos. Organizan el transporte por tierra, aire, mar y ferrocarril y le ayudan con los tr\u00e1mites aduaneros.<\/p>\n<p>P\u00e1gina web: <a href=\"http:\/\/www.klg.ee\/\" target=\"_blank\" rel=\"noopener\">http:\/\/www.klg.ee\/<\/a><\/p>\n<h2><span class=\"ez-toc-section\" id=\"Other_Useful_Guides_to_Estonia\"><\/span>Otras gu\u00edas \u00fatiles sobre Estonia<span class=\"ez-toc-section-end\"><\/span><\/h2>\n<ul>\n<li> <a href=\"https:\/\/moverdb.com\/es\/moving-to-estonia\/\">\u00bfSe muda a Estonia? 2026 Coste de la vida y consejos para el traslado<\/a><\/li>\n<li> <a href=\"https:\/\/moverdb.com\/es\/moving-to-estonia\/best-places-to-live-estonia\/\">12 mejores lugares para vivir en Estonia<\/a><\/li>\n<li> <a href=\"https:\/\/moverdb.com\/es\/transporte-de-contenedores\/estonia\/\">2026 Tarifas de transporte mar\u00edtimo de contenedores desde y hacia Estonia<\/a><\/li>\n<\/ul>","protected":false},"excerpt":{"rendered":"<p>Moving can be a stressful time, whether that is moving home or your business. Many people employ the services of a moving company as they can safely move your belongings and reduce the stress of your move. Below we have compiled a list of Estonian removal companies that are members of the International Association of [&hellip;]<\/p>\n","protected":false},"author":4,"featured_media":0,"parent":190,"menu_order":0,"comment_status":"closed","ping_status":"closed","template":"","meta":{"_genesis_hide_title":false,"_genesis_hide_breadcrumbs":false,"_genesis_hide_singular_image":false,"_genesis_hide_footer_widgets":false,"_genesis_custom_body_class":"","_genesis_custom_post_class":"","_genesis_layout":"","footnotes":""},"class_list":{"0":"post-6043","1":"page","2":"type-page","3":"status-publish","5":"entry","6":"has-post-thumbnail"},"_links":{"self":[{"href":"https:\/\/moverdb.com\/es\/wp-json\/wp\/v2\/pages\/6043","targetHints":{"allow":["GET"]}}],"collection":[{"href":"https:\/\/moverdb.com\/es\/wp-json\/wp\/v2\/pages"}],"about":[{"href":"https:\/\/moverdb.com\/es\/wp-json\/wp\/v2\/types\/page"}],"author":[{"embeddable":true,"href":"https:\/\/moverdb.com\/es\/wp-json\/wp\/v2\/users\/4"}],"replies":[{"embeddable":true,"href":"https:\/\/moverdb.com\/es\/wp-json\/wp\/v2\/comments?post=6043"}],"version-history":[{"count":3,"href":"https:\/\/moverdb.com\/es\/wp-json\/wp\/v2\/pages\/6043\/revisions"}],"predecessor-version":[{"id":16257,"href":"https:\/\/moverdb.com\/es\/wp-json\/wp\/v2\/pages\/6043\/revisions\/16257"}],"up":[{"embeddable":true,"href":"https:\/\/moverdb.com\/es\/wp-json\/wp\/v2\/pages\/190"}],"wp:attachment":[{"href":"https:\/\/moverdb.com\/es\/wp-json\/wp\/v2\/media?parent=6043"}],"curies":[{"name":"wp","href":"https:\/\/api.w.org\/{rel}","templated":true}]}}